{"id":2019,"date":"2025-10-23T14:44:19","date_gmt":"2025-10-23T06:44:19","guid":{"rendered":"https:\/\/minghanggroup.com\/?post_type=product&#038;p=2019"},"modified":"2026-01-20T13:46:36","modified_gmt":"2026-01-20T05:46:36","slug":"100-930ml-clear-glass-milk-bottle-storage-for-milk-juice-smoothies","status":"publish","type":"product","link":"https:\/\/minghanggroup.com\/tr\/urun\/100-930ml-clear-glass-milk-bottle-storage-for-milk-juice-smoothies\/","title":{"rendered":"S\u00fct, Meyve Suyu ve Smoothie&#039;ler i\u00e7in 100-930 ml \u015eeffaf Cam S\u00fct \u015ei\u015fesi Saklama Alan\u0131"},"content":{"rendered":"<p>S\u00fct \u00fcr\u00fcnlerinizin, m\u00fc\u015fterilerinizin durup bakmas\u0131n\u0131 sa\u011flayacak bir \u015fi\u015feye ihtiyac\u0131 var. \u00c7ilekli s\u00fct, meyve suyu veya so\u011fuk demleme kahve i\u00e7in m\u00fckemmel, g\u00fcvenli ve emniyetli kapakl\u0131 cam s\u00fct \u015fi\u015feleri tasarlad\u0131k. Bu \u00e7ilekli s\u00fct \u015fi\u015feleri, \u015f\u0131k tasar\u0131m\u0131n\u0131 g\u00fcvenilir bir contayla birle\u015ftirerek her yudumu g\u00f6rsel bir \u015f\u00f6lene d\u00f6n\u00fc\u015ft\u00fcr\u00fcyor.<\/p>\n<h2>\u00dcr\u00fcn \u00d6zellikleri<\/h2>\n<ol>\n<li><strong>Kurcalamaya dayan\u0131kl\u0131 g\u00fcvenlik:<\/strong>Sa\u011flam, kurcalanmaya dayan\u0131kl\u0131 boyun, kapa\u011f\u0131 g\u00fcvenli bir \u015fekilde yerinde tutar; s\u0131z\u0131nt\u0131 yok, kurcalama yok, g\u00fcvenebilece\u011finiz saf s\u00fct.<\/li>\n<li><strong>Her d\u00f6k\u00fcm i\u00e7in hassas boyutlar:<\/strong>100 ml numunelerden 930 ml&#039;lik toplu paketlere kadar s\u00fct \u00fcr\u00fcnleri ihtiya\u00e7lar\u0131n\u0131z\u0131 kar\u015f\u0131l\u0131yoruz.<\/li>\n<li><strong>M\u00fckemmel \u00e7ilek g\u00f6r\u00fcn\u00fcrl\u00fc\u011f\u00fc:<\/strong>Kristal berrakl\u0131\u011f\u0131ndaki cam, \u00e7ilekli s\u00fct\u00fcn\u00fcz\u00fcn daha parlak, daha taze ve daha \u00e7ekici g\u00f6r\u00fcnmesini sa\u011flar.<\/li>\n<\/ol>\n<h2>Temel \u00d6zellikler<\/h2>\n<table style=\"border-collapse: collapse; width: 80%; margin-left: auto; margin-right: auto;\" border=\"0\" width=\"360\" cellspacing=\"0\" cellpadding=\"0\">\n<tbody>\n<tr style=\"height: 13.50pt;\">\n<td style=\"height: 13.5pt; width: 54pt; text-align: center;\" width=\"72\" height=\"18\">Model<\/td>\n<td style=\"width: 54pt; text-align: center;\" width=\"72\">Kapasite(ml)<\/td>\n<td style=\"width: 54pt; text-align: center;\" width=\"72\">Boyutlar(cm)<\/td>\n<td style=\"width: 54pt; text-align: center;\" width=\"72\">Boyun Tipi<\/td>\n<td style=\"width: 54pt; text-align: center;\" width=\"72\">\u015eekil<\/td>\n<\/tr>\n<tr style=\"height: 13.50pt;\">\n<td style=\"height: 13.5pt; text-align: center;\" align=\"right\" height=\"18\">64010012<\/td>\n<td style=\"text-align: center;\" align=\"right\">100<\/td>\n<td style=\"text-align: center;\">4.5&#215;4.5&#215;10.5<\/td>\n<td class=\"et2\" style=\"text-align: center;\" rowspan=\"7\">Kurcalamaya dayan\u0131kl\u0131 boyun<\/td>\n<td class=\"et2\" style=\"text-align: center;\" rowspan=\"7\">Kare<\/td>\n<\/tr>\n<tr style=\"height: 13.50pt;\">\n<td style=\"height: 13.5pt; text-align: center;\" align=\"right\" height=\"18\">64024013<\/td>\n<td style=\"text-align: center;\" align=\"right\">240<\/td>\n<td style=\"text-align: center;\">5,4x5x14,4<\/td>\n<\/tr>\n<tr style=\"height: 13.50pt;\">\n<td style=\"height: 13.5pt; text-align: center;\" align=\"right\" height=\"18\">64030014<\/td>\n<td style=\"text-align: center;\" align=\"right\">300<\/td>\n<td style=\"text-align: center;\">5.9&#215;5.9&#215;15.9<\/td>\n<\/tr>\n<tr style=\"height: 13.50pt;\">\n<td style=\"height: 13.5pt; text-align: center;\" align=\"right\" height=\"18\">64036015<\/td>\n<td style=\"text-align: center;\" align=\"right\">360<\/td>\n<td style=\"text-align: center;\">6.1&#215;5.7&#215;16.6<\/td>\n<\/tr>\n<tr style=\"height: 13.50pt;\">\n<td style=\"height: 13.5pt; text-align: center;\" align=\"right\" height=\"18\">64040016<\/td>\n<td style=\"text-align: center;\" align=\"right\">400<\/td>\n<td style=\"text-align: center;\">6.5&#215;6.2&#215;17.1<\/td>\n<\/tr>\n<tr style=\"height: 13.50pt;\">\n<td style=\"height: 13.5pt; text-align: center;\" align=\"right\" height=\"18\">64050017<\/td>\n<td style=\"text-align: center;\" align=\"right\">500<\/td>\n<td style=\"text-align: center;\">6.8&#215;6.8&#215;18.6<\/td>\n<\/tr>\n<tr style=\"height: 13.50pt;\">\n<td style=\"height: 13.5pt; text-align: center;\" align=\"right\" height=\"18\">64093018<\/td>\n<td style=\"text-align: center;\" align=\"right\">930<\/td>\n<td style=\"text-align: center;\">8.3&#215;8.3&#215;21.9<\/td>\n<\/tr>\n<\/tbody>\n<\/table>\n<h2>Ba\u015far\u0131 \u00d6rne\u011fi<\/h2>\n<p>Aile i\u015fletmesi bir s\u00fct \u00e7iftli\u011fi, \u00f6zel 200 ml \u00e7ilekli s\u00fct \u015fi\u015feleri i\u00e7in bize ba\u015fvurdu. Her \u015fi\u015fe, nakliye s\u0131ras\u0131nda \u00fcr\u00fcn\u00fcn s\u0131zmas\u0131n\u0131 \u00f6nlemek ve s\u00fct\u00fcn tazeli\u011fini uzatmak i\u00e7in emniyetli bir conta ve \u00e7evir a\u00e7 al\u00fcminyum kapakla donat\u0131lm\u0131\u015ft\u0131r.<\/p>\n<p>Ayr\u0131ca \u00e7iftlik, \u015fi\u015felere aile armas\u0131n\u0131 bast\u0131 ve etiketlere mat bir g\u00f6r\u00fcn\u00fcm ekleyerek sanki yerel b\u00f6lgede el yap\u0131m\u0131 bir \u00fcr\u00fcn gibi g\u00f6r\u00fcnmesini sa\u011flad\u0131 ve b\u00f6ylece yerel t\u00fcketicinin ilgisini \u00e7ekti.<\/p>\n<p>Lansmandan sonra \u015fi\u015felenmi\u015f s\u00fct, toplam sat\u0131\u015flar\u0131n &#039;sini olu\u015fturan ana \u00fcr\u00fcn oldu ve \u00e7ok say\u0131da m\u00fc\u015fterinin geri d\u00f6nmesinin temel nedeni olarak kullan\u0131\u015fl\u0131 m\u00fch\u00fcr g\u00f6sterildi.<\/p>\n<h2>\u00d6zelle\u015ftirme \u0130pu\u00e7lar\u0131n\u0131z<\/h2>\n<p>S\u0131k\u0131 bir s\u0131zd\u0131rmazl\u0131k sorunu mu ya\u015f\u0131yorsunuz? M\u00fckemmel s\u0131zd\u0131rmazl\u0131k i\u00e7in tamamen di\u015fli a\u011f\u0131zl\u0131 100-930 ml s\u00fct \u015fi\u015felerimizi tercih edin. Yeni \u00e7ilekli s\u00fct seriniz i\u00e7in 300 ml kapasiteye mi ihtiyac\u0131n\u0131z var? Al\u00fcminyum kapakl\u0131 bu \u015fi\u015feler, \u015f\u0131k ve pratik olmalar\u0131n\u0131n yan\u0131 s\u0131ra her \u015fi\u015feyi en \u00e7ok satanlar aras\u0131na sokuyor.<\/p>","protected":false},"excerpt":{"rendered":"<p>S\u00fct \u00fcr\u00fcnleri, meyve sular\u0131 veya smoothieler i\u00e7in taze ve dayan\u0131kl\u0131 100\u2013930ml \u015feffaf cam s\u00fct \u015fi\u015fesi saklama, \u00f6zel kapaklar, \u00e7ilekli s\u00fct cam \u015fi\u015fesine logo bask\u0131lar\u0131 yapabilirsiniz.<\/p>","protected":false},"featured_media":2030,"template":"","meta":{"postBodyCss":"","postBodyMargin":[],"postBodyPadding":[],"postBodyBackground":{"backgroundType":"classic","gradient":""}},"product_brand":[],"product_cat":[15,16,46],"product_tag":[72,73],"class_list":{"0":"post-2019","1":"product","2":"type-product","3":"status-publish","4":"has-post-thumbnail","6":"product_cat-glass-containers","7":"product_cat-glass-bottles","8":"product_cat-glass-milk-bottles","9":"product_tag-juice-bottles","10":"product_tag-milk-bottles","12":"first","13":"instock","14":"shipping-taxable","15":"product-type-simple"},"jetpack_sharing_enabled":true,"_links":{"self":[{"href":"https:\/\/minghanggroup.com\/tr\/wp-json\/wp\/v2\/product\/2019","targetHints":{"allow":["GET"]}}],"collection":[{"href":"https:\/\/minghanggroup.com\/tr\/wp-json\/wp\/v2\/product"}],"about":[{"href":"https:\/\/minghanggroup.com\/tr\/wp-json\/wp\/v2\/types\/product"}],"wp:featuredmedia":[{"embeddable":true,"href":"https:\/\/minghanggroup.com\/tr\/wp-json\/wp\/v2\/media\/2030"}],"wp:attachment":[{"href":"https:\/\/minghanggroup.com\/tr\/wp-json\/wp\/v2\/media?parent=2019"}],"wp:term":[{"taxonomy":"product_brand","embeddable":true,"href":"https:\/\/minghanggroup.com\/tr\/wp-json\/wp\/v2\/product_brand?post=2019"},{"taxonomy":"product_cat","embeddable":true,"href":"https:\/\/minghanggroup.com\/tr\/wp-json\/wp\/v2\/product_cat?post=2019"},{"taxonomy":"product_tag","embeddable":true,"href":"https:\/\/minghanggroup.com\/tr\/wp-json\/wp\/v2\/product_tag?post=2019"}],"curies":[{"name":"wp","href":"https:\/\/api.w.org\/{rel}","templated":true}]}}