{"id":1901,"date":"2025-10-22T16:08:08","date_gmt":"2025-10-22T08:08:08","guid":{"rendered":"https:\/\/minghanggroup.com\/?post_type=product&#038;p=1901"},"modified":"2025-10-22T17:39:05","modified_gmt":"2025-10-22T09:39:05","slug":"wholesale-unique-glass-honey-containers-with-twisted-design","status":"publish","type":"product","link":"https:\/\/minghanggroup.com\/tr\/urun\/wholesale-unique-glass-honey-containers-with-twisted-design\/","title":{"rendered":"B\u00fck\u00fclm\u00fc\u015f Tasar\u0131ml\u0131 Toptan 150 ml 360 ml Benzersiz Cam Bal Kaplar\u0131"},"content":{"rendered":"<p>Bu bal kaplar\u0131, benzersiz b\u00fck\u00fclm\u00fc\u015f geometrik desenlerle s\u00fcslenmi\u015f \u015feffaf cam \u015fi\u015felere sahiptir. Siyah veya k\u0131rm\u0131z\u0131 renkte mevcut olan \u00e7ok parlak kapaklar, yaln\u0131zca bal\u0131n \u00e7ekicili\u011fini ortaya \u00e7\u0131karmakla kalmaz, ayn\u0131 zamanda g\u00fc\u00e7l\u00fc ve \u015f\u0131k bir grafik g\u00f6r\u00fcn\u00fcm de sa\u011flar.<\/p>\n<h2>\u00dcr\u00fcn \u00d6zellikleri<\/h2>\n<ul>\n<li><strong>\u015eeffaf Cam:<\/strong> Bu \u015feffaf cam \u015fi\u015feler sayesinde bal\u0131n seviyesini ve tazeli\u011fini her zaman g\u00f6rebilir, b\u00f6ylece dolumlar hatas\u0131z bir \u015fekilde yap\u0131labilir.<\/li>\n<li><strong>B\u00fck\u00fclm\u00fc\u015f Geometrik \u015ei\u015fe:<\/strong> Sanatsal ve yenilik\u00e7i b\u00fck\u00fclm\u00fc\u015f geometrik \u015fekliyle \u015fi\u015fe, \u00fcr\u00fcn\u00fc ay\u0131rt etmek i\u00e7in g\u00fc\u00e7l\u00fc bir ara\u00e7 g\u00f6revi g\u00f6r\u00fcyor.<\/li>\n<li><strong>M\u00fckemmel Doku:<\/strong> \u015eeffaf cam\u0131n benzersiz desenle birle\u015ftirilmesi, zarif ve narin bir etki yaratarak, bal \u00fcr\u00fcn\u00fcn\u00fcn \u00fcst d\u00fczey bir \u00fcr\u00fcn olarak alg\u0131lanmas\u0131n\u0131 sa\u011flar.<\/li>\n<\/ul>\n<h2>Temel \u00d6zellikler<\/h2>\n<table style=\"border-collapse: collapse; margin-left: auto; margin-right: auto; width: 387.02pt;\" border=\"0\" width=\"516\" cellspacing=\"0\" cellpadding=\"0\">\n<tbody>\n<tr style=\"height: 13.50pt;\">\n<td style=\"height: 13.50pt; width: 90.00pt;\" width=\"120\" height=\"18\">\u00d6zellik<\/td>\n<td style=\"width: 297.00pt;\" width=\"396\">\u015eartname<\/td>\n<\/tr>\n<tr style=\"height: 13.50pt;\">\n<td style=\"height: 13.50pt;\" height=\"18\">Kapasite<\/td>\n<td>150 ml, 360 ml<\/td>\n<\/tr>\n<tr style=\"height: 13.50pt;\">\n<td style=\"height: 13.50pt;\" height=\"18\">Boyut<\/td>\n<td>9,5\u00d79,9 cm, 9,5\u00d712,3 cm<\/td>\n<\/tr>\n<tr style=\"height: 13.50pt;\">\n<td style=\"height: 13.50pt;\" height=\"18\">Malzeme<\/td>\n<td>\u015eeffaf cam, siyah veya k\u0131rm\u0131z\u0131 PP vidal\u0131 kapak<\/td>\n<\/tr>\n<tr style=\"height: 13.50pt;\">\n<td style=\"height: 13.50pt;\" height=\"18\">Kapak Se\u00e7enekleri<\/td>\n<td>Siyah, k\u0131rm\u0131z\u0131 (\u00f6zel renkler mevcuttur)<\/td>\n<\/tr>\n<tr style=\"height: 13.50pt;\">\n<td style=\"height: 13.50pt;\" height=\"18\">En \u0130yisi \u0130\u00e7in<\/td>\n<td>Bal kaplar\u0131, demlenmi\u015f kar\u0131\u015f\u0131mlar, hediye setleri<\/td>\n<\/tr>\n<\/tbody>\n<\/table>\n<h2>Ba\u015far\u0131 Hikayesi: Benzersiz Re\u00e7el Kavanozlar\u0131 \u00dclke Geneline Yay\u0131l\u0131yor<\/h2>\n<p>K\u00fc\u00e7\u00fck partiler halinde bal ve re\u00e7el \u00fcreten bir el yap\u0131m\u0131 g\u0131da \u015firketi, fark edilmek i\u00e7in yeterli raf alan\u0131 bulamad\u0131. Devlere kar\u015f\u0131, \u00e7arp\u0131c\u0131 k\u0131rm\u0131z\u0131 kapakl\u0131 360 ml&#039;lik b\u00fck\u00fclm\u00fc\u015f cam bal kaplar\u0131na y\u00f6neldiler ve sadece tasar\u0131m\u0131n\u0131n bile dikkat \u00e7ekece\u011fini umdular. Sonu\u00e7 tam anlam\u0131yla devrim niteli\u011findeydi. \u00d6ncelikle, al\u0131\u015f\u0131lmad\u0131k b\u00fck\u00fclm\u00fc\u015f stil \u00fcr\u00fcn\u00fc \u00f6ne \u00e7\u0131kard\u0131; yerel bir el yap\u0131m\u0131 re\u00e7el \u00fcreticisinin m\u00fc\u015fteri sadakatinde &#039;lik bir art\u0131\u015f g\u00f6r\u00fcld\u00fc. \u0130kinci olarak, dayan\u0131kl\u0131 cam, k\u0131r\u0131lgan dekoratif kavanozlara k\u0131yasla nakliye s\u0131ras\u0131nda olu\u015fan hasarlarda &#039;lik bir azalmaya neden oldu. Bir y\u0131ldan k\u0131sa bir s\u00fcrede, 15 yerel ma\u011fazadan \u00fclke \u00e7ap\u0131nda 100&#039;den fazla perakende sat\u0131\u015f noktas\u0131na tedarik sa\u011flad\u0131lar. Markan\u0131n geliri 0 artt\u0131 ve her \u00e7eyrekte 100.000 bal kavanozu i\u00e7in toplu sipari\u015f vererek en g\u00fcvenilir m\u00fc\u015fterilerimizden biri haline geldiler.<\/p>\n<h2>\u00d6zel Bal Kavanozlar\u0131n\u0131z\u0131 Ki\u015fiselle\u015ftirmenin Yollar\u0131<\/h2>\n<ul>\n<li><strong>Kabartmal\u0131 Logo:<\/strong> Logonuzu cam\u0131n k\u0131vr\u0131ml\u0131 alanlar\u0131na zarif bir \u015fekilde i\u015fleyerek m\u00fc\u015fterinize ayr\u0131cal\u0131kl\u0131 bir deneyim sunun.<\/li>\n<li><strong>Renkli Cam:<\/strong> \u015eeffaf camla s\u0131n\u0131rl\u0131 kalmay\u0131n. Kavanozun tamam\u0131n\u0131 biraz ye\u015fil veya kehribar rengine boyayarak daha sanatsal bir hava katmay\u0131 m\u0131 d\u00fc\u015f\u00fcn\u00fcyorsunuz?<\/li>\n<li><strong data-spm-anchor-id=\"5176.28103460.0.i16.2f2e2e31AubgEp\">Lazerle Kaz\u0131nm\u0131\u015f Kapasite \u0130\u015faretleyicileri<\/strong>\u00a0\u2013 Yan tarafa &#034;150ml&#034;, &#034;360ml&#034; yaz\u0131n. Toplu dolum s\u0131ras\u0131nda yard\u0131mc\u0131 olur. Profesyonel g\u00f6r\u00fcn\u00fcr.<\/li>\n<li><strong>Serigrafi Bask\u0131:<\/strong> Cam \u00fczerine basit bir yaz\u0131 veya dekoratif bir unsur bas\u0131labilir, cam b\u00fck\u00fclerek bask\u0131 \u00e7izgilerinin fark edilmemesi sa\u011flanabilir.<\/li>\n<\/ul>\n<p>Bu yarat\u0131c\u0131 re\u00e7el kavanozlar\u0131, l\u00fcks bir marka imaj\u0131 olu\u015fturman\u0131n en h\u0131zl\u0131 yolu haline geliyor. Bal kavanozlar\u0131n\u0131n toplu fiyatlar\u0131n\u0131 \u00f6\u011frenmek veya \u00f6zel projenizi g\u00f6r\u00fc\u015fmek i\u00e7in bizimle ileti\u015fime ge\u00e7in.<\/p>","protected":false},"excerpt":{"rendered":"<p>\u015e\u0131k ve dayan\u0131kl\u0131 tasar\u0131ma sahip kapakl\u0131, benzersiz b\u00fck\u00fclm\u00fc\u015f bal kaplar\u0131. Rekabet\u00e7i fiyatlarla toplu sipari\u015fler i\u00e7in \u00f6zel kavanozlar.<\/p>","protected":false},"featured_media":1939,"template":"","meta":{"postBodyCss":"","postBodyMargin":[],"postBodyPadding":[],"postBodyBackground":{"backgroundType":"classic","gradient":""}},"product_brand":[],"product_cat":[15,17,52],"product_tag":[],"class_list":{"0":"post-1901","1":"product","2":"type-product","3":"status-publish","4":"has-post-thumbnail","6":"product_cat-glass-containers","7":"product_cat-glass-jars","8":"product_cat-glass-honey-jars","10":"first","11":"instock","12":"shipping-taxable","13":"product-type-simple"},"jetpack_sharing_enabled":true,"_links":{"self":[{"href":"https:\/\/minghanggroup.com\/tr\/wp-json\/wp\/v2\/product\/1901","targetHints":{"allow":["GET"]}}],"collection":[{"href":"https:\/\/minghanggroup.com\/tr\/wp-json\/wp\/v2\/product"}],"about":[{"href":"https:\/\/minghanggroup.com\/tr\/wp-json\/wp\/v2\/types\/product"}],"wp:featuredmedia":[{"embeddable":true,"href":"https:\/\/minghanggroup.com\/tr\/wp-json\/wp\/v2\/media\/1939"}],"wp:attachment":[{"href":"https:\/\/minghanggroup.com\/tr\/wp-json\/wp\/v2\/media?parent=1901"}],"wp:term":[{"taxonomy":"product_brand","embeddable":true,"href":"https:\/\/minghanggroup.com\/tr\/wp-json\/wp\/v2\/product_brand?post=1901"},{"taxonomy":"product_cat","embeddable":true,"href":"https:\/\/minghanggroup.com\/tr\/wp-json\/wp\/v2\/product_cat?post=1901"},{"taxonomy":"product_tag","embeddable":true,"href":"https:\/\/minghanggroup.com\/tr\/wp-json\/wp\/v2\/product_tag?post=1901"}],"curies":[{"name":"wp","href":"https:\/\/api.w.org\/{rel}","templated":true}]}}