{"id":1896,"date":"2025-10-22T14:52:44","date_gmt":"2025-10-22T06:52:44","guid":{"rendered":"https:\/\/minghanggroup.com\/?post_type=product&#038;p=1896"},"modified":"2025-10-22T17:14:44","modified_gmt":"2025-10-22T09:14:44","slug":"wholesale-clear-round-honey-jars-with-screw-lids","status":"publish","type":"product","link":"https:\/\/minghanggroup.com\/tr\/urun\/wholesale-clear-round-honey-jars-with-screw-lids\/","title":{"rendered":"Toptan Vidal\u0131 Kapakl\u0131 \u015eeffaf Yuvarlak Bal Kavanozlar\u0131 150ml 200ml 280ml 360ml"},"content":{"rendered":"<p>Bu dairesel bal kavanozlar\u0131, tek par\u00e7a, al\u00e7ak profilli ve sa\u011flam bir tasar\u0131ma sahiptir. Birinci s\u0131n\u0131f \u015feffaf camdan \u00fcretildikleri i\u00e7in d\u00fc\u015f\u00fck bir a\u011f\u0131rl\u0131k merkezine sahiptirler ve daha stabildirler, bu nedenle ar\u0131c\u0131l\u0131k ve yerel g\u0131da i\u015fletmeleri i\u00e7in m\u00fckemmel bir se\u00e7imdirler.<\/p>\n<h2>\u00dcr\u00fcn \u00d6zellikleri<\/h2>\n<ul>\n<li><strong>\u015eeffaf Cam:<\/strong> \u015eeffaf cam, bal\u0131n seviyesini ve kalitesini hi\u00e7bir engele tak\u0131lmadan g\u00f6rmenizi sa\u011flar, b\u00f6ylece dolum i\u015flemi \u00e7ok kolayla\u015f\u0131r.<\/li>\n<li><strong>\u015e\u0131k ve Yerden Tasarruf Sa\u011flayan Tasar\u0131m:<\/strong> Bal \u015fi\u015feleri, mutfakta hem saklamak hem de saklamak i\u00e7in olduk\u00e7a kullan\u0131\u015fl\u0131, trend ve yerden tasarruf sa\u011flayan tasar\u0131mlar\u0131yla \u00f6ne \u00e7\u0131k\u0131yor.<\/li>\n<li><strong>Tekrar kullan\u0131labilir:<\/strong> Zanaatkar markalar ve \u00e7evre bilincine sahip t\u00fcketiciler taraf\u0131ndan en \u00e7ok sevilenin yeniden doldurulabilir versiyon oldu\u011fu \u015f\u00fcphesiz.<\/li>\n<\/ul>\n<h2>Temel \u00d6zellikler<\/h2>\n<table style=\"border-collapse: collapse; margin-left: auto; margin-right: auto; width: 425.27pt;\" border=\"0\" width=\"567\" cellspacing=\"0\" cellpadding=\"0\">\n<tbody>\n<tr style=\"height: 13.50pt;\">\n<td style=\"height: 13.50pt; width: 90.00pt;\" width=\"120\" height=\"18\">\u00d6zellik<\/td>\n<td style=\"width: 335.25pt;\" width=\"447\">\u015eartname<\/td>\n<\/tr>\n<tr style=\"height: 13.50pt;\">\n<td style=\"height: 13.50pt;\" height=\"18\">Kapasite<\/td>\n<td>150ml, 200ml, 280ml, 360ml<\/td>\n<\/tr>\n<tr style=\"height: 13.50pt;\">\n<td style=\"height: 13.50pt;\" height=\"18\">Boyutlar<\/td>\n<td>7,7\u00d77,0 cm ila 10,2\u00d79,5 cm<\/td>\n<\/tr>\n<tr style=\"height: 13.50pt;\">\n<td style=\"height: 13.50pt;\" height=\"18\">Malzeme<\/td>\n<td>\u015eeffaf cam, g\u00fcm\u00fc\u015f veya g\u00fcl alt\u0131n PP kapak<\/td>\n<\/tr>\n<tr style=\"height: 13.50pt;\">\n<td style=\"height: 13.50pt;\" height=\"18\">Kapak Se\u00e7enekleri<\/td>\n<td>G\u00fcm\u00fc\u015f, pembe alt\u0131n (\u00f6zel renkler mevcuttur)<\/td>\n<\/tr>\n<tr style=\"height: 13.50pt;\">\n<td style=\"height: 13.50pt;\" height=\"18\">\u0130deal Kullan\u0131m<\/td>\n<td>Bal kavanozlar\u0131, cam bal kaplar\u0131, toplu bal \u015fi\u015feleri<\/td>\n<\/tr>\n<\/tbody>\n<\/table>\n<h2>Ba\u015far\u0131 Hikayesi: Sabit Bal Kavanozlar\u0131 \u0130stikrarl\u0131 B\u00fcy\u00fcmeye Nas\u0131l Yard\u0131mc\u0131 Olur?<\/h2>\n<p>Yeni bir \u00e7evrimi\u00e7i el yap\u0131m\u0131 bal markas\u0131 yayg\u0131n bir sorunla kar\u015f\u0131 kar\u015f\u0131yayd\u0131: \u00f6nceki uzun ve dar bal kavanozlar\u0131 foto\u011fraf \u00e7ekimleri s\u0131ras\u0131nda ve m\u00fc\u015fterilerin kilerinde devrilmeye meyilliydi ve bu da k\u00fc\u00e7\u00fck \u015fikayetlere yol a\u00e7\u0131yordu. 280 ml&#039;lik yuvarlak bal kavanozlar\u0131m\u0131z\u0131n sa\u011flam, d\u00fc\u015f\u00fck profilli tasar\u0131m\u0131na ve g\u00fcl alt\u0131n kapa\u011f\u0131n\u0131n birinci s\u0131n\u0131f g\u00f6r\u00fcn\u00fcm\u00fcne ilgi duyan m\u00fc\u015fteriler, \u00fcr\u00fcn\u00fcm\u00fcze ge\u00e7tiler. Yeni ambalaj sekt\u00f6rde devrim yaratt\u0131. \u0130lk olarak, \u015f\u0131k tasar\u0131m sat\u0131\u015flar\u0131 art\u0131rd\u0131: Bir el yap\u0131m\u0131 bal markas\u0131 ayl\u0131k gelirlerinde &#039;lik bir art\u0131\u015f bildirdi ve m\u00fc\u015fteriler g\u00fcl alt\u0131n kapa\u011f\u0131n &#034;bal\u0131 l\u00fcks bir hediye gibi hissettirdi\u011fini&#034; belirtti. \u0130kinci olarak, k\u0131sa ve yuvarlak tasar\u0131m nakliye masraflar\u0131n\u0131 d\u00fc\u015f\u00fcr\u00fcyor; ar\u0131c\u0131lar\u0131n bildirdi\u011fine g\u00f6re kutu ba\u015f\u0131na daha fazla bal alabiliyorlar ve nakliye masraflar\u0131 azal\u0131yor. Marka, son 18 ayda be\u015f kez tekrar sipari\u015f verdi ve bal kaplar\u0131m\u0131z\u0131 t\u00fcm \u00fcr\u00fcn gam\u0131na geni\u015fletti.<\/p>\n<h2>Cam \u00d6zelle\u015ftirme \u00d6nerileri<\/h2>\n<ul>\n<li><strong>\u00d6zel Kapak Rengi:<\/strong> Sadece pembe alt\u0131n veya g\u00fcm\u00fc\u015fle yetinmeyin. Markan\u0131z\u0131n kapak renginin, markan\u0131z\u0131n renk \u015femas\u0131yla tam olarak uyumlu olmas\u0131n\u0131 sa\u011flay\u0131n; b\u00f6ylece an\u0131nda tan\u0131n\u0131r.<\/li>\n<li><strong>Marka Logosu Kabartmal\u0131:<\/strong> Logonuzu veya marka ad\u0131n\u0131z\u0131 cam\u0131n \u00fczerine hafif\u00e7e kaz\u0131yarak \u00e7ok ince ve dokunsal bir markalama \u00f6\u011fesi yarat\u0131n.<\/li>\n<li><strong>\u00d6zel Kavanoz Boyut Oran\u0131:<\/strong> Kal\u0131n bir tasar\u0131m\u0131n oranlar\u0131n\u0131 biraz de\u011fi\u015ftirerek tamamen size \u00f6zg\u00fc yeni bir kavanoz \u015fekli elde edin.<\/li>\n<li><strong>Mat Biti\u015f:<\/strong> Cam\u0131n tamam\u0131na mat bir y\u00fczey uygulayarak yumu\u015fak, da\u011f\u0131n\u0131k bir his yarat\u0131n ve benzersiz, birinci s\u0131n\u0131f bir his yarat\u0131n.<\/li>\n<\/ul>","protected":false},"excerpt":{"rendered":"<p>Y\u00fcksek \u015feffafl\u0131\u011fa ve \u015f\u0131k g\u00f6r\u00fcn\u00fcme sahip, \u015feffaf yuvarlak cam bal kavanozlar\u0131. \u00d6zelle\u015ftirme, \u00fccretsiz numuneler ve toplu al\u0131m indirimleriyle \u00e7e\u015fitli boyutlarda mevcuttur.<\/p>","protected":false},"featured_media":1899,"template":"","meta":{"postBodyCss":"","postBodyMargin":[],"postBodyPadding":[],"postBodyBackground":{"backgroundType":"classic","gradient":""}},"product_brand":[],"product_cat":[15,17,52],"product_tag":[],"class_list":{"0":"post-1896","1":"product","2":"type-product","3":"status-publish","4":"has-post-thumbnail","6":"product_cat-glass-containers","7":"product_cat-glass-jars","8":"product_cat-glass-honey-jars","10":"first","11":"instock","12":"shipping-taxable","13":"product-type-simple"},"jetpack_sharing_enabled":true,"_links":{"self":[{"href":"https:\/\/minghanggroup.com\/tr\/wp-json\/wp\/v2\/product\/1896","targetHints":{"allow":["GET"]}}],"collection":[{"href":"https:\/\/minghanggroup.com\/tr\/wp-json\/wp\/v2\/product"}],"about":[{"href":"https:\/\/minghanggroup.com\/tr\/wp-json\/wp\/v2\/types\/product"}],"wp:featuredmedia":[{"embeddable":true,"href":"https:\/\/minghanggroup.com\/tr\/wp-json\/wp\/v2\/media\/1899"}],"wp:attachment":[{"href":"https:\/\/minghanggroup.com\/tr\/wp-json\/wp\/v2\/media?parent=1896"}],"wp:term":[{"taxonomy":"product_brand","embeddable":true,"href":"https:\/\/minghanggroup.com\/tr\/wp-json\/wp\/v2\/product_brand?post=1896"},{"taxonomy":"product_cat","embeddable":true,"href":"https:\/\/minghanggroup.com\/tr\/wp-json\/wp\/v2\/product_cat?post=1896"},{"taxonomy":"product_tag","embeddable":true,"href":"https:\/\/minghanggroup.com\/tr\/wp-json\/wp\/v2\/product_tag?post=1896"}],"curies":[{"name":"wp","href":"https:\/\/api.w.org\/{rel}","templated":true}]}}