{"id":1891,"date":"2025-10-22T13:02:51","date_gmt":"2025-10-22T05:02:51","guid":{"rendered":"https:\/\/minghanggroup.com\/?post_type=product&#038;p=1891"},"modified":"2025-10-22T17:11:23","modified_gmt":"2025-10-22T09:11:23","slug":"wholesale-round-glass-honey-bottles-and-jam-jars","status":"publish","type":"product","link":"https:\/\/minghanggroup.com\/tr\/urun\/wholesale-round-glass-honey-bottles-and-jam-jars\/","title":{"rendered":"Toptan 100 ml - 500 ml Yuvarlak Cam Bal \u015ei\u015feleri ve Re\u00e7el Kavanozlar\u0131"},"content":{"rendered":"<p>Bal \u015fi\u015feleri, g\u00f6rsel olarak \u00e7ekici bir silindir olan \u015feffaf cam g\u00f6vde ve siyah renkli bir kapakla tasarlanm\u0131\u015ft\u0131r. Minimalist ve pratik tasar\u0131mlar\u0131, farkl\u0131 hacimler i\u00e7in mevcuttur.<\/p>\n<h2>\u00dcr\u00fcn \u00d6zellikleri<\/h2>\n<ul>\n<li><strong>Silindirik \u015eekil:<\/strong> Bu trend silindirik bal kab\u0131n\u0131n kullan\u0131m\u0131 onu sadece mutfakta saklamak i\u00e7in de\u011fil, ayn\u0131 zamanda di\u011fer odalarda da m\u00fckemmel bir \u00e7\u00f6z\u00fcm haline getirerek yerden tasarruf sa\u011flar.<\/li>\n<li><strong>Geni\u015f A\u011f\u0131z:<\/strong> Bu tasar\u0131m sayesinde kolay a\u00e7\u0131labilir \u00f6zelli\u011fi sayesinde dolumu h\u0131zl\u0131, temizli\u011fi ise zahmetsizdir, b\u00f6ylece m\u00fc\u015fteriler ellerini yap\u0131\u015ft\u0131rmadan bal\u0131 \u00e7\u0131karabilirler.<\/li>\n<li><strong>\u00c7oklu Boyut Se\u00e7enekleri:<\/strong> Numune al\u0131m\u0131 i\u00e7in 100 ml&#039;lik k\u00fc\u00e7\u00fck kavanozlardan 500 ml&#039;lik toplu bal kavanozlar\u0131na kadar t\u00fcm i\u015f d\u00f6ng\u00fcs\u00fc i\u00e7in bal kavanozlar\u0131 bulunduruyoruz.<\/li>\n<\/ul>\n<h2>Temel \u00d6zellikler<\/h2>\n<table style=\"border-collapse: collapse; margin-left: auto; margin-right: auto; width: 455.27pt;\" border=\"0\" width=\"607\" cellspacing=\"0\" cellpadding=\"0\">\n<tbody>\n<tr style=\"height: 13.50pt;\">\n<td style=\"height: 13.50pt; width: 90.00pt;\" width=\"120\" height=\"18\">\u00d6zellik<\/td>\n<td style=\"width: 365.25pt;\" width=\"487\">\u015eartname<\/td>\n<\/tr>\n<tr style=\"height: 13.50pt;\">\n<td style=\"height: 13.50pt;\" height=\"18\">Kapasite<\/td>\n<td>100ml, 150ml, 180ml, 220ml, 280ml, 380ml, 500ml<\/td>\n<\/tr>\n<tr style=\"height: 13.50pt;\">\n<td style=\"height: 13.50pt;\" height=\"18\">Boyut<\/td>\n<td>6,1\u00d76,8 cm ila 8,5\u00d712,8 cm<\/td>\n<\/tr>\n<tr style=\"height: 13.50pt;\">\n<td style=\"height: 13.50pt;\" height=\"18\">Malzeme<\/td>\n<td>\u015eeffaf cam, siyah PP vidal\u0131 kapak<\/td>\n<\/tr>\n<tr style=\"height: 13.50pt;\">\n<td style=\"height: 13.50pt;\" height=\"18\">Kapak Rengi<\/td>\n<td>Siyah (\u00f6zel renkler mevcuttur)<\/td>\n<\/tr>\n<tr style=\"height: 13.50pt;\">\n<td style=\"height: 13.50pt;\" height=\"18\">En \u0130yisi \u0130\u00e7in<\/td>\n<td>\u00c7i\u011f bal, re\u00e7eller, konserveler<\/td>\n<\/tr>\n<tr style=\"height: 13.50pt;\">\n<td style=\"height: 13.50pt;\" height=\"18\">\u0130deal Kullan\u0131m<\/td>\n<td>Bal \u015fi\u015fesi, yuvarlak re\u00e7el kavanozlar\u0131, cam bal kaplar\u0131<\/td>\n<\/tr>\n<\/tbody>\n<\/table>\n<h2>Ba\u015far\u0131 \u00d6yk\u00fcs\u00fc: Klasik Tasar\u0131m Sat\u0131\u015f B\u00fcy\u00fcmesini Art\u0131r\u0131yor<\/h2>\n<p>Orta \u00f6l\u00e7ekli bir ar\u0131c\u0131l\u0131k kooperatifi, ambalaj sorunlar\u0131yla kar\u015f\u0131 kar\u015f\u0131yayd\u0131. Bu sorunu \u00e7\u00f6zmek i\u00e7in, siyah kapakl\u0131 1.400 yuvarlak cam bal \u015fi\u015fesi (her boyuttan 200 adet) denediler. Bu ak\u0131lda kal\u0131c\u0131 ve pratik tasar\u0131m, saf ve do\u011fal bal marka imajlar\u0131n\u0131 m\u00fckemmel bir \u015fekilde tamaml\u0131yor. Bu giri\u015fim, i\u015fletmelerini \u00f6nemli \u00f6l\u00e7\u00fcde d\u00f6n\u00fc\u015ft\u00fcrd\u00fc. \u00d6ncelikle, yedi farkl\u0131 boyuttaki bal kavanozu m\u00fc\u015fteri memnuniyeti oran\u0131na sahip ve bu sayede farkl\u0131 tedarik\u00e7ilerden gelen kavanozlar aras\u0131ndaki kar\u0131\u015f\u0131kl\u0131k ortadan kalkt\u0131. Bir zanaatkar re\u00e7el \u00fcreticisi, numune almak i\u00e7in m\u00fckemmel boyuttaki 100 ml ve 150 ml kavanozlar sayesinde hediye seti sat\u0131\u015flar\u0131nda art\u0131\u015f g\u00f6rd\u00fc. Dahas\u0131, hava ge\u00e7irmez kapaklar bal ve re\u00e7el israf\u0131n\u0131 oran\u0131nda azaltt\u0131 ve i\u015fletmelerini b\u00fcy\u00fctmek i\u00e7in toplam 200.000 bal kavanozu i\u00e7in d\u00f6rt ek sipari\u015f daha vermelerini sa\u011flad\u0131.<\/p>\n<h2>Cam Bal Kavanozu \u00d6zelle\u015ftirme \u00d6nerileri<\/h2>\n<ul>\n<li><strong>Kapak Rengi Ki\u015fiselle\u015ftirme:<\/strong> Sadece siyah de\u011fil mi? Kapak renklerinizi marka renklerinizi yans\u0131tacak \u015fekilde \u00f6zelle\u015ftirerek m\u00fc\u015fterilerin sizi an\u0131nda tan\u0131mas\u0131n\u0131 sa\u011flayabilirsiniz.<\/li>\n<li><strong>Kapak Malzemesi Se\u00e7enekleri:<\/strong> \u0130ster plastik, ister metal olsun, istedi\u011finiz y\u00fczey ve dokuya sahip olarak, ister g\u00f6steri\u015fli, ister g\u00fcnl\u00fck bir g\u00f6r\u00fcn\u00fcm elde edebilirsiniz.<\/li>\n<li><strong>Buzlu A\u015f\u0131nd\u0131rma:<\/strong> Zarif, \u015f\u0131k, l\u00fcks ve el yap\u0131m\u0131 ki\u015fisel temas g\u00f6rsel g\u00f6r\u00fcn\u00fcm\u00fc elde etmek i\u00e7in, \u00fcr\u00fcn \u00fczerinde buzlu logolar, bantlar veya desenler olu\u015fturmak i\u00e7in cam grav\u00fcr\u00fc kullan\u0131labilir.<\/li>\n<li><strong>Renkli Tonlar:<\/strong> Bal kavanozlar\u0131, i\u00e7indeki \u00fcr\u00fcn\u00fc tamamlayacak ve kavanozun di\u011fer \u00fcr\u00fcnler aras\u0131nda g\u00f6r\u00fcnmesini sa\u011flayacak \u015fekilde, cam\u0131n \u015feffaf k\u0131sm\u0131na hafif kehribar (bal i\u00e7in) veya k\u0131rm\u0131z\u0131 (re\u00e7el i\u00e7in) tonlar eklendi\u011finde biraz daha davetkar olabilir ve daha fazla al\u0131c\u0131 \u00e7ekebilir.<\/li>\n<li><strong>Aprimoramento do com\u00e9rcio eletr\u00f4nico:<\/strong> \u00dcr\u00fcn yelpazemiz olduk\u00e7a geni\u015ftir ve e\u011fer herhangi bir durumda biraz farkl\u0131 kapasiteye ihtiyac\u0131n\u0131z olursa bunu sizinle i\u015fbirli\u011fi yaparak yapabiliriz.<\/li>\n<\/ul>","protected":false},"excerpt":{"rendered":"<p>\u00c7e\u015fitli boyutlarda yuvarlak cam bal \u015fi\u015feleri. Bal ve re\u00e7el paketleme i\u00e7in ideal, logo \u00f6zelle\u015ftirme, toptan sat\u0131\u015f fiyat\u0131 ve h\u0131zl\u0131 teslimat.<\/p>","protected":false},"featured_media":1893,"template":"","meta":{"postBodyCss":"","postBodyMargin":[],"postBodyPadding":[],"postBodyBackground":{"backgroundType":"classic","gradient":""}},"product_brand":[],"product_cat":[15,17,52],"product_tag":[],"class_list":{"0":"post-1891","1":"product","2":"type-product","3":"status-publish","4":"has-post-thumbnail","6":"product_cat-glass-containers","7":"product_cat-glass-jars","8":"product_cat-glass-honey-jars","10":"first","11":"instock","12":"shipping-taxable","13":"product-type-simple"},"jetpack_sharing_enabled":true,"_links":{"self":[{"href":"https:\/\/minghanggroup.com\/tr\/wp-json\/wp\/v2\/product\/1891","targetHints":{"allow":["GET"]}}],"collection":[{"href":"https:\/\/minghanggroup.com\/tr\/wp-json\/wp\/v2\/product"}],"about":[{"href":"https:\/\/minghanggroup.com\/tr\/wp-json\/wp\/v2\/types\/product"}],"wp:featuredmedia":[{"embeddable":true,"href":"https:\/\/minghanggroup.com\/tr\/wp-json\/wp\/v2\/media\/1893"}],"wp:attachment":[{"href":"https:\/\/minghanggroup.com\/tr\/wp-json\/wp\/v2\/media?parent=1891"}],"wp:term":[{"taxonomy":"product_brand","embeddable":true,"href":"https:\/\/minghanggroup.com\/tr\/wp-json\/wp\/v2\/product_brand?post=1891"},{"taxonomy":"product_cat","embeddable":true,"href":"https:\/\/minghanggroup.com\/tr\/wp-json\/wp\/v2\/product_cat?post=1891"},{"taxonomy":"product_tag","embeddable":true,"href":"https:\/\/minghanggroup.com\/tr\/wp-json\/wp\/v2\/product_tag?post=1891"}],"curies":[{"name":"wp","href":"https:\/\/api.w.org\/{rel}","templated":true}]}}