{"id":1877,"date":"2025-10-22T08:47:53","date_gmt":"2025-10-22T00:47:53","guid":{"rendered":"https:\/\/minghanggroup.com\/?post_type=product&#038;p=1877"},"modified":"2025-10-22T17:43:30","modified_gmt":"2025-10-22T09:43:30","slug":"bulk-crystal-honey-bottles-square-jam-jars","status":"publish","type":"product","link":"https:\/\/minghanggroup.com\/tr\/urun\/bulk-crystal-honey-bottles-square-jam-jars\/","title":{"rendered":"Toplu Kristal Bal \u015ei\u015feleri - Kare Re\u00e7el Kavanozlar\u0131 100ml 180ml 280ml 360ml"},"content":{"rendered":"<p>Farkl\u0131 \u015fekil ve boyutlarda, bal i\u00e7eren bu sevimli bal \u015fi\u015feleri, bal\u0131n zaten alt\u0131n rengi oldu\u011funu g\u00f6stermek i\u00e7in \u015feffaf kare camdan yap\u0131lm\u0131\u015ft\u0131r.<\/p>\n<h2>\u00dcr\u00fcn \u00d6zellikleri<\/h2>\n<ul>\n<li><strong>G\u00f6z Al\u0131c\u0131 Kare Desen:<\/strong> Kare re\u00e7el kavanozlar\u0131m\u0131z sa\u011flam malzemeden \u00fcretilmi\u015ftir, ayn\u0131 zamanda yerden tasarruf sa\u011flar ve g\u00f6r\u00fcn\u00fcmleri her rafta etkileyici olacakt\u0131r.<\/li>\n<li><strong>Kapal\u0131 Kapaklar:<\/strong> Bal\u0131n saklama s\u0131ras\u0131nda tazeli\u011fini korumas\u0131 i\u00e7in her kapa\u011f\u0131n yan\u0131nda bir s\u0131zd\u0131rmazl\u0131k \u015feridi de geliyor.<\/li>\n<li><strong>Esnek<\/strong>:Bu t\u00fcr kaplar sadece bal i\u00e7in de\u011fil, re\u00e7el, el i\u015fi ve kuruyemi\u015fleriniz i\u00e7in de i\u015finize yarayacakt\u0131r.<\/li>\n<\/ul>\n<h2>Temel \u00d6zellikler<\/h2>\n<table style=\"border-collapse: collapse; margin-left: auto; margin-right: auto; width: 455.27pt;\" border=\"0\" width=\"607\" cellspacing=\"0\" cellpadding=\"0\">\n<tbody>\n<tr style=\"height: 13.50pt;\">\n<td style=\"height: 13.50pt; width: 90.00pt;\" width=\"120\" height=\"18\">\u00d6zellik<\/td>\n<td style=\"width: 365.25pt;\" width=\"487\">\u015eartname<\/td>\n<\/tr>\n<tr style=\"height: 13.50pt;\">\n<td style=\"height: 13.50pt;\" height=\"18\">Kapasite<\/td>\n<td>100ml, 180ml, 280ml, 360ml<\/td>\n<\/tr>\n<tr style=\"height: 13.50pt;\">\n<td style=\"height: 13.50pt;\" height=\"18\">Boyutlar<\/td>\n<td>5,8\u00d77,9 cm ila 8,0\u00d712,0 cm<\/td>\n<\/tr>\n<tr style=\"height: 13.50pt;\">\n<td style=\"height: 13.50pt;\" height=\"18\">Malzeme<\/td>\n<td>\u015eeffaf cam, PP veya ah\u015fap vidal\u0131 kapak<\/td>\n<\/tr>\n<tr style=\"height: 13.50pt;\">\n<td style=\"height: 13.50pt;\" height=\"18\">Kapak Se\u00e7enekleri<\/td>\n<td>Alt\u0131n, k\u0131rm\u0131z\u0131, g\u00fcm\u00fc\u015f, ah\u015fap (\u00f6zelle\u015ftirilebilir)<\/td>\n<\/tr>\n<tr style=\"height: 13.50pt;\">\n<td style=\"height: 13.50pt;\" height=\"18\">En \u0130yisi \u0130\u00e7in<\/td>\n<td>Bal, re\u00e7el, konserveler<\/td>\n<\/tr>\n<tr style=\"height: 13.50pt;\">\n<td style=\"height: 13.50pt;\" height=\"18\">\u0130deal Kullan\u0131m<\/td>\n<td>Bal \u015fi\u015feleri, cam bal kaplar\u0131, toplu bal kavanozlar\u0131<\/td>\n<\/tr>\n<\/tbody>\n<\/table>\n<h2>Ba\u015far\u0131 \u00d6yk\u00fcs\u00fc: El Sanatlar\u0131 Markas\u0131n\u0131 Y\u00fckseltmek<\/h2>\n<p>El yap\u0131m\u0131 bal \u00fcreten ve y\u00fcksek kaliteyi yans\u0131tan ambalajlar arayan yerel ar\u0131c\u0131l\u0131k i\u015fletmesi, ah\u015fap kapakl\u0131 180 ml kare re\u00e7el kavanozlar\u0131m\u0131z\u0131 tercih etti. Ah\u015fap ve alt\u0131n rengi kapaklar\u0131n birle\u015fimi, \u00fcr\u00fcn kullan\u0131c\u0131 deneyimini iyile\u015ftirerek kavanoz al\u0131mlar\u0131nda &#039;lik bir art\u0131\u015f sa\u011flad\u0131. Cam, bal\u0131n alt\u0131n rengini ortaya \u00e7\u0131karacak \u015fekilde \u015feffaf ve kare \u015fekli, \u00fcr\u00fcn yelpazesinin raf alan\u0131n\u0131 uyumlu hale getirirken ma\u011fazada premium bir g\u00f6r\u00fcn\u00fcm de sa\u011fl\u0131yor. M\u00fc\u015fteriler kavanozlar\u0131n tasar\u0131m\u0131n\u0131 \u00e7o\u011funlukla \u00f6vd\u00fc ve \u015firket \u015fimdiden her biri 100.000 kavanozdan olu\u015fan \u00fc\u00e7 sipari\u015f daha verdi.<\/p>\n<h2>Cam Bal Kavanozu \u00d6zelle\u015ftirme \u00d6nerileri<\/h2>\n<ul>\n<li><strong>Kapak Rengi:<\/strong> Metal renklerimizden (alt\u0131n, g\u00fcm\u00fc\u015f veya k\u0131rm\u0131z\u0131) veya ah\u015fap desenlerimizden biri olabilir. Ya da markayla tam uyumlu rengi elde etmek i\u00e7in bir Pantone se\u00e7ebilirsiniz.<\/li>\n<li><strong>Cam Kabartma:<\/strong> Bir \u015fekilde logonuzu veya karma\u015f\u0131k deseninizi do\u011frudan cam\u0131n \u00fczerine yerle\u015ftirerek g\u00f6rsele bir dokunu\u015f, \u00fcst d\u00fczey bir stil katabilirsiniz.<\/li>\n<li><strong>Serigrafi Bask\u0131:<\/strong> Canl\u0131 ve dayan\u0131kl\u0131 bir \u00fcr\u00fcn elde etmek i\u00e7in tam renkli logonuzu ve tasar\u0131m\u0131n\u0131z\u0131 do\u011frudan cam\u0131n \u00fczerine bast\u0131r\u0131n.<\/li>\n<li><strong>Ses Ayar\u0131:<\/strong> E\u011fer standart \u00f6l\u00e7\u00fclerimiz size uygun de\u011filse kavanozlar\u0131n hacmini biraz farkl\u0131 yapman\u0131za yard\u0131mc\u0131 olabiliriz.<\/li>\n<\/ul>\n<p>\u0130\u015fletmeniz i\u00e7in en iyi bal kavanozlar\u0131 ve \u015fi\u015feleri konusunda anla\u015fmaya ne dersiniz? Cam kavanoz koleksiyonumuz, \u00fcr\u00fcnlerinizin \u00f6ne \u00e7\u0131kmas\u0131n\u0131 sa\u011flamak i\u00e7in harika bir \u00e7\u00f6z\u00fcm. Bizimle ileti\u015fime ge\u00e7in ve toplu bal kavanozu sipari\u015flerinizi \u00f6zel tasar\u0131mlarla birlikte g\u00f6r\u00fc\u015felim.<\/p>","protected":false},"excerpt":{"rendered":"<p>Kar\u0131\u015f\u0131k kapak se\u00e7enekleriyle birinci s\u0131n\u0131f kare cam bal \u015fi\u015feleri. Bal ve re\u00e7el paketlemek i\u00e7in idealdir. Fabrikadan do\u011frudan tedarik, \u00fccretsiz numuneler ve toplu al\u0131m f\u0131rsatlar\u0131.<\/p>","protected":false},"featured_media":1880,"template":"","meta":{"postBodyCss":"","postBodyMargin":[],"postBodyPadding":[],"postBodyBackground":{"backgroundType":"classic","gradient":""}},"product_brand":[],"product_cat":[15,17,52],"product_tag":[],"class_list":{"0":"post-1877","1":"product","2":"type-product","3":"status-publish","4":"has-post-thumbnail","6":"product_cat-glass-containers","7":"product_cat-glass-jars","8":"product_cat-glass-honey-jars","10":"first","11":"instock","12":"shipping-taxable","13":"product-type-simple"},"jetpack_sharing_enabled":true,"_links":{"self":[{"href":"https:\/\/minghanggroup.com\/tr\/wp-json\/wp\/v2\/product\/1877","targetHints":{"allow":["GET"]}}],"collection":[{"href":"https:\/\/minghanggroup.com\/tr\/wp-json\/wp\/v2\/product"}],"about":[{"href":"https:\/\/minghanggroup.com\/tr\/wp-json\/wp\/v2\/types\/product"}],"wp:featuredmedia":[{"embeddable":true,"href":"https:\/\/minghanggroup.com\/tr\/wp-json\/wp\/v2\/media\/1880"}],"wp:attachment":[{"href":"https:\/\/minghanggroup.com\/tr\/wp-json\/wp\/v2\/media?parent=1877"}],"wp:term":[{"taxonomy":"product_brand","embeddable":true,"href":"https:\/\/minghanggroup.com\/tr\/wp-json\/wp\/v2\/product_brand?post=1877"},{"taxonomy":"product_cat","embeddable":true,"href":"https:\/\/minghanggroup.com\/tr\/wp-json\/wp\/v2\/product_cat?post=1877"},{"taxonomy":"product_tag","embeddable":true,"href":"https:\/\/minghanggroup.com\/tr\/wp-json\/wp\/v2\/product_tag?post=1877"}],"curies":[{"name":"wp","href":"https:\/\/api.w.org\/{rel}","templated":true}]}}