{"id":1869,"date":"2025-10-21T16:10:26","date_gmt":"2025-10-21T08:10:26","guid":{"rendered":"https:\/\/minghanggroup.com\/?post_type=product&#038;p=1869"},"modified":"2025-10-21T17:54:07","modified_gmt":"2025-10-21T09:54:07","slug":"wholesale-unique-honeycomb-glass-jars-with-screw-metal-lids","status":"publish","type":"product","link":"https:\/\/minghanggroup.com\/tr\/urun\/wholesale-unique-honeycomb-glass-jars-with-screw-metal-lids\/","title":{"rendered":"Toptan Benzersiz Petek Cam Kavanozlar Vidal\u0131 Metal Kapakl\u0131 3oz-16oz"},"content":{"rendered":"<p>Bu \u00f6zg\u00fcn petek desenli cam kavanozlar, belirgin petek desenine sahip \u015feffaf camdan \u00fcretilmi\u015ftir ve siyah bir kapakla birlikte gelir. Bal\u0131n kolayca saklanmas\u0131 i\u00e7in \u00e7e\u015fitli boyutlarda mevcuttur.<\/p>\n<h2>\u00dcr\u00fcn \u00d6zellikleri<\/h2>\n<ul>\n<li><strong>Ger\u00e7ek Petek Dokusu:<\/strong> Camla b\u00fct\u00fcnle\u015fik olarak kal\u0131planm\u0131\u015ft\u0131r, kal\u0131c\u0131 ve otantik bir sunum i\u00e7in etiket veya \u00e7\u0131kartma kullan\u0131lmam\u0131\u015ft\u0131r.<\/li>\n<li><strong>Berrak Cam Kaliteyi \u00d6ne \u00c7\u0131kar\u0131r:<\/strong> \u0130\u00e7erisindeki alt\u0131n rengi bal\u0131 g\u00f6rebiliyorsunuz. Dokusu \u0131\u015f\u0131\u011f\u0131 art\u0131rarak parlamas\u0131n\u0131 sa\u011fl\u0131yor.<\/li>\n<li><strong>H\u0131zl\u0131 Dolum \u0130\u00e7in Geni\u015f A\u011f\u0131zl\u0131 Tasar\u0131m:<\/strong> Parti \u015fi\u015felemede zamandan tasarruf edin. Temiz ve hijyenik kullan\u0131m i\u00e7in ka\u015f\u0131k veya pompa ile kullan\u0131labilir.<\/li>\n<\/ul>\n<h2>Temel \u00d6zellikler<\/h2>\n<table style=\"border-collapse: collapse; margin-left: auto; margin-right: auto; width: 518.27pt;\" border=\"0\" width=\"691\" cellspacing=\"0\" cellpadding=\"0\">\n<tbody>\n<tr style=\"height: 13.50pt;\">\n<td style=\"height: 13.50pt; width: 99.75pt;\" width=\"133\" height=\"18\">\u00d6zellik<\/td>\n<td style=\"width: 418.50pt;\" width=\"558\">\u015eartname<\/td>\n<\/tr>\n<tr style=\"height: 13.50pt;\">\n<td style=\"height: 13.50pt;\" height=\"18\">Kapasite<\/td>\n<td>100 ml\/3 oz, 250 ml\/8 oz, 500 ml\/16 oz, 1000 ml \/32 oz<\/td>\n<\/tr>\n<tr style=\"height: 13.50pt;\">\n<td style=\"height: 13.50pt;\" height=\"18\">Boyutlar<\/td>\n<td>5,3\u00d78,0 cm ila 10,1\u00d714,7 cm<\/td>\n<\/tr>\n<tr style=\"height: 13.50pt;\">\n<td style=\"height: 13.50pt;\" height=\"18\">Malzeme<\/td>\n<td>\u015eeffaf cam, siyah PP vidal\u0131 kapak<\/td>\n<\/tr>\n<tr style=\"height: 13.50pt;\">\n<td style=\"height: 13.50pt;\" height=\"18\">Doku<\/td>\n<td>3D petek deseni (tam g\u00f6vde)<\/td>\n<\/tr>\n<tr style=\"height: 13.50pt;\">\n<td style=\"height: 13.50pt;\" height=\"18\">Kapak Rengi<\/td>\n<td>Siyah (\u00f6zel renkler mevcuttur)<\/td>\n<\/tr>\n<tr style=\"height: 13.50pt;\">\n<td style=\"height: 13.50pt;\" height=\"18\">En \u0130yisi \u0130\u00e7in<\/td>\n<td>Ham bal, hediye setleri, zanaatkar kar\u0131\u015f\u0131mlar\u0131<\/td>\n<\/tr>\n<tr style=\"height: 13.50pt;\">\n<td style=\"height: 13.50pt;\" height=\"18\">\u0130deal Kullan\u0131m<\/td>\n<td>Petek cam kavanozlar, benzersiz bal kavanozlar\u0131, cam bal kaplar\u0131<\/td>\n<\/tr>\n<\/tbody>\n<\/table>\n<h2>Ba\u015far\u0131 Hikayesi: Temal\u0131 Bal Kavanozlar\u0131 \u0130\u015fletmeyi Harekete Ge\u00e7iriyor<\/h2>\n<p>Yerel bir aile i\u015fletmesi olan ar\u0131c\u0131l\u0131k i\u015fletmesi, pazardaki zorlu rekabet nedeniyle iflas\u0131n e\u015fi\u011fine gelmi\u015fti. Sonunda, 500 ml&#039;lik petek desenli cam kavanozlar\u0131m\u0131z\u0131 kullanarak \u00fcr\u00fcnlerini yeniden markalamaya karar verdiler. Sonu\u00e7 ola\u011fan\u00fcst\u00fc bir ba\u015far\u0131yd\u0131. \u0130lk olarak, yeni petek desenli \u00fcr\u00fcn m\u00fc\u015fterileri o kadar etkiledi ki, \u00fcr\u00fcnlerini almak i\u00e7in geri gelen m\u00fc\u015fteri say\u0131s\u0131nda &#039;lik bir art\u0131\u015f oldu. \u0130kinci olarak, yeni ambalaj, \u00fcr\u00fcnlerin teslimat s\u0131ras\u0131nda hasar g\u00f6rmesini, dokusuz veya d\u00fcz cam kavanozlara k\u0131yasla oran\u0131nda azaltt\u0131; b\u00f6ylece distrib\u00fct\u00f6r, her ay de\u011fi\u015ftirme maliyetlerinde 280 dolar tasarruf ediyor. Bu b\u00fcy\u00fck ba\u015far\u0131, her \u00e7eyrekte bol ve istikrarl\u0131 bir bal kavanozu tedarikine ihtiya\u00e7 duyan gurme bir b\u00f6lgesel g\u0131da abonelik \u015firketiyle s\u00f6zle\u015fme imzalamalar\u0131na yol a\u00e7t\u0131. \u0130ki y\u0131ldan uzun s\u00fcredir sad\u0131k bir m\u00fc\u015fterimiz olan firma, her biri 100.000&#039;er adetlik yedi sipari\u015f \u00fcst \u00fcste verdi ve yak\u0131n zamanda hediye setleri i\u00e7in 100 ml&#039;lik bal kavanozlar\u0131 ekledi.<\/p>\n<h2>Petek Kavanozlar\u0131n\u0131z\u0131 \u00d6zelle\u015ftirme<\/h2>\n<ul>\n<li><strong>Metal Kapak:<\/strong> \u00dcr\u00fcn\u00fc daha l\u00fcks bir seviyeye ta\u015f\u0131mak i\u00e7in plastik kapa\u011f\u0131 mat metal bir kapakla de\u011fi\u015ftirin.<\/li>\n<li><strong>Ad\u0131n\u0131z\u0131 Monogramlay\u0131n:<\/strong> Marka logosunu veya ba\u015f harflerini kapa\u011fa hafif\u00e7e i\u015fleyerek daha belirgin hale getirin ve zarif bir g\u00f6r\u00fcn\u00fcm elde edin.<\/li>\n<li><strong>Cam Filmleri :<\/strong> Bal\u0131n\u0131z\u0131 paketlemek i\u00e7in \u00e7ekici kehribar veya ye\u015fil cam kullan\u0131n; bu sayede hem farkl\u0131 bir g\u00f6r\u00fcn\u00fcme sahip olur hem de i\u00e7eri\u011fini g\u00fcne\u015fin zararl\u0131 \u0131\u015f\u0131nlar\u0131ndan korursunuz.<\/li>\n<li><strong>\u00d6zel \u015eekiller :<\/strong> E\u011fer toptan olarak b\u00fcy\u00fck miktarda sat\u0131n almay\u0131 planl\u0131yorsan\u0131z, kavanozlar\u0131n\u0131z\u0131 istedi\u011finiz \u015fekilde yapabiliriz.<\/li>\n<\/ul>\n<p>Raflardaki en temal\u0131 kavanozlarla kal\u0131c\u0131 bir izlenim b\u0131rakmaya haz\u0131r m\u0131s\u0131n\u0131z? Toptan sat\u0131\u015f teklifi ve toplu bal kavanozu \u00fcr\u00fcnlerimizin tamam\u0131 i\u00e7in bizimle ileti\u015fime ge\u00e7in. Markan\u0131z\u0131 birlikte in\u015fa edelim.<\/p>","protected":false},"excerpt":{"rendered":"<p>Dokulu tasar\u0131ma sahip benzersiz petek cam kavanozlar. Premium bal markalar\u0131 i\u00e7in idealdir. Toplu tedarik, h\u0131zl\u0131 teslimat ve markalara \u00f6zel \u00f6zelle\u015ftirme se\u00e7enekleri.<\/p>","protected":false},"featured_media":1873,"template":"","meta":{"postBodyCss":"","postBodyMargin":[],"postBodyPadding":[],"postBodyBackground":{"backgroundType":"classic","gradient":""}},"product_brand":[],"product_cat":[15,17,52],"product_tag":[],"class_list":{"0":"post-1869","1":"product","2":"type-product","3":"status-publish","4":"has-post-thumbnail","6":"product_cat-glass-containers","7":"product_cat-glass-jars","8":"product_cat-glass-honey-jars","10":"first","11":"instock","12":"shipping-taxable","13":"product-type-simple"},"jetpack_sharing_enabled":true,"_links":{"self":[{"href":"https:\/\/minghanggroup.com\/tr\/wp-json\/wp\/v2\/product\/1869","targetHints":{"allow":["GET"]}}],"collection":[{"href":"https:\/\/minghanggroup.com\/tr\/wp-json\/wp\/v2\/product"}],"about":[{"href":"https:\/\/minghanggroup.com\/tr\/wp-json\/wp\/v2\/types\/product"}],"wp:featuredmedia":[{"embeddable":true,"href":"https:\/\/minghanggroup.com\/tr\/wp-json\/wp\/v2\/media\/1873"}],"wp:attachment":[{"href":"https:\/\/minghanggroup.com\/tr\/wp-json\/wp\/v2\/media?parent=1869"}],"wp:term":[{"taxonomy":"product_brand","embeddable":true,"href":"https:\/\/minghanggroup.com\/tr\/wp-json\/wp\/v2\/product_brand?post=1869"},{"taxonomy":"product_cat","embeddable":true,"href":"https:\/\/minghanggroup.com\/tr\/wp-json\/wp\/v2\/product_cat?post=1869"},{"taxonomy":"product_tag","embeddable":true,"href":"https:\/\/minghanggroup.com\/tr\/wp-json\/wp\/v2\/product_tag?post=1869"}],"curies":[{"name":"wp","href":"https:\/\/api.w.org\/{rel}","templated":true}]}}