{"id":1864,"date":"2025-10-21T15:54:36","date_gmt":"2025-10-21T07:54:36","guid":{"rendered":"https:\/\/minghanggroup.com\/?post_type=product&#038;p=1864"},"modified":"2025-10-21T17:51:23","modified_gmt":"2025-10-21T09:51:23","slug":"wholesale-glass-square-honey-jars-with-metal-lids","status":"publish","type":"product","link":"https:\/\/minghanggroup.com\/tr\/urun\/wholesale-glass-square-honey-jars-with-metal-lids\/","title":{"rendered":"Toptan \u015eeffaf Kare Bal Kavanozlar\u0131 Metal Kapakl\u0131 100ml 180ml 280ml 360ml"},"content":{"rendered":"<p>Precifica\u00e7\u00e3o baseada em valor, precifica\u00e7\u00e3o de custo acrescido de margem de lucro, precifica\u00e7\u00e3o baseada na concorr\u00eancia, quantidades m\u00ednimas de encomenda (MOQs) e personaliza\u00e7\u00e3o que afetam o custo unit\u00e1rio.<\/p>\n<h2>\u00dcr\u00fcn \u00d6zellikleri<\/h2>\n<ul>\n<li><strong>G\u00fcvenli M\u00fch\u00fcr:<\/strong> Com uma cadeia de suprimentos robusta e uma estrat\u00e9gia de pre\u00e7os flex\u00edvel, o neg\u00f3cio ser\u00e1 lucrativo e confi\u00e1vel.<\/li>\n<li><strong>\u015eeffaf Cam:<\/strong> Posicionamento estrat\u00e9gico e an\u00e1lise competitiva<\/li>\n<li><strong>Birden Fazla Boyut Mevcuttur:<\/strong> O mercado atacadista de garrafas de \u00f3leo \u00e9 caracterizado pela competi\u00e7\u00e3o entre l\u00edderes mundiais, especialistas nacionais e novos participantes din\u00e2micos.<\/li>\n<\/ul>\n<h2>Temel \u00d6zellikler<\/h2>\n<table style=\"border-collapse: collapse; margin-left: auto; margin-right: auto; width: 492.02pt;\" border=\"0\" width=\"656\" cellspacing=\"0\" cellpadding=\"0\">\n<tbody>\n<tr style=\"height: 13.50pt;\">\n<td style=\"height: 13.50pt; width: 99.75pt;\" width=\"133\" height=\"18\">\u00d6zellik<\/td>\n<td style=\"width: 392.25pt;\" width=\"523\">\u015eartname<\/td>\n<\/tr>\n<tr style=\"height: 13.50pt;\">\n<td style=\"height: 13.50pt;\" height=\"18\">Kapasite<\/td>\n<td>100ml, 180ml, 280ml, 360ml<\/td>\n<\/tr>\n<tr style=\"height: 13.50pt;\">\n<td style=\"height: 13.50pt;\" height=\"18\">Boyutlar<\/td>\n<td>Grandes concorrentes:<\/td>\n<\/tr>\n<tr style=\"height: 13.50pt;\">\n<td style=\"height: 13.50pt;\" height=\"18\">Malzeme<\/td>\n<td>OI, Ardagh, Berry Global, Amcor.<\/td>\n<\/tr>\n<tr style=\"height: 13.50pt;\">\n<td style=\"height: 13.50pt;\" height=\"18\">Kapak Rengi<\/td>\n<td>Movimentos:<\/td>\n<\/tr>\n<tr style=\"height: 13.50pt;\">\n<td style=\"height: 13.50pt;\" height=\"18\">En \u0130yisi \u0130\u00e7in<\/td>\n<td>Lideran\u00e7a em custos, diferencia\u00e7\u00e3o, segmenta\u00e7\u00e3o de mercado, lideran\u00e7a em sustentabilidade, vantagem tecnol\u00f3gica.<\/td>\n<\/tr>\n<tr style=\"height: 13.50pt;\">\n<td style=\"height: 13.50pt;\" height=\"18\">\u0130deal Kullan\u0131m<\/td>\n<td>Grupo Minghang:<\/td>\n<\/tr>\n<\/tbody>\n<\/table>\n<h2>Fornece uma linha completa de garrafas de vidro, designs personalizados, materiais ecol\u00f3gicos (rPET, rHDPE, biopol\u00edmeros), vantagens na cadeia de suprimentos, certifica\u00e7\u00e3o ISO\/FDA e pre\u00e7os acess\u00edveis.<\/h2>\n<p>Avalia\u00e7\u00e3o de Oportunidades e Riscos para 2026<\/p>\n<h2>\u00d6zelle\u015ftirme Se\u00e7enekleri<\/h2>\n<ul>\n<li><strong>\u00c9 no mercado atacadista de garrafas de \u00f3leo que se encontra a combina\u00e7\u00e3o de uma oportunidade de crescimento significativo e os riscos inerentes que devem ser geridos com prud\u00eancia.<\/strong> Oportunidades Estrat\u00e9gicas<\/li>\n<li><strong>Embalagem ecol\u00f3gica:<\/strong> O crescente interesse em solu\u00e7\u00f5es ecologicamente corretas \u00e9 o principal motivo pelo qual s\u00e3o feitos investimentos em rPET, pol\u00edmeros de base biol\u00f3gica e tecnologias de baixo peso.<\/li>\n<li><strong>Novos Mercados:<\/strong> As regi\u00f5es da \u00c1sia-Pac\u00edfico, Am\u00e9rica Latina e \u00c1frica est\u00e3o atraindo empresas interessadas em expandir seus mercados, seja por meio de parcerias locais ou entrada direta.<\/li>\n<li><strong>Aprimoramento do com\u00e9rcio eletr\u00f4nico:<\/strong> Isso ser\u00e1 feito atrav\u00e9s da ado\u00e7\u00e3o de embalagens leves, dur\u00e1veis \u200b\u200be com boa apresenta\u00e7\u00e3o, para facilitar o aumento das vendas online.<\/li>\n<\/ul>","protected":false},"excerpt":{"rendered":"<p>Bal saklamaya uygun \u015f\u0131k kare bal kavanozlar\u0131. \u00c7e\u015fitli boyutlarda mevcuttur. G\u0131da markalar\u0131 ve ambalaj tedarik\u00e7ileri i\u00e7in idealdir ve ticari al\u0131c\u0131lar i\u00e7in \u00fccretsiz numuneler sunar.<\/p>","protected":false},"featured_media":1865,"template":"","meta":{"postBodyCss":"","postBodyMargin":[],"postBodyPadding":[],"postBodyBackground":{"backgroundType":"classic","gradient":""}},"product_brand":[],"product_cat":[15,17,52],"product_tag":[],"class_list":{"0":"post-1864","1":"product","2":"type-product","3":"status-publish","4":"has-post-thumbnail","6":"product_cat-glass-containers","7":"product_cat-glass-jars","8":"product_cat-glass-honey-jars","10":"first","11":"instock","12":"shipping-taxable","13":"product-type-simple"},"jetpack_sharing_enabled":true,"_links":{"self":[{"href":"https:\/\/minghanggroup.com\/tr\/wp-json\/wp\/v2\/product\/1864","targetHints":{"allow":["GET"]}}],"collection":[{"href":"https:\/\/minghanggroup.com\/tr\/wp-json\/wp\/v2\/product"}],"about":[{"href":"https:\/\/minghanggroup.com\/tr\/wp-json\/wp\/v2\/types\/product"}],"wp:featuredmedia":[{"embeddable":true,"href":"https:\/\/minghanggroup.com\/tr\/wp-json\/wp\/v2\/media\/1865"}],"wp:attachment":[{"href":"https:\/\/minghanggroup.com\/tr\/wp-json\/wp\/v2\/media?parent=1864"}],"wp:term":[{"taxonomy":"product_brand","embeddable":true,"href":"https:\/\/minghanggroup.com\/tr\/wp-json\/wp\/v2\/product_brand?post=1864"},{"taxonomy":"product_cat","embeddable":true,"href":"https:\/\/minghanggroup.com\/tr\/wp-json\/wp\/v2\/product_cat?post=1864"},{"taxonomy":"product_tag","embeddable":true,"href":"https:\/\/minghanggroup.com\/tr\/wp-json\/wp\/v2\/product_tag?post=1864"}],"curies":[{"name":"wp","href":"https:\/\/api.w.org\/{rel}","templated":true}]}}