{"id":1859,"date":"2025-10-21T14:49:17","date_gmt":"2025-10-21T06:49:17","guid":{"rendered":"https:\/\/minghanggroup.com\/?post_type=product&#038;p=1859"},"modified":"2025-10-21T17:47:28","modified_gmt":"2025-10-21T09:47:28","slug":"wholesale-clear-hexagonal-honey-jam-jars","status":"publish","type":"product","link":"https:\/\/minghanggroup.com\/tr\/urun\/wholesale-clear-hexagonal-honey-jam-jars\/","title":{"rendered":"Toptan \u015eeffaf Alt\u0131gen Bal Re\u00e7eli Kavanozlar\u0131 200ml 300ml 430ml 500ml 760ml"},"content":{"rendered":"<p>Bal kavanozlar\u0131, camdan yap\u0131lm\u0131\u015f \u015feffaf alt\u0131gen bir g\u00f6vdeye ve \u015f\u0131k siyah bir kapa\u011fa sahiptir. Bu arada, farkl\u0131 boyutlarda mevcut olan bu kavanozlar, minimal ve geometrik stili i\u015flevsellikle bir araya getirerek bal depolamak i\u00e7in m\u00fckemmeldir.<\/p>\n<h2>\u00dcr\u00fcn \u00d6zellikleri<\/h2>\n<ul>\n<li><strong>Anti-Roll Tasar\u0131m\u0131:<\/strong> Benzersiz alt\u0131gen \u015fekli, istikrarl\u0131 ve kullan\u0131c\u0131 dostu bir \u00e7al\u0131\u015fma sa\u011flar.<\/li>\n<li><strong>\u00dcr\u00fcn Sergileme M\u00fckemmelli\u011fi:<\/strong> \u015eeffaf cam, m\u00fc\u015fterilerin bal\u0131n veya re\u00e7elin ger\u00e7ek de\u011ferini hemen g\u00f6rmelerini sa\u011flar.<\/li>\n<li><strong>\u00c7e\u015fitli Boyutlar:<\/strong> 200ml&#039;den 760ml&#039;ye kadar farkl\u0131 hacimlerdeki \u00fcr\u00fcn gruplar\u0131n\u0131z i\u00e7in do\u011fru se\u00e7imleri yapman\u0131z\u0131 sa\u011flar.<\/li>\n<\/ul>\n<h2>Temel \u00d6zellikler<\/h2>\n<table style=\"border-collapse: collapse; margin-left: auto; margin-right: auto; width: 451.52pt;\" border=\"0\" width=\"602\" cellspacing=\"0\" cellpadding=\"0\">\n<tbody>\n<tr style=\"height: 13.50pt;\">\n<td style=\"height: 13.50pt; width: 85.50pt;\" width=\"114\" height=\"18\">\u00d6zellik<\/td>\n<td style=\"width: 366.00pt;\" width=\"488\">\u015eartname<\/td>\n<\/tr>\n<tr style=\"height: 13.50pt;\">\n<td style=\"height: 13.50pt;\" height=\"18\">Kapasite<\/td>\n<td>200ml, 300ml, 430ml, 500ml, 760ml<\/td>\n<\/tr>\n<tr style=\"height: 13.50pt;\">\n<td style=\"height: 13.50pt;\" height=\"18\">Boyutlar<\/td>\n<td>6,8\u00d78,5 cm ila 11,0\u00d712,0 cm<\/td>\n<\/tr>\n<tr style=\"height: 13.50pt;\">\n<td style=\"height: 13.50pt;\" height=\"18\">Malzeme<\/td>\n<td>\u015eeffaf cam, siyah PP vidal\u0131 kapak<\/td>\n<\/tr>\n<tr style=\"height: 13.50pt;\">\n<td style=\"height: 13.50pt;\" height=\"18\">Kapak Rengi<\/td>\n<td>Siyah (\u00f6zel renkler mevcuttur)<\/td>\n<\/tr>\n<tr style=\"height: 13.50pt;\">\n<td style=\"height: 13.50pt;\" height=\"18\">En \u0130yisi \u0130\u00e7in<\/td>\n<td>Bal, re\u00e7el, re\u00e7eller, s\u00fcr\u00fclebilir \u00fcr\u00fcnler<\/td>\n<\/tr>\n<tr style=\"height: 13.50pt;\">\n<td style=\"height: 13.50pt;\" height=\"18\">\u0130deal Kullan\u0131m<\/td>\n<td>Re\u00e7el kavanozlar\u0131, cam bal kaplar\u0131, zanaatkar i\u015f kollar\u0131<\/td>\n<\/tr>\n<\/tbody>\n<\/table>\n<h2>Ba\u015far\u0131 \u00d6yk\u00fcs\u00fc: Yerel Markan\u0131n K\u00fcreselle\u015fmesine Destek Olmak<\/h2>\n<p>L\u00fcks el yap\u0131m\u0131 re\u00e7eller ve bal \u00fcreten yerel bir zanaatkar markas\u0131, \u00fcr\u00fcnlerinin kalitesiyle uyumlu cam ambalajlara ihtiya\u00e7 duyuyordu. Bizden toptan re\u00e7el kavanozlar\u0131 sipari\u015f etmeye karar verdiler ve \u00f6ncelikle 2.500 adetlik (her boyuttan 500 adet) toplu sipari\u015f verdiler ve kavanozlar\u0131 marka logolar\u0131yla \u00f6zelle\u015ftirdiler. Sonu\u00e7? Be\u015f farkl\u0131 boyut, m\u00fc\u015fteri memnuniyeti oran\u0131na ula\u015ft\u0131. \u00d6rne\u011fin, yerel bir zanaatkar re\u00e7el markas\u0131, numune ambalaj\u0131 i\u00e7in m\u00fckemmel boyut olan 200 ml boyutu sayesinde numune kavanozlar\u0131n\u0131n sat\u0131\u015flar\u0131nda art\u0131\u015f g\u00f6rd\u00fc. Bunun yan\u0131 s\u0131ra, siyah s\u0131zd\u0131rmazl\u0131k kapa\u011f\u0131 bal ve re\u00e7elin bozulmas\u0131n\u0131 oran\u0131nda azalt\u0131yor. M\u00fc\u015fterilerden gelen olumlu geri bildirimler sayesinde m\u00fc\u015fteri be\u015f sipari\u015f daha verdi ve toplamda 350.000 \u015fi\u015feye ula\u015ft\u0131.<\/p>\n<h2>\u00dcr\u00fcn \u00d6zelle\u015ftirme \u00d6nerileri<\/h2>\n<ul>\n<li><strong>Kapak Rengi \u00d6zelle\u015ftirmesi:<\/strong> Varsay\u0131lan renk olan siyah\u0131n yan\u0131 s\u0131ra, beyaz, kahverengi veya ah\u015fap desenli renkte kapaklar da sa\u011fl\u0131yoruz.<\/li>\n<li><strong>Kapak Malzemesi Y\u00fckseltmesi:<\/strong> Metal veya bambu kapaklar\u0131n normal olanlara g\u00f6re ne kadar ho\u015f bir his verece\u011fini bir d\u00fc\u015f\u00fcn\u00fcn!<\/li>\n<li><strong>Kapak Kabartmal\u0131 Logo:<\/strong> \u015eapkan\u0131n \u00fcst k\u0131sm\u0131nda kabartma olarak yer alan logo, \u015fapkay\u0131 daha duyusal hale getiriyor.<\/li>\n<li><strong>Cam Renk Se\u00e7enekleri:<\/strong> Bunun d\u0131\u015f\u0131nda kehribar veya ye\u015fil cam se\u00e7enekleri \u0131\u015f\u0131\u011fa duyarl\u0131 \u00fcr\u00fcnler i\u00e7in uygundur.<\/li>\n<li><strong>Serigrafi Bask\u0131:<\/strong> Marka logonuz ve grafikleriniz do\u011frudan ve g\u00fcvenli bir \u015fekilde cam y\u00fczeye bas\u0131labilir.<\/li>\n<\/ul>\n<p>L\u00fcks alt\u0131gen bal kavanozlar\u0131m\u0131z\u0131 kullanarak ambalajlar\u0131n\u0131za yepyeni bir g\u00f6r\u00fcn\u00fcm kazand\u0131rmaya ne dersiniz? Toptan sat\u0131\u015f fiyatlar\u0131 ve di\u011fer detaylar i\u00e7in bize bir mesaj g\u00f6ndermeniz yeterli.<\/p>","protected":false},"excerpt":{"rendered":"<p>Vidal\u0131 kapakl\u0131 toptan alt\u0131gen re\u00e7el kavanozlar\u0131. Bal veya re\u00e7el i\u00e7in m\u00fckemmel. Toplu al\u0131m indirimlerinden, h\u0131zl\u0131 kargodan, \u00f6zelle\u015ftirilebilir se\u00e7eneklerden ve \u00fccretsiz numunelerden yararlan\u0131n.<\/p>","protected":false},"featured_media":1860,"template":"","meta":{"postBodyCss":"","postBodyMargin":[],"postBodyPadding":[],"postBodyBackground":{"backgroundType":"classic","gradient":""}},"product_brand":[],"product_cat":[15,17,52],"product_tag":[],"class_list":{"0":"post-1859","1":"product","2":"type-product","3":"status-publish","4":"has-post-thumbnail","6":"product_cat-glass-containers","7":"product_cat-glass-jars","8":"product_cat-glass-honey-jars","10":"first","11":"instock","12":"shipping-taxable","13":"product-type-simple"},"jetpack_sharing_enabled":true,"_links":{"self":[{"href":"https:\/\/minghanggroup.com\/tr\/wp-json\/wp\/v2\/product\/1859","targetHints":{"allow":["GET"]}}],"collection":[{"href":"https:\/\/minghanggroup.com\/tr\/wp-json\/wp\/v2\/product"}],"about":[{"href":"https:\/\/minghanggroup.com\/tr\/wp-json\/wp\/v2\/types\/product"}],"wp:featuredmedia":[{"embeddable":true,"href":"https:\/\/minghanggroup.com\/tr\/wp-json\/wp\/v2\/media\/1860"}],"wp:attachment":[{"href":"https:\/\/minghanggroup.com\/tr\/wp-json\/wp\/v2\/media?parent=1859"}],"wp:term":[{"taxonomy":"product_brand","embeddable":true,"href":"https:\/\/minghanggroup.com\/tr\/wp-json\/wp\/v2\/product_brand?post=1859"},{"taxonomy":"product_cat","embeddable":true,"href":"https:\/\/minghanggroup.com\/tr\/wp-json\/wp\/v2\/product_cat?post=1859"},{"taxonomy":"product_tag","embeddable":true,"href":"https:\/\/minghanggroup.com\/tr\/wp-json\/wp\/v2\/product_tag?post=1859"}],"curies":[{"name":"wp","href":"https:\/\/api.w.org\/{rel}","templated":true}]}}