{"id":1848,"date":"2025-10-20T16:01:18","date_gmt":"2025-10-20T08:01:18","guid":{"rendered":"https:\/\/minghanggroup.com\/?post_type=product&#038;p=1848"},"modified":"2025-10-20T17:18:10","modified_gmt":"2025-10-20T09:18:10","slug":"bulk-dual-function-glass-2-in-1-oil-dispensers-with-handle","status":"publish","type":"product","link":"https:\/\/minghanggroup.com\/tr\/urun\/bulk-dual-function-glass-2-in-1-oil-dispensers-with-handle\/","title":{"rendered":"Toplu 450 ml \u00c7ift Fonksiyonlu Cam 2&#039;si 1 Arada Sapl\u0131 Ya\u011f Dispenserleri"},"content":{"rendered":"<p>Bu ya\u011f \u015fi\u015fesi, \u015feffaf camdan \u00fcretilmi\u015ftir ve a\u00e7\u0131k ye\u015fil ferahlat\u0131c\u0131 bir kapa\u011fa, kullan\u0131m kolayl\u0131\u011f\u0131 sa\u011flayan bir sapa ve kolay d\u00f6kme i\u00e7in dahili bir pipete sahiptir. \u015ei\u015fe, mutfak deneyiminizi daha iyi hale getirecek m\u00fckemmel bir stil ve i\u015flevsellik kombinasyonudur.<\/p>\n<h2>\u00dcr\u00fcn \u00d6zellikleri<\/h2>\n<ul>\n<li><strong>\u00c7ift Fonksiyonlu Tasar\u0131m:<\/strong> Hassas d\u00f6k\u00fcm veya p\u00fcsk\u00fcrtme i\u00e7in cihaz\u0131n fonksiyonlar\u0131n\u0131 kolayca de\u011fi\u015ftirin.<\/li>\n<li><strong>Sap Tasar\u0131m\u0131:<\/strong> Dahili sap\u0131 sa\u011flam ve rahat bir tutu\u015f sa\u011flaman\u0131n yan\u0131 s\u0131ra kolay eri\u015fim sa\u011flar.<\/li>\n<li><strong>\u015eeffaf Cam:<\/strong> \u015eeffaf cam sayesinde \u015fi\u015fedeki ya\u011f seviyesi rahatl\u0131kla takip edilebilir, dolum i\u015flemi basit bir hale gelir.<\/li>\n<\/ul>\n<h2>Temel \u00d6zellikler<\/h2>\n<table style=\"border-collapse: collapse; margin-left: auto; margin-right: auto; width: 575.27pt;\" border=\"0\" width=\"767\" cellspacing=\"0\" cellpadding=\"0\">\n<tbody>\n<tr style=\"height: 13.50pt;\">\n<td style=\"height: 13.50pt; width: 103.50pt;\" width=\"138\" height=\"18\">\u00d6zellik<\/td>\n<td style=\"width: 471.75pt;\" width=\"629\">\u015eartname<\/td>\n<\/tr>\n<tr style=\"height: 13.50pt;\">\n<td style=\"height: 13.50pt;\" height=\"18\">Kapasite<\/td>\n<td>450 ml<\/td>\n<\/tr>\n<tr style=\"height: 13.50pt;\">\n<td style=\"height: 13.50pt;\" height=\"18\">Boyutlar<\/td>\n<td>8,0\u00d718,5 cm<\/td>\n<\/tr>\n<tr style=\"height: 13.50pt;\">\n<td style=\"height: 13.50pt;\" height=\"18\">Malzeme<\/td>\n<td>\u015eeffaf cam, PP pompa ve kapak<\/td>\n<\/tr>\n<tr style=\"height: 13.50pt;\">\n<td style=\"height: 13.50pt;\" height=\"18\">Da\u011f\u0131t\u0131c\u0131 Tipi<\/td>\n<td>\u00c7ift i\u015flevli: p\u00fcsk\u00fcrtme + d\u00f6kme<\/td>\n<\/tr>\n<tr style=\"height: 13.50pt;\">\n<td style=\"height: 13.50pt;\" height=\"18\">Kapak Rengi<\/td>\n<td>Ergonomik sapl\u0131 a\u00e7\u0131k ye\u015fil<\/td>\n<\/tr>\n<tr style=\"height: 13.50pt;\">\n<td style=\"height: 13.50pt;\" height=\"18\">En \u0130yisi \u0130\u00e7in<\/td>\n<td>Zeytinya\u011f\u0131, sirke, soslar, marine soslar<\/td>\n<\/tr>\n<tr style=\"height: 13.50pt;\">\n<td style=\"height: 13.50pt;\" height=\"18\">\u0130deal Kullan\u0131m<\/td>\n<td>2&#039;si 1 arada ya\u011f da\u011f\u0131t\u0131c\u0131, cam ya\u011f sprey \u015fi\u015fesi, ya\u011f \u015fi\u015feleri, mutfak saklama<\/td>\n<\/tr>\n<\/tbody>\n<\/table>\n<h2>Ba\u015far\u0131 \u00d6yk\u00fcs\u00fc: Gurme Pazar\u0131n\u0131 Ele Ge\u00e7irmek<\/h2>\n<p>Gurme bir g\u0131da abonelik kutusu markas\u0131, premium kutular\u0131nda yer alacak y\u0131ld\u0131z bir \u00fcr\u00fcne ihtiya\u00e7 duyuyordu. 2&#039;si 1 arada ya\u011f da\u011f\u0131t\u0131c\u0131m\u0131zla kar\u015f\u0131la\u015ft\u0131lar ve bu sayede 5.000 adetlik ilk al\u0131\u015fveri\u015flerini yapt\u0131lar. Tepkiler olumluydu. \u00c7ift i\u015flevli ya\u011f da\u011f\u0131t\u0131c\u0131s\u0131, ya\u011f israf\u0131n\u0131 oran\u0131nda azaltt\u0131. Abone sadakati o \u00e7eyrekte artt\u0131 ve anket sonu\u00e7lar\u0131 ya\u011f da\u011f\u0131t\u0131c\u0131s\u0131n\u0131 en pop\u00fcler \u00fcr\u00fcn olarak \u00f6ne \u00e7\u0131kard\u0131. Sonu\u00e7 olarak \u015firket, amiral gemisi \u00fcr\u00fcn\u00fc olarak ya\u011f \u015fi\u015femizi kullanarak ba\u011f\u0131ms\u0131z bir mutfak gere\u00e7leri serisini ba\u015far\u0131yla piyasaya s\u00fcrd\u00fc ve b\u00f6ylece tedarik stratejilerinin temelini olu\u015fturdu. Bu da sekiz ay i\u00e7inde art arda \u00fc\u00e7 sipari\u015f alarak toplam 350.000 adetlik sipari\u015fe ula\u015fmalar\u0131n\u0131 sa\u011flad\u0131.<\/p>\n<h2>Marka \u00d6zelle\u015ftirme \u00d6nerileri<\/h2>\n<ul>\n<li><strong>Kapak ve Sap Renkleri:<\/strong> Ki\u015fiye \u00f6zel bir \u00fcr\u00fcn\u00fcn kapak ve sap\u0131nda \u00e7o\u011fu renk se\u00e7ene\u011fi siyah, beyaz ve ah\u015fap desenli kahverengidir.<\/li>\n<li><strong>Cam Filmleri:<\/strong> Kehribar veya ye\u015fil cam g\u00f6vdeler em\u00fclsiyonu UV \u0131\u015f\u0131nlar\u0131ndan korumak i\u00e7in vard\u0131r.<\/li>\n<li><strong>Buzlu \u00d6l\u00e7\u00fcm \u0130\u015faretleri:<\/strong> Cam \u00fczerine kaz\u0131nm\u0131\u015f \u00f6l\u00e7\u00fc i\u015faretleri (\u00f6rne\u011fin 100ml, 250ml, 400ml) kullan\u0131c\u0131lar\u0131n yemek pi\u015firme veya porsiyon kontrol\u00fc i\u00e7in ya\u011f\u0131 do\u011fru bir \u015fekilde \u00f6l\u00e7melerine yard\u0131mc\u0131 olur.<\/li>\n<li><strong>Dald\u0131rma Borusu Malzemesi:<\/strong> Se\u00e7ti\u011finiz i\u00e7 dald\u0131rma borusunun malzemesi, belirli bir i\u015flevi yerine getirmek veya estetik a\u00e7\u0131dan ho\u015f g\u00f6r\u00fcnmek \u00fczere \u00f6zelle\u015ftirilebilir.<\/li>\n<\/ul>","protected":false},"excerpt":{"rendered":"<p>Kapakl\u0131 ve sapl\u0131, \u00e7ift fonksiyonlu 2&#039;si 1 arada ya\u011f da\u011f\u0131t\u0131c\u0131. Kullan\u0131m\u0131 kolay, \u00f6zelle\u015ftirilebilir ve toplu sipari\u015flere uygun, sade ve ferah bir tasar\u0131ma sahiptir.<\/p>","protected":false},"featured_media":1850,"template":"","meta":{"postBodyCss":"","postBodyMargin":[],"postBodyPadding":[],"postBodyBackground":{"backgroundType":"classic","gradient":""}},"product_brand":[],"product_cat":[15,16,18],"product_tag":[],"class_list":{"0":"post-1848","1":"product","2":"type-product","3":"status-publish","4":"has-post-thumbnail","6":"product_cat-glass-containers","7":"product_cat-glass-bottles","8":"product_cat-glass-oil-bottles","10":"first","11":"instock","12":"shipping-taxable","13":"product-type-simple"},"jetpack_sharing_enabled":true,"_links":{"self":[{"href":"https:\/\/minghanggroup.com\/tr\/wp-json\/wp\/v2\/product\/1848","targetHints":{"allow":["GET"]}}],"collection":[{"href":"https:\/\/minghanggroup.com\/tr\/wp-json\/wp\/v2\/product"}],"about":[{"href":"https:\/\/minghanggroup.com\/tr\/wp-json\/wp\/v2\/types\/product"}],"wp:featuredmedia":[{"embeddable":true,"href":"https:\/\/minghanggroup.com\/tr\/wp-json\/wp\/v2\/media\/1850"}],"wp:attachment":[{"href":"https:\/\/minghanggroup.com\/tr\/wp-json\/wp\/v2\/media?parent=1848"}],"wp:term":[{"taxonomy":"product_brand","embeddable":true,"href":"https:\/\/minghanggroup.com\/tr\/wp-json\/wp\/v2\/product_brand?post=1848"},{"taxonomy":"product_cat","embeddable":true,"href":"https:\/\/minghanggroup.com\/tr\/wp-json\/wp\/v2\/product_cat?post=1848"},{"taxonomy":"product_tag","embeddable":true,"href":"https:\/\/minghanggroup.com\/tr\/wp-json\/wp\/v2\/product_tag?post=1848"}],"curies":[{"name":"wp","href":"https:\/\/api.w.org\/{rel}","templated":true}]}}