{"id":1842,"date":"2025-10-20T15:25:57","date_gmt":"2025-10-20T07:25:57","guid":{"rendered":"https:\/\/minghanggroup.com\/?post_type=product&#038;p=1842"},"modified":"2025-10-20T17:23:29","modified_gmt":"2025-10-20T09:23:29","slug":"wholesale-clear-glass-kitchen-olive-oil-spray-bottles","status":"publish","type":"product","link":"https:\/\/minghanggroup.com\/tr\/urun\/wholesale-clear-glass-kitchen-olive-oil-spray-bottles\/","title":{"rendered":"Toptan 200 ml 300 ml \u015eeffaf Cam Mutfak Zeytinya\u011f\u0131 Sprey \u015ei\u015feleri"},"content":{"rendered":"<p>\u015eeffaf camdan \u00fcretilen bu zeytinya\u011f\u0131 sprey \u015fi\u015feleri, \u00fcr\u00fcn\u00fcn iki \u00f6zelli\u011fini, modern tarz\u0131 ve pratikli\u011fi bir araya getiren trend bir a\u011f\u0131zl\u0131\u011fa sahip olup, kullan\u0131c\u0131n\u0131n mutfa\u011f\u0131nda ya\u011f\u0131 rahatl\u0131kla kullanmas\u0131na olanak sa\u011fl\u0131yor.<\/p>\n<h2>\u00dcr\u00fcn \u00d6zellikleri<\/h2>\n<ul>\n<li><strong>\u0130nce Sprey:<\/strong> Sadece p\u00fcsk\u00fcrt\u00fcn, d\u00f6kmeyin. &#039;a kadar daha az ya\u011f kullan\u0131r, bu nedenle sa\u011fl\u0131kl\u0131 yemekler i\u00e7in m\u00fckemmeldir.<\/li>\n<li><strong>Uzun \u00d6m\u00fcrl\u00fc Cam:<\/strong> \u015eeffaf cam kullan\u0131m\u0131 \u00fcr\u00fcn\u00fcn kokusuz olmas\u0131n\u0131 sa\u011flar, dolay\u0131s\u0131yla ya\u011f tazeli\u011fini korur.<\/li>\n<li><strong>Ergonomik ve Kullan\u0131m\u0131 Kolay:<\/strong> Cihaz\u0131n \u015f\u0131k tasar\u0131m\u0131 tek elle zahmetsizce ya\u011f p\u00fcsk\u00fcrtmeyi m\u00fcmk\u00fcn k\u0131l\u0131yor.<\/li>\n<\/ul>\n<h2>Temel \u00d6zellikler<\/h2>\n<table style=\"border-collapse: collapse; margin-left: auto; margin-right: auto; width: 426.02pt;\" border=\"0\" width=\"568\" cellspacing=\"0\" cellpadding=\"0\">\n<tbody>\n<tr style=\"height: 13.50pt;\">\n<td style=\"height: 13.50pt; width: 103.50pt;\" width=\"138\" height=\"18\">\u00d6zellik<\/td>\n<td style=\"width: 322.50pt;\" width=\"430\">\u015eartname<\/td>\n<\/tr>\n<tr style=\"height: 13.50pt;\">\n<td style=\"height: 13.50pt;\" height=\"18\">Boyutlar<\/td>\n<td>6,0\u00d720,5 cm (200 ml), 6,0\u00d722,5 cm (300 ml)<\/td>\n<\/tr>\n<tr style=\"height: 13.50pt;\">\n<td style=\"height: 13.50pt;\" height=\"18\">Malzeme<\/td>\n<td>\u015eeffaf cam g\u00f6vde, PP + metal pompa<\/td>\n<\/tr>\n<tr style=\"height: 13.50pt;\">\n<td style=\"height: 13.50pt;\" height=\"18\">Pompa Rengi<\/td>\n<td>Siyah veya beyaz tetik<\/td>\n<\/tr>\n<tr style=\"height: 13.50pt;\">\n<td style=\"height: 13.50pt;\" height=\"18\">Pompa Tipi<\/td>\n<td>\u0130nce sis p\u00fcsk\u00fcrtme, aerosol olmayan, ayarlanabilir<\/td>\n<\/tr>\n<tr style=\"height: 13.50pt;\">\n<td style=\"height: 13.50pt;\" height=\"18\">En \u0130yisi \u0130\u00e7in<\/td>\n<td>Zeytinya\u011f\u0131, sirke, ya\u011f<\/td>\n<\/tr>\n<tr style=\"height: 13.50pt;\">\n<td style=\"height: 13.50pt;\" height=\"18\">\u0130deal Kullan\u0131m<\/td>\n<td>Zeytinya\u011f\u0131 sprey \u015fi\u015fesi, ya\u011f sprey \u015fi\u015fesi<\/td>\n<\/tr>\n<\/tbody>\n<\/table>\n<h2>Ba\u015far\u0131 Hikayesi: Ba\u015flang\u0131\u00e7tan S\u00fcpermarket Raf\u0131na<\/h2>\n<p>El yap\u0131m\u0131 zeytinya\u011f\u0131 hediye setleri \u00fcreten yeni kurulan \u015firket, al\u0131c\u0131lar\u0131 etkileyecek bir mutfak ya\u011f\u0131 sprey \u015fi\u015fesine ihtiya\u00e7 duyuyordu. \u0130lk olarak 2.000 adet 300 ml&#039;lik \u015fi\u015fe i\u00e7in bir deneme sipari\u015fi verdiler. \u00dcr\u00fcn kap\u0131\u015f kap\u0131\u015f sat\u0131ld\u0131. Bir sat\u0131c\u0131, \u015firketin raf devir h\u0131z\u0131nda ve tekrarlayan sat\u0131n al\u0131mlarda art\u0131\u015f oldu\u011funu iddia etti. Bu sayede \u015firket, bir y\u0131l i\u00e7inde toplamda 300.000&#039;den fazla par\u00e7aya ula\u015fan \u00fc\u00e7 sipari\u015f daha verebildi. Ya\u011f sprey \u015fi\u015fesi yaln\u0131zca bir paket i\u015flevi g\u00f6rmekle kalmad\u0131, ayn\u0131 zamanda giri\u015fimin y\u0131ll\u0131k 0 b\u00fcy\u00fcmesinin de belirleyici arac\u0131 oldu.<\/p>\n<h2>Marka \u00d6zelle\u015ftirme \u00d6nerileri<\/h2>\n<ul>\n<li><strong>Cam Filmi:<\/strong> I\u015f\u0131\u011fa duyarl\u0131 ya\u011flara UV \u0131\u015f\u0131nlar\u0131ndan ekstra koruma sa\u011flamak i\u00e7in kehribar veya ye\u015fil cam kullan\u0131n.<\/li>\n<li><strong>ACL Etiketleme:<\/strong> Bu etiketleme y\u00f6ntemi, etiketin do\u011frudan cam \u00fczerine pi\u015firilmesiyle yap\u0131ld\u0131\u011f\u0131ndan, etiketin daha parlak ve \u00e7izilmelere kar\u015f\u0131 dayan\u0131kl\u0131 olmas\u0131n\u0131 sa\u011flar.<\/li>\n<li><strong>\u00d6zelle\u015ftirilmi\u015f P\u00fcsk\u00fcrt\u00fcc\u00fc:<\/strong> \u00dcr\u00fcn\u00fcn\u00fcz\u00fcn ihtiya\u00e7lar\u0131na ba\u011fl\u0131 olarak farkl\u0131 p\u00fcsk\u00fcrtme desenlerine (ak\u0131\u015f veya sis) sahip p\u00fcsk\u00fcrt\u00fcc\u00fcler sa\u011flayabiliriz.<\/li>\n<li><strong>\u00d6zelle\u015ftirilmi\u015f Hacim:<\/strong> 250 ml&#039;ye mi ihtiyac\u0131n\u0131z var? \u00d6zel \u015fi\u015feleme ihtiya\u00e7lar\u0131n\u0131za g\u00f6re hacmi ayarlayabiliriz.<\/li>\n<\/ul>\n<p>En \u00e7ok satan mutfak ya\u011f\u0131 sprey \u015fi\u015felerimizi sat\u0131n almak ister misiniz? Toplu toptan sat\u0131\u015f fiyatlar\u0131 ve fabrikadan do\u011frudan sat\u0131\u015f i\u00e7in bizimle ileti\u015fime ge\u00e7in. Markan\u0131z i\u00e7in ideal cam ambalaj\u0131 \u00fcretelim.<\/p>","protected":false},"excerpt":{"rendered":"<p>\u015e\u0131k ve dayan\u0131kl\u0131, \u015feffaf camdan \u00fcretilmi\u015f, basmal\u0131 ba\u015fl\u0131kl\u0131 zeytinya\u011f\u0131 sprey \u015fi\u015fesi. Yemek pi\u015firmek ve g\u00fcnl\u00fck kullan\u0131m i\u00e7in m\u00fckemmel. \u00dccretsiz numuneler.<\/p>","protected":false},"featured_media":1847,"template":"","meta":{"postBodyCss":"","postBodyMargin":[],"postBodyPadding":[],"postBodyBackground":{"backgroundType":"classic","gradient":""}},"product_brand":[],"product_cat":[15,16,18],"product_tag":[],"class_list":{"0":"post-1842","1":"product","2":"type-product","3":"status-publish","4":"has-post-thumbnail","6":"product_cat-glass-containers","7":"product_cat-glass-bottles","8":"product_cat-glass-oil-bottles","10":"first","11":"instock","12":"shipping-taxable","13":"product-type-simple"},"jetpack_sharing_enabled":true,"_links":{"self":[{"href":"https:\/\/minghanggroup.com\/tr\/wp-json\/wp\/v2\/product\/1842","targetHints":{"allow":["GET"]}}],"collection":[{"href":"https:\/\/minghanggroup.com\/tr\/wp-json\/wp\/v2\/product"}],"about":[{"href":"https:\/\/minghanggroup.com\/tr\/wp-json\/wp\/v2\/types\/product"}],"wp:featuredmedia":[{"embeddable":true,"href":"https:\/\/minghanggroup.com\/tr\/wp-json\/wp\/v2\/media\/1847"}],"wp:attachment":[{"href":"https:\/\/minghanggroup.com\/tr\/wp-json\/wp\/v2\/media?parent=1842"}],"wp:term":[{"taxonomy":"product_brand","embeddable":true,"href":"https:\/\/minghanggroup.com\/tr\/wp-json\/wp\/v2\/product_brand?post=1842"},{"taxonomy":"product_cat","embeddable":true,"href":"https:\/\/minghanggroup.com\/tr\/wp-json\/wp\/v2\/product_cat?post=1842"},{"taxonomy":"product_tag","embeddable":true,"href":"https:\/\/minghanggroup.com\/tr\/wp-json\/wp\/v2\/product_tag?post=1842"}],"curies":[{"name":"wp","href":"https:\/\/api.w.org\/{rel}","templated":true}]}}