{"id":1837,"date":"2025-10-20T14:07:09","date_gmt":"2025-10-20T06:07:09","guid":{"rendered":"https:\/\/minghanggroup.com\/?post_type=product&#038;p=1837"},"modified":"2025-10-20T17:28:54","modified_gmt":"2025-10-20T09:28:54","slug":"wholesale-cooking-oil-spray-bottles-with-silver-metal-lid","status":"publish","type":"product","link":"https:\/\/minghanggroup.com\/tr\/urun\/wholesale-cooking-oil-spray-bottles-with-silver-metal-lid\/","title":{"rendered":"Toptan 100 ml G\u00fcm\u00fc\u015f Metal Kapakl\u0131 Yemeklik Ya\u011f Sprey \u015ei\u015feleri"},"content":{"rendered":"<p>Bu, hayal edebilece\u011finiz en iyi yemeklik ya\u011f sprey \u015fi\u015fesi. Modern tasar\u0131m ve mutfakta kullan\u0131m kolayl\u0131\u011f\u0131n\u0131n harika bir kar\u0131\u015f\u0131m\u0131 olan bu \u015fi\u015fe, \u015f\u0131k silindirik formu, \u015feffaf cam g\u00f6vdesi ve parlak g\u00fcm\u00fc\u015f metal kapa\u011f\u0131yla g\u00f6z dolduruyor.<\/p>\n<h2>\u00dcr\u00fcn \u00d6zellikleri<\/h2>\n<ul>\n<li><strong>\u015eeffaf Cam:<\/strong> \u015eeffaf cam bir kap, \u015fi\u015fede kalan ya\u011f miktar\u0131n\u0131 ve dolay\u0131s\u0131yla dolum miktar\u0131n\u0131 bilmenin son derece kullan\u0131\u015fl\u0131 bir yoludur.<\/li>\n<li><strong>\u0130nce Silindirik:<\/strong> \u015ei\u015fenin ince silindirik yap\u0131s\u0131 mutfakta yer tasarrufu ve saklama a\u00e7\u0131s\u0131ndan son derece kullan\u0131\u015fl\u0131 bir ara\u00e7t\u0131r.<\/li>\n<li><strong>Metal Kapak:<\/strong> G\u00fcm\u00fc\u015f metal kapak, \u015feffaf camla m\u00fckemmel bir uyum sa\u011flayarak mutfa\u011f\u0131n\u0131z\u0131 daha g\u00fczel hale getiren \u015f\u0131k bir ikili olu\u015fturuyor.<\/li>\n<\/ul>\n<h2>Temel \u00d6zellikler<\/h2>\n<table style=\"border-collapse: collapse; margin-left: auto; margin-right: auto; width: 363.02pt;\" border=\"0\" width=\"484\" cellspacing=\"0\" cellpadding=\"0\">\n<tbody>\n<tr style=\"height: 13.50pt;\">\n<td style=\"height: 13.50pt; width: 103.50pt;\" width=\"138\" height=\"18\">\u00d6zellik<\/td>\n<td style=\"width: 259.50pt;\" width=\"346\">\u015eartname<\/td>\n<\/tr>\n<tr style=\"height: 13.50pt;\">\n<td style=\"height: 13.50pt;\" height=\"18\">Kapasite<\/td>\n<td>100 ml<\/td>\n<\/tr>\n<tr style=\"height: 13.50pt;\">\n<td style=\"height: 13.50pt;\" height=\"18\">Boyutlar<\/td>\n<td>4,0\u00d718,5 cm (ince silindirik)<\/td>\n<\/tr>\n<tr style=\"height: 13.50pt;\">\n<td style=\"height: 13.50pt;\" height=\"18\">Malzeme<\/td>\n<td>\u015eeffaf cam g\u00f6vde, metal pompa<\/td>\n<\/tr>\n<tr style=\"height: 13.50pt;\">\n<td style=\"height: 13.50pt;\" height=\"18\">Pompa Tipi<\/td>\n<td>\u0130nce sis p\u00fcsk\u00fcrtme, ayarlanabilir nozul<\/td>\n<\/tr>\n<tr style=\"height: 13.50pt;\">\n<td style=\"height: 13.50pt;\" height=\"18\">En \u0130yisi \u0130\u00e7in<\/td>\n<td>Zeytinya\u011f\u0131, sirke, ya\u011f, soslar<\/td>\n<\/tr>\n<\/tbody>\n<\/table>\n<h2>Ba\u015far\u0131 \u00d6yk\u00fcs\u00fc: Bir Sa\u011fl\u0131k Markas\u0131n\u0131n En \u00c7ok Satan \u00dcr\u00fcn\u00fc<\/h2>\n<p>Sa\u011fl\u0131kl\u0131 mutfak aletleri sunmay\u0131 hedefleyen bir giri\u015fim, l\u00fcks bir ya\u011f sprey \u015fi\u015fesi aray\u0131\u015f\u0131ndayd\u0131 ve bu nedenle pazar testi i\u00e7in metal d\u00fc\u011fmeli mekanizmaya sahip 100 ml&#039;lik silindirik ya\u011f sprey \u015fi\u015felerinden 2.000 adet sipari\u015f verdi. Sonu\u00e7 olduk\u00e7a ba\u015far\u0131l\u0131yd\u0131. Cam \u015fi\u015fe ve metal p\u00fcsk\u00fcrt\u00fcc\u00fc, plastik \u015fi\u015felere k\u0131yasla daha d\u00fc\u015f\u00fck k\u0131r\u0131lma oran\u0131yla inan\u0131lmaz derecede dayan\u0131kl\u0131 oldu\u011funu kan\u0131tlad\u0131 ve distrib\u00fct\u00f6r\u00fcn ayl\u0131k de\u011fi\u015ftirme maliyetlerinden 600 dolar tasarruf etmesini sa\u011flad\u0131. \u0130kinci olarak, ince sprey, f\u0131r\u0131n\u0131n ya\u011f kullan\u0131m\u0131n\u0131 azaltmas\u0131na yard\u0131mc\u0131 olarak sat\u0131\u015flarda art\u0131\u015f sa\u011flad\u0131. Alt\u0131 ay sonra giri\u015fim, 100.000 adet daha sipari\u015f verdi. Ya\u011f \u015fi\u015fesi art\u0131k \u015firket i\u00e7in her \u00e7eyrek olmazsa olmaz bir \u00fcr\u00fcn.<\/p>\n<h2>\u00d6zelle\u015ftirme \u00d6nerileri<\/h2>\n<ul>\n<li><strong>Sprey Son Kat:<\/strong> Metal p\u00fcsk\u00fcrt\u00fcc\u00fcy\u00fc alt\u0131n, siyah veya g\u00fcl rengi gibi \u00e7e\u015fitli kaplamalardan biriyle de\u011fi\u015ftirin.<\/li>\n<li><strong>Cam Rengi:<\/strong> En s\u0131k tercih edilen standart \u015feffaf cam\u0131n yan\u0131 s\u0131ra, marka odakl\u0131 UV korumas\u0131 i\u00e7in kehribar veya kobalt mavisi cam se\u00e7eneklerimiz de mevcuttur.<\/li>\n<li><strong>Serigrafi Bask\u0131:<\/strong> Logonuzu ve markan\u0131z\u0131 do\u011frudan cam \u015fi\u015fenin \u00fczerine, bula\u015f\u0131k makinesinde y\u0131kanabilen dayan\u0131kl\u0131 bir m\u00fcrekkeple yap\u0131lan bask\u0131 olarak kullan\u0131n.<\/li>\n<li><strong>\u00d6zel \u015eapka Tasar\u0131m\u0131:<\/strong> Sprey mekanizmas\u0131 standart olmas\u0131na ra\u011fmen, montaj gereksinimlerinize uyacak \u015fekilde taban rengini veya s\u00fcslemeleri ki\u015fiselle\u015ftirebiliriz.<\/li>\n<li><strong>Aprimoramento do com\u00e9rcio eletr\u00f4nico:<\/strong> Biraz farkl\u0131 bir boyuta m\u0131 ihtiyac\u0131n\u0131z var? 100 ml kapasiteyi \u00f6zel \u015fi\u015feleme ihtiya\u00e7lar\u0131n\u0131za g\u00f6re uyarlayabiliriz.<\/li>\n<\/ul>\n<p>M\u00fc\u015fterilerinize en \u00e7ok satan yemeklik ya\u011f sprey \u015fi\u015fesini sunmaya haz\u0131r m\u0131s\u0131n\u0131z? Toplu toptan sat\u0131\u015f fiyatlar\u0131 ve uygun kargolama i\u00e7in bizimle ileti\u015fime ge\u00e7in.<\/p>","protected":false},"excerpt":{"rendered":"<p>G\u00fcm\u00fc\u015f metal kapakl\u0131 \u015feffaf cam yemeklik ya\u011f sprey \u015fi\u015fesi. Dayan\u0131kl\u0131, yemeklik ya\u011flar i\u00e7in ideal ve h\u0131zl\u0131 kargo ile do\u011frudan fabrikadan teslim.<\/p>","protected":false},"featured_media":1839,"template":"","meta":{"postBodyCss":"","postBodyMargin":[],"postBodyPadding":[],"postBodyBackground":{"backgroundType":"classic","gradient":""}},"product_brand":[],"product_cat":[15,16,18],"product_tag":[],"class_list":{"0":"post-1837","1":"product","2":"type-product","3":"status-publish","4":"has-post-thumbnail","6":"product_cat-glass-containers","7":"product_cat-glass-bottles","8":"product_cat-glass-oil-bottles","10":"first","11":"instock","12":"shipping-taxable","13":"product-type-simple"},"jetpack_sharing_enabled":true,"_links":{"self":[{"href":"https:\/\/minghanggroup.com\/tr\/wp-json\/wp\/v2\/product\/1837","targetHints":{"allow":["GET"]}}],"collection":[{"href":"https:\/\/minghanggroup.com\/tr\/wp-json\/wp\/v2\/product"}],"about":[{"href":"https:\/\/minghanggroup.com\/tr\/wp-json\/wp\/v2\/types\/product"}],"wp:featuredmedia":[{"embeddable":true,"href":"https:\/\/minghanggroup.com\/tr\/wp-json\/wp\/v2\/media\/1839"}],"wp:attachment":[{"href":"https:\/\/minghanggroup.com\/tr\/wp-json\/wp\/v2\/media?parent=1837"}],"wp:term":[{"taxonomy":"product_brand","embeddable":true,"href":"https:\/\/minghanggroup.com\/tr\/wp-json\/wp\/v2\/product_brand?post=1837"},{"taxonomy":"product_cat","embeddable":true,"href":"https:\/\/minghanggroup.com\/tr\/wp-json\/wp\/v2\/product_cat?post=1837"},{"taxonomy":"product_tag","embeddable":true,"href":"https:\/\/minghanggroup.com\/tr\/wp-json\/wp\/v2\/product_tag?post=1837"}],"curies":[{"name":"wp","href":"https:\/\/api.w.org\/{rel}","templated":true}]}}