{"id":1832,"date":"2025-10-20T11:29:00","date_gmt":"2025-10-20T03:29:00","guid":{"rendered":"https:\/\/minghanggroup.com\/?post_type=product&#038;p=1832"},"modified":"2025-10-20T17:26:18","modified_gmt":"2025-10-20T09:26:18","slug":"wholesale-brown-rectangular-olive-oil-glass-bottles","status":"publish","type":"product","link":"https:\/\/minghanggroup.com\/tr\/urun\/wholesale-brown-rectangular-olive-oil-glass-bottles\/","title":{"rendered":"Toptan Kahverengi Dikd\u00f6rtgen Zeytinya\u011f\u0131 Cam \u015ei\u015feleri 250ml 500ml 750ml"},"content":{"rendered":"<p>Kahverengi camdan \u00fcretilen bu kare zeytinya\u011f\u0131 \u015fi\u015feleri, zeytinya\u011f\u0131n\u0131z\u0131n daha uzun s\u00fcre taze kalmas\u0131n\u0131 sa\u011flar. \u00dc\u00e7 farkl\u0131 boyutta sunulan bu \u015fi\u015feler, zeytinya\u011f\u0131n\u0131z\u0131 saklamak ve sergilemek i\u00e7in m\u00fckemmeldir.<\/p>\n<h2>\u00dcr\u00fcn \u00d6zellikleri<\/h2>\n<ul>\n<li><strong>Damlamas\u0131z D\u00f6k\u00fcm Kontrol\u00fc:<\/strong> Tasar\u0131m gere\u011fi orada bulunan musluk damlamay\u0131 \u00f6nlemeye ve dolay\u0131s\u0131yla \u00e7al\u0131\u015fma alan\u0131n\u0131n temizli\u011fine yard\u0131mc\u0131 olur.<\/li>\n<li><strong>Kahverengi Cam:<\/strong> Kahverengi cam \u0131\u015f\u0131\u011f\u0131 engellemede olduk\u00e7a etkilidir ve bu da oksidasyonu ve ya\u011f\u0131n bozulmas\u0131n\u0131 azaltmaya yard\u0131mc\u0131 olur, b\u00f6ylece ya\u011f daha iyi korunur.<\/li>\n<li><strong>Dikd\u00f6rtgen \u015ei\u015fe:<\/strong> Dikd\u00f6rtgen \u015feklindeki \u015fi\u015fe mutfakta \u00e7ok kullan\u0131\u015fl\u0131 olup, zahmetsizce saklanabilir, b\u00f6ylece depolama i\u00e7in kullan\u0131lan alandan tasarruf sa\u011flar.<\/li>\n<\/ul>\n<h2>Temel \u00d6zellikler<\/h2>\n<table style=\"border-collapse: collapse; margin-left: auto; margin-right: auto; width: 556.52pt;\" border=\"0\" width=\"742\" cellspacing=\"0\" cellpadding=\"0\">\n<tbody>\n<tr style=\"height: 13.50pt;\">\n<td style=\"height: 13.50pt; width: 103.50pt;\" width=\"138\" height=\"18\">\u00d6zellik<\/td>\n<td style=\"width: 453.00pt;\" width=\"604\">\u015eartname<\/td>\n<\/tr>\n<tr style=\"height: 13.50pt;\">\n<td style=\"height: 13.50pt;\" height=\"18\">Kapasite<\/td>\n<td>250ml, 500ml, 750ml<\/td>\n<\/tr>\n<tr style=\"height: 13.50pt;\">\n<td style=\"height: 13.50pt;\" height=\"18\">Boyutlar<\/td>\n<td>4,7\u00d74,7\u00d721,0 cm, 5,8\u00d75,8\u00d726,4 cm, 6,5\u00d76,5\u00d730,2 cm<\/td>\n<\/tr>\n<tr style=\"height: 13.50pt;\">\n<td style=\"height: 13.50pt;\" height=\"18\">Boyun Boyutu<\/td>\n<td>19\u00d730mm vida di\u015fi (standart)<\/td>\n<\/tr>\n<tr style=\"height: 13.50pt;\">\n<td style=\"height: 13.50pt;\" height=\"18\">Malzeme<\/td>\n<td>Amber cam, PP veya metal kapak<\/td>\n<\/tr>\n<tr style=\"height: 13.50pt;\">\n<td style=\"height: 13.50pt;\" height=\"18\">\u015eekil<\/td>\n<td>Kare cam \u015fi\u015fe<\/td>\n<\/tr>\n<tr style=\"height: 13.50pt;\">\n<td style=\"height: 13.50pt;\" height=\"18\">Kapak Se\u00e7enekleri<\/td>\n<td>Vidal\u0131 kapak (\u00d6zelle\u015ftirilebilir)<\/td>\n<\/tr>\n<tr style=\"height: 13.50pt;\">\n<td style=\"height: 13.50pt;\" height=\"18\">\u0130deal Kullan\u0131m<\/td>\n<td>Zeytinya\u011f\u0131 \u015fi\u015fesi, zeytinya\u011f\u0131 cam \u015fi\u015feleri, \u015fi\u015feler, mutfak ya\u011f\u0131 \u015fi\u015fesi<\/td>\n<\/tr>\n<\/tbody>\n<\/table>\n<p>&nbsp;<\/p>\n<h2>Ba\u015far\u0131 \u00d6yk\u00fcs\u00fc: Yerel Bir Gurme Markas\u0131n\u0131 Bir \u00dcst Seviyeye Ta\u015f\u0131mak<\/h2>\n<p>Akdeniz b\u00f6lgesindeki \u00f6zel g\u0131da da\u011f\u0131t\u0131mc\u0131s\u0131, yeni tek men\u015feli zeytinya\u011flar\u0131 serisi i\u00e7in \u00f6zg\u00fcn bir cam \u015fi\u015fe aray\u0131\u015f\u0131ndayd\u0131. \u0130lk olarak 500 ml&#039;lik \u015feffaf cam \u015fi\u015femizden 5.000 adetlik k\u00fc\u00e7\u00fck bir sipari\u015f verdiler. Tepkiler olduk\u00e7a olumluydu, \u00f6zellikle de kahverengi cam \u015fi\u015fenin zeytinya\u011f\u0131n\u0131n tazeli\u011fini oran\u0131nda korumas\u0131na yard\u0131mc\u0131 olmas\u0131n\u0131n temel nedeni bu oldu. Tekrarlayan al\u0131c\u0131lar\u0131n oran\u0131 &#039;den &#039;e y\u00fckseldi. Da\u011f\u0131t\u0131mc\u0131, alt\u0131 aydan k\u0131sa bir s\u00fcre i\u00e7inde \u00fc\u00e7 farkl\u0131 boyutta 250.000 \u015fi\u015felik b\u00fcy\u00fck bir sipari\u015f daha verdi ve \u015fu anda cam \u015fi\u015fe, t\u00fcm premium \u00fcr\u00fcn serileri i\u00e7in kullan\u0131lan tek ambalaj t\u00fcr\u00fcd\u00fcr.<\/p>\n<h2>\u00d6zelle\u015ftirme \u00d6nerileri<\/h2>\n<ul>\n<li><strong>Kapak Rengi:\u200b\u200b<\/strong> Vidal\u0131 kapaklar\u0131n\u0131z\u0131 ayarlamak i\u00e7in alt\u0131n, siyah, g\u00fcm\u00fc\u015f veya ye\u015fil gibi \u00e7e\u015fitli renklerden birini se\u00e7ebilirsiniz.<\/li>\n<li><strong>Kabartmal\u0131 Logo:<\/strong> Zarif ve dokunulabilir bir his i\u00e7in logonuzu cam\u0131n hemen \u00fczerine yerle\u015ftirin.<\/li>\n<li><strong>Buzlu Cam Kaplama:<\/strong> Premium, mat bir g\u00f6r\u00fcn\u00fcm elde etmek i\u00e7in \u015fi\u015fenin bir k\u0131sm\u0131na veya tamam\u0131na asit a\u015f\u0131nd\u0131rma i\u015flemi uygulay\u0131n.<\/li>\n<li><strong>ACL Etiketleme (Uygulamal\u0131 Renkli Harflendirme):<\/strong> Bu y\u00f6ntemde etiket do\u011frudan cam\u0131n \u00fczerine yap\u0131\u015ft\u0131r\u0131larak parlak ve uzun \u00f6m\u00fcrl\u00fc bir tasar\u0131m elde edilir.<\/li>\n<\/ul>","protected":false},"excerpt":{"rendered":"<p>Vidal\u0131 kapakl\u0131 \u015f\u0131k zeytinya\u011f\u0131 cam \u015fi\u015feleri, \u00fc\u00e7 farkl\u0131 boyutta mevcuttur. Mutfaklar, restoranlar ve toptan al\u0131c\u0131lar i\u00e7in idealdir. \u00dccretsiz numuneler mevcuttur.<\/p>","protected":false},"featured_media":1836,"template":"","meta":{"postBodyCss":"","postBodyMargin":[],"postBodyPadding":[],"postBodyBackground":{"backgroundType":"classic","gradient":""}},"product_brand":[],"product_cat":[15,16,18],"product_tag":[],"class_list":{"0":"post-1832","1":"product","2":"type-product","3":"status-publish","4":"has-post-thumbnail","6":"product_cat-glass-containers","7":"product_cat-glass-bottles","8":"product_cat-glass-oil-bottles","10":"first","11":"instock","12":"shipping-taxable","13":"product-type-simple"},"jetpack_sharing_enabled":true,"_links":{"self":[{"href":"https:\/\/minghanggroup.com\/tr\/wp-json\/wp\/v2\/product\/1832","targetHints":{"allow":["GET"]}}],"collection":[{"href":"https:\/\/minghanggroup.com\/tr\/wp-json\/wp\/v2\/product"}],"about":[{"href":"https:\/\/minghanggroup.com\/tr\/wp-json\/wp\/v2\/types\/product"}],"wp:featuredmedia":[{"embeddable":true,"href":"https:\/\/minghanggroup.com\/tr\/wp-json\/wp\/v2\/media\/1836"}],"wp:attachment":[{"href":"https:\/\/minghanggroup.com\/tr\/wp-json\/wp\/v2\/media?parent=1832"}],"wp:term":[{"taxonomy":"product_brand","embeddable":true,"href":"https:\/\/minghanggroup.com\/tr\/wp-json\/wp\/v2\/product_brand?post=1832"},{"taxonomy":"product_cat","embeddable":true,"href":"https:\/\/minghanggroup.com\/tr\/wp-json\/wp\/v2\/product_cat?post=1832"},{"taxonomy":"product_tag","embeddable":true,"href":"https:\/\/minghanggroup.com\/tr\/wp-json\/wp\/v2\/product_tag?post=1832"}],"curies":[{"name":"wp","href":"https:\/\/api.w.org\/{rel}","templated":true}]}}