{"id":1789,"date":"2025-10-17T16:06:32","date_gmt":"2025-10-17T08:06:32","guid":{"rendered":"https:\/\/minghanggroup.com\/?post_type=product&#038;p=1789"},"modified":"2025-10-17T17:44:32","modified_gmt":"2025-10-17T09:44:32","slug":"bulk-stainless-steel-oil-dispensers-with-glass-liner","status":"publish","type":"product","link":"https:\/\/minghanggroup.com\/tr\/urun\/bulk-stainless-steel-oil-dispensers-with-glass-liner\/","title":{"rendered":"Paslanmaz \u00c7elikten \u00dcretilmi\u015f, Cam Hazneli Ya\u011f Da\u011f\u0131t\u0131c\u0131lar (200ml, 300ml, 500ml)"},"content":{"rendered":"<p>Bu ya\u011f ve sirke \u015fi\u015feleri, \u015f\u0131kl\u0131k i\u00e7in \u015feffaf cam par\u00e7alar ve dayan\u0131kl\u0131l\u0131k i\u00e7in metal par\u00e7alarla birlikte gelir. Ayr\u0131ca, bu \u015fi\u015feler \u00e7e\u015fitli d\u00f6kme a\u011f\u0131zlar\u0131na sahiptir ve bu da onlar\u0131 modern zarafet ve pratik bir mutfa\u011f\u0131n m\u00fckemmel bir birle\u015fimi haline getirir.<\/p>\n<h2>\u00dcr\u00fcn \u00d6zellikleri<\/h2>\n<ul>\n<li><strong>\u00c7oklu D\u00f6kme A\u011f\u0131zlar\u0131:<\/strong> Farkl\u0131 d\u00f6kme al\u0131\u015fkanl\u0131klar\u0131na uygun farkl\u0131 metal d\u00f6kme a\u011f\u0131zlar\u0131 sunuyoruz, b\u00f6ylece d\u00f6kme i\u015flemi p\u00fcr\u00fczs\u00fcz olacak ve kullan\u0131c\u0131 kullan\u0131lacak miktar\u0131 kolayca kontrol edebilecek.<\/li>\n<li><strong>Cam + Paslanmaz \u00c7elik Hibrit Yap\u0131:<\/strong> Ya\u011f seviyesi camdan g\u00f6r\u00fclebilir. Metal d\u0131\u015f k\u0131s\u0131m, \u00fcr\u00fcn\u00fc dayan\u0131kl\u0131 k\u0131lar ve \u015f\u0131k bir g\u00f6r\u00fcn\u00fcm kazand\u0131r\u0131r.<\/li>\n<li><strong>Birden Fazla Boyut Mevcuttur:<\/strong> \u00dc\u00e7 farkl\u0131 boyutta \u015fi\u015fe bulunuyor ve bu sayede kullan\u0131m\u0131n\u0131za en uygun boyutu se\u00e7me imk\u00e2n\u0131na sahipsiniz.<\/li>\n<\/ul>\n<h2>Temel \u00d6zellikler<\/h2>\n<table style=\"border-collapse: collapse; margin-left: auto; margin-right: auto; width: 536.27pt;\" border=\"0\" width=\"715\" cellspacing=\"0\" cellpadding=\"0\">\n<tbody>\n<tr style=\"height: 13.50pt;\">\n<td style=\"height: 13.50pt; width: 125.25pt;\" width=\"167\" height=\"18\">\u00d6zellik<\/td>\n<td style=\"width: 411.00pt;\" width=\"548\">\u015eartname<\/td>\n<\/tr>\n<tr style=\"height: 13.50pt;\">\n<td style=\"height: 13.50pt;\" height=\"18\">Kapasite<\/td>\n<td>200ml, 300ml, 500ml<\/td>\n<\/tr>\n<tr style=\"height: 13.50pt;\">\n<td style=\"height: 13.50pt;\" height=\"18\">Boyutlar<\/td>\n<td>6,0\u00d715,6 cm, 6,7\u00d714,5 cm, 6,5\u00d719,8 cm<\/td>\n<\/tr>\n<tr style=\"height: 13.50pt;\">\n<td style=\"height: 13.50pt;\" height=\"18\">G\u00f6vde Malzemesi<\/td>\n<td>\u015eeffaf cam + paslanmaz \u00e7elik yaka<\/td>\n<\/tr>\n<tr style=\"height: 13.50pt;\">\n<td style=\"height: 13.50pt;\" height=\"18\">Kapak Tipi<\/td>\n<td>Damlama kontrol\u00fcne sahip metal d\u00f6kme a\u011fz\u0131<\/td>\n<\/tr>\n<tr style=\"height: 13.50pt;\">\n<td style=\"height: 13.50pt;\" height=\"18\">\u015eekil<\/td>\n<td>Metal vurgulu silindirik cam \u015fi\u015fe<\/td>\n<\/tr>\n<tr style=\"height: 13.50pt;\">\n<td style=\"height: 13.50pt;\" height=\"18\">\u0130deal Kullan\u0131m<\/td>\n<td>Ya\u011f ve sirke \u015fi\u015feleri, ya\u011f \u015fi\u015feleri, mutfak zeytinya\u011f\u0131 \u015fi\u015feleri<\/td>\n<\/tr>\n<\/tbody>\n<\/table>\n<h2>Ger\u00e7ek Vaka<\/h2>\n<p>ABD&#039;li bir \u00f6zel g\u0131da perakendecisi, el yap\u0131m\u0131 \u00fcr\u00fcn serisini piyasaya s\u00fcrmeye haz\u0131rlan\u0131yordu ve l\u00fcks kaliteyi g\u00f6rsel olarak yans\u0131tan bir ambalaja ihtiya\u00e7 duyuyordu. 12.000 adetlik ilk sipari\u015flerinde, \u00f6zel metal kapakl\u0131 300 ml&#039;lik \u00f6zel paslanmaz \u00e7elik ya\u011f \u015fi\u015felerimizi kullanmaya karar verdiler. M\u00fc\u015fterilerden gelen geri bildirimler, \u00fcr\u00fcn\u00fcn zarif tasar\u0131m\u0131n\u0131 ve kullan\u0131m kolayl\u0131\u011f\u0131n\u0131 vurgulayarak harikayd\u0131. Tekrar sat\u0131n alma oran\u0131 artt\u0131 ve metal d\u00f6kme a\u011fz\u0131 kullan\u0131m\u0131 ya\u011f ve sirke t\u00fcketiminde &#039;lik bir d\u00fc\u015f\u00fc\u015fe katk\u0131da bulundu. H\u0131zl\u0131 sat\u0131\u015flardan ve olumlu m\u00fc\u015fteri yorumlar\u0131ndan memnun olan perakendeci, yaln\u0131zca \u00fc\u00e7 ay sonra \u00fcr\u00fcn yelpazesine daha fazla \u00fcr\u00fcn eklemek i\u00e7in 35.000 adetlik yeni bir sipari\u015f verdi.<\/p>\n<h2>\u00d6zelle\u015ftirme \u00d6nerileri<\/h2>\n<ul>\n<li><strong>Metalik Yaka Kaplamas\u0131:<\/strong> Metalin \u00fcst metal b\u00f6l\u00fcm\u00fcn\u00fcn rengini de\u011fi\u015ftirin; f\u0131r\u00e7alanm\u0131\u015f nikel, alt\u0131n, bak\u0131r veya mat siyah renklerinden birini se\u00e7in.<\/li>\n<li><strong>Da\u011f\u0131t\u0131c\u0131 Biti\u015fi:<\/strong>\u200b\u200b Paslanmaz \u00e7elik ya\u011f da\u011f\u0131t\u0131c\u0131s\u0131n\u0131 benzer veya z\u0131t renkteki (\u00f6rne\u011fin siyah a\u011f\u0131zl\u0131 alt\u0131n yaka) kaplamal\u0131 yaka ile e\u015fle\u015ftirin.<\/li>\n<li><strong>Serigrafi Bask\u0131l\u0131 Logo:<\/strong>\u200b\u200b Logonuz, metalik vurgulara uyum sa\u011flayacak bir renkte \u015feffaf cam\u0131n \u00fczerine bas\u0131labilir.<\/li>\n<\/ul>\n<p>M\u00fc\u015fterilerin ilgisini \u00e7ekecek, \u015f\u0131k ve b\u00fcy\u00fck miktarlarda paslanmaz \u00e7elik ya\u011f \u015fi\u015feleri sat\u0131n almak ister misiniz? \u00d6yleyse, toplu sipari\u015finizi veya \u00f6zel fikirlerinizi g\u00f6r\u00fc\u015fmek \u00fczere bir toplant\u0131 ayarlayal\u0131m. Size her zaman hizmet vermeye haz\u0131r\u0131z.<\/p>","protected":false},"excerpt":{"rendered":"<p>\u015eeffaf cam astarl\u0131 \u015f\u0131k paslanmaz \u00e7elik ya\u011f \u015fi\u015feleri. Dayan\u0131kl\u0131 ya\u011f ve sirke \u015fi\u015feleri, toptan \u00f6zelle\u015ftirme ve toplu sipari\u015fler i\u00e7in mevcuttur.<\/p>","protected":false},"featured_media":1797,"template":"","meta":{"postBodyCss":"","postBodyMargin":[],"postBodyPadding":[],"postBodyBackground":{"backgroundType":"classic","gradient":""}},"product_brand":[],"product_cat":[15,16,18],"product_tag":[],"class_list":{"0":"post-1789","1":"product","2":"type-product","3":"status-publish","4":"has-post-thumbnail","6":"product_cat-glass-containers","7":"product_cat-glass-bottles","8":"product_cat-glass-oil-bottles","10":"first","11":"instock","12":"shipping-taxable","13":"product-type-simple"},"jetpack_sharing_enabled":true,"_links":{"self":[{"href":"https:\/\/minghanggroup.com\/tr\/wp-json\/wp\/v2\/product\/1789","targetHints":{"allow":["GET"]}}],"collection":[{"href":"https:\/\/minghanggroup.com\/tr\/wp-json\/wp\/v2\/product"}],"about":[{"href":"https:\/\/minghanggroup.com\/tr\/wp-json\/wp\/v2\/types\/product"}],"wp:featuredmedia":[{"embeddable":true,"href":"https:\/\/minghanggroup.com\/tr\/wp-json\/wp\/v2\/media\/1797"}],"wp:attachment":[{"href":"https:\/\/minghanggroup.com\/tr\/wp-json\/wp\/v2\/media?parent=1789"}],"wp:term":[{"taxonomy":"product_brand","embeddable":true,"href":"https:\/\/minghanggroup.com\/tr\/wp-json\/wp\/v2\/product_brand?post=1789"},{"taxonomy":"product_cat","embeddable":true,"href":"https:\/\/minghanggroup.com\/tr\/wp-json\/wp\/v2\/product_cat?post=1789"},{"taxonomy":"product_tag","embeddable":true,"href":"https:\/\/minghanggroup.com\/tr\/wp-json\/wp\/v2\/product_tag?post=1789"}],"curies":[{"name":"wp","href":"https:\/\/api.w.org\/{rel}","templated":true}]}}