{"id":1777,"date":"2025-10-17T16:58:23","date_gmt":"2025-10-17T08:58:23","guid":{"rendered":"https:\/\/minghanggroup.com\/?post_type=product&#038;p=1777"},"modified":"2026-01-20T13:47:11","modified_gmt":"2026-01-20T05:47:11","slug":"custom-glass-milk-storage-bottles-with-scew-lids-bulk","status":"publish","type":"product","link":"https:\/\/minghanggroup.com\/tr\/urun\/custom-glass-milk-storage-bottles-with-scew-lids-bulk\/","title":{"rendered":"\u0130\u00e7ecekler i\u00e7in Vidal\u0131 Kapakl\u0131 310 ml Cam S\u00fct Saklama \u015ei\u015feleri"},"content":{"rendered":"<p>S\u00fct \u00fcr\u00fcnlerinizin sizin kadar \u00e7al\u0131\u015fkan \u015fi\u015felere ihtiyac\u0131 var. \u00c7ift a\u011f\u0131zl\u0131 cam s\u00fct \u015fi\u015felerini toptan olarak \u00fcretiyoruz; her \u015fi\u015feleme i\u015flemi i\u00e7in m\u00fckemmel. Bu cam s\u00fct saklama \u015fi\u015feleri, \u00e7iftlik \u015f\u0131kl\u0131\u011f\u0131n\u0131 end\u00fcstriyel verimlilikle birle\u015ftirerek s\u00fct\u00fcn\u00fcz\u00fc raflarda yerini alacak bir ba\u015far\u0131ya d\u00f6n\u00fc\u015ft\u00fcr\u00fcyor.<\/p>\n<h2>\u00dcr\u00fcn \u00d6zellikleri<\/h2>\n<ol>\n<li><strong>\u00c7ift Sapl\u0131 Genius:<\/strong>S\u0131k\u0131 s\u0131zd\u0131rmazl\u0131k i\u00e7in tam di\u015fli, kolay a\u00e7ma i\u00e7in k\u0131r\u0131k di\u015fli - toptan cam s\u00fct \u015fi\u015feleriniz ger\u00e7ek \u015fi\u015feleme ba\u015f a\u011fr\u0131lar\u0131n\u0131 \u00e7\u00f6zer.<\/li>\n<li><strong>\u00c7iftlikten Taze G\u00f6r\u00fcn\u00fcrl\u00fck:<\/strong>Kristal berrakl\u0131\u011f\u0131ndaki cam, s\u00fct\u00fcn do\u011fal \u0131\u015f\u0131lt\u0131s\u0131n\u0131 sergiliyor; m\u00fc\u015fteriler, s\u00fct\u00fc d\u00f6kmeden \u00f6nce tazeli\u011fini g\u00f6rebiliyorlar.<\/li>\n<li><strong>Kusursuz \u015ei\u015fe Kapa\u011f\u0131 Uyumu:<\/strong>Standart \u015fi\u015fe kapaklar\u0131 s\u0131k\u0131ca kapan\u0131r; s\u0131z\u0131nt\u0131 olmaz, d\u00f6k\u00fclme olmaz, sadece saf s\u00fct \u00fcr\u00fcnlerinin m\u00fckemmelli\u011fi.<\/li>\n<\/ol>\n<h2>Temel \u00d6zellikler<\/h2>\n<table style=\"border-collapse: collapse; width: 80%; margin-left: auto; margin-right: auto;\" border=\"0\" width=\"288\" cellspacing=\"0\" cellpadding=\"0\">\n<tbody>\n<tr style=\"height: 13.50pt;\">\n<td style=\"height: 13.5pt; width: 54pt; text-align: center;\" width=\"72\" height=\"18\">Model<\/td>\n<td style=\"width: 54pt; text-align: center;\" width=\"72\">Kapasite<\/td>\n<td style=\"width: 54pt; text-align: center;\" width=\"72\">Boyutlar(cm)<\/td>\n<td style=\"width: 54pt; text-align: center;\" width=\"72\">Boyun Tipi<\/td>\n<\/tr>\n<tr style=\"height: 13.50pt;\">\n<td style=\"height: 13.5pt; text-align: center;\" align=\"right\" height=\"18\">64031010<\/td>\n<td class=\"et2\" style=\"text-align: center;\" rowspan=\"2\">310 ml<\/td>\n<td style=\"text-align: center;\">6.1*6.1*15.2<\/td>\n<td style=\"text-align: center;\">K\u0131r\u0131k iplik<\/td>\n<\/tr>\n<tr style=\"height: 13.50pt;\">\n<td style=\"height: 13.5pt; text-align: center;\" align=\"right\" height=\"18\">64031011<\/td>\n<td style=\"text-align: center;\">6.1*6.1*15.4<\/td>\n<td style=\"text-align: center;\">Tam konu<\/td>\n<\/tr>\n<\/tbody>\n<\/table>\n<p>Amerika Birle\u015fik Devletleri&#039;ndeki bir organik s\u00fct \u00fcreticisi, ekstra kal\u0131n ve son derece \u015feffaf soda-kire\u00e7 cam\u0131ndan yap\u0131lm\u0131\u015f, \u00f6zel yap\u0131m, tamamen di\u015fli cam s\u00fct \u015fi\u015fesi i\u00e7in bizimle ileti\u015fime ge\u00e7ti. Tamamen di\u015fli a\u011f\u0131z tasar\u0131m\u0131, kapa\u011f\u0131n e\u015fit \u015fekilde s\u0131k\u0131lmas\u0131n\u0131 sa\u011flayarak g\u00fcvenli ve s\u0131zd\u0131rmaz bir s\u0131zd\u0131rmazl\u0131k sa\u011flar. Beyaz metal vidal\u0131 kapak da organik s\u00fctlerinin saf kalitesini vurgular.<br \/>\n\u00dcr\u00fcn\u00fcn piyasaya s\u00fcr\u00fclmesinden sonraki ilk \u00e7eyrekte s\u0131z\u0131nt\u0131 \u015fikayetleri y\u00fczde 90 azal\u0131rken, sat\u0131\u015flar y\u00fczde 40 artt\u0131.<\/p>\n<h2>\u00d6zelle\u015ftirme \u0130pu\u00e7lar\u0131n\u0131z<\/h2>\n<p>\u00d6zel boyun tipinize g\u00f6re toptan cam s\u00fct \u015fi\u015feleri \u00fcretiyoruz. Yeni meyve suyu seriniz i\u00e7in 310 ml numuneye mi ihtiyac\u0131n\u0131z var? H\u0131zl\u0131 kargo ve eksiksiz teslimat. Cam s\u00fct saklama \u015fi\u015feniz sadece s\u00fct\u00fcn\u00fcz\u00fc saklamakla kalmamal\u0131, ayn\u0131 zamanda sat\u0131\u015flar\u0131n\u0131z\u0131 da art\u0131rmal\u0131d\u0131r.<\/p>","protected":false},"excerpt":{"rendered":"<p>G\u00fcvenli s\u0131zd\u0131rmazl\u0131k ve kolay d\u00f6kme sa\u011flayan vidal\u0131 kapakl\u0131 310 ml cam s\u00fct saklama \u015fi\u015fesi toptan sat\u0131\u015ftad\u0131r. S\u00fct markalar\u0131, kafeler ve \u00f6zel ambalajlar i\u00e7in idealdir.<\/p>","protected":false},"featured_media":1795,"template":"","meta":{"postBodyCss":"","postBodyMargin":[],"postBodyPadding":[],"postBodyBackground":{"backgroundType":"classic","gradient":""}},"product_brand":[],"product_cat":[15,16,46],"product_tag":[72,73],"class_list":{"0":"post-1777","1":"product","2":"type-product","3":"status-publish","4":"has-post-thumbnail","6":"product_cat-glass-containers","7":"product_cat-glass-bottles","8":"product_cat-glass-milk-bottles","9":"product_tag-juice-bottles","10":"product_tag-milk-bottles","12":"first","13":"instock","14":"shipping-taxable","15":"product-type-simple"},"jetpack_sharing_enabled":true,"_links":{"self":[{"href":"https:\/\/minghanggroup.com\/tr\/wp-json\/wp\/v2\/product\/1777","targetHints":{"allow":["GET"]}}],"collection":[{"href":"https:\/\/minghanggroup.com\/tr\/wp-json\/wp\/v2\/product"}],"about":[{"href":"https:\/\/minghanggroup.com\/tr\/wp-json\/wp\/v2\/types\/product"}],"wp:featuredmedia":[{"embeddable":true,"href":"https:\/\/minghanggroup.com\/tr\/wp-json\/wp\/v2\/media\/1795"}],"wp:attachment":[{"href":"https:\/\/minghanggroup.com\/tr\/wp-json\/wp\/v2\/media?parent=1777"}],"wp:term":[{"taxonomy":"product_brand","embeddable":true,"href":"https:\/\/minghanggroup.com\/tr\/wp-json\/wp\/v2\/product_brand?post=1777"},{"taxonomy":"product_cat","embeddable":true,"href":"https:\/\/minghanggroup.com\/tr\/wp-json\/wp\/v2\/product_cat?post=1777"},{"taxonomy":"product_tag","embeddable":true,"href":"https:\/\/minghanggroup.com\/tr\/wp-json\/wp\/v2\/product_tag?post=1777"}],"curies":[{"name":"wp","href":"https:\/\/api.w.org\/{rel}","templated":true}]}}