{"id":1759,"date":"2025-10-17T14:47:34","date_gmt":"2025-10-17T06:47:34","guid":{"rendered":"https:\/\/minghanggroup.com\/?post_type=product&#038;p=1759"},"modified":"2025-10-17T17:11:25","modified_gmt":"2025-10-17T09:11:25","slug":"bulk-glass-oil-olive-dispenser-bottles-with-marked-marks","status":"publish","type":"product","link":"https:\/\/minghanggroup.com\/tr\/urun\/bulk-glass-oil-olive-dispenser-bottles-with-marked-marks\/","title":{"rendered":"\u0130\u015faretli 270 ml, 300 ml ve 450 ml&#039;lik cam zeytinya\u011f\u0131 da\u011f\u0131t\u0131c\u0131 \u015fi\u015feler"},"content":{"rendered":"<p>Bu zeytinya\u011fl\u0131 ya\u011f \u015fi\u015feleri olduk\u00e7a \u015f\u0131kt\u0131r; hassas \u00f6l\u00e7\u00fcm i\u015faretlerine sahip \u015feffaf camdan yap\u0131lm\u0131\u015ft\u0131r, d\u00fczg\u00fcn metal s\u00fcslemeli d\u00f6kme a\u011f\u0131zlar\u0131na sahiptir ve \u00e7e\u015fitli boyutlarda mevcuttur.<\/p>\n<h2>\u00dcr\u00fcn \u00d6zellikleri<\/h2>\n<ul>\n<li><strong>\u015eeffaf Cam:<\/strong> \u015eeffaf cam kullan\u0131m\u0131, ya\u011f\u0131n kab\u0131n d\u0131\u015f\u0131ndan g\u00f6r\u00fclebilmesini sa\u011flar, bu da dolum i\u015fleminin \u00e7ok kolay olmas\u0131n\u0131 sa\u011flar.<\/li>\n<li><strong>Mezun oldu:<\/strong> \u015ei\u015fenin \u00fczerinde, farkl\u0131 pi\u015firme ihtiya\u00e7lar\u0131na cevap verebilecek \u015fekilde ya\u011f\u0131 hassas bir \u015fekilde \u00f6l\u00e7meye yarayan dereceli bir \u00f6l\u00e7ek yer al\u0131yor.<\/li>\n<li><strong>Farkl\u0131 D\u00f6kme Y\u00f6ntemleri:<\/strong> \u015ei\u015fe, farkl\u0131 pi\u015firme al\u0131\u015fkanl\u0131klar\u0131na uyum sa\u011flayacak \u015fekilde farkl\u0131 kullan\u0131\u015fl\u0131 d\u00f6kme mekanizmalar\u0131yla donat\u0131lm\u0131\u015ft\u0131r.<\/li>\n<li><strong>Birden Fazla Boyut Mevcuttur:<\/strong> \u00c7e\u015fitli ebatlarda \u00fcretilen ya\u011f da\u011f\u0131t\u0131c\u0131lar\u0131ndan, pi\u015firme senaryonuza ve t\u00fcketiminize uygun olan\u0131 se\u00e7ebilirsiniz.<\/li>\n<\/ul>\n<h2>Temel \u00d6zellikler<\/h2>\n<table style=\"border-collapse: collapse; margin-left: auto; margin-right: auto; width: 516.02pt;\" border=\"0\" width=\"688\" cellspacing=\"0\" cellpadding=\"0\">\n<tbody>\n<tr style=\"height: 13.50pt;\">\n<td style=\"height: 13.50pt; width: 136.50pt;\" width=\"182\" height=\"18\">Belirtim \u00d6\u011fesi<\/td>\n<td style=\"width: 379.50pt;\" width=\"506\">Belirli Parametreler<\/td>\n<\/tr>\n<tr style=\"height: 13.50pt;\">\n<td style=\"height: 13.50pt;\" height=\"18\">Kapasite<\/td>\n<td>270ml, 300ml, 450ml<\/td>\n<\/tr>\n<tr style=\"height: 13.50pt;\">\n<td style=\"height: 13.50pt;\" height=\"18\">Boyutlar<\/td>\n<td>6 x 15,6 cm, 6,7 x 14,5 cm, 6,5 x 19,8 cm<\/td>\n<\/tr>\n<tr style=\"height: 13.50pt;\">\n<td style=\"height: 13.50pt;\" height=\"18\">Malzeme<\/td>\n<td>\u015eeffaf cam, metal a\u011f\u0131zl\u0131<\/td>\n<\/tr>\n<tr style=\"height: 13.50pt;\">\n<td style=\"height: 13.50pt;\" height=\"18\">\u015eekil<\/td>\n<td>Silindirik cam \u015fi\u015fe<\/td>\n<\/tr>\n<tr style=\"height: 13.50pt;\">\n<td style=\"height: 13.50pt;\" height=\"18\">Kapak Se\u00e7enekleri<\/td>\n<td>G\u00fcm\u00fc\u015f metal a\u011f\u0131z, siyah plastik kapak<\/td>\n<\/tr>\n<tr style=\"height: 13.50pt;\">\n<td style=\"height: 13.50pt;\" height=\"18\">\u0130deal Kullan\u0131mlar<\/td>\n<td>Zeytinya\u011f\u0131 da\u011f\u0131t\u0131c\u0131s\u0131, cam ya\u011f \u015fi\u015fesi, yemeklik ya\u011f \u015fi\u015fesi<\/td>\n<\/tr>\n<\/tbody>\n<\/table>\n<h2>Ba\u015far\u0131 Hikayesi: Bir Restoran Tedarik Zincirinin Zaferi<\/h2>\n<p>H\u0131zla b\u00fcy\u00fcyen bir gurme g\u0131da giri\u015fimi, benzersiz bir cam ambalaj \u00e7\u00f6z\u00fcm\u00fc talebiyle bize ula\u015ft\u0131. 2024&#039;\u00fcn ba\u015flar\u0131nda, 1.200 adetlik ilk sipari\u015flerinde, kademeli i\u015faretlere ve g\u00fcm\u00fc\u015f metal d\u00f6kme a\u011fz\u0131na sahip 300 ml&#039;lik zeytinya\u011fl\u0131 ya\u011f da\u011f\u0131t\u0131c\u0131lar\u0131m\u0131za ge\u00e7tiler. Etkileri olduk\u00e7a belirgin. \u00d6ncelikle, damlatmayan da\u011f\u0131t\u0131c\u0131lar mutfak personelinin temizli\u011fe harcad\u0131\u011f\u0131 s\u00fcreyi oran\u0131nda azaltt\u0131. \u0130kinci olarak, kademeli i\u015faretler ya\u011f israf\u0131nda &#039;lik bir azalmaya yol a\u00e7t\u0131. Ba\u015far\u0131l\u0131 kampanya, alt\u0131 ay sonra 280.000 adetlik bir sipari\u015f daha al\u0131nmas\u0131n\u0131 sa\u011flad\u0131.<\/p>\n<h2>\u00d6zelle\u015ftirme Fikirleri<\/h2>\n<ul>\n<li><strong>Musluk Biti\u015fi:\u200b\u200b<\/strong> Markan\u0131z\u0131n g\u00f6r\u00fcn\u00fcm ve hissine uyum sa\u011flamak i\u00e7in metal ya\u011fl\u0131k zeytinya\u011fl\u0131k da\u011f\u0131t\u0131c\u0131s\u0131n\u0131 g\u00fcm\u00fc\u015f, alt\u0131n veya siyah gibi kaplamalarla ki\u015fiselle\u015ftirin.<\/li>\n<li><strong>Kapak Rengi:\u200b\u200b<\/strong> Plastik vidal\u0131 kapa\u011f\u0131n rengi, uyumlu bir g\u00f6r\u00fcn\u00fcm i\u00e7in marka renklerinize g\u00f6re de\u011fi\u015ftirilebilir.<\/li>\n<li><strong>\u00d6zel \u00d6l\u00e7ek \u0130\u015faretleri:<\/strong> Sadece standart i\u015faretlemelerle s\u0131n\u0131rl\u0131 kalmay\u0131n. \u00d6l\u00e7ek \u00e7izgisi tasar\u0131m\u0131na entegre edilmi\u015f kendi hacim birimlerinizi veya \u00f6zel bir logoyu bile ekleyebilirsiniz.<\/li>\n<li><strong>\u200b\u200b\u00d6zel \u015ei\u015fe \u015eekli:<\/strong> Orijinal \u00fcretici olarak, \u00e7ok b\u00fcy\u00fck bir toptan sipari\u015f verildi\u011finde, benzersiz \u015fekilli bir cam \u015fi\u015fe i\u00e7in \u00f6zel bir kal\u0131p yaratabiliyoruz.<\/li>\n<\/ul>\n<p>Ambalaj\u0131n\u0131z\u0131 bir \u00fcst seviyeye ta\u015f\u0131maya ne dersiniz? \u015ei\u015feleme ihtiya\u00e7lar\u0131n\u0131z\u0131 g\u00f6r\u00fc\u015fmek i\u00e7in bug\u00fcn bizimle ileti\u015fime ge\u00e7mekten \u00e7ekinmeyin.<\/p>","protected":false},"excerpt":{"rendered":"<p>Metal a\u011f\u0131zl\u0131, dereceli, \u015feffaf cam zeytinya\u011fl\u0131k da\u011f\u0131t\u0131c\u0131. \u015e\u0131k ve dayan\u0131kl\u0131, toptan sipari\u015fler i\u00e7in \u00f6zel \u00f6l\u00e7\u00fclerde ve h\u0131zl\u0131 kargo imkan\u0131yla.<\/p>","protected":false},"featured_media":1771,"template":"","meta":{"postBodyCss":"","postBodyMargin":[],"postBodyPadding":[],"postBodyBackground":{"backgroundType":"classic","gradient":""}},"product_brand":[],"product_cat":[15,16,18],"product_tag":[],"class_list":{"0":"post-1759","1":"product","2":"type-product","3":"status-publish","4":"has-post-thumbnail","6":"product_cat-glass-containers","7":"product_cat-glass-bottles","8":"product_cat-glass-oil-bottles","10":"first","11":"instock","12":"shipping-taxable","13":"product-type-simple"},"jetpack_sharing_enabled":true,"_links":{"self":[{"href":"https:\/\/minghanggroup.com\/tr\/wp-json\/wp\/v2\/product\/1759","targetHints":{"allow":["GET"]}}],"collection":[{"href":"https:\/\/minghanggroup.com\/tr\/wp-json\/wp\/v2\/product"}],"about":[{"href":"https:\/\/minghanggroup.com\/tr\/wp-json\/wp\/v2\/types\/product"}],"wp:featuredmedia":[{"embeddable":true,"href":"https:\/\/minghanggroup.com\/tr\/wp-json\/wp\/v2\/media\/1771"}],"wp:attachment":[{"href":"https:\/\/minghanggroup.com\/tr\/wp-json\/wp\/v2\/media?parent=1759"}],"wp:term":[{"taxonomy":"product_brand","embeddable":true,"href":"https:\/\/minghanggroup.com\/tr\/wp-json\/wp\/v2\/product_brand?post=1759"},{"taxonomy":"product_cat","embeddable":true,"href":"https:\/\/minghanggroup.com\/tr\/wp-json\/wp\/v2\/product_cat?post=1759"},{"taxonomy":"product_tag","embeddable":true,"href":"https:\/\/minghanggroup.com\/tr\/wp-json\/wp\/v2\/product_tag?post=1759"}],"curies":[{"name":"wp","href":"https:\/\/api.w.org\/{rel}","templated":true}]}}