{"id":1735,"date":"2025-10-17T13:30:08","date_gmt":"2025-10-17T05:30:08","guid":{"rendered":"https:\/\/minghanggroup.com\/?post_type=product&#038;p=1735"},"modified":"2025-10-17T17:48:30","modified_gmt":"2025-10-17T09:48:30","slug":"custom-clear-rectangular-glass-olive-oil-bottles-for-kitchen-bulk","status":"publish","type":"product","link":"https:\/\/minghanggroup.com\/tr\/urun\/custom-clear-rectangular-glass-olive-oil-bottles-for-kitchen-bulk\/","title":{"rendered":"Mutfak \u0130\u00e7in 60-1000 ml \u015eeffaf Dikd\u00f6rtgen Cam Zeytinya\u011f\u0131 \u015ei\u015feleri"},"content":{"rendered":"<p>\u015eeffaf camdan \u00fcretilen bu cam zeytinya\u011f\u0131 \u015fi\u015feleri, \u015f\u0131k ve dikd\u00f6rtgen bir tasar\u0131ma sahiptir. Farkl\u0131 boyutlarda mevcuttur ve i\u00e7indeki alt\u0131n rengi ya\u011f\u0131 \u00f6ne \u00e7\u0131karmakla kalmay\u0131p mutfa\u011f\u0131n\u0131za da biraz parlakl\u0131k katan renkli kapaklara sahiptir.<\/p>\n<h2>\u00dcr\u00fcn \u00d6zellikleri<\/h2>\n<ul>\n<li><strong>Farkl\u0131 Kare Profili:<\/strong> Dikd\u00f6rtgen \u015fekli sayesinde dayan\u0131kl\u0131d\u0131r ve en dar mutfak alanlar\u0131nda bile sorunsuz bir \u015fekilde kullan\u0131labilir; modern cam ambalaj hatlar\u0131ndan bekledi\u011finiz gibi.<\/li>\n<li><strong>Damla Kontroll\u00fc Da\u011f\u0131t\u0131m:<\/strong> \u00d6zenle tasarlanm\u0131\u015f vidal\u0131 kapak ve a\u011f\u0131z a\u00e7\u0131kl\u0131\u011f\u0131, kontroll\u00fc d\u00f6kmeyi sa\u011flayarak temiz ve verimli bir ya\u011f \u015fi\u015fesi olmas\u0131n\u0131 sa\u011flar.<\/li>\n<li><strong>\u00c7e\u015fitli Boyutlar Mevcuttur:<\/strong> 60 ml&#039;lik numune \u015fi\u015felerinden 1000 ml&#039;lik restoran \u015fi\u015felerine kadar her toptan sat\u0131\u015f plan\u0131na uygun cam ya\u011f \u015fi\u015fesi boyutuna sahibiz.<\/li>\n<\/ul>\n<h2>Temel \u00d6zellikler<\/h2>\n<table style=\"border-collapse: collapse; margin-left: auto; margin-right: auto; width: 520.52pt;\" border=\"0\" width=\"694\" cellspacing=\"0\" cellpadding=\"0\">\n<tbody>\n<tr style=\"height: 13.50pt;\">\n<td style=\"height: 13.50pt; width: 103.50pt;\" width=\"138\" height=\"18\">\u00d6zellik<\/td>\n<td style=\"width: 417.00pt;\" width=\"556\">\u015eartname<\/td>\n<\/tr>\n<tr style=\"height: 13.50pt;\">\n<td style=\"height: 13.50pt;\" height=\"18\">Kapasite<\/td>\n<td>60ml, 100ml, 150ml, 250ml, 500ml, 750ml, 1000ml<\/td>\n<\/tr>\n<tr style=\"height: 13.50pt;\">\n<td style=\"height: 13.50pt;\" height=\"18\">Boyutlar<\/td>\n<td>3,5\u00d73,5\u00d712,4 cm&#039;den 7,4\u00d77,4\u00d730,0 cm&#039;ye<\/td>\n<\/tr>\n<tr style=\"height: 13.50pt;\">\n<td style=\"height: 13.50pt;\" height=\"18\">Malzeme<\/td>\n<td>\u015eeffaf cam, PP veya metal kapak<\/td>\n<\/tr>\n<tr style=\"height: 13.50pt;\">\n<td style=\"height: 13.50pt;\" height=\"18\">\u015eekil<\/td>\n<td>Kare cam \u015fi\u015fe<\/td>\n<\/tr>\n<tr style=\"height: 13.50pt;\">\n<td style=\"height: 13.50pt;\" height=\"18\">Kapak Se\u00e7enekleri<\/td>\n<td>Siyah\/ye\u015fil d\u00f6kme a\u011fz\u0131, alt\u0131n\/g\u00fcm\u00fc\u015f kapak (\u00f6zelle\u015ftirilebilir)<\/td>\n<\/tr>\n<tr style=\"height: 13.50pt;\">\n<td style=\"height: 13.50pt;\" height=\"18\">\u0130deal Kullan\u0131m<\/td>\n<td>Mutfak i\u00e7in ya\u011f \u015fi\u015fesi, cam zeytinya\u011f\u0131 \u015fi\u015feleri, ya\u011f \u015fi\u015feleri<\/td>\n<\/tr>\n<\/tbody>\n<\/table>\n<h2>Ger\u00e7ek Ba\u015far\u0131 Hikayesi<\/h2>\n<p>Avrupa mutfa\u011f\u0131nda uzmanla\u015fm\u0131\u015f ve Avrupa merkezli bir g\u0131da da\u011f\u0131t\u0131mc\u0131s\u0131 ile ortakl\u0131k kurduk. Yeni bir zanaatkar zeytinya\u011f\u0131 \u00fcr\u00fcnleri serisini piyasaya s\u00fcrmek i\u00e7in en y\u00fcksek kalitede cam ambalaj ar\u0131yorlard\u0131. Ba\u015flang\u0131\u00e7ta, zeytinya\u011f\u0131 i\u00e7in cam \u015fi\u015felerden deneme partisi i\u00e7in 2.000 adet sipari\u015f verdiler (her boyuttan 400 adet ve kapak renkleri e\u015fit olarak da\u011f\u0131t\u0131lm\u0131\u015ft\u0131). Perakendeciler, yeni \u015fi\u015felerin eskilerine g\u00f6re daha h\u0131zl\u0131 sat\u0131ld\u0131\u011f\u0131n\u0131 belirtti; t\u00fcketiciler mutfak dostu boyutu en \u00e7ok be\u011fendi. Ayr\u0131ca, kare \u015fekli depolama alan\u0131 tasarrufu sa\u011flad\u0131. Alt\u0131 ay i\u00e7inde ya\u011f ve sirke hediye setleri i\u00e7in sipari\u015flerini farkl\u0131 boyutlarda (100 ml, 250 ml ve 500 ml) 200.000 \u015fi\u015feye \u00e7\u0131kard\u0131lar. Toplu al\u0131mlar\u0131n hacmi 0 artt\u0131 ve bu da \u00fcr\u00fcn\u00fcn pazardaki g\u00fc\u00e7l\u00fc \u00e7ekicili\u011fini ve m\u00fc\u015fteri memnuniyetini do\u011frulad\u0131.<\/p>\n<h2>Cam Ya\u011f \u015ei\u015feleri Ak\u0131ll\u0131 \u00d6zelle\u015ftirme Fikirleri<\/h2>\n<ul>\n<li>Renkli Cam (Kehribar veya Ye\u015fil) \u2013 I\u015f\u0131\u011fa duyarl\u0131 ya\u011flar\u0131 g\u00fcvenli bir \u015fekilde saklay\u0131n. Kehribar cam UV \u0131\u015f\u0131nlar\u0131n\u0131 emer; hassas zeytinya\u011flar\u0131 i\u00e7in idealdir<\/li>\n<li>Kapak Malzemesi: Daha kaliteli bir his i\u00e7in standart plastik kapaklardan metal kaplamal\u0131 kapaklara ge\u00e7in.<\/li>\n<li>Logo Derin Kabartma \u2013 Logonuzu veya deseninizi do\u011frudan kal\u0131ba bast\u0131r\u0131n, b\u00f6ylece cam yap\u0131n\u0131n bir par\u00e7as\u0131 haline gelsin.<\/li>\n<li>Kal\u0131nla\u015ft\u0131r\u0131lm\u0131\u015f Taban (A\u011f\u0131r Ayak) \u2013 A\u011f\u0131rl\u0131k ve denge sa\u011flar. Tuzluklar\u0131n her g\u00fcn ta\u015f\u0131nd\u0131\u011f\u0131 restoranlar i\u00e7in m\u00fckemmeldir.<\/li>\n<\/ul>","protected":false},"excerpt":{"rendered":"<p>Renkli kapakl\u0131 birinci s\u0131n\u0131f cam zeytinya\u011f\u0131 \u015fi\u015feleri. Sade ve \u015f\u0131k, mutfak markalama, restoranlar veya toptan sipari\u015fler i\u00e7in m\u00fckemmel. \u00dccretsiz numuneler mevcuttur.<\/p>","protected":false},"featured_media":1755,"template":"","meta":{"postBodyCss":"","postBodyMargin":[],"postBodyPadding":[],"postBodyBackground":{"backgroundType":"classic","gradient":""}},"product_brand":[],"product_cat":[15,16,18],"product_tag":[],"class_list":{"0":"post-1735","1":"product","2":"type-product","3":"status-publish","4":"has-post-thumbnail","6":"product_cat-glass-containers","7":"product_cat-glass-bottles","8":"product_cat-glass-oil-bottles","10":"first","11":"instock","12":"shipping-taxable","13":"product-type-simple"},"jetpack_sharing_enabled":true,"_links":{"self":[{"href":"https:\/\/minghanggroup.com\/tr\/wp-json\/wp\/v2\/product\/1735","targetHints":{"allow":["GET"]}}],"collection":[{"href":"https:\/\/minghanggroup.com\/tr\/wp-json\/wp\/v2\/product"}],"about":[{"href":"https:\/\/minghanggroup.com\/tr\/wp-json\/wp\/v2\/types\/product"}],"wp:featuredmedia":[{"embeddable":true,"href":"https:\/\/minghanggroup.com\/tr\/wp-json\/wp\/v2\/media\/1755"}],"wp:attachment":[{"href":"https:\/\/minghanggroup.com\/tr\/wp-json\/wp\/v2\/media?parent=1735"}],"wp:term":[{"taxonomy":"product_brand","embeddable":true,"href":"https:\/\/minghanggroup.com\/tr\/wp-json\/wp\/v2\/product_brand?post=1735"},{"taxonomy":"product_cat","embeddable":true,"href":"https:\/\/minghanggroup.com\/tr\/wp-json\/wp\/v2\/product_cat?post=1735"},{"taxonomy":"product_tag","embeddable":true,"href":"https:\/\/minghanggroup.com\/tr\/wp-json\/wp\/v2\/product_tag?post=1735"}],"curies":[{"name":"wp","href":"https:\/\/api.w.org\/{rel}","templated":true}]}}