{"id":1715,"date":"2025-10-17T14:08:39","date_gmt":"2025-10-17T06:08:39","guid":{"rendered":"https:\/\/minghanggroup.com\/?post_type=product&#038;p=1715"},"modified":"2026-01-20T13:47:35","modified_gmt":"2026-01-20T05:47:35","slug":"custom-glass-milk-bottles-with-metal-lids-for-packaging","status":"publish","type":"product","link":"https:\/\/minghanggroup.com\/tr\/urun\/custom-glass-milk-bottles-with-metal-lids-for-packaging\/","title":{"rendered":"Paketleme i\u00e7in Metal Kapakl\u0131 200-1000 ml \u00d6zel Cam S\u00fct \u015ei\u015feleri"},"content":{"rendered":"<p>S\u00fct markan\u0131z, sadece s\u00fct saklamayan, ayn\u0131 zamanda bir hikaye anlatan \u015fi\u015feleri hak ediyor. Her yudumda \u00e7iftlikten sofraya tazelik hissi veren cam s\u00fct \u015fi\u015feleri \u00fcretiyoruz. S\u00fct cam \u015fi\u015feleri, klasik \u00e7ekicili\u011fi modern dayan\u0131kl\u0131l\u0131kla birle\u015ftiriyor; s\u00fct, meyve suyu veya smoothieler i\u00e7in m\u00fckemmel. M\u00fc\u015fterilerin ger\u00e7ekten saklamak isteyece\u011fi, yeniden kullan\u0131labilir \u015fi\u015feler edinin.<\/p>\n<h2>\u00dcr\u00fcn \u00d6zellikleri<\/h2>\n<ol>\n<li><strong>Kal\u0131n Cam, S\u0131f\u0131r K\u0131r\u0131lma:<\/strong>Dayan\u0131kl\u0131 duvarlar g\u00fcnl\u00fck kullan\u0131ma uygundur; markan\u0131z\u0131 mahvedecek k\u0131r\u0131k \u015fi\u015feler art\u0131k yok.<\/li>\n<li><strong>G\u00fcvenli M\u00fch\u00fcr:<\/strong>Dar a\u011f\u0131zl\u0131 yap\u0131s\u0131 standart \u015fi\u015fe kapaklar\u0131na m\u00fckemmel uyum sa\u011flar. Vidalay\u0131n, d\u00f6k\u00fcn, s\u0131z\u0131nt\u0131lar\u0131 unutun.<\/li>\n<li><strong>\u00c7iftlikten Taze G\u00f6r\u00fcn\u00fcrl\u00fck:<\/strong>S\u00fct\u00fcn\u00fcz\u00fcn alt\u0131n rengini kristal berrakl\u0131\u011f\u0131ndaki cam g\u00f6sterir; m\u00fc\u015fteriler kaliteyi g\u00f6r\u00fcr.<\/li>\n<li><strong>Sat\u0131\u015f Boyutu:<\/strong>200 ml numunelerden 1000 ml toptan sat\u0131\u015fa kadar s\u00fct \u00fcr\u00fcnleri projenizi sizin i\u00e7in hallediyoruz.<\/li>\n<\/ol>\n<h2>Temel \u00d6zellikler<\/h2>\n<table style=\"border-collapse: collapse; width: 80%; margin-left: auto; margin-right: auto;\" border=\"0\" width=\"288\" cellspacing=\"0\" cellpadding=\"0\">\n<tbody>\n<tr style=\"height: 13.50pt;\">\n<td style=\"height: 13.5pt; width: 54pt; text-align: center;\" width=\"72\" height=\"18\">Model<\/td>\n<td style=\"width: 54pt; text-align: center;\" width=\"72\">Kapasite(ml)<\/td>\n<td style=\"width: 54pt; text-align: center;\" width=\"72\">Boyutlar(cm)<\/td>\n<td style=\"width: 54pt; text-align: center;\" width=\"72\">Boyun Tipi<\/td>\n<\/tr>\n<tr style=\"height: 13.50pt;\">\n<td style=\"height: 13.5pt; text-align: center;\" align=\"right\" height=\"18\">64020001<\/td>\n<td style=\"text-align: center;\" align=\"right\">200<\/td>\n<td style=\"text-align: center;\">5.8&#215;12.0<\/td>\n<td class=\"et2\" style=\"text-align: center;\" rowspan=\"5\">Di\u015fli Boyun<\/td>\n<\/tr>\n<tr style=\"height: 13.50pt;\">\n<td style=\"height: 13.5pt; text-align: center;\" align=\"right\" height=\"18\">64025002<\/td>\n<td style=\"text-align: center;\" align=\"right\">250<\/td>\n<td style=\"text-align: center;\">5.9&#215;13.7<\/td>\n<\/tr>\n<tr style=\"height: 13.50pt;\">\n<td style=\"height: 13.5pt; text-align: center;\" align=\"right\" height=\"18\">64031003<\/td>\n<td style=\"text-align: center;\" align=\"right\">310<\/td>\n<td style=\"text-align: center;\">6.4&#215;15.3<\/td>\n<\/tr>\n<tr style=\"height: 13.50pt;\">\n<td style=\"height: 13.5pt; text-align: center;\" align=\"right\" height=\"18\">64050004<\/td>\n<td style=\"text-align: center;\" align=\"right\">500<\/td>\n<td style=\"text-align: center;\">7.5&#215;20.85<\/td>\n<\/tr>\n<tr style=\"height: 13.50pt;\">\n<td style=\"height: 13.5pt; text-align: center;\" align=\"right\" height=\"18\">64100005<\/td>\n<td style=\"text-align: center;\" align=\"right\">1000<\/td>\n<td style=\"text-align: center;\">8.5&#215;26.0<\/td>\n<\/tr>\n<\/tbody>\n<\/table>\n<h2>Ba\u015far\u0131 \u00d6rne\u011fi<\/h2>\n<p>Kanada&#039;da yerel bir s\u00fct \u00fcr\u00fcnleri markas\u0131, \u00fcr\u00fcnlerinin yeni bir y\u00f6n\u00fc olan kalite ve s\u00fcrd\u00fcr\u00fclebilirli\u011fe odaklanarak ambalajlar\u0131n\u0131 plastikten cama \u00e7evirmeye karar verdi. Bunun sonucunda, taze s\u00fctlerinin do\u011fal kremams\u0131 dokusunu vurgulamak i\u00e7in ekstra kal\u0131n, y\u00fcksek \u00e7\u00f6z\u00fcn\u00fcrl\u00fckl\u00fc soda-kire\u00e7 cam\u0131ndan yap\u0131lm\u0131\u015f \u00f6zel cam s\u00fct \u015fi\u015feleri sipari\u015f ettiler. \u0130nce silindirik \u015fekli, \u015f\u0131k marka etiketleri i\u00e7in m\u00fckemmel ve omuzdaki logonun kabart\u0131lmas\u0131 ki\u015fisel, el yap\u0131m\u0131 bir dokunu\u015f kat\u0131yor.<\/p>\n<p>T\u00fcketiciler, yeniden kullan\u0131labilir ve \u00e7evre dostu cam tasar\u0131m\u0131n\u0131 lansman\u0131ndan bu yana aral\u0131ks\u0131z konu\u015fuyor ve yeni ambalaj, so\u011futmal\u0131 bir vitrinde sunuluyor. Sat\u0131\u015flar sadece \u00fc\u00e7 ayda artarak cam \u015fi\u015fe serisini \u015firketin en \u00e7ok satan \u00fcr\u00fcn kategorisi haline getirdi.<\/p>\n<h2>\u00d6zelle\u015ftirme \u0130pu\u00e7lar\u0131n\u0131z<\/h2>\n<p>S\u00fct\u00fcn\u00fcz, sat\u0131\u015f\u0131 kolay bir ambalaj\u0131 hak ediyor. Cam s\u00fct \u015fi\u015felerini logonuz, renginiz ve daha fazlas\u0131yla ki\u015fiselle\u015ftirebiliriz. Ayr\u0131ca kapaklar ve boyun tasar\u0131mlar\u0131 da dahil olmak \u00fczere geni\u015f bir aksesuar yelpazesi sunuyoruz. Cam s\u00fct \u015fi\u015feleri sadece bir ambalajdan \u00e7ok daha fazlas\u0131d\u0131r; \u00f6ne \u00e7\u0131kman\u0131z\u0131 sa\u011flayacak gizli silah\u0131n\u0131zd\u0131r. Hayallerimize ula\u015fmak i\u00e7in birlikte \u00e7al\u0131\u015fal\u0131m.<\/p>","protected":false},"excerpt":{"rendered":"<p>Dayan\u0131kl\u0131, \u015feffaf cam s\u00fct \u015fi\u015feleri, g\u00fcvenli s\u0131zd\u0131rmazl\u0131k i\u00e7in vidal\u0131 metal kapaklara sahiptir. S\u00fct \u00fcr\u00fcnleri, meyve suyu veya kafe ambalajlar\u0131 i\u00e7in idealdir. \u00d6zel logo ve kapak renkleri mevcuttur.<\/p>","protected":false},"featured_media":1739,"template":"","meta":{"postBodyCss":"","postBodyMargin":[],"postBodyPadding":[],"postBodyBackground":{"backgroundType":"classic","gradient":""}},"product_brand":[],"product_cat":[15,16,46],"product_tag":[72,73],"class_list":{"0":"post-1715","1":"product","2":"type-product","3":"status-publish","4":"has-post-thumbnail","6":"product_cat-glass-containers","7":"product_cat-glass-bottles","8":"product_cat-glass-milk-bottles","9":"product_tag-juice-bottles","10":"product_tag-milk-bottles","12":"first","13":"instock","14":"shipping-taxable","15":"product-type-simple"},"jetpack_sharing_enabled":true,"_links":{"self":[{"href":"https:\/\/minghanggroup.com\/tr\/wp-json\/wp\/v2\/product\/1715","targetHints":{"allow":["GET"]}}],"collection":[{"href":"https:\/\/minghanggroup.com\/tr\/wp-json\/wp\/v2\/product"}],"about":[{"href":"https:\/\/minghanggroup.com\/tr\/wp-json\/wp\/v2\/types\/product"}],"wp:featuredmedia":[{"embeddable":true,"href":"https:\/\/minghanggroup.com\/tr\/wp-json\/wp\/v2\/media\/1739"}],"wp:attachment":[{"href":"https:\/\/minghanggroup.com\/tr\/wp-json\/wp\/v2\/media?parent=1715"}],"wp:term":[{"taxonomy":"product_brand","embeddable":true,"href":"https:\/\/minghanggroup.com\/tr\/wp-json\/wp\/v2\/product_brand?post=1715"},{"taxonomy":"product_cat","embeddable":true,"href":"https:\/\/minghanggroup.com\/tr\/wp-json\/wp\/v2\/product_cat?post=1715"},{"taxonomy":"product_tag","embeddable":true,"href":"https:\/\/minghanggroup.com\/tr\/wp-json\/wp\/v2\/product_tag?post=1715"}],"curies":[{"name":"wp","href":"https:\/\/api.w.org\/{rel}","templated":true}]}}