{"id":1642,"date":"2025-10-16T16:24:25","date_gmt":"2025-10-16T08:24:25","guid":{"rendered":"https:\/\/minghanggroup.com\/?post_type=product&#038;p=1642"},"modified":"2025-10-16T17:50:57","modified_gmt":"2025-10-16T09:50:57","slug":"wholesale-cylindrical-amber-glass-olive-oil-bottles","status":"publish","type":"product","link":"https:\/\/minghanggroup.com\/tr\/urun\/wholesale-cylindrical-amber-glass-olive-oil-bottles\/","title":{"rendered":"Toptan Silindirik Amber Cam Zeytinya\u011f\u0131 \u015ei\u015feleri 250ml 500ml 750ml"},"content":{"rendered":"<p>Bu kehribar cam zeytinya\u011f\u0131 \u015fi\u015feleri, zeytinya\u011f\u0131 i\u00e7in m\u00fckemmel saklama ve dekorasyon ara\u00e7lar\u0131d\u0131r, \u00e7\u00fcnk\u00fc zarif kehribar cam, \u00e7e\u015fitli boyutlarda mevcut olan ve yaln\u0131zca \u00e7ekicili\u011fiyle de\u011fil, ayn\u0131 zamanda kullan\u0131m\u0131yla da verimli olan g\u00fczel, \u015f\u0131k, ince silindirik \u015fekillere d\u00f6n\u00fc\u015ft\u00fcr\u00fclm\u00fc\u015ft\u00fcr.<\/p>\n<h2>\u00dcr\u00fcn \u00d6zellikleri<\/h2>\n<ul>\n<li><strong>UV I\u015f\u0131nlar\u0131na Dayan\u0131kl\u0131 Tasar\u0131m:<\/strong> Kehribar renkli cam, zararl\u0131 \u0131\u015f\u0131k \u0131\u015f\u0131nlar\u0131n\u0131 engelleyerek \u00fcr\u00fcn\u00fcn taze kalmas\u0131n\u0131 sa\u011flar.<\/li>\n<li><strong>Her Zaman Damlamas\u0131z D\u00f6kme:<\/strong> D\u00f6k\u00fcc\u00fcn\u00fcn \u00f6zel yap\u0131m kapa\u011f\u0131 damlatmaz. \u015ei\u015fenin kenarlar\u0131n\u0131 veya tezgah\u0131n\u0131z\u0131 yap\u0131\u015fkan b\u0131rakmaz.<\/li>\n<li><strong>\u0130nce Silindirik \u015eekil:<\/strong> \u0130nce tasar\u0131m\u0131 sayesinde \u00fcr\u00fcn\u00fc ekstra alana ihtiya\u00e7 duymadan tezgah \u00fcst\u00fc veya kiler raflar\u0131n\u0131zda saklayabilirsiniz.<\/li>\n<\/ul>\n<h2>Temel \u00d6zellikler<\/h2>\n<table style=\"border-collapse: collapse; margin-left: auto; margin-right: auto; width: 457.52pt;\" border=\"0\" width=\"610\" cellspacing=\"0\" cellpadding=\"0\">\n<tbody>\n<tr style=\"height: 13.50pt;\">\n<td style=\"height: 13.50pt; width: 103.50pt;\" width=\"138\" height=\"18\">\u00d6zellik<\/td>\n<td style=\"width: 354.00pt;\" width=\"472\">\u015eartname<\/td>\n<\/tr>\n<tr style=\"height: 13.50pt;\">\n<td style=\"height: 13.50pt;\" height=\"18\">Kapasite<\/td>\n<td>250ml, 500ml, 750ml<\/td>\n<\/tr>\n<tr style=\"height: 13.50pt;\">\n<td style=\"height: 13.50pt;\" height=\"18\">Boyutlar<\/td>\n<td>5,0\u00d723,2 cm, 6,1\u00d728,0 cm, 6,9\u00d730,9 cm<\/td>\n<\/tr>\n<tr style=\"height: 13.50pt;\">\n<td style=\"height: 13.50pt;\" height=\"18\">Boyun Boyutu<\/td>\n<td>19\u00d730mm vida di\u015fi<\/td>\n<\/tr>\n<tr style=\"height: 13.50pt;\">\n<td style=\"height: 13.50pt;\" height=\"18\">Malzeme<\/td>\n<td>\ub2e4\uc591\ud55c \uc6a9\ub7c9:<\/td>\n<\/tr>\n<tr style=\"height: 13.50pt;\">\n<td style=\"height: 13.50pt;\" height=\"18\">\u015eekil<\/td>\n<td>Silindirik cam \u015fi\u015fe<\/td>\n<\/tr>\n<tr style=\"height: 13.50pt;\">\n<td style=\"height: 13.50pt;\" height=\"18\">Kapak Se\u00e7enekleri<\/td>\n<td>Siyah\/alt\u0131n kapak (\u00f6zelle\u015ftirilebilir)<\/td>\n<\/tr>\n<tr style=\"height: 13.50pt;\">\n<td style=\"height: 13.50pt;\" height=\"18\">\u0130deal Kullan\u0131m<\/td>\n<td>Cam zeytinya\u011f\u0131 da\u011f\u0131t\u0131c\u0131s\u0131, zeytinya\u011f\u0131 \u015fi\u015feleri, ya\u011f \u015fi\u015fesi<\/td>\n<\/tr>\n<\/tbody>\n<\/table>\n<h2>Ba\u015far\u0131 \u00d6yk\u00fcs\u00fc: Tutarl\u0131 Paketlemeyle Marka Olu\u015fturma<\/h2>\n<p>Kaliforniya&#039;ya \u00f6zg\u00fc \u00f6zel g\u0131da \u00fcr\u00fcnleri \u00fcreten ve bunlar\u0131 d\u00fcnyan\u0131n d\u00f6rt bir yan\u0131na da\u011f\u0131tan \u015firket, zeytinya\u011f\u0131n\u0131 paketlemek i\u00e7in birinci s\u0131n\u0131f cam kavanozlara ihtiya\u00e7 duyuyordu ve ilk sipari\u015fini 250 ml ve 500 ml&#039;lik 5.000 adet kehribar cam zeytinya\u011f\u0131 \u015fi\u015fesi i\u00e7in bizden vermeye karar verdi. Perakendeciler, \u00fcr\u00fcnlerin profesyonel g\u00f6r\u00fcn\u00fcm\u00fcn\u00fc g\u00f6rmekten heyecan duyuyor ve \u00e7o\u011fu temsilcinin markalar\u0131n\u0131 tan\u0131tt\u0131\u011f\u0131 opak cam kullan\u0131m\u0131n\u0131n say\u0131s\u0131z avantaj\u0131na da dikkat \u00e7ekiyor. Sonu\u00e7 olarak, daha \u00f6nce sat\u0131n alanlar, 90 g\u00fcn i\u00e7inde geri sat\u0131n alma oran\u0131 &#039;ye y\u00fckseldi\u011finden beri daha fazla sat\u0131n almaya ba\u015flad\u0131. Bu ilk ba\u015far\u0131 sayesinde, takip sipari\u015fleri yaln\u0131zca sekiz ay sonra neredeyse 200.000 adede ula\u015ft\u0131.<\/p>\n<h2>Amber Cam Zeytinya\u011f\u0131 \u015ei\u015felerinizi \u00d6zelle\u015ftirin<\/h2>\n<ul>\n<li><strong>Buzlu Logo:<\/strong> L\u00fcks bir g\u00f6r\u00fcn\u00fcme sahip, tek renkli, mat biti\u015fli, rafine bir logo istendi\u011finde asit kaz\u0131ma y\u00f6ntemi kullan\u0131lmal\u0131d\u0131r.<\/li>\n<li><strong>Serigrafi Bask\u0131:<\/strong> M\u00fcrekkep i\u00e7in kehribar cam\u0131n koyu arka plan\u0131na kar\u015f\u0131 parlak renk, logonuzun \u00e7ok uzak mesafelerden bile okunabilir olmas\u0131n\u0131 sa\u011flayacakt\u0131r.<\/li>\n<li><strong>\u00d6zel Kapak Rengi:<\/strong> E\u011fer vidal\u0131 kapa\u011f\u0131n markan\u0131z\u0131n renkleriyle uyumlu olmas\u0131n\u0131 istiyorsan\u0131z alt\u0131n, g\u00fcm\u00fc\u015f, siyah vb. renklerden birini se\u00e7ebilirsiniz.<\/li>\n<li><strong>Daha Derin Kehribar Tonu:<\/strong> Daha fazla pigment ile UV \u0131\u015f\u0131nlar\u0131na kar\u015f\u0131 maksimum koruma sa\u011flar. A\u015f\u0131r\u0131 hassas zeytinya\u011flar\u0131 i\u00e7in idealdir.<\/li>\n<\/ul>","protected":false},"excerpt":{"rendered":"<p>Vidal\u0131 kapakl\u0131 kehribar cam zeytinya\u011f\u0131 \u015fi\u015feleri. \u0130nce, dayan\u0131kl\u0131 ve mutfakta kullan\u0131ma uygundur. Toplu sipari\u015fler, h\u0131zl\u0131 kargo ve \u00fccretsiz numune imkan\u0131.<\/p>","protected":false},"featured_media":1649,"template":"","meta":{"postBodyCss":"","postBodyMargin":[],"postBodyPadding":[],"postBodyBackground":{"backgroundType":"classic","gradient":""}},"product_brand":[],"product_cat":[15,16,18],"product_tag":[],"class_list":{"0":"post-1642","1":"product","2":"type-product","3":"status-publish","4":"has-post-thumbnail","6":"product_cat-glass-containers","7":"product_cat-glass-bottles","8":"product_cat-glass-oil-bottles","10":"first","11":"instock","12":"shipping-taxable","13":"product-type-simple"},"jetpack_sharing_enabled":true,"_links":{"self":[{"href":"https:\/\/minghanggroup.com\/tr\/wp-json\/wp\/v2\/product\/1642","targetHints":{"allow":["GET"]}}],"collection":[{"href":"https:\/\/minghanggroup.com\/tr\/wp-json\/wp\/v2\/product"}],"about":[{"href":"https:\/\/minghanggroup.com\/tr\/wp-json\/wp\/v2\/types\/product"}],"wp:featuredmedia":[{"embeddable":true,"href":"https:\/\/minghanggroup.com\/tr\/wp-json\/wp\/v2\/media\/1649"}],"wp:attachment":[{"href":"https:\/\/minghanggroup.com\/tr\/wp-json\/wp\/v2\/media?parent=1642"}],"wp:term":[{"taxonomy":"product_brand","embeddable":true,"href":"https:\/\/minghanggroup.com\/tr\/wp-json\/wp\/v2\/product_brand?post=1642"},{"taxonomy":"product_cat","embeddable":true,"href":"https:\/\/minghanggroup.com\/tr\/wp-json\/wp\/v2\/product_cat?post=1642"},{"taxonomy":"product_tag","embeddable":true,"href":"https:\/\/minghanggroup.com\/tr\/wp-json\/wp\/v2\/product_tag?post=1642"}],"curies":[{"name":"wp","href":"https:\/\/api.w.org\/{rel}","templated":true}]}}