{"id":1592,"date":"2025-10-16T14:11:48","date_gmt":"2025-10-16T06:11:48","guid":{"rendered":"https:\/\/minghanggroup.com\/?post_type=product&#038;p=1592"},"modified":"2025-10-16T17:53:08","modified_gmt":"2025-10-16T09:53:08","slug":"wholesale-glass-oil-dispenser-bottles-with-metal-pour-spout","status":"publish","type":"product","link":"https:\/\/minghanggroup.com\/tr\/urun\/wholesale-glass-oil-dispenser-bottles-with-metal-pour-spout\/","title":{"rendered":"Toptan 200 ml Metal D\u00f6kme A\u011f\u0131zl\u0131 Cam Ya\u011f Da\u011f\u0131t\u0131c\u0131 \u015ei\u015feler"},"content":{"rendered":"<p>Bu ya\u011f \u015fi\u015fesi, zeytinya\u011f\u0131, sirke veya lezzetli herhangi bir s\u0131v\u0131 i\u00e7in idealdir. Dar kesimli k\u0131sm\u0131, \u00e7ok kaliteli \u015feffaf camdan yap\u0131lm\u0131\u015ft\u0131r ve e\u015fit ve damlatmayan bir d\u00f6kme i\u00e7in modern siyah ve g\u00fcm\u00fc\u015f bir \u00e7\u0131k\u0131\u015fa sahiptir.<\/p>\n<h2>\u00dcr\u00fcn \u00d6zellikleri<\/h2>\n<ul>\n<li><strong>Hassas, Damlamas\u0131z D\u00f6k\u00fcm:<\/strong> Siyah ve g\u00fcm\u00fc\u015f vidal\u0131 kapak, ak\u0131\u015f\u0131 kontrol eder ve da\u011f\u0131n\u0131kl\u0131\u011f\u0131 azalt\u0131r, bu sayede y\u00fcksek kaliteli ya\u011flar ve sirkeler i\u00e7in m\u00fckemmeldir.<\/li>\n<li><strong>\u0130nce \u015ei\u015fe Stili:<\/strong> Dar yap\u0131s\u0131 sayesinde \u015fi\u015feyi hem sergilemeye hem de mutfakta saklamaya olanak sa\u011fl\u0131yor.<\/li>\n<li><strong>Birinci S\u0131n\u0131f \u015eeffaf Cam:<\/strong> M\u00fckemmel berrakl\u0131ktaki cam, sadece zeytinya\u011f\u0131n\u0131n alt\u0131n rengini veya zengin balzamik sirkenin koyulu\u011funu yans\u0131tmakla kalm\u0131yor, ayn\u0131 zamanda \u00fcr\u00fcn\u00fcn en y\u00fcksek kalite ve safl\u0131\u011f\u0131n\u0131 da yans\u0131t\u0131yor.<\/li>\n<\/ul>\n<h2>Temel \u00d6zellikler<\/h2>\n<table style=\"border-collapse: collapse; margin-left: auto; margin-right: auto; width: 328.52pt;\" border=\"0\" width=\"438\" cellspacing=\"0\" cellpadding=\"0\">\n<tbody>\n<tr style=\"height: 13.50pt;\">\n<td style=\"height: 13.50pt; width: 103.50pt;\" width=\"138\" height=\"18\">\u00d6zellik<\/td>\n<td style=\"width: 225.00pt;\" width=\"300\">\u015eartname<\/td>\n<\/tr>\n<tr style=\"height: 13.50pt;\">\n<td style=\"height: 13.50pt;\" height=\"18\">Kapasite<\/td>\n<td>200 ml<\/td>\n<\/tr>\n<tr style=\"height: 13.50pt;\">\n<td style=\"height: 13.50pt;\" height=\"18\">Boyutlar<\/td>\n<td>6,5 cm (G) \u00d7 19 cm (Y)<\/td>\n<\/tr>\n<tr style=\"height: 13.50pt;\">\n<td style=\"height: 13.50pt;\" height=\"18\">Malzeme<\/td>\n<td>\u015eeffaf cam<\/td>\n<\/tr>\n<tr style=\"height: 13.50pt;\">\n<td style=\"height: 13.50pt;\" height=\"18\">Kapak Tipi<\/td>\n<td>Metal da\u011f\u0131t\u0131c\u0131l\u0131 vidal\u0131 kapak<\/td>\n<\/tr>\n<tr style=\"height: 13.50pt;\">\n<td style=\"height: 13.50pt;\" height=\"18\">\u0130deal \u0130\u00e7in<\/td>\n<td>Zeytinya\u011f\u0131, sirke, soslar<\/td>\n<\/tr>\n<\/tbody>\n<\/table>\n<h2>Ger\u00e7ek D\u00fcnyadan Bir Ba\u015far\u0131 Hikayesi: \u0130lk Sipari\u015ften Sad\u0131k Bir Orta\u011fa<\/h2>\n<p>\u0130skandinav pazar\u0131na y\u00f6nelik \u00f6zel zeytinya\u011f\u0131 markam\u0131z olan Avrupal\u0131 \u200b\u200bm\u00fc\u015fterimiz, l\u00fcks g\u00f6r\u00fcn\u00fcml\u00fc ancak ayn\u0131 zamanda y\u00fcksek hacimli sevkiyatlar i\u00e7in dayan\u0131kl\u0131 bir cam ya\u011f da\u011f\u0131t\u0131c\u0131s\u0131na ihtiya\u00e7 duyuyordu. Siyah, damlatmayan bir kapakla birle\u015ftirilmi\u015f cam ya\u011f \u015fi\u015femizi tercih ettiler ve pazar\u0131 test etmek i\u00e7in ilk etapta 5.000 adetlik bir sipari\u015f verdiler. Ba\u015flang\u0131\u00e7ta, da\u011f\u0131t\u0131c\u0131n\u0131n damlatmayan \u00f6zelli\u011fi sayesinde hassas da\u011f\u0131t\u0131c\u0131 ya\u011f kullan\u0131m\u0131n\u0131 oran\u0131nda azaltt\u0131. \u00dc\u00e7 ay sonra tekrar sat\u0131n alma oranlar\u0131 artt\u0131 ve ard\u0131ndan d\u00f6rt sipari\u015f daha verdiler; bu da toplam sipari\u015f hacminin y\u0131ll\u0131k 300.000 \u015fi\u015feye ula\u015ft\u0131\u011f\u0131 anlam\u0131na geliyor.<\/p>\n<h2>\u00d6zel Ya\u011f Da\u011f\u0131t\u0131c\u0131 \u015ei\u015fe \u00d6nerileri<\/h2>\n<ul>\n<li>Kapasite \u0130\u015faretlemesi: \u0130\u015flevselli\u011fi art\u0131rmak i\u00e7in konteynerin yan taraf\u0131na kademeli i\u015faretler koyun.<\/li>\n<li>Renklendirme: \u015eeffaf cam\u0131n \u00fczerine ye\u015fil veya kehribar gibi bir renk uygulayarak farkl\u0131 bir g\u00f6r\u00fcn\u00fcm elde edebilirsiniz.<\/li>\n<li>Sprey Kaplama: Hem tutu\u015f kolayl\u0131\u011f\u0131 hem de \u015f\u0131kl\u0131k i\u00e7in \u015fi\u015fenin her yerine ince, dokulu bir kaplama uygulay\u0131n.<\/li>\n<li>\u00d6zel Kapak Rengi: Vidal\u0131 kapa\u011f\u0131n rengini markan\u0131z\u0131n renklerine g\u00f6re de\u011fi\u015ftirebilirsiniz; geni\u015f bir yelpazede kaplama se\u00e7ene\u011fi sunuyoruz.<\/li>\n<\/ul>","protected":false},"excerpt":{"rendered":"<p>Zarif metal a\u011f\u0131zl\u0131 ince cam ya\u011f \u015fi\u015fesi. Sade ama \u015f\u0131k, restoranlar ve toplu sipari\u015fler i\u00e7in ideal, h\u0131zl\u0131 kargo.<\/p>","protected":false},"featured_media":1601,"template":"","meta":{"postBodyCss":"","postBodyMargin":[],"postBodyPadding":[],"postBodyBackground":{"backgroundType":"classic","gradient":""}},"product_brand":[],"product_cat":[15,16,18],"product_tag":[],"class_list":{"0":"post-1592","1":"product","2":"type-product","3":"status-publish","4":"has-post-thumbnail","6":"product_cat-glass-containers","7":"product_cat-glass-bottles","8":"product_cat-glass-oil-bottles","10":"first","11":"instock","12":"shipping-taxable","13":"product-type-simple"},"jetpack_sharing_enabled":true,"_links":{"self":[{"href":"https:\/\/minghanggroup.com\/tr\/wp-json\/wp\/v2\/product\/1592","targetHints":{"allow":["GET"]}}],"collection":[{"href":"https:\/\/minghanggroup.com\/tr\/wp-json\/wp\/v2\/product"}],"about":[{"href":"https:\/\/minghanggroup.com\/tr\/wp-json\/wp\/v2\/types\/product"}],"wp:featuredmedia":[{"embeddable":true,"href":"https:\/\/minghanggroup.com\/tr\/wp-json\/wp\/v2\/media\/1601"}],"wp:attachment":[{"href":"https:\/\/minghanggroup.com\/tr\/wp-json\/wp\/v2\/media?parent=1592"}],"wp:term":[{"taxonomy":"product_brand","embeddable":true,"href":"https:\/\/minghanggroup.com\/tr\/wp-json\/wp\/v2\/product_brand?post=1592"},{"taxonomy":"product_cat","embeddable":true,"href":"https:\/\/minghanggroup.com\/tr\/wp-json\/wp\/v2\/product_cat?post=1592"},{"taxonomy":"product_tag","embeddable":true,"href":"https:\/\/minghanggroup.com\/tr\/wp-json\/wp\/v2\/product_tag?post=1592"}],"curies":[{"name":"wp","href":"https:\/\/api.w.org\/{rel}","templated":true}]}}