{"id":1471,"date":"2025-10-15T15:31:39","date_gmt":"2025-10-15T07:31:39","guid":{"rendered":"https:\/\/minghanggroup.com\/?post_type=product&#038;p=1471"},"modified":"2025-10-16T15:23:41","modified_gmt":"2025-10-16T07:23:41","slug":"wholesale-green-glass-olive-oil-dispensers-with-metal-lids","status":"publish","type":"product","link":"https:\/\/minghanggroup.com\/tr\/urun\/wholesale-green-glass-olive-oil-dispensers-with-metal-lids\/","title":{"rendered":"Toptan Ye\u015fil Cam Zeytinya\u011f\u0131 Da\u011f\u0131t\u0131c\u0131lar\u0131, Metal Kapakl\u0131, 250ml, 500ml, 750ml"},"content":{"rendered":"<p>Bu zeytinya\u011f\u0131 \u015fi\u015feleri, p\u00fcr\u00fczs\u00fcz, ince ve uzun silindirik bir \u015fekle sahip, \u015f\u0131k ye\u015fil camdan \u00fcretilmi\u015ftir ve siyah ve alt\u0131n kapaklarla mevcuttur. Farkl\u0131 boyutlarda mevcuttur.<\/p>\n<h2>\u00dcr\u00fcn \u00d6zellikleri<\/h2>\n<ul>\n<li><strong>Dahili UV Korumas\u0131:<\/strong> Ye\u015fil cam zeytinya\u011f\u0131n\u0131z\u0131 \u0131\u015f\u0131\u011fa kar\u015f\u0131 koruyucu g\u00f6revi g\u00f6r\u00fcr, b\u00f6ylece ya\u011f\u0131n\u0131z tazeli\u011fini korur ve daha uzun s\u00fcre kullan\u0131labilir.<\/li>\n<li><strong>\u0130nce Silindirik \u015eekil:<\/strong> Uzun silindirik \u015fekliyle \u015fi\u015fe hem \u015f\u0131k hem de kompakt oldu\u011fundan mutfakta kolayca sergilenebilir ve yerden tasarruf sa\u011flar.<\/li>\n<li><strong>\u00c7e\u015fitli Kapak Se\u00e7enekleri:<\/strong> Siyah, alt\u0131n ve di\u011fer renklerde bulunan kapaklar, kullan\u0131c\u0131lar\u0131n farkl\u0131 estetik zevklerine hitap etmesinin yan\u0131 s\u0131ra, kab\u0131n s\u0131k\u0131ca kapat\u0131ld\u0131\u011f\u0131n\u0131 da teyit ediyor.<\/li>\n<\/ul>\n<h2>Temel \u00d6zellikler<\/h2>\n<table style=\"border-collapse: collapse; margin-left: auto; margin-right: auto; width: 520.52pt;\" border=\"0\" width=\"694\" cellspacing=\"0\" cellpadding=\"0\">\n<tbody>\n<tr style=\"height: 13.50pt;\">\n<td style=\"height: 13.50pt; width: 103.50pt;\" width=\"138\" height=\"18\">\u00d6zellik<\/td>\n<td style=\"width: 417.00pt;\" width=\"556\">\u015eartname<\/td>\n<\/tr>\n<tr style=\"height: 13.50pt;\">\n<td style=\"height: 13.50pt;\" height=\"18\">Kapasite<\/td>\n<td>250ml 500ml 750ml<\/td>\n<\/tr>\n<tr style=\"height: 13.50pt;\">\n<td style=\"height: 13.50pt;\" height=\"18\">Boyutlar<\/td>\n<td>5,0\u00d723,2 cm, 6,1\u00d728,0 cm, 6,9\u00d730,9 cm<\/td>\n<\/tr>\n<tr style=\"height: 13.50pt;\">\n<td style=\"height: 13.50pt;\" height=\"18\">Boyun Boyutu<\/td>\n<td>19\u00d730mm vidal\u0131 boyun<\/td>\n<\/tr>\n<tr style=\"height: 13.50pt;\">\n<td style=\"height: 13.50pt;\" height=\"18\">Malzeme<\/td>\n<td>Ye\u015fil cam g\u00f6vde, metal kapak<\/td>\n<\/tr>\n<tr style=\"height: 13.50pt;\">\n<td style=\"height: 13.50pt;\" height=\"18\">\u015eekil<\/td>\n<td>Silindirik cam \u015fi\u015fe<\/td>\n<\/tr>\n<tr style=\"height: 13.50pt;\">\n<td style=\"height: 13.50pt;\" height=\"18\">Kapak Se\u00e7enekleri<\/td>\n<td>Siyah d\u00f6kme a\u011f\u0131z, alt\u0131n d\u00f6kme a\u011f\u0131z, sa\u011flam kapak<\/td>\n<\/tr>\n<tr style=\"height: 13.50pt;\">\n<td style=\"height: 13.50pt;\" height=\"18\">En \u0130yisi \u0130\u00e7in<\/td>\n<td>Zeytinya\u011f\u0131, sirke, yemeklik ya\u011flar<\/td>\n<\/tr>\n<tr style=\"height: 13.50pt;\">\n<td style=\"height: 13.50pt;\" height=\"18\">\u0130deal Kullan\u0131m<\/td>\n<td>Zeytinya\u011f\u0131 \u015fi\u015fesi, ya\u011f ve sirke \u015fi\u015feleri, yemeklik zeytinya\u011f\u0131 \u015fi\u015fesi<\/td>\n<\/tr>\n<\/tbody>\n<\/table>\n<h2>Ba\u015far\u0131 Hikayesi<\/h2>\n<p>ABD&#039;li bir butik zeytinya\u011f\u0131 ithalat\u00e7\u0131s\u0131, ye\u015fil kapakl\u0131 250 ml kare ye\u015fil cam \u015fi\u015felerimizi tercih etti ve ba\u015flang\u0131\u00e7ta 5.000 adetlik bir sipari\u015f verdi. \u00dc\u00e7 ay sonra ithalat\u00e7\u0131, \u00fcr\u00fcn\u00fcn \u00f6zel marketlerdeki sat\u0131\u015flar\u0131n\u0131n, \u00fcr\u00fcn\u00fcn \u00f6nceki lansman\u0131na k\u0131yasla artt\u0131\u011f\u0131n\u0131 bildirdi. 90 g\u00fcn i\u00e7inde al\u0131c\u0131lar\u0131n &#039;i \u00fcr\u00fcn\u00fc tekrar sat\u0131n ald\u0131. Bu ba\u015far\u0131n\u0131n sonucunda, 500 ml&#039;lik d\u00f6kme \u015fi\u015felerin y\u0131ll\u0131k ortalama sipari\u015f hacmi 200.000 adete ula\u015fan bir toptan sipari\u015f olu\u015fturuldu.<\/p>\n<h2>\u00d6zelle\u015ftirme \u00d6nerileri<\/h2>\n<ul>\n<li>Cam Renk \u015eiddeti: Cam rengini a\u00e7\u0131k ye\u015fil ile koyu safir ye\u015fili aras\u0131nda de\u011fi\u015ftirebilirsiniz.<\/li>\n<li>Mat Biti\u015f: Tam mat (asit-H) bir y\u00fczeye uygulanarak yumu\u015fak, mat bir doku ve sofistike, opak bir g\u00f6r\u00fcn\u00fcm elde edilebilir.<\/li>\n<li>Ambsced Logo: Marka logonuz, dokunsal, l\u00fcks ve birinci s\u0131n\u0131f bir dokunu\u015f i\u00e7in \u00fcretim s\u0131ras\u0131nda do\u011frudan cam\u0131n i\u00e7ine kal\u0131planabilir.<\/li>\n<li>Kimlik Renk Se\u00e7enekleri: Kimlik renginizi, markan\u0131z\u0131n renk paletine uyan veya onu tamamlayan bir renk k\u00fcmesinden (siyah, g\u00fcm\u00fc\u015f veya alt\u0131n gibi) se\u00e7in.<\/li>\n<li>\u00d6zel Kapak \u015eekli: Ambalaj\u0131n\u0131z\u0131n en dikkat \u00e7eken ve tan\u0131nan par\u00e7as\u0131 haline gelecek \u00f6zel bir kapak \u015fekli olu\u015fturman\u0131za yard\u0131mc\u0131 olal\u0131m.<\/li>\n<\/ul>\n<p>E\u011fer siz de \u015f\u0131k zeytinya\u011f\u0131 \u015fi\u015feleri yapt\u0131rmak istiyorsan\u0131z, toptan fiyat ve toplu kargo teklifi i\u00e7in l\u00fctfen bizimle ileti\u015fime ge\u00e7in.<\/p>","protected":false},"excerpt":{"rendered":"<p>Metal kapakl\u0131 bu ye\u015fil zeytinya\u011f\u0131 da\u011f\u0131t\u0131c\u0131lar\u0131. Birinci s\u0131n\u0131f camdan \u00fcretilmi\u015ftir, \u00e7e\u015fitli boyutlarda mevcuttur ve toptan sat\u0131\u015f i\u00e7in idealdir. \u00dccretsiz numuneler mevcuttur.<\/p>","protected":false},"featured_media":1501,"template":"","meta":{"postBodyCss":"","postBodyMargin":[],"postBodyPadding":[],"postBodyBackground":{"backgroundType":"classic","gradient":""}},"product_brand":[],"product_cat":[15,16,18],"product_tag":[],"class_list":{"0":"post-1471","1":"product","2":"type-product","3":"status-publish","4":"has-post-thumbnail","6":"product_cat-glass-containers","7":"product_cat-glass-bottles","8":"product_cat-glass-oil-bottles","10":"first","11":"instock","12":"shipping-taxable","13":"product-type-simple"},"jetpack_sharing_enabled":true,"_links":{"self":[{"href":"https:\/\/minghanggroup.com\/tr\/wp-json\/wp\/v2\/product\/1471","targetHints":{"allow":["GET"]}}],"collection":[{"href":"https:\/\/minghanggroup.com\/tr\/wp-json\/wp\/v2\/product"}],"about":[{"href":"https:\/\/minghanggroup.com\/tr\/wp-json\/wp\/v2\/types\/product"}],"wp:featuredmedia":[{"embeddable":true,"href":"https:\/\/minghanggroup.com\/tr\/wp-json\/wp\/v2\/media\/1501"}],"wp:attachment":[{"href":"https:\/\/minghanggroup.com\/tr\/wp-json\/wp\/v2\/media?parent=1471"}],"wp:term":[{"taxonomy":"product_brand","embeddable":true,"href":"https:\/\/minghanggroup.com\/tr\/wp-json\/wp\/v2\/product_brand?post=1471"},{"taxonomy":"product_cat","embeddable":true,"href":"https:\/\/minghanggroup.com\/tr\/wp-json\/wp\/v2\/product_cat?post=1471"},{"taxonomy":"product_tag","embeddable":true,"href":"https:\/\/minghanggroup.com\/tr\/wp-json\/wp\/v2\/product_tag?post=1471"}],"curies":[{"name":"wp","href":"https:\/\/api.w.org\/{rel}","templated":true}]}}