{"id":1449,"date":"2025-10-15T05:48:05","date_gmt":"2025-10-15T05:48:05","guid":{"rendered":"https:\/\/minghanggroup.com\/?post_type=product&#038;p=1449"},"modified":"2025-10-16T15:23:33","modified_gmt":"2025-10-16T07:23:33","slug":"wholesale-cylinder-kitchen-oil-dispensers-with-screw-lids","status":"publish","type":"product","link":"https:\/\/minghanggroup.com\/tr\/urun\/wholesale-cylinder-kitchen-oil-dispensers-with-screw-lids\/","title":{"rendered":"Toptan Vidal\u0131 Kapakl\u0131 Silindir Mutfak Ya\u011f\u0131 Dispenserleri 100ml 250ml 500ml 750ml"},"content":{"rendered":"<p>\u015eeffaf camdan \u00fcretilen bu mutfak ya\u011fdanl\u0131klar\u0131n\u0131n ak\u0131c\u0131, uzun ve dar silindirik bir g\u00f6vdesi vard\u0131r. Farkl\u0131 boyutlarda mevcuttur ve vidal\u0131 kapakl\u0131d\u0131r. Bu sayede minimalist stil ve mutfak pratikli\u011fi m\u00fckemmel bir uyum i\u00e7indedir.<\/p>\n<h2>\u00dcr\u00fcn \u00d6zellikleri<\/h2>\n<ul>\n<li><strong>\u0130nce Silindirik G\u00f6vde:<\/strong> \u015ei\u015felerin uzun silindirik g\u00f6vdesi mutfakta kolayca tutulup saklanabilmesini sa\u011flar, b\u00f6ylece yerden tasarruf sa\u011flar.<\/li>\n<li><strong>Vidal\u0131 Kapak Tasar\u0131m\u0131:<\/strong> Vidal\u0131 kapak \u00e7ift i\u015flevli bir kapakt\u0131r: Do\u011fru kapakla do\u011fru kullan\u0131ma olanak sa\u011flamas\u0131n\u0131n yan\u0131 s\u0131ra s\u0131k\u0131 bir s\u0131zd\u0131rmazl\u0131k sa\u011flar ve ya\u011f\u0131n oksitlenmesini \u00f6nler.<\/li>\n<li><strong>Birden Fazla Boyut Mevcuttur:<\/strong> G\u00fcnl\u00fck ev kullan\u0131m\u0131n\u0131z veya k\u00fc\u00e7\u00fck partiler i\u00e7in en uygun boyutu belirlemenize yard\u0131mc\u0131 olacak d\u00f6rt farkl\u0131 boyutta \u015fi\u015fe bulunmaktad\u0131r.<\/li>\n<\/ul>\n<h2>Temel \u00d6zellikler<\/h2>\n<table style=\"border-collapse: collapse; margin-left: auto; margin-right: auto; width: 473.27pt;\" border=\"0\" width=\"631\" cellspacing=\"0\" cellpadding=\"0\">\n<tbody>\n<tr style=\"height: 13.50pt;\">\n<td style=\"height: 13.50pt; width: 103.50pt;\" width=\"138\" height=\"18\">\u00d6zellik<\/td>\n<td style=\"width: 369.75pt;\" width=\"493\">\u015eartname<\/td>\n<\/tr>\n<tr style=\"height: 13.50pt;\">\n<td style=\"height: 13.50pt;\" height=\"18\">Kapasite<\/td>\n<td>100ml, 250ml, 500ml, 750ml<\/td>\n<\/tr>\n<tr style=\"height: 13.50pt;\">\n<td style=\"height: 13.50pt;\" height=\"18\">Boyutlar<\/td>\n<td>4,5\u00d715,0 cm, 5,0\u00d723,2 cm, 6,1\u00d728,0 cm, 6,9\u00d731,2 cm<\/td>\n<\/tr>\n<tr style=\"height: 13.50pt;\">\n<td style=\"height: 13.50pt;\" height=\"18\">Boyun Boyutu<\/td>\n<td>17\u00d729mm vidal\u0131 boyun<\/td>\n<\/tr>\n<tr style=\"height: 13.50pt;\">\n<td style=\"height: 13.50pt;\" height=\"18\">Malzeme<\/td>\n<td>\u015eeffaf cam g\u00f6vde, metal kapak<\/td>\n<\/tr>\n<tr style=\"height: 13.50pt;\">\n<td style=\"height: 13.50pt;\" height=\"18\">\u015eekil<\/td>\n<td>Silindirik cam \u015fi\u015fe<\/td>\n<\/tr>\n<tr style=\"height: 13.50pt;\">\n<td style=\"height: 13.50pt;\" height=\"18\">Kapak Se\u00e7enekleri<\/td>\n<td>Siyah, alt\u0131n, ye\u015fil d\u00f6kme a\u011f\u0131zlar\u0131 veya sa\u011flam kapaklar<\/td>\n<\/tr>\n<tr style=\"height: 13.50pt;\">\n<td style=\"height: 13.50pt;\" height=\"18\">En \u0130yisi \u0130\u00e7in<\/td>\n<td>Zeytinya\u011f\u0131, sirke, yemeklik ya\u011flar<\/td>\n<\/tr>\n<tr style=\"height: 13.50pt;\">\n<td style=\"height: 13.50pt;\" height=\"18\">\u0130deal Kullan\u0131m<\/td>\n<td>Mutfak ya\u011f\u0131 da\u011f\u0131t\u0131c\u0131s\u0131, ya\u011f \u015fi\u015feleri, yemeklik ya\u011f \u015fi\u015fesi<\/td>\n<\/tr>\n<\/tbody>\n<\/table>\n<h2>Ba\u015far\u0131 Hikayesi<\/h2>\n<p>Avrupal\u0131 \u200b\u200b\u00f6zel g\u0131da da\u011f\u0131t\u0131mc\u0131s\u0131, yeni el yap\u0131m\u0131 zeytinya\u011f\u0131 serisi i\u00e7in benzersiz bir cam \u015fi\u015fe aray\u0131\u015f\u0131ndayd\u0131. 500 ml kare ya\u011f da\u011f\u0131t\u0131c\u0131m\u0131z, siyah vidal\u0131 kapa\u011f\u0131m\u0131z ve alt\u0131n damgal\u0131 logomuzu tercih ettiler. 10.000 \u015fi\u015felik s\u0131n\u0131rl\u0131 \u00fcretim serisinin ard\u0131ndan \u00fcr\u00fcne g\u00f6sterilen ilgi m\u00fckemmeldi. Da\u011f\u0131t\u0131mc\u0131, perakende m\u00fc\u015fterilerinin tekrar sat\u0131n alma oranlar\u0131nda art\u0131\u015f ve s\u0131z\u0131nt\u0131 \u015fikayetlerinde azalma oldu\u011funu belirtti. Bu ba\u015far\u0131, 10.000 \u015fi\u015felik d\u00fczenli \u00fc\u00e7 ayl\u0131k toptan sipari\u015flerin al\u0131nmas\u0131n\u0131 sa\u011flad\u0131 ve bu da cam \u015fi\u015fenin gurme ambalaj serisinin temel \u00fcr\u00fcnlerinden biri olmas\u0131n\u0131 sa\u011flad\u0131.<\/p>\n<h2>Cam Ya\u011f \u015ei\u015feleri \u00d6zelle\u015ftirme \u00d6nerileri<\/h2>\n<ul>\n<li>Renklendirme: Sadece UV korumas\u0131 i\u00e7in de\u011fil, ayn\u0131 zamanda \u00fcr\u00fcn\u00fcn g\u00f6r\u00fcn\u00fcm\u00fc i\u00e7in de \u015feffaf cama hafif ye\u015fil veya kehribar rengi bir renk verebilirsiniz.<\/li>\n<li>Serigrafi Bask\u0131: Logonuzu veya tasar\u0131m\u0131n\u0131z\u0131 cam \u00fczerine tasarlaman\u0131n en moda ve kal\u0131c\u0131 yolu, onu do\u011frudan cam\u0131n \u00fczerine basmakt\u0131r.<\/li>\n<li>\u00d6zel Boyut: K\u00fc\u00e7\u00fck bir mutfak i\u00e7in 100 mL&#039;lik bir \u015fi\u015fe veya ticari toplu depolama i\u00e7in b\u00fcy\u00fck bir 1000 mL&#039;lik \u015fi\u015fe istiyorsan\u0131z, sizin boyutunuzu yapabiliriz.<\/li>\n<li>\u0130\u00e7 Kaplama: Baz\u0131 ya\u011flara i\u00e7 kaplama eklenmesi, ya\u011f\u0131n lezzetini ve i\u00e7eri\u011finin b\u00fct\u00fcnl\u00fc\u011f\u00fcn\u00fc daha fazla koruman\u0131n bir y\u00f6ntemi olabilir.<\/li>\n<\/ul>\n<p>Marka imaj\u0131n\u0131z\u0131 g\u00fc\u00e7lendirmek i\u00e7in bu kullan\u0131\u015fl\u0131 da\u011f\u0131t\u0131c\u0131y\u0131 kullanmak ister misiniz? L\u00fctfen bize bildirin, size rekabet\u00e7i fiyatlarla toptan ve toplu g\u00f6nderim teklifi sunmaktan mutluluk duyar\u0131z.<\/p>","protected":false},"excerpt":{"rendered":"<p>\u0130nce tasar\u0131ml\u0131, dayan\u0131kl\u0131 ve g\u00fcnl\u00fck kullan\u0131ma uygun, \u015feffaf cam mutfak ya\u011f\u0131 da\u011f\u0131t\u0131c\u0131s\u0131. Toplu sipari\u015flerde h\u0131zl\u0131 kargo ve \u00fccretsiz numune mevcuttur.<\/p>","protected":false},"featured_media":1465,"template":"","meta":{"postBodyCss":"","postBodyMargin":[],"postBodyPadding":[],"postBodyBackground":{"backgroundType":"classic","gradient":""}},"product_brand":[],"product_cat":[15,16,18],"product_tag":[],"class_list":{"0":"post-1449","1":"product","2":"type-product","3":"status-publish","4":"has-post-thumbnail","6":"product_cat-glass-containers","7":"product_cat-glass-bottles","8":"product_cat-glass-oil-bottles","10":"first","11":"instock","12":"shipping-taxable","13":"product-type-simple"},"jetpack_sharing_enabled":true,"_links":{"self":[{"href":"https:\/\/minghanggroup.com\/tr\/wp-json\/wp\/v2\/product\/1449","targetHints":{"allow":["GET"]}}],"collection":[{"href":"https:\/\/minghanggroup.com\/tr\/wp-json\/wp\/v2\/product"}],"about":[{"href":"https:\/\/minghanggroup.com\/tr\/wp-json\/wp\/v2\/types\/product"}],"wp:featuredmedia":[{"embeddable":true,"href":"https:\/\/minghanggroup.com\/tr\/wp-json\/wp\/v2\/media\/1465"}],"wp:attachment":[{"href":"https:\/\/minghanggroup.com\/tr\/wp-json\/wp\/v2\/media?parent=1449"}],"wp:term":[{"taxonomy":"product_brand","embeddable":true,"href":"https:\/\/minghanggroup.com\/tr\/wp-json\/wp\/v2\/product_brand?post=1449"},{"taxonomy":"product_cat","embeddable":true,"href":"https:\/\/minghanggroup.com\/tr\/wp-json\/wp\/v2\/product_cat?post=1449"},{"taxonomy":"product_tag","embeddable":true,"href":"https:\/\/minghanggroup.com\/tr\/wp-json\/wp\/v2\/product_tag?post=1449"}],"curies":[{"name":"wp","href":"https:\/\/api.w.org\/{rel}","templated":true}]}}