{"id":1417,"date":"2025-10-15T03:24:25","date_gmt":"2025-10-15T03:24:25","guid":{"rendered":"https:\/\/minghanggroup.com\/?post_type=product&#038;p=1417"},"modified":"2025-10-16T15:23:25","modified_gmt":"2025-10-16T07:23:25","slug":"bulk-unique-curved-glass-cooking-oil-bottles-with-handle","status":"publish","type":"product","link":"https:\/\/minghanggroup.com\/tr\/urun\/bulk-unique-curved-glass-cooking-oil-bottles-with-handle\/","title":{"rendered":"Toplu Benzersiz Kavisli Cam Yemeklik Ya\u011f \u015ei\u015feleri Sapl\u0131 100ml 250ml 500ml"},"content":{"rendered":"<p>Ayr\u0131nt\u0131l\u0131 olarak, bu ya\u011f \u015fi\u015feleri, g\u00f6rsel olarak \u00e7ekici ve kullan\u0131m\u0131 rahat olan benzersiz kabartmal\u0131 tasar\u0131m\u0131 vurgulamak i\u00e7in \u015feffaf camdan tasarlanm\u0131\u015ft\u0131r. Ayr\u0131ca, kay\u0131\u015fs\u0131z d\u00f6kme i\u00e7in sa\u011flam bir cam sapa sahiptirler. Farkl\u0131 boyutlarda ve baz\u0131lar\u0131 farkl\u0131 kapak stillerinde sunulan bu \u015fi\u015feler, ya\u011f\u0131 ho\u015f bir \u015fekilde muhafaza ederken mutfa\u011f\u0131n\u0131za da \u015f\u0131k bir hava katar.<\/p>\n<h2>\u00dcr\u00fcn \u00d6zellikleri<\/h2>\n<ul>\n<li class=\" translation-block\"><strong>Ay\u0131rt Edici Kavisli G\u00f6vde:<\/strong> Kavisli y\u00fckseltilmi\u015f tasar\u0131m sadece g\u00fczel bir \u015fekil vermekle kalmaz, ayn\u0131 zamanda belirli bir kayma direnci de sa\u011flar.<\/li>\n<li class=\" translation-block\"><strong>Cam Sap:<\/strong> \u015e\u0131k cam sap\u0131 rahat tutu\u015f ve kolay d\u00f6kme imkan\u0131 sunar.<\/li>\n<li class=\" translation-block\"><strong>\u00c7e\u015fitli \u015ei\u015fe A\u00e7\u0131l\u0131m Stilleri<\/strong>: Bir kapak, kolay saklama i\u00e7in kapa\u011f\u0131 kapat\u0131rken, a\u00e7\u0131k \u00fcst k\u0131s\u0131m h\u0131zl\u0131 d\u00f6kmeye olanak tan\u0131r ve b\u00f6ylece \u00e7e\u015fitli mutfak ihtiya\u00e7lar\u0131n\u0131 kar\u015f\u0131lar.<\/li>\n<\/ul>\n<h2>Temel \u00d6zellikler<\/h2>\n<table style=\"border-collapse: collapse; margin-left: auto; margin-right: auto; width: 473.27pt;\" border=\"0\" width=\"631\" cellspacing=\"0\" cellpadding=\"0\">\n<tbody>\n<tr style=\"height: 13.50pt;\">\n<td style=\"height: 13.50pt; width: 103.50pt;\" width=\"138\" height=\"18\">\u00d6zellik<\/td>\n<td style=\"width: 369.75pt;\" width=\"493\">\u015eartname<\/td>\n<\/tr>\n<tr style=\"height: 13.50pt;\">\n<td style=\"height: 13.50pt;\" height=\"18\">Kapasite<\/td>\n<td>100ml, 250ml, 500ml<\/td>\n<\/tr>\n<tr style=\"height: 13.50pt;\">\n<td style=\"height: 13.50pt;\" height=\"18\">Boyutlar<\/td>\n<td>5,4\u00d713,9 cm, 7,1\u00d717,3 cm, 8,8\u00d721,9 cm<\/td>\n<\/tr>\n<tr style=\"height: 13.50pt;\">\n<td style=\"height: 13.50pt;\" height=\"18\">Malzeme<\/td>\n<td>\u015eeffaf cam g\u00f6vde ve sap, metal kapak<\/td>\n<\/tr>\n<tr style=\"height: 13.50pt;\">\n<td style=\"height: 13.50pt;\" height=\"18\">\u015eekil<\/td>\n<td>Kavisli g\u00f6vde<\/td>\n<\/tr>\n<tr style=\"height: 13.50pt;\">\n<td style=\"height: 13.50pt;\" height=\"18\">Kapak Se\u00e7enekleri<\/td>\n<td>Ye\u015fil d\u00f6kme a\u011fz\u0131, siyah vidal\u0131 kapak, a\u00e7\u0131k \u00fcst<\/td>\n<\/tr>\n<tr style=\"height: 13.50pt;\">\n<td style=\"height: 13.50pt;\" height=\"18\">En \u0130yisi \u0130\u00e7in<\/td>\n<td>Zeytinya\u011f\u0131, sirke, yemeklik ya\u011flar, mutfak ya\u011f\u0131<\/td>\n<\/tr>\n<tr style=\"height: 13.50pt;\">\n<td style=\"height: 13.50pt;\" height=\"18\">\u0130deal Kullan\u0131m<\/td>\n<td>Yemeklik ya\u011f da\u011f\u0131t\u0131c\u0131s\u0131, ya\u011f kaplar\u0131, mutfak ya\u011f\u0131 \u015fi\u015feleri<\/td>\n<\/tr>\n<\/tbody>\n<\/table>\n<h2>Ba\u015far\u0131 Hikayesi: Gurme Marka Y\u00fckseliyor<\/h2>\n<p>Seattle&#039;da bulunan \u00f6zel g\u0131da perakende da\u011f\u0131t\u0131mc\u0131s\u0131 orta\u011f\u0131m\u0131z, \u00f6zg\u00fcn bir cam ya\u011f \u015fi\u015fesi aray\u0131\u015f\u0131ndayd\u0131 ve sonunda \u00f6zel siyah vidal\u0131 kapakl\u0131 250 ml kare cam \u015fi\u015femize karar verdi. Zarif kare tasar\u0131m\u0131 ve \u015feffaf cam kapa\u011f\u0131yla marka bilinirlikleri an\u0131nda artt\u0131. Yeni ambalaj\u0131n lansman\u0131ndan sonra sat\u0131\u015f hacmi alt\u0131 ayda artt\u0131. T\u00fcketiciler, \u015fi\u015fenin d\u00f6kme i\u015flemi s\u0131ras\u0131nda m\u00fckemmel dengelenmi\u015f ve damlatmayan bir \u015fi\u015fe oldu\u011funu belirtti. Ya\u011f t\u00fcketimi azald\u0131 ve bu da her biri 10.000 \u015fi\u015felik \u00fc\u00e7 sipari\u015f daha vermelerine ve \u015fi\u015fe yelpazemizi kendi el yap\u0131m\u0131 sirke serilerine de ekleyerek, birbiriyle uyumlu tam bir ya\u011f ve sirke seti olu\u015fturmalar\u0131na yol a\u00e7t\u0131.<\/p>\n<h2>\u00dcr\u00fcne \u00d6zel \u00d6zelle\u015ftirme Fikirleri<\/h2>\n<ul>\n<li>Kapak Rengi: Vidal\u0131 kapa\u011f\u0131n\u0131z\u0131n rengini, marka kimli\u011finizle uyumlu bir \u015fekilde harmanlayan \u00e7e\u015fitli renklerden (siyah, alt\u0131n, g\u00fcm\u00fc\u015f veya ye\u015fil gibi) se\u00e7ebilirsiniz.<\/li>\n<li>\u200b\u200bSerigrafi Bask\u0131: \u200b\u200bKal\u0131c\u0131 ve dayan\u0131kl\u0131 bir bask\u0131 t\u00fcr\u00fc i\u00e7in logonuzu veya tasar\u0131m\u0131n\u0131z\u0131 m\u00fcrekkep kullanarak do\u011frudan cam\u0131n \u00fczerine bas\u0131n.<\/li>\n<li>Gelecek Marka Ba\u015f Harfleri \u2013 Cam\u0131n alt k\u0131sm\u0131na yak\u0131n bir yerden kal\u0131playarak marka logosunu veya ba\u015f harflerini olu\u015fturun.<\/li>\n<li>Kabartmal\u0131 Logo: Ekstra l\u00fcks bir his sa\u011flamak i\u00e7in logonuzu cam kulp veya tabana ince bir \u015fekilde kabartmal\u0131 olarak yazd\u0131rmay\u0131 neden d\u00fc\u015f\u00fcnm\u00fcyorsunuz?<\/li>\n<li>\u200b\u200bKapak Malzemesi:\u200b\u200b \u00d6rne\u011fin, farkl\u0131 zeytinya\u011f\u0131 t\u00fcrlerinin en iyi \u015fekilde s\u0131zd\u0131rmazl\u0131\u011f\u0131 i\u00e7in \u00f6zel bir malzeme kullanarak vidal\u0131 kapa\u011f\u0131n i\u00e7 k\u0131sm\u0131n\u0131 \u00f6zelle\u015ftirmek isteyebilirsiniz.<\/li>\n<\/ul>\n<p>Do\u011frudan tedarik\u00e7iniz ve orijinal \u00fcreticiniz olarak, bu konseptleri ger\u00e7e\u011fe d\u00f6n\u00fc\u015ft\u00fcrebiliriz. Bu \u015f\u0131k ve kullan\u0131\u015fl\u0131 cam ya\u011f \u015fi\u015fesi i\u00e7in toptan sat\u0131\u015f ihtiya\u00e7lar\u0131n\u0131z hakk\u0131nda neden konu\u015fmuyoruz?<\/p>","protected":false},"excerpt":{"rendered":"<p>Sapl\u0131 ve kavisli tasar\u0131ma sahip benzersiz cam ya\u011f \u015fi\u015feleri. Yemeklik ya\u011f i\u00e7in m\u00fckemmeldir ve toptan \u00f6zelle\u015ftirmeye uygundur. \u00dccretsiz numune mevcuttur.<\/p>","protected":false},"featured_media":1441,"template":"","meta":{"postBodyCss":"","postBodyMargin":[],"postBodyPadding":[],"postBodyBackground":{"backgroundType":"classic","gradient":""}},"product_brand":[],"product_cat":[15,16,18],"product_tag":[],"class_list":{"0":"post-1417","1":"product","2":"type-product","3":"status-publish","4":"has-post-thumbnail","6":"product_cat-glass-containers","7":"product_cat-glass-bottles","8":"product_cat-glass-oil-bottles","10":"first","11":"instock","12":"shipping-taxable","13":"product-type-simple"},"jetpack_sharing_enabled":true,"_links":{"self":[{"href":"https:\/\/minghanggroup.com\/tr\/wp-json\/wp\/v2\/product\/1417","targetHints":{"allow":["GET"]}}],"collection":[{"href":"https:\/\/minghanggroup.com\/tr\/wp-json\/wp\/v2\/product"}],"about":[{"href":"https:\/\/minghanggroup.com\/tr\/wp-json\/wp\/v2\/types\/product"}],"wp:featuredmedia":[{"embeddable":true,"href":"https:\/\/minghanggroup.com\/tr\/wp-json\/wp\/v2\/media\/1441"}],"wp:attachment":[{"href":"https:\/\/minghanggroup.com\/tr\/wp-json\/wp\/v2\/media?parent=1417"}],"wp:term":[{"taxonomy":"product_brand","embeddable":true,"href":"https:\/\/minghanggroup.com\/tr\/wp-json\/wp\/v2\/product_brand?post=1417"},{"taxonomy":"product_cat","embeddable":true,"href":"https:\/\/minghanggroup.com\/tr\/wp-json\/wp\/v2\/product_cat?post=1417"},{"taxonomy":"product_tag","embeddable":true,"href":"https:\/\/minghanggroup.com\/tr\/wp-json\/wp\/v2\/product_tag?post=1417"}],"curies":[{"name":"wp","href":"https:\/\/api.w.org\/{rel}","templated":true}]}}