{"id":1396,"date":"2025-10-15T02:10:22","date_gmt":"2025-10-15T02:10:22","guid":{"rendered":"https:\/\/minghanggroup.com\/?post_type=product&#038;p=1396"},"modified":"2026-03-02T13:51:24","modified_gmt":"2026-03-02T05:51:24","slug":"40-600ml-custom-glass-mason-jar-with-handle-for-drinking","status":"publish","type":"product","link":"https:\/\/minghanggroup.com\/tr\/urun\/40-600ml-custom-glass-mason-jar-with-handle-for-drinking\/","title":{"rendered":"40-600 ml \u0130\u00e7me Suyu \u0130\u00e7in Sapl\u0131 \u00d6zel Cam Kavanoz"},"content":{"rendered":"<p>So\u011fuk demleme kahveniz sade bir fincandan daha fazlas\u0131n\u0131 hak ediyor! \u0130\u00e7ece\u011finizi birinci s\u0131n\u0131f g\u00f6sterecek ve zahmetsiz hissettirecek sapl\u0131 cam kavanozlar tasarl\u0131yoruz. Bu sapl\u0131 cam kavanozlar, klasik \u015f\u0131kl\u0131\u011f\u0131 modern pratiklikle bir araya getiriyor; kahve d\u00fckkanlar\u0131, smoothie barlar\u0131 veya bir sonraki en \u00e7ok satan projeniz i\u00e7in m\u00fckemmel.<\/p>\n<h2>\u00dcr\u00fcn \u00d6zellikleri<\/h2>\n<ol>\n<li><strong>Rahat Sap Tasar\u0131m\u0131:<\/strong>Kal\u0131nla\u015ft\u0131r\u0131lm\u0131\u015f cam sap\u0131 d\u00f6kmeyi kolayla\u015ft\u0131r\u0131r, kaymay\u0131 ve d\u00f6k\u00fclmeyi \u00f6nler.<\/li>\n<li><strong>G\u00fcvenli M\u00fch\u00fcr:<\/strong>Standart a\u011f\u0131zl\u0131 Mason kavanozu tasar\u0131m\u0131, standart a\u011f\u0131zl\u0131 Mason kavanoz kapaklar\u0131yla m\u00fckemmel uyum sa\u011flar. S\u0131k\u0131n, saklay\u0131n ve rahat bir uyku \u00e7ekin.<\/li>\n<li><strong>G\u00f6r\u00fcn\u00fcr Kalite:<\/strong>\u015eeffaf cam, i\u00e7ece\u011finizin canl\u0131 rengini ortaya \u00e7\u0131kar\u0131r; m\u00fc\u015fteriler tad\u0131na bakmadan \u00f6nce bile kalitesini g\u00f6rebilirler.<\/li>\n<li><strong>\u00c7e\u015fitli Boyut Se\u00e7enekleri:<\/strong>40 ml&#039;lik numunelerden 600 ml&#039;lik toplu \u015fi\u015felere kadar, kulplu bu cam Mason kavanozlar\u0131 ihtiya\u00e7lar\u0131n\u0131za uygun bir \u015feye sahiptir.<\/li>\n<\/ol>\n<h2>Temel \u00d6zellikler<\/h2>\n<table style=\"border-collapse: collapse; width: 80%; margin-left: auto; margin-right: auto;\" border=\"0\" width=\"291\" cellspacing=\"0\" cellpadding=\"0\">\n<tbody>\n<tr style=\"height: 13.50pt;\">\n<td class=\"et2\" style=\"height: 13.5pt; width: 56.25pt; text-align: center;\" width=\"75\" height=\"18\">Model<\/td>\n<td class=\"et2\" style=\"width: 54pt; text-align: center;\" width=\"72\">Kapasite(ml)<\/td>\n<td class=\"et2\" style=\"width: 54pt; text-align: center;\" width=\"72\">Boyutlar(cm)<\/td>\n<td class=\"et2\" style=\"width: 54pt; text-align: center;\" width=\"72\">\u015eekil<\/td>\n<\/tr>\n<tr style=\"height: 13.50pt;\">\n<td class=\"et2\" style=\"height: 13.5pt; text-align: center;\" height=\"18\">63004054<\/td>\n<td class=\"et2\" style=\"text-align: center;\">40<\/td>\n<td class=\"et2\" style=\"text-align: center;\">4.9&#215;3.6&#215;6.1<\/td>\n<td class=\"et2\" style=\"text-align: center;\" rowspan=\"7\">Sapl\u0131<\/td>\n<\/tr>\n<tr style=\"height: 13.50pt;\">\n<td class=\"et2\" style=\"height: 13.5pt; text-align: center;\" height=\"18\">63013055<\/td>\n<td class=\"et2\" style=\"text-align: center;\">130<\/td>\n<td class=\"et2\" style=\"text-align: center;\">7.4&#215;5.4&#215;8.4<\/td>\n<\/tr>\n<tr style=\"height: 13.50pt;\">\n<td class=\"et2\" style=\"height: 13.5pt; text-align: center;\" height=\"18\">63020056<\/td>\n<td class=\"et2\" style=\"text-align: center;\">200<\/td>\n<td class=\"et2\" style=\"text-align: center;\">8,4\u00d76,0x10,3<\/td>\n<\/tr>\n<tr style=\"height: 13.50pt;\">\n<td class=\"et2\" style=\"height: 13.5pt; text-align: center;\" height=\"18\">63030057<\/td>\n<td class=\"et2\" style=\"text-align: center;\">300<\/td>\n<td class=\"et2\" style=\"text-align: center;\">&#8211;<\/td>\n<\/tr>\n<tr style=\"height: 13.50pt;\">\n<td class=\"et2\" style=\"height: 13.5pt; text-align: center;\" height=\"18\">63040058<\/td>\n<td class=\"et2\" style=\"text-align: center;\">400<\/td>\n<td class=\"et2\" style=\"text-align: center;\">&#8211;<\/td>\n<\/tr>\n<tr style=\"height: 13.50pt;\">\n<td class=\"et2\" style=\"height: 13.5pt; text-align: center;\" height=\"18\">63048059<\/td>\n<td class=\"et2\" style=\"text-align: center;\">480<\/td>\n<td class=\"et2\" style=\"text-align: center;\">10.7&#215;7.8&#215;13.2<\/td>\n<\/tr>\n<tr style=\"height: 13.50pt;\">\n<td class=\"et2\" style=\"height: 13.5pt; text-align: center;\" height=\"18\">63060060<\/td>\n<td class=\"et2\" style=\"text-align: center;\">600<\/td>\n<td class=\"et2\" style=\"text-align: center;\">12.4&#215;8.8&#215;14.5<\/td>\n<\/tr>\n<\/tbody>\n<\/table>\n<h2>Ba\u015far\u0131 \u00d6rne\u011fi<\/h2>\n<p>Pop\u00fcler bir \u00f6zellik: Kaliforniya&#039;daki Coffee Shop, so\u011fuk demleme kahve ambalajlar\u0131n\u0131 yeniden tasarlamak i\u00e7in bizimle i\u015f birli\u011fi yapt\u0131. \u00dcr\u00fcn\u00fcn g\u00f6r\u00fcn\u00fcrl\u00fc\u011f\u00fcn\u00fc art\u0131rmak i\u00e7in dayan\u0131kl\u0131, y\u00fcksek k\u0131y\u0131lm\u0131\u015f soda-leopar cam\u0131ndan yap\u0131lm\u0131\u015f, kulplu \u00f6zel 200 mL&#039;lik cam kavanozlar tasarlad\u0131k. Ayr\u0131ca, so\u011fuk demlemelerinin tazeli\u011fini ve tad\u0131n\u0131 koruyan s\u0131zd\u0131rmaz bir conta olu\u015fturmak i\u00e7in g\u00fcm\u00fc\u015f metal etiketler ve silikon astarlar se\u00e7tiler. Markay\u0131 daha da g\u00fc\u00e7lendirmek i\u00e7in, kavanozlar\u0131n alt\u0131na minimum kahve d\u00fckkan\u0131 logosunu kaz\u0131d\u0131k ve mevsimlik cerrahlar\u0131 i\u00e7in buzlu ve kehribar rengi bir kaplama sunduk. Coffee Shop, yeni bir \u00fcr\u00fcn piyasaya s\u00fcrd\u00fckten sonra, sadece bir ayda so\u011fuk demleme sat\u0131\u015flar\u0131nda gibi \u00f6nemli bir art\u0131\u015f g\u00f6rd\u00fc.<\/p>\n<h2>\u00d6zelle\u015ftirme \u0130pu\u00e7lar\u0131n\u0131z<\/h2>\n<p>\u0130\u00e7ece\u011finiz s\u0131radan bir kap de\u011fil, ilgi oda\u011f\u0131 olmay\u0131 hak ediyor. Mason kavanozlar\u0131n\u0131 logonuz, renkleriniz, benzersiz a\u011f\u0131z tasar\u0131mlar\u0131n\u0131z ve hatta kulplar\u0131n\u0131zla \u00f6zelle\u015ftiriyoruz. \u0130\u015fletmeniz i\u00e7in 40 ml&#039;lik numune kavanozlar\u0131na m\u0131 ihtiyac\u0131n\u0131z var? H\u0131zl\u0131 kargolama yap\u0131yoruz. Kulplu cam kavanozunuz s\u0131radan bir ambalaj par\u00e7as\u0131ndan \u00e7ok daha fazlas\u0131; g\u00f6z al\u0131c\u0131, en \u00e7ok satan bir sonraki \u00fcr\u00fcn\u00fcn\u00fcz. Birlikte ger\u00e7ekle\u015ftirelim.<\/p>\n<p>&nbsp;<\/p>","protected":false},"excerpt":{"rendered":"<p>Sapl\u0131 dayan\u0131kl\u0131 \u015feffaf cam kavanozlar, so\u011fuk i\u00e7ecekler, smoothieler veya kahveler i\u00e7in m\u00fckemmeldir. Bu sapl\u0131 cam kavanozlar, kafeler ve etkinlikler i\u00e7in de uygundur. \u00d6zel kapaklar ve logo bask\u0131s\u0131 mevcuttur.<\/p>","protected":false},"featured_media":1398,"template":"","meta":{"postBodyCss":"","postBodyMargin":[],"postBodyPadding":[],"postBodyBackground":{"backgroundType":"classic","gradient":""}},"product_brand":[],"product_cat":[15,17,19],"product_tag":[95,72],"class_list":{"0":"post-1396","1":"product","2":"type-product","3":"status-publish","4":"has-post-thumbnail","6":"product_cat-glass-containers","7":"product_cat-glass-jars","8":"product_cat-glass-mason-jars","9":"product_tag-coffee-tumblers","10":"product_tag-juice-bottles","12":"first","13":"instock","14":"shipping-taxable","15":"product-type-simple"},"jetpack_sharing_enabled":true,"_links":{"self":[{"href":"https:\/\/minghanggroup.com\/tr\/wp-json\/wp\/v2\/product\/1396","targetHints":{"allow":["GET"]}}],"collection":[{"href":"https:\/\/minghanggroup.com\/tr\/wp-json\/wp\/v2\/product"}],"about":[{"href":"https:\/\/minghanggroup.com\/tr\/wp-json\/wp\/v2\/types\/product"}],"wp:featuredmedia":[{"embeddable":true,"href":"https:\/\/minghanggroup.com\/tr\/wp-json\/wp\/v2\/media\/1398"}],"wp:attachment":[{"href":"https:\/\/minghanggroup.com\/tr\/wp-json\/wp\/v2\/media?parent=1396"}],"wp:term":[{"taxonomy":"product_brand","embeddable":true,"href":"https:\/\/minghanggroup.com\/tr\/wp-json\/wp\/v2\/product_brand?post=1396"},{"taxonomy":"product_cat","embeddable":true,"href":"https:\/\/minghanggroup.com\/tr\/wp-json\/wp\/v2\/product_cat?post=1396"},{"taxonomy":"product_tag","embeddable":true,"href":"https:\/\/minghanggroup.com\/tr\/wp-json\/wp\/v2\/product_tag?post=1396"}],"curies":[{"name":"wp","href":"https:\/\/api.w.org\/{rel}","templated":true}]}}