{"id":1331,"date":"2025-10-14T03:43:53","date_gmt":"2025-10-14T03:43:53","guid":{"rendered":"https:\/\/minghanggroup.com\/?post_type=product&#038;p=1331"},"modified":"2025-10-16T15:23:06","modified_gmt":"2025-10-16T07:23:06","slug":"wholesale-transparent-glass-oil-bottles-with-metal-pourers","status":"publish","type":"product","link":"https:\/\/minghanggroup.com\/tr\/urun\/wholesale-transparent-glass-oil-bottles-with-metal-pourers\/","title":{"rendered":"Toptan \u015eeffaf Cam Ya\u011f \u015ei\u015feleri, Metal D\u00f6kme A\u011f\u0131zl\u0131, 150ml, 250ml, 500ml"},"content":{"rendered":"<p>Cam ya\u011f \u015fi\u015feleri, \u015f\u0131k dikd\u00f6rtgen formda \u00fcretilmi\u015f \u015feffaf camdan yap\u0131lm\u0131\u015ft\u0131r. Bu \u015fi\u015felere, g\u00fcm\u00fc\u015f, alt\u0131n ve g\u00fcm\u00fc\u015f siyah\u0131 metal d\u00f6k\u00fcm b\u00f6lmesiyle \u015f\u0131k bir g\u00f6r\u00fcn\u00fcm kazand\u0131r\u0131lm\u0131\u015ft\u0131r. Ayr\u0131ca, farkl\u0131 boyutlarda mevcut olan \u015fi\u015feler, i\u00e7lerinde alt\u0131n ya\u011flar\u0131 sergilemek i\u00e7in m\u00fckemmel bir kap olu\u015fturduklar\u0131 i\u00e7in kullan\u0131\u015fl\u0131 ve \u00e7ekicidir.<\/p>\n<h2>\u00dcr\u00fcn \u00d6zellikleri<\/h2>\n<ul>\n<li><strong>\u00c7oklu Musluk Se\u00e7enekleri:<\/strong> Bu seri, kullan\u0131c\u0131ya kendi tarz\u0131na ve tercihine uygun olan\u0131 se\u00e7me \u00f6zg\u00fcrl\u00fc\u011f\u00fc tan\u0131r. Ayr\u0131ca, s\u0131k\u0131 bir s\u0131zd\u0131rmazl\u0131k ile basit bir d\u00f6kme \u00f6zelli\u011fi sa\u011flar.<\/li>\n<li><strong>\u00c7oklu Boyutlar:<\/strong> Bu \u015fi\u015feler m\u00fc\u015fterilerin kendilerine en uygun olan\u0131 se\u00e7ebilmeleri i\u00e7in \u00fc\u00e7 farkl\u0131 boyutta \u00fcretiliyor.<\/li>\n<li><strong>Dikd\u00f6rtgen \u015eeffaf:<\/strong> Camdan yap\u0131lm\u0131\u015f bu \u015feffaf ve \u015f\u0131k dikd\u00f6rtgen \u015fi\u015fe, mutfa\u011f\u0131n\u0131z i\u00e7in harika bir yer tasarrufu fikridir.<\/li>\n<\/ul>\n<h2>Temel \u00d6zellikler<\/h2>\n<table style=\"border-collapse: collapse; margin-left: auto; margin-right: auto; width: 424.52pt;\" border=\"0\" width=\"566\" cellspacing=\"0\" cellpadding=\"0\">\n<tbody>\n<tr style=\"height: 13.50pt;\">\n<td style=\"height: 13.50pt; width: 109.50pt;\" width=\"146\" height=\"18\">\u00d6zellik<\/td>\n<td style=\"width: 315.00pt;\" width=\"420\">\u015eartname<\/td>\n<\/tr>\n<tr style=\"height: 13.50pt;\">\n<td style=\"height: 13.50pt;\" height=\"18\">Boyutlar<\/td>\n<td>4,8\u00d74,8\u00d715,8 cm, 4,7\u00d74,7\u00d721,0 cm, 5,8\u00d75,8\u00d726,1 cm<\/td>\n<\/tr>\n<tr style=\"height: 13.50pt;\">\n<td style=\"height: 13.50pt;\" height=\"18\">Kapasite<\/td>\n<td>100ml, 250ml, 500ml<\/td>\n<\/tr>\n<tr style=\"height: 13.50pt;\">\n<td style=\"height: 13.50pt;\" height=\"18\">Malzeme<\/td>\n<td>\u015eeffaf cam g\u00f6vde, paslanmaz \u00e7elik ve PP a\u011f\u0131z<\/td>\n<\/tr>\n<tr style=\"height: 13.50pt;\">\n<td style=\"height: 13.50pt;\" height=\"18\">\u015eekil<\/td>\n<td>Kare cam \u015fi\u015fe<\/td>\n<\/tr>\n<tr style=\"height: 13.50pt;\">\n<td style=\"height: 13.50pt;\" height=\"18\">Musluk Se\u00e7enekleri<\/td>\n<td>G\u00fcm\u00fc\u015f, alt\u0131n, g\u00fcm\u00fc\u015f-siyah (damlamayan)<\/td>\n<\/tr>\n<tr style=\"height: 13.50pt;\">\n<td style=\"height: 13.50pt;\" height=\"18\">En \u0130yisi \u0130\u00e7in<\/td>\n<td>Zeytinya\u011f\u0131, sirke, yemeklik ya\u011flar, soslar<\/td>\n<\/tr>\n<tr style=\"height: 13.50pt;\">\n<td style=\"height: 13.50pt;\" height=\"18\">\u0130deal Kullan\u0131m<\/td>\n<td>Cam ya\u011f \u015fi\u015feleri, sirke \u015fi\u015feleri<\/td>\n<\/tr>\n<\/tbody>\n<\/table>\n<h2>Ger\u00e7ek Sonu\u00e7lar<\/h2>\n<p>Kuzey Amerika&#039;da bulunan bir zeytinya\u011f\u0131 markas\u0131, kaliteli zeytinya\u011f\u0131 i\u00e7in ambalajlama zorlu\u011fuyla kar\u015f\u0131 kar\u015f\u0131ya kald\u0131 ve alt\u0131n vidal\u0131 d\u00f6kme a\u011f\u0131zl\u0131 500 ml kare cam \u015fi\u015felerimize ge\u00e7meye karar verdi. Ba\u015flang\u0131\u00e7ta 1.200 \u015fi\u015felik toptan sipari\u015f verdiler ve sonu\u00e7tan \u00e7ok memnun kald\u0131lar. \u0130lk olarak, a\u011f\u0131z tasar\u0131m\u0131n\u0131n hassasiyeti damlatmay\u0131 \u00f6nl\u00fcyor ve dolay\u0131s\u0131yla daha az at\u0131k \u00fcretiliyor; bir m\u00fc\u015fteri sadece ayda 90 dolar de\u011ferinde zeytinya\u011f\u0131 tasarrufu sa\u011flayabilece\u011fini iddia etti. \u0130kinci olarak, \u015feffafl\u0131k, \u00e7al\u0131\u015fanlar\u0131n stoklar\u0131n azald\u0131\u011f\u0131n\u0131 g\u00f6rsel olarak tespit etmesine yard\u0131mc\u0131 oluyor ve b\u00f6ylece ma\u011fazalara son dakika stresli ko\u015fu\u015fturmalardan kurtuluyorlar. M\u00fc\u015fterilerden gelen geri bildirimler o kadar iyiydi ki, sat\u0131\u015flar artt\u0131 ve 11 ay sonra 300.000 \u015fi\u015felik bir sipari\u015f daha verildi.<\/p>\n<h2>Cam Ya\u011f \u015ei\u015fesi \u00d6zelle\u015ftirme<\/h2>\n<ul>\n<li>Lazer-Kazma Logolar\u0131 - Logonuzu cama yakarak farkl\u0131 bir g\u00f6r\u00fcn\u00fcm elde edin. Kal\u0131c\u0131 ve y\u00fcksek kalitelidir. Ayr\u0131ca, etiket y\u0131kamadan dolay\u0131 bozulsa bile i\u015fe yarar.<\/li>\n<li>Buzlu derecelendirme i\u015faretleri: Cam y\u00fczeye bas\u0131lmak yerine k\u00fc\u00e7\u00fck derecelendirme numaralar\u0131 (\u00f6rne\u011fin, 50 mL, 100 mL, 250 mL), kullan\u0131c\u0131lar\u0131n yemek pi\u015firme veya f\u0131r\u0131nlama i\u00e7in kullan\u0131lan ya\u011flar\u0131 kolayca ve do\u011fru bir \u015fekilde \u00f6l\u00e7ebilmelerini sa\u011flar.<\/li>\n<li>Mat Cam Kaplama: \u00d6zellikle ya\u011f \u015fi\u015felerinin genellikle personel taraf\u0131ndan kontrol edildi\u011fi ticari mutfaklarda parmak izi olu\u015fumunu azaltmak i\u00e7in \u015feffaf cam\u0131 mat bir kaplama ile kaplay\u0131n.<\/li>\n<li>Dokulu Taban \u2013 Alt k\u0131sm\u0131na metalik halkalar veya g\u00fcne\u015f patlamas\u0131 deseni ekleyin. Sa\u011flam bir his veriyor. Sanki yarat\u0131c\u0131s\u0131 tasarlarken kullan\u0131c\u0131y\u0131 d\u00fc\u015f\u00fcnm\u00fc\u015f gibi.<\/li>\n<\/ul>","protected":false},"excerpt":{"rendered":"<p>Bu zarif cam ya\u011f \u015fi\u015fesi, dikd\u00f6rtgen bir \u015fekle ve y\u00fcksek kaliteli bir a\u011f\u0131zl\u0131\u011fa sahiptir. H\u0131zl\u0131 kargo, \u00fccretsiz numuneler ve mutfak markalar\u0131 i\u00e7in m\u00fckemmeldir.<\/p>","protected":false},"featured_media":1393,"template":"","meta":{"postBodyCss":"","postBodyMargin":[],"postBodyPadding":[],"postBodyBackground":{"backgroundType":"classic","gradient":""}},"product_brand":[],"product_cat":[15,16,18],"product_tag":[],"class_list":{"0":"post-1331","1":"product","2":"type-product","3":"status-publish","4":"has-post-thumbnail","6":"product_cat-glass-containers","7":"product_cat-glass-bottles","8":"product_cat-glass-oil-bottles","10":"first","11":"instock","12":"shipping-taxable","13":"product-type-simple"},"jetpack_sharing_enabled":true,"_links":{"self":[{"href":"https:\/\/minghanggroup.com\/tr\/wp-json\/wp\/v2\/product\/1331","targetHints":{"allow":["GET"]}}],"collection":[{"href":"https:\/\/minghanggroup.com\/tr\/wp-json\/wp\/v2\/product"}],"about":[{"href":"https:\/\/minghanggroup.com\/tr\/wp-json\/wp\/v2\/types\/product"}],"wp:featuredmedia":[{"embeddable":true,"href":"https:\/\/minghanggroup.com\/tr\/wp-json\/wp\/v2\/media\/1393"}],"wp:attachment":[{"href":"https:\/\/minghanggroup.com\/tr\/wp-json\/wp\/v2\/media?parent=1331"}],"wp:term":[{"taxonomy":"product_brand","embeddable":true,"href":"https:\/\/minghanggroup.com\/tr\/wp-json\/wp\/v2\/product_brand?post=1331"},{"taxonomy":"product_cat","embeddable":true,"href":"https:\/\/minghanggroup.com\/tr\/wp-json\/wp\/v2\/product_cat?post=1331"},{"taxonomy":"product_tag","embeddable":true,"href":"https:\/\/minghanggroup.com\/tr\/wp-json\/wp\/v2\/product_tag?post=1331"}],"curies":[{"name":"wp","href":"https:\/\/api.w.org\/{rel}","templated":true}]}}