{"id":1330,"date":"2025-10-14T09:43:39","date_gmt":"2025-10-14T09:43:39","guid":{"rendered":"https:\/\/minghanggroup.com\/?post_type=product&#038;p=1330"},"modified":"2026-01-20T14:30:11","modified_gmt":"2026-01-20T06:30:11","slug":"100-480ml-small-glass-mason-jars-with-aluminum-lids-for-honey-food-packaging","status":"publish","type":"product","link":"https:\/\/minghanggroup.com\/tr\/urun\/100-480ml-small-glass-mason-jars-with-aluminum-lids-for-honey-food-packaging\/","title":{"rendered":"Bal ve G\u0131da Ambalaj\u0131 i\u00e7in Al\u00fcminyum Kapakl\u0131 100-480 ml K\u00fc\u00e7\u00fck Cam Kavanozlar"},"content":{"rendered":"<p>Bal\u0131n\u0131z saklanmay\u0131 de\u011fil, parlamay\u0131 hak ediyor. \u00dcr\u00fcn\u00fcn\u00fcz\u00fcn kristal berrakl\u0131\u011f\u0131ndaki camdan bile \u00f6ne \u00e7\u0131kmas\u0131n\u0131 sa\u011flayan k\u00fc\u00e7\u00fck cam kavanozlar \u00fcretiyoruz. Bu klasik kaplar, zamans\u0131z tasar\u0131m\u0131 ciddi i\u015flevsellikle bir araya getiriyor; bal, sos veya mum projeleri i\u00e7in m\u00fckemmel. Markan\u0131z\u0131 \u00f6ne \u00e7\u0131karan g\u00fcvenli kapaklar ve \u00f6zel se\u00e7enekler sunuyoruz.<\/p>\n<p>\u00dcr\u00fcn \u00d6zellikleri<\/p>\n<ol>\n<li><strong>Klasik D\u00fcz Tasar\u0131m:<\/strong>Temiz \u00e7izgiler, bal\u0131n\u0131z\u0131n her rafta birinci s\u0131n\u0131f g\u00f6r\u00fcnmesini sa\u011flar; burada s\u0131k\u0131c\u0131 plastik yok.<\/li>\n<li><strong>G\u00fcvenli Vidal\u0131 Kapak:<\/strong>Standart a\u011f\u0131zl\u0131 kavanoz kapa\u011f\u0131, standart a\u011f\u0131zl\u0131 kavanoz kapaklar\u0131na m\u00fckemmel uyum sa\u011flar. Vidalay\u0131n, saklay\u0131n, s\u0131z\u0131nt\u0131lar\u0131 unutun.<\/li>\n<li><strong>Kal\u0131n \u015eeffaf Cam:<\/strong>Kal\u0131n ve \u015feffaf cam, bal\u0131n daha uzun s\u00fcre taze kalmas\u0131n\u0131 sa\u011flar; endi\u015felenecek kimyasal madde yoktur.<\/li>\n<li><strong>Her Proje \u0130\u00e7in M\u00fckemmel:<\/strong>100 ml numunelerden 480 ml toplu depolamaya kadar, bal kavanozu \u00e7\u00f6z\u00fcm\u00fcn\u00fcz var.<\/li>\n<\/ol>\n<h2>Temel \u00d6zellikler<\/h2>\n<table style=\"border-collapse: collapse; width: 80%; margin-left: auto; margin-right: auto;\" border=\"0\" width=\"288\" cellspacing=\"0\" cellpadding=\"0\">\n<tbody>\n<tr style=\"height: 13.50pt;\">\n<td class=\"et2\" style=\"height: 13.5pt; width: 54pt; text-align: center;\" width=\"72\" height=\"18\">Model<\/td>\n<td style=\"width: 54pt; text-align: center;\" width=\"72\">Kapasite(ml)<\/td>\n<td style=\"width: 54pt; text-align: center;\" width=\"72\">Boyutlar(cm)<\/td>\n<td style=\"width: 54pt; text-align: center;\" width=\"72\">\u015eekil<\/td>\n<\/tr>\n<tr style=\"height: 13.50pt;\">\n<td style=\"height: 13.5pt; text-align: center;\" align=\"right\" height=\"18\">63010050<\/td>\n<td style=\"text-align: center;\" align=\"right\">100<\/td>\n<td style=\"text-align: center;\">7.4&#215;4.2<\/td>\n<td class=\"et2\" style=\"text-align: center;\" rowspan=\"4\">D\u00fcmd\u00fcz<\/td>\n<\/tr>\n<tr style=\"height: 13.50pt;\">\n<td style=\"height: 13.5pt; text-align: center;\" align=\"right\" height=\"18\">63028051<\/td>\n<td style=\"text-align: center;\" align=\"right\">280<\/td>\n<td style=\"text-align: center;\">7.4&#215;9.5<\/td>\n<\/tr>\n<tr style=\"height: 13.50pt;\">\n<td style=\"height: 13.5pt; text-align: center;\" align=\"right\" height=\"18\">63035052<\/td>\n<td style=\"text-align: center;\" align=\"right\">350<\/td>\n<td style=\"text-align: center;\">7.4&#215;12.0<\/td>\n<\/tr>\n<tr style=\"height: 13.50pt;\">\n<td style=\"height: 13.5pt; text-align: center;\" align=\"right\" height=\"18\">63048053<\/td>\n<td style=\"text-align: center;\" align=\"right\">480<\/td>\n<td style=\"text-align: center;\">7.4&#215;15.0<\/td>\n<\/tr>\n<\/tbody>\n<\/table>\n<h2>Ba\u015far\u0131 \u00d6rne\u011fi<\/h2>\n<p>Avustralyal\u0131 butik bir bal markas\u0131, \u00f6zenle haz\u0131rlanm\u0131\u015f ballar\u0131n\u0131n ambalaj\u0131n\u0131 iyile\u015ftirmemiz i\u00e7in bize ba\u015fvurdu. \u00dcr\u00fcnlerinin do\u011fal alt\u0131n rengini vurgulayacak, tazeli\u011fini koruyacak ve premium marka imajlar\u0131n\u0131 g\u00fc\u00e7lendirecek bir bal kavanozu istiyorlard\u0131. Y\u00fcksek \u00e7\u00f6z\u00fcn\u00fcrl\u00fckl\u00fc, g\u0131da s\u0131n\u0131f\u0131 camdan \u00fcretilen bu 100 ml&#039;lik k\u00fc\u00e7\u00fck cam kavanozlar\u0131, do\u011fal \u0131\u015f\u0131kta bal\u0131n s\u0131cak rengini m\u00fckemmel bir \u015fekilde yans\u0131tacak \u015fekilde \u00f6zelle\u015ftirdik. Ayr\u0131ca, bal\u0131n saf ve taze kal\u0131rken g\u00fczel g\u00f6r\u00fcnmesini sa\u011flamak i\u00e7in hava ge\u00e7irmez silikon astarl\u0131 alt\u0131n rengi, \u00e7evirmeli metal kapaklar se\u00e7tik.<\/p>\n<p>Yeni ambalaj\u0131n uygulanmas\u0131ndan sonraki \u00fc\u00e7 ay i\u00e7inde sat\u0131\u015flar artt\u0131. Marka art\u0131k ayl\u0131k olarak toplu olarak \u00f6zel bal kavanozlar\u0131 sat\u0131n al\u0131yor ve y\u0131lba\u015f\u0131 hediyeleri i\u00e7in mini numune kavanozlar\u0131 ve hediye kutular\u0131 \u00fcretmeye ba\u015flad\u0131.<\/p>\n<h2>\u00d6zelle\u015ftirme \u0130pu\u00e7lar\u0131n\u0131z<\/h2>\n<p>K\u00fc\u00e7\u00fck cam kavanozlar\u0131m\u0131z, \u00fcr\u00fcn\u00fcn\u00fcz\u00fc her rafta ilgi oda\u011f\u0131 haline getiriyor. Bal kavanozunuzun \u00f6ne \u00e7\u0131kmas\u0131n\u0131 m\u0131 istiyorsunuz? Logonuz, renkleriniz veya hatta \u00f6zel a\u011f\u0131z tasar\u0131mlar\u0131n\u0131zla \u00f6zel bal kavanozlar\u0131 \u00fcretiyoruz. \u00c7ift\u00e7i pazarlar\u0131 i\u00e7in 100 ml&#039;lik numune kavanozlar\u0131na m\u0131 ihtiyac\u0131n\u0131z var? Bal kavanozunuz sadece bir saklama kab\u0131 de\u011fil; parlamay\u0131 bekleyen bir sonraki en \u00e7ok satan \u00fcr\u00fcn\u00fcn\u00fcz. Haydi, bunu ger\u00e7ekle\u015ftirelim.<\/p>","protected":false},"excerpt":{"rendered":"<p>\u0130\u015fletmeler i\u00e7in \u00e7ok y\u00f6nl\u00fc k\u00fc\u00e7\u00fck cam kavanozlar ve bal kavanozlar\u0131. G\u0131da, el sanatlar\u0131, kozmetik ve kendin yap i\u015fleri i\u00e7in idealdir. Toptan sat\u0131\u015f fiyatlar\u0131 mevcuttur.<\/p>","protected":false},"featured_media":1384,"template":"","meta":{"postBodyCss":"","postBodyMargin":[],"postBodyPadding":[],"postBodyBackground":{"backgroundType":"classic","gradient":""}},"product_brand":[],"product_cat":[15,17,52],"product_tag":[80,65,72,69],"class_list":{"0":"post-1330","1":"product","2":"type-product","3":"status-publish","4":"has-post-thumbnail","6":"product_cat-glass-containers","7":"product_cat-glass-jars","8":"product_cat-glass-honey-jars","9":"product_tag-caviar-jars","10":"product_tag-glass-jam-jars","11":"product_tag-juice-bottles","12":"product_tag-storage-jars","14":"first","15":"instock","16":"shipping-taxable","17":"product-type-simple"},"jetpack_sharing_enabled":true,"_links":{"self":[{"href":"https:\/\/minghanggroup.com\/tr\/wp-json\/wp\/v2\/product\/1330","targetHints":{"allow":["GET"]}}],"collection":[{"href":"https:\/\/minghanggroup.com\/tr\/wp-json\/wp\/v2\/product"}],"about":[{"href":"https:\/\/minghanggroup.com\/tr\/wp-json\/wp\/v2\/types\/product"}],"wp:featuredmedia":[{"embeddable":true,"href":"https:\/\/minghanggroup.com\/tr\/wp-json\/wp\/v2\/media\/1384"}],"wp:attachment":[{"href":"https:\/\/minghanggroup.com\/tr\/wp-json\/wp\/v2\/media?parent=1330"}],"wp:term":[{"taxonomy":"product_brand","embeddable":true,"href":"https:\/\/minghanggroup.com\/tr\/wp-json\/wp\/v2\/product_brand?post=1330"},{"taxonomy":"product_cat","embeddable":true,"href":"https:\/\/minghanggroup.com\/tr\/wp-json\/wp\/v2\/product_cat?post=1330"},{"taxonomy":"product_tag","embeddable":true,"href":"https:\/\/minghanggroup.com\/tr\/wp-json\/wp\/v2\/product_tag?post=1330"}],"curies":[{"name":"wp","href":"https:\/\/api.w.org\/{rel}","templated":true}]}}