{"id":1325,"date":"2025-10-14T03:26:01","date_gmt":"2025-10-14T03:26:01","guid":{"rendered":"https:\/\/minghanggroup.com\/?post_type=product&#038;p=1325"},"modified":"2025-10-16T15:23:15","modified_gmt":"2025-10-16T07:23:15","slug":"wholesale-rectangular-green-olive-oil-bottles","status":"publish","type":"product","link":"https:\/\/minghanggroup.com\/tr\/urun\/wholesale-rectangular-green-olive-oil-bottles\/","title":{"rendered":"Toptan Dikd\u00f6rtgen Ye\u015fil Zeytinya\u011f\u0131 \u015ei\u015feleri 500ml 750ml 1000ml"},"content":{"rendered":"<p>Ye\u015fil camdan \u00fcretilen bu zeytinya\u011f\u0131 \u015fi\u015feleri, siyah, alt\u0131n ve ye\u015fil kapaklar\u0131yla uyumlu, sade ve dikd\u00f6rtgen bir tasar\u0131ma sahiptir. Farkl\u0131 boyutlarda sunulan bu \u015fi\u015feler, \u015f\u0131kl\u0131k ve sadeli\u011fin m\u00fckemmel uyumunu temsil eder ve mutfa\u011f\u0131n\u0131z\u0131 hem g\u00fczelle\u015ftirir hem de renklendirir.<\/p>\n<h2>\u00dcr\u00fcn \u00d6zellikleri<\/h2>\n<ul>\n<li><strong>Dayan\u0131kl\u0131 Ye\u015fil Cam Yap\u0131s\u0131:<\/strong> Ye\u015fil cam\u0131n g\u00f6revi zeytinya\u011f\u0131n\u0131n orijinal kalitesini kaybetmesine neden olabilecek UV \u0131\u015f\u0131nlar\u0131n\u0131 filtrelemektir, bu sayede \u00fcr\u00fcn\u00fcn\u00fcz daha uzun s\u00fcre taze kal\u0131r ve iyi bir saklama alan\u0131 ve te\u015fhirle uyumludur.<\/li>\n<li><strong>Kare Tasar\u0131m:<\/strong> Dikd\u00f6rtgen \u015fekli sayesinde \u015fi\u015feler, di\u011fer mutfak e\u015fyalar\u0131yla m\u00fckemmel ve \u015f\u0131k bir uyum sa\u011flar ve bo\u015fken \u00fcst \u00fcste istiflenebildikleri i\u00e7in yerden de olduk\u00e7a tasarruf sa\u011flar. Art\u0131k tezgah veya kiler alan\u0131 israf olmayacak!<\/li>\n<li><strong>\u00c7e\u015fitli \u015eapka Stilleri:<\/strong> Kapaklar\u0131n siyah, alt\u0131n, ye\u015fil ve di\u011fer renklerde bulunmas\u0131, insanlar\u0131n farkl\u0131 stil ve be\u011fenilerine hitap ederken ayn\u0131 zamanda kapan\u0131\u015f\u0131n g\u00fcvenli\u011fini de sa\u011fl\u0131yor.<\/li>\n<\/ul>\n<h2>Temel \u00d6zellikler<\/h2>\n<table style=\"border-collapse: collapse; margin-left: auto; margin-right: auto; width: 477.77pt;\" border=\"0\" width=\"637\" cellspacing=\"0\" cellpadding=\"0\">\n<tbody>\n<tr style=\"height: 13.50pt;\">\n<td style=\"height: 13.50pt; width: 99.75pt;\" width=\"133\" height=\"18\">\u00d6zellik<\/td>\n<td style=\"width: 378.00pt;\" width=\"504\">\u015eartname<\/td>\n<\/tr>\n<tr style=\"height: 13.50pt;\">\n<td style=\"height: 13.50pt;\" height=\"18\">Boyutlar<\/td>\n<td>5,8\u00d75,8\u00d726,4 cm, 6,5\u00d76,5\u00d730,2 cm, 7,4\u00d77,4\u00d730,0 cm<\/td>\n<\/tr>\n<tr style=\"height: 13.50pt;\">\n<td style=\"height: 13.50pt;\" height=\"18\">Boyun Boyutu<\/td>\n<td>19\u00d730mm vida di\u015fi<\/td>\n<\/tr>\n<tr style=\"height: 13.50pt;\">\n<td style=\"height: 13.50pt;\" height=\"18\">Malzeme<\/td>\n<td>Ye\u015fil cam g\u00f6vde, metal kapak<\/td>\n<\/tr>\n<tr style=\"height: 13.50pt;\">\n<td style=\"height: 13.50pt;\" height=\"18\">\u015eekil<\/td>\n<td>Kare cam \u015fi\u015fe<\/td>\n<\/tr>\n<tr style=\"height: 13.50pt;\">\n<td style=\"height: 13.50pt;\" height=\"18\">Kapak Se\u00e7enekleri<\/td>\n<td>Siyah, alt\u0131n, ye\u015fil (plastik veya metal)<\/td>\n<\/tr>\n<tr style=\"height: 13.50pt;\">\n<td style=\"height: 13.50pt;\" height=\"18\">En \u0130yisi \u0130\u00e7in<\/td>\n<td>Zeytinya\u011f\u0131, sirke, yemeklik ya\u011flar, soslar<\/td>\n<\/tr>\n<tr style=\"height: 13.50pt;\">\n<td style=\"height: 13.50pt;\" height=\"18\">\u0130deal Kullan\u0131m<\/td>\n<td>Ye\u015fil ya\u011f \u015fi\u015fesi, sirke \u015fi\u015feleri, yemeklik ya\u011f \u015fi\u015feleri<\/td>\n<\/tr>\n<\/tbody>\n<\/table>\n<h2>Pratik Etki<\/h2>\n<p>Napa Vadisi&#039;ndeki l\u00fcks bir zeytinya\u011f\u0131 \u00fcreticisi bir ikilemle kar\u015f\u0131 kar\u015f\u0131yayd\u0131. Mevcut \u015feffaf cam \u015fi\u015feleri zeytinya\u011f\u0131n\u0131n kalitesine katk\u0131da bulunmuyordu ve m\u00fc\u015fteriler ambalaj\u0131n g\u00f6rsel y\u00f6n\u00fcne giderek daha fazla dikkat etmeye ba\u015fl\u0131yordu. Camdan yap\u0131lm\u0131\u015f yeni ye\u015fil ya\u011f \u015fi\u015feleri serimizi tercih ettiler - alt\u0131n vidal\u0131 kapakl\u0131 750 ml kare \u015fi\u015fe. 1.000 adetlik ilk sipari\u015fleri i\u00e7in kendilerinden \u00e7ok olumlu tepkiler ald\u0131k. \u00d6zel ma\u011fazalardaki zeytinya\u011f\u0131 sat\u0131\u015flar\u0131 artt\u0131 - ye\u015fil cam \u015fi\u015felerin esteti\u011fi t\u00fcketicileri onlara a\u015f\u0131k etti ve ayr\u0131ca ya\u011f\u0131 taze tutacaklar\u0131ndan emin oldular. Hava ge\u00e7irmez kapak, ya\u011f\u0131n a\u00e7\u0131ld\u0131ktan sonra kirlenmesini \u00f6nledi, b\u00f6ylece depolama verimlili\u011fi artt\u0131. Be\u015f ay sonra, m\u00fc\u015fteriler kendilerine teslim edilmek \u00fczere 250.000 \u015fi\u015felik bir sipari\u015f daha verdiler.<\/p>\n<h2>\u00d6zel Cam Zeytinya\u011f\u0131 \u015ei\u015fesi Tasar\u0131mlar\u0131<\/h2>\n<ul>\n<li><strong>Buzlu Mezuniyet \u0130\u015faretleri:<\/strong> T\u00fcketicilerin yemek pi\u015firme veya f\u0131r\u0131nlama s\u0131ras\u0131nda ya\u011f kullan\u0131m\u0131n\u0131 azaltmalar\u0131n\u0131 kolayla\u015ft\u0131rmak i\u00e7in cam\u0131n \u00fczerine net ve kesin \u00e7izgiler (\u00f6rne\u011fin 100 ml, 250 ml, 500 ml) kaz\u0131y\u0131n.<\/li>\n<li><strong>Lazer Kaz\u0131ma Logo veya Tasar\u0131m:<\/strong> Marka kimli\u011finizi vurgulamak i\u00e7in marka ad\u0131n\u0131z\u0131 cam\u0131n \u00fczerine yazd\u0131r\u0131n. Dayan\u0131kl\u0131, \u015f\u0131k ve bula\u015f\u0131k makinesinde y\u0131kanabilir.<\/li>\n<li><strong>Koyu Ye\u015fil:<\/strong> Cam ambalaj\u0131n\u0131za daha yo\u011fun veya daha koyu bir ye\u015fil tonu uygulay\u0131n; bu hem daha ho\u015f bir g\u00f6r\u00fcn\u00fcm kazand\u0131racak hem de UV koruma seviyesini art\u0131racakt\u0131r.<\/li>\n<li><strong>Kabartmal\u0131 Hacim \u0130\u015faretleri:<\/strong> \u015ei\u015fenin cam\u0131nda &#034;750 ml&#034; veya &#034;1 L&#034; hacimli inf\u00fczyon bulunur. Bu, \u015fi\u015fenin parlakl\u0131\u011f\u0131n\u0131 art\u0131r\u0131r ve i\u015faretleme \u015fi\u015felemeyi kolayla\u015ft\u0131r\u0131r.<\/li>\n<\/ul>\n<p>&nbsp;<\/p>","protected":false},"excerpt":{"rendered":"<p>Dikd\u00f6rtgen tasar\u0131ml\u0131 ye\u015fil cam zeytinya\u011f\u0131 \u015fi\u015feleri \u00fc\u00e7 farkl\u0131 boyutta mevcuttur. Zeytinya\u011f\u0131 veya yemeklik ya\u011f i\u00e7in idealdir. Toplu al\u0131mlar i\u00e7in fikirler. \u00dccretsiz numuneler.<\/p>","protected":false},"featured_media":1329,"template":"","meta":{"postBodyCss":"","postBodyMargin":[],"postBodyPadding":[],"postBodyBackground":{"backgroundType":"classic","gradient":""}},"product_brand":[],"product_cat":[15,16,18],"product_tag":[],"class_list":{"0":"post-1325","1":"product","2":"type-product","3":"status-publish","4":"has-post-thumbnail","6":"product_cat-glass-containers","7":"product_cat-glass-bottles","8":"product_cat-glass-oil-bottles","10":"first","11":"instock","12":"shipping-taxable","13":"product-type-simple"},"jetpack_sharing_enabled":true,"_links":{"self":[{"href":"https:\/\/minghanggroup.com\/tr\/wp-json\/wp\/v2\/product\/1325","targetHints":{"allow":["GET"]}}],"collection":[{"href":"https:\/\/minghanggroup.com\/tr\/wp-json\/wp\/v2\/product"}],"about":[{"href":"https:\/\/minghanggroup.com\/tr\/wp-json\/wp\/v2\/types\/product"}],"wp:featuredmedia":[{"embeddable":true,"href":"https:\/\/minghanggroup.com\/tr\/wp-json\/wp\/v2\/media\/1329"}],"wp:attachment":[{"href":"https:\/\/minghanggroup.com\/tr\/wp-json\/wp\/v2\/media?parent=1325"}],"wp:term":[{"taxonomy":"product_brand","embeddable":true,"href":"https:\/\/minghanggroup.com\/tr\/wp-json\/wp\/v2\/product_brand?post=1325"},{"taxonomy":"product_cat","embeddable":true,"href":"https:\/\/minghanggroup.com\/tr\/wp-json\/wp\/v2\/product_cat?post=1325"},{"taxonomy":"product_tag","embeddable":true,"href":"https:\/\/minghanggroup.com\/tr\/wp-json\/wp\/v2\/product_tag?post=1325"}],"curies":[{"name":"wp","href":"https:\/\/api.w.org\/{rel}","templated":true}]}}