{"id":1317,"date":"2025-10-13T08:50:27","date_gmt":"2025-10-13T08:50:27","guid":{"rendered":"https:\/\/minghanggroup.com\/?post_type=product&#038;p=1317"},"modified":"2026-01-20T14:23:52","modified_gmt":"2026-01-20T06:23:52","slug":"wide-mouth-mason-jars-with-lids-custom-glass-containers-220-480ml","status":"publish","type":"product","link":"https:\/\/minghanggroup.com\/tr\/urun\/wide-mouth-mason-jars-with-lids-custom-glass-containers-220-480ml\/","title":{"rendered":"Kapakl\u0131 Geni\u015f A\u011f\u0131zl\u0131 Mason Kavanozlar \u2013 \u00d6zel Cam Kaplar 220-480 ml"},"content":{"rendered":"<p>En sevdi\u011finiz \u00fcr\u00fcnleri s\u0131k\u0131c\u0131 kaplarda saklamay\u0131 b\u0131rak\u0131n! Geni\u015f a\u011f\u0131zl\u0131 kapakl\u0131 kavanozumuz, bal, sos ve mumlar\u0131n\u0131z\u0131 kar\u015f\u0131 konulmaz hale getiriyor. Bu kapakl\u0131 cam kavanozlar, klasik \u015f\u0131kl\u0131\u011f\u0131 i\u015flevsellikle bir araya getiriyor; bir sonraki en \u00e7ok satan projeniz i\u00e7in m\u00fckemmel.<\/p>\n<h2>\u00dcr\u00fcn \u00d6zellikleri<\/h2>\n<ol>\n<li><strong>Geni\u015f A\u011f\u0131zl\u0131 Harika:<\/strong>Bal\u0131 d\u00f6k\u00fclmeden d\u00f6k\u00fcn; geni\u015f a\u011f\u0131z her kapa\u011fa m\u00fckemmel uyum sa\u011flar. Da\u011f\u0131n\u0131k doldurmaya elveda!<\/li>\n<li><strong>Kristal Berrakl\u0131\u011f\u0131:<\/strong>\u00dcr\u00fcn\u00fcn\u00fcz\u00fcn her ayr\u0131nt\u0131s\u0131n\u0131 g\u00f6r\u00fcn. En \u00e7ok satan \u00fcr\u00fcnlerinizi gizleyen bulan\u0131k kutular yok.<\/li>\n<li><strong>Y\u0131\u011f\u0131nla ve Sat:<\/strong>K\u0131sa ve geni\u015f tasar\u0131m\u0131yla raflara rahat\u00e7a s\u0131\u011far. 220 ml numuneler veya 480 ml&#039;lik toplu depolama projeleri i\u00e7in m\u00fckemmeldir.<\/li>\n<\/ol>\n<h2>Temel \u00d6zellikler<\/h2>\n<table style=\"border-collapse: collapse; width: 80%; margin-left: auto; margin-right: auto;\" border=\"0\" width=\"288\" cellspacing=\"0\" cellpadding=\"0\">\n<tbody>\n<tr style=\"height: 13.50pt;\">\n<td style=\"height: 13.5pt; width: 54pt; text-align: center;\" width=\"72\" height=\"18\">Model<\/td>\n<td style=\"width: 54pt; text-align: center;\" width=\"72\">Kapasite(ml)<\/td>\n<td style=\"width: 54pt; text-align: center;\" width=\"72\">Boyutlar(cm)<\/td>\n<td style=\"width: 54pt; text-align: center;\" width=\"72\">\u015eekil<\/td>\n<\/tr>\n<tr style=\"height: 13.50pt;\">\n<td style=\"height: 13.5pt; text-align: center;\" align=\"right\" height=\"18\">63022046<\/td>\n<td style=\"text-align: center;\" align=\"right\">220<\/td>\n<td style=\"text-align: center;\">9.3&#215;5.2<\/td>\n<td class=\"et2\" style=\"text-align: center;\" rowspan=\"4\">D\u00fcz K\u0131sa<\/td>\n<\/tr>\n<tr style=\"height: 13.50pt;\">\n<td style=\"height: 13.5pt; text-align: center;\" align=\"right\" height=\"18\">63028047<\/td>\n<td style=\"text-align: center;\" align=\"right\">280<\/td>\n<td style=\"text-align: center;\">9.3&#215;6.6<\/td>\n<\/tr>\n<tr style=\"height: 13.50pt;\">\n<td style=\"height: 13.5pt; text-align: center;\" align=\"right\" height=\"18\">63037048<\/td>\n<td style=\"text-align: center;\" align=\"right\">370<\/td>\n<td style=\"text-align: center;\">9.3&#215;8.0<\/td>\n<\/tr>\n<tr style=\"height: 13.50pt;\">\n<td style=\"height: 13.5pt; text-align: center;\" align=\"right\" height=\"18\">63048049<\/td>\n<td style=\"text-align: center;\" align=\"right\">480<\/td>\n<td style=\"text-align: center;\">9.3&#215;9.6<\/td>\n<\/tr>\n<\/tbody>\n<\/table>\n<h2>Ba\u015far\u0131 \u00d6rne\u011fi<\/h2>\n<p>Yeni Zelanda&#039;n\u0131n Premium Do\u011fal Bal markas\u0131, \u00f6zel geni\u015f a\u011f\u0131zl\u0131 kavanozumuzu bize teslim ediyor. Kristal berrakl\u0131\u011f\u0131ndaki kavanoz, g\u0131da s\u0131n\u0131f\u0131 camdan \u00fcretilmi\u015f olup, ballar\u0131n\u0131n zengin kehribar tonunu sergiliyor. Markan\u0131n tan\u0131n\u0131rl\u0131\u011f\u0131n\u0131 art\u0131rmak i\u00e7in, kavanozun a\u011fz\u0131na petek desenini i\u015fleyerek saf, el yap\u0131m\u0131 bir his yaratt\u0131k. Kavanozun tam bir s\u0131zd\u0131rmazl\u0131k sa\u011flamas\u0131 i\u00e7in, tazeli\u011fi etkili bir \u015fekilde korumak ve s\u0131z\u0131nt\u0131lar\u0131 \u00f6nlemek i\u00e7in silikon contal\u0131, alt\u0131n kaplamal\u0131, m\u00fch\u00fcrl\u00fc bir metal kimlik de bulunuyor. Pratik contan\u0131n sa\u011flad\u0131\u011f\u0131 muhte\u015fem \u015feffafl\u0131k, \u00e7al\u0131\u015fanlar\u0131 ve m\u00fc\u015fterileri h\u0131zla etkiledi.<\/p>\n<p>Yeni tasar\u0131m ba\u015flad\u0131ktan sonra, \u00f6zellikle t\u00fcketicilerin premium dosyalara olan ilgisi nedeniyle \u00fcr\u00fcn\u00fcn do\u011fal g\u00fczelli\u011fi ve y\u00fckseltmesi iki ay i\u00e7inde y\u00fczde 42 oran\u0131nda artt\u0131.<\/p>\n<h2>\u00d6zelle\u015ftirme \u0130pu\u00e7lar\u0131n\u0131z<\/h2>\n<p>K\u0131sa ve geni\u015f a\u011f\u0131zl\u0131 kapakl\u0131 kavanozumuz raflarda profesyonel gibi istiflenebilir. \u00c7ift\u00e7i pazarlar\u0131 i\u00e7in 220 ml tad\u0131m kavanozlar\u0131na m\u0131 ihtiyac\u0131n\u0131z var? Kapakl\u0131 \u00f6zel cam kavanozlar g\u00f6nderiyoruz. 480 ml mum kavanozlar\u0131nda logonuzu mu istiyorsunuz? Sadece tarif edin, biz haz\u0131rlayal\u0131m. Markan\u0131z\u0131n bir sonraki en \u00e7ok satan \u00fcr\u00fcn\u00fc, m\u00fc\u015fterilerin durup bakmas\u0131n\u0131 sa\u011flayan bir kavanozla ba\u015fl\u0131yor. Haydi, ger\u00e7ekle\u015ftirelim.<\/p>\n<p>&nbsp;<\/p>\n<p>&nbsp;<\/p>","protected":false},"excerpt":{"rendered":"<p>\u00d6zel se\u00e7enekler ve h\u0131zl\u0131 kargo se\u00e7enekleriyle toptan sat\u0131\u015fa sunulan, fabrikadan do\u011frudan geni\u015f a\u011f\u0131zl\u0131 kapakl\u0131 kavanozlar. D\u00fcnya \u00e7ap\u0131nda teslimat. M\u00fckemmel s\u0131zd\u0131rmazl\u0131k ve y\u00fcksek kaliteli cam, yiyeceklerinizin tazeli\u011fini garanti eder.<\/p>","protected":false},"featured_media":1318,"template":"","meta":{"postBodyCss":"","postBodyMargin":[],"postBodyPadding":[],"postBodyBackground":{"backgroundType":"classic","gradient":""}},"product_brand":[],"product_cat":[15,17,55],"product_tag":[65,71],"class_list":{"0":"post-1317","1":"product","2":"type-product","3":"status-publish","4":"has-post-thumbnail","6":"product_cat-glass-containers","7":"product_cat-glass-jars","8":"product_cat-pickle-jars","9":"product_tag-glass-jam-jars","10":"product_tag-honey-jars","12":"first","13":"instock","14":"shipping-taxable","15":"product-type-simple"},"jetpack_sharing_enabled":true,"_links":{"self":[{"href":"https:\/\/minghanggroup.com\/tr\/wp-json\/wp\/v2\/product\/1317","targetHints":{"allow":["GET"]}}],"collection":[{"href":"https:\/\/minghanggroup.com\/tr\/wp-json\/wp\/v2\/product"}],"about":[{"href":"https:\/\/minghanggroup.com\/tr\/wp-json\/wp\/v2\/types\/product"}],"wp:featuredmedia":[{"embeddable":true,"href":"https:\/\/minghanggroup.com\/tr\/wp-json\/wp\/v2\/media\/1318"}],"wp:attachment":[{"href":"https:\/\/minghanggroup.com\/tr\/wp-json\/wp\/v2\/media?parent=1317"}],"wp:term":[{"taxonomy":"product_brand","embeddable":true,"href":"https:\/\/minghanggroup.com\/tr\/wp-json\/wp\/v2\/product_brand?post=1317"},{"taxonomy":"product_cat","embeddable":true,"href":"https:\/\/minghanggroup.com\/tr\/wp-json\/wp\/v2\/product_cat?post=1317"},{"taxonomy":"product_tag","embeddable":true,"href":"https:\/\/minghanggroup.com\/tr\/wp-json\/wp\/v2\/product_tag?post=1317"}],"curies":[{"name":"wp","href":"https:\/\/api.w.org\/{rel}","templated":true}]}}