{"id":1312,"date":"2025-10-13T06:23:37","date_gmt":"2025-10-13T06:23:37","guid":{"rendered":"https:\/\/minghanggroup.com\/?post_type=product&#038;p=1312"},"modified":"2026-01-20T14:25:00","modified_gmt":"2026-01-20T06:25:00","slug":"glass-custom-mason-jars-with-lids-wholesale-round-canning-jars-70-380ml","status":"publish","type":"product","link":"https:\/\/minghanggroup.com\/tr\/urun\/glass-custom-mason-jars-with-lids-wholesale-round-canning-jars-70-380ml\/","title":{"rendered":"Kapakl\u0131 \u00d6zel Cam Kavanozlar \u2013 Toptan Yuvarlak Konserve Kavanozlar\u0131 70-380 ml"},"content":{"rendered":"<p>En g\u00fczel \u00fcr\u00fcnlerinizi s\u0131k\u0131c\u0131 bir kapta saklamay\u0131 b\u0131rak\u0131n! IDS \u00e7\u0131k\u0131nt\u0131l\u0131 d\u00fcz kenarl\u0131 cam kavanozumuz, basit saklamay\u0131 birinci s\u0131n\u0131f ambalaja d\u00f6n\u00fc\u015ft\u00fcr\u00fcyor. Bu zarif \u015fi\u015feler, geni\u015f a\u011f\u0131zlar\u0131yla doldurulabilir; bal, sos veya alkol projeleriniz i\u00e7in m\u00fckemmel. Kalite, hareket ve stil konusunda fabrika orta\u011f\u0131n\u0131z\u0131z.<\/p>\n<h2>\u00dcr\u00fcn \u00d6zellikleri<\/h2>\n<ol>\n<li class=\" translation-block\"><strong>Say goodbye to spills, just jam:<\/strong>Pour smooth jam without drips\u2014the wide-mouth design fits perfectly with any bottle cap. Say goodbye to messy filling!<\/li>\n<li class=\" translation-block\"><strong>Sparkling honey:<\/strong>Highly transparent glass makes your product shine on the shelf. Customers can sense your product\u2019s quality before they even open the jar.<\/li>\n<li class=\" translation-block\"><strong>Lock, don\u2019t reveal:<\/strong>Standard-mouth mason jar + secure, leak-proof gasket = zero leaks. Tighten and store.<\/li>\n<\/ol>\n<h2>Temel \u00d6zellikler<\/h2>\n<table style=\"border-collapse: collapse; width: 80%; margin-right: auto; margin-left: auto;\" border=\"0\" width=\"288\" cellspacing=\"0\" cellpadding=\"0\">\n<tbody>\n<tr style=\"height: 13.50pt;\">\n<td style=\"height: 13.5pt; width: 54pt; text-align: center;\" width=\"72\" height=\"18\">Model<\/td>\n<td style=\"width: 54pt; text-align: center;\" width=\"72\">Kapasite(ml)<\/td>\n<td style=\"width: 54pt; text-align: center;\" width=\"72\">Boyutlar(cm)<\/td>\n<td style=\"width: 54pt; text-align: center;\" width=\"72\">\u015eekil<\/td>\n<\/tr>\n<tr style=\"height: 13.50pt;\">\n<td style=\"height: 13.5pt; text-align: center;\" align=\"right\" height=\"18\">63007040<\/td>\n<td style=\"text-align: center;\" align=\"right\">70<\/td>\n<td style=\"text-align: center;\">6.1&#215;4.5<\/td>\n<td class=\"et2\" style=\"text-align: center;\" rowspan=\"6\">D\u00fcz Uzun<\/td>\n<\/tr>\n<tr style=\"height: 13.50pt;\">\n<td style=\"height: 13.5pt; text-align: center;\" align=\"right\" height=\"18\">63015041<\/td>\n<td style=\"text-align: center;\" align=\"right\">150<\/td>\n<td style=\"text-align: center;\">6.1&#215;8.1<\/td>\n<\/tr>\n<tr style=\"height: 13.50pt;\">\n<td style=\"height: 13.5pt; text-align: center;\" align=\"right\" height=\"18\">63020042<\/td>\n<td style=\"text-align: center;\" align=\"right\">200<\/td>\n<td style=\"text-align: center;\">6.1&#215;10.0<\/td>\n<\/tr>\n<tr style=\"height: 13.50pt;\">\n<td style=\"height: 13.5pt; text-align: center;\" align=\"right\" height=\"18\">63024043<\/td>\n<td style=\"text-align: center;\" align=\"right\">240<\/td>\n<td style=\"text-align: center;\">6.1&#215;12.1<\/td>\n<\/tr>\n<tr style=\"height: 13.50pt;\">\n<td style=\"height: 13.5pt; text-align: center;\" align=\"right\" height=\"18\">63028044<\/td>\n<td style=\"text-align: center;\" align=\"right\">280<\/td>\n<td style=\"text-align: center;\">6.1&#215;13.7<\/td>\n<\/tr>\n<tr style=\"height: 13.50pt;\">\n<td style=\"height: 13.5pt; text-align: center;\" align=\"right\" height=\"18\">63038045<\/td>\n<td style=\"text-align: center;\" align=\"right\">380<\/td>\n<td style=\"text-align: center;\">6.1&#215;17.3<\/td>\n<\/tr>\n<\/tbody>\n<\/table>\n<h2>Ba\u015far\u0131 \u00d6rne\u011fi<\/h2>\n<p>Kanadal\u0131 aile i\u015fletmesi bal markas\u0131, kapakl\u0131, g\u0131da s\u0131n\u0131f\u0131 camdan \u00f6zel geni\u015f a\u011f\u0131zl\u0131 mason cam kavanozlar tasarlayan bizimle ortakl\u0131k kurdu. Bu cam kavanozlar, bal\u0131n zengin alt\u0131n renginin parlamas\u0131n\u0131 sa\u011fl\u0131yor. Kavanozun p\u00fcr\u00fczs\u00fcz ve cilal\u0131 d\u0131\u015f y\u00fczeyleri i\u00e7in ideal olan bu \u00f6zel etiketler, oymal\u0131 petek deseniyle markaya incelikli bir detay kat\u0131yor. Ba\u015far\u0131 hemen geldi - iki ay i\u00e7inde sat\u0131\u015flar %5 artt\u0131 - ve marka, mason kavanoz sipari\u015flerine devam ediyor ve kehribar caml\u0131 ve \u00f6zel etiketli mevsimlik versiyonlar sunuyor.<\/p>\n<h2>\u00d6zelle\u015ftirme \u0130pu\u00e7lar\u0131n\u0131z<\/h2>\n<p>Kapakl\u0131 d\u00fcz t\u00fcpl\u00fc cam kavanozlar\u0131m\u0131z, raflarda sergilemek i\u00e7in m\u00fckemmel bir se\u00e7im. Tad\u0131m i\u00e7in 70 ml&#039;lik numune kavanozlar\u0131na m\u0131 ihtiyac\u0131n\u0131z var? H\u0131zl\u0131 kargolama yap\u0131yoruz. Logonuzun yer ald\u0131\u011f\u0131 380 ml&#039;lik bir hediye seti mi istiyorsunuz? Hemen ekleyin, \u00e7ok kolay. \u00d6zel Mason kavanozlar\u0131n\u0131z sadece saklama ama\u00e7l\u0131 de\u011fil; g\u00f6z al\u0131c\u0131, en \u00e7ok satan bir sonraki \u00fcr\u00fcn\u00fcn\u00fcz. Hayallerinizi ger\u00e7e\u011fe d\u00f6n\u00fc\u015ft\u00fcrmenize yard\u0131mc\u0131 olal\u0131m.<\/p>","protected":false},"excerpt":{"rendered":"<p>Kapakl\u0131 toptan \u00f6zel kavanozlar, soslar, \u015furuplar ve bal i\u00e7in toplu depolama. Minimum sipari\u015f tutar\u0131 yok, BPA i\u00e7ermeyen cam. En \u00e7ok satan \u00fcr\u00fcn\u00fcn\u00fcz\u00fc parlatmak i\u00e7in h\u0131zl\u0131 teslimat!<\/p>","protected":false},"featured_media":1313,"template":"","meta":{"postBodyCss":"","postBodyMargin":[],"postBodyPadding":[],"postBodyBackground":{"backgroundType":"classic","gradient":""}},"product_brand":[],"product_cat":[15,17,55],"product_tag":[65,71,69],"class_list":{"0":"post-1312","1":"product","2":"type-product","3":"status-publish","4":"has-post-thumbnail","6":"product_cat-glass-containers","7":"product_cat-glass-jars","8":"product_cat-pickle-jars","9":"product_tag-glass-jam-jars","10":"product_tag-honey-jars","11":"product_tag-storage-jars","13":"first","14":"instock","15":"shipping-taxable","16":"product-type-simple"},"jetpack_sharing_enabled":true,"_links":{"self":[{"href":"https:\/\/minghanggroup.com\/tr\/wp-json\/wp\/v2\/product\/1312","targetHints":{"allow":["GET"]}}],"collection":[{"href":"https:\/\/minghanggroup.com\/tr\/wp-json\/wp\/v2\/product"}],"about":[{"href":"https:\/\/minghanggroup.com\/tr\/wp-json\/wp\/v2\/types\/product"}],"wp:featuredmedia":[{"embeddable":true,"href":"https:\/\/minghanggroup.com\/tr\/wp-json\/wp\/v2\/media\/1313"}],"wp:attachment":[{"href":"https:\/\/minghanggroup.com\/tr\/wp-json\/wp\/v2\/media?parent=1312"}],"wp:term":[{"taxonomy":"product_brand","embeddable":true,"href":"https:\/\/minghanggroup.com\/tr\/wp-json\/wp\/v2\/product_brand?post=1312"},{"taxonomy":"product_cat","embeddable":true,"href":"https:\/\/minghanggroup.com\/tr\/wp-json\/wp\/v2\/product_cat?post=1312"},{"taxonomy":"product_tag","embeddable":true,"href":"https:\/\/minghanggroup.com\/tr\/wp-json\/wp\/v2\/product_tag?post=1312"}],"curies":[{"name":"wp","href":"https:\/\/api.w.org\/{rel}","templated":true}]}}