{"id":1267,"date":"2025-10-11T09:35:59","date_gmt":"2025-10-11T09:35:59","guid":{"rendered":"https:\/\/minghanggroup.com\/?post_type=product&#038;p=1267"},"modified":"2026-01-20T14:28:13","modified_gmt":"2026-01-20T06:28:13","slug":"large-mason-jar-with-lid-custom-glass-containers-bulk","status":"publish","type":"product","link":"https:\/\/minghanggroup.com\/tr\/urun\/large-mason-jar-with-lid-custom-glass-containers-bulk\/","title":{"rendered":"Kapakl\u0131 B\u00fcy\u00fck Kavanoz \u2013 G\u0131da Saklama ve Konserveleme \u0130\u00e7in 380-730 ml Kaplar"},"content":{"rendered":"<p>S\u0131radan ambalajlara raz\u0131 olmay\u0131 b\u0131rak\u0131n! Kapakl\u0131 b\u00fcy\u00fck kavanozumuz, birinci s\u0131n\u0131f havyar\u0131n\u0131z\u0131, soslar\u0131n\u0131z\u0131 veya \u015furuplar\u0131n\u0131z\u0131 kar\u015f\u0131 konulmaz hale getirir. Bu kal\u0131n cam kaplar, klasik zarafeti ciddi i\u015flevsellikle bir araya getirir; bir sonraki en \u00e7ok satan projeniz i\u00e7in m\u00fckemmeldir.<\/p>\n<h2>\u00dcr\u00fcn \u00d6zellikleri<\/h2>\n<ul>\n<li><strong>Kal\u0131n Cam, S\u0131f\u0131r Taviz: <\/strong>Dayan\u0131kl\u0131 cam\u0131m\u0131z havyar\u0131 daha uzun s\u00fcre taze tutar; art\u0131k kalitesiz kaplarda bayat bal\u0131k yumurtas\u0131 kalmayacak.<\/li>\n<li><strong>Her Zaman G\u00fcvenli M\u00fch\u00fcr:\u00a0<\/strong>Standart a\u011f\u0131zl\u0131 kavanoz kapa\u011f\u0131, standart a\u011f\u0131zl\u0131 kavanoz kapaklar\u0131yla m\u00fckemmel uyum sa\u011flar. Vidalay\u0131n, saklay\u0131n ve s\u0131z\u0131nt\u0131lar\u0131 unutun.<\/li>\n<li><strong>Yerden Tasarruf Sa\u011flayan G\u00fc\u00e7 Merkezi:\u00a0<\/strong>K\u0131sa ve geni\u015f yap\u0131s\u0131yla raflara rahat\u00e7a s\u0131\u011far. 230 ml tad\u0131m kitleri veya 730 ml toplu depolama projeleri i\u00e7in idealdir.<\/li>\n<\/ul>\n<h2>Temel \u00d6zellikler<\/h2>\n<table style=\"border-collapse: collapse; width: 80%; margin-left: auto; margin-right: auto;\" border=\"0\" width=\"360\" cellspacing=\"0\" cellpadding=\"0\">\n<tbody>\n<tr style=\"height: 13.50pt;\">\n<td style=\"height: 13.5pt; width: 54pt; text-align: center;\" width=\"72\" height=\"18\">Model<\/td>\n<td style=\"width: 54pt; text-align: center;\" width=\"72\">Kapasite(ml)<\/td>\n<td style=\"width: 54pt; text-align: center;\" width=\"72\">Boyutlar(cm)<\/td>\n<td style=\"width: 54pt; text-align: center;\" width=\"72\">Malzeme<\/td>\n<td style=\"width: 54pt; text-align: center;\" width=\"72\">Renk<\/td>\n<\/tr>\n<tr style=\"height: 13.50pt;\">\n<td style=\"height: 13.5pt; text-align: center;\" align=\"right\" height=\"18\">63038020<\/td>\n<td style=\"text-align: center;\" align=\"right\">380<\/td>\n<td style=\"text-align: center;\">7,3\u00d711,0x8,5<\/td>\n<td class=\"et2\" style=\"text-align: center;\" rowspan=\"6\">Bardak<\/td>\n<td class=\"et2\" style=\"text-align: center;\" rowspan=\"6\">Temizle veya \u00f6zel<\/td>\n<\/tr>\n<tr style=\"height: 13.50pt;\">\n<td style=\"height: 13.5pt; text-align: center;\" align=\"right\" height=\"18\">63047021<\/td>\n<td style=\"text-align: center;\" align=\"right\">470<\/td>\n<td style=\"text-align: center;\">7.6&#215;11.8&#215;8.5<\/td>\n<\/tr>\n<tr style=\"height: 13.50pt;\">\n<td style=\"height: 13.5pt; text-align: center;\" align=\"right\" height=\"18\">63023022<\/td>\n<td style=\"text-align: center;\" align=\"right\">230<\/td>\n<td style=\"text-align: center;\">6.0&#215;10.2&#215;8.5<\/td>\n<\/tr>\n<tr style=\"height: 13.50pt;\">\n<td style=\"height: 13.5pt; text-align: center;\" align=\"right\" height=\"18\">63035023<\/td>\n<td style=\"text-align: center;\" align=\"right\">350<\/td>\n<td style=\"text-align: center;\">6.6&#215;13.5&#215;7.1<\/td>\n<\/tr>\n<tr style=\"height: 13.50pt;\">\n<td style=\"height: 13.5pt; text-align: center;\" align=\"right\" height=\"18\">63062024<\/td>\n<td style=\"text-align: center;\" align=\"right\">620<\/td>\n<td style=\"text-align: center;\">7,6\u00d716,0x8,5<\/td>\n<\/tr>\n<tr style=\"height: 13.50pt;\">\n<td style=\"height: 13.5pt; text-align: center;\" align=\"right\" height=\"18\">63073025<\/td>\n<td style=\"text-align: center;\" align=\"right\">730<\/td>\n<td style=\"text-align: center;\">&#8211;<\/td>\n<\/tr>\n<\/tbody>\n<\/table>\n<h2>Ba\u015far\u0131 Hikayesi<\/h2>\n<p>\u0130ngiltere merkezli bir g\u0131da \u015firketi, yeni havyar serisi i\u00e7in kapakl\u0131 230 ml&#039;lik kavanozlar\u0131m\u0131z\u0131 kulland\u0131. Normal a\u011f\u0131z ve kapak m\u00fckemmel uyum sa\u011flarken, kal\u0131n cam \u00fcr\u00fcne l\u00fcks bir g\u00f6r\u00fcn\u00fcm kazand\u0131rd\u0131. \u015eeffaf tasar\u0131m m\u00fc\u015fteriler aras\u0131nda b\u00fcy\u00fck ilgi g\u00f6rd\u00fc ve sat\u0131\u015flar sadece iki ayda artt\u0131.<\/p>\n<h2>\u00d6zelle\u015ftirme \u0130pu\u00e7lar\u0131n\u0131z<\/h2>\n<p>Havyar\u0131n\u0131z parlamay\u0131 hak ediyor. Logonuz, renkleriniz veya kolay dolumunuz i\u00e7in kimlik \u00e7ak\u0131\u015fmalar\u0131 bulunan \u00f6zel geni\u015f a\u011f\u0131zl\u0131 bir cam kavanozla birlikte \u00f6zel bir cam kavanoz \u00fcretiyoruz. Toptan fiyatlar m\u0131 istiyorsunuz? Teslimat\u0131 biz hallederiz. B\u00fcy\u00fck duvar\u0131n\u0131z\u0131, kimlik \u00e7\u0131k\u0131nt\u0131lar\u0131yla ambalaj\u0131n\u0131z\u0131n y\u0131ld\u0131z\u0131 haline getirin.<\/p>","protected":false},"excerpt":{"rendered":"<p>Toptan sat\u0131\u015f i\u00e7in kapakl\u0131 b\u00fcy\u00fck kavanoz. Havyar, sos ve \u015furuplar i\u00e7in cam kavanozlar. \u00d6zel renkler, ayn\u0131 g\u00fcn kargo. En \u00e7ok satan \u00fcr\u00fcnleri hemen bulun!<\/p>","protected":false},"featured_media":1305,"template":"","meta":{"postBodyCss":"","postBodyMargin":[],"postBodyPadding":[],"postBodyBackground":{"backgroundType":"classic","gradient":""}},"product_brand":[],"product_cat":[15,17,19],"product_tag":[80,65,69],"class_list":{"0":"post-1267","1":"product","2":"type-product","3":"status-publish","4":"has-post-thumbnail","6":"product_cat-glass-containers","7":"product_cat-glass-jars","8":"product_cat-glass-mason-jars","9":"product_tag-caviar-jars","10":"product_tag-glass-jam-jars","11":"product_tag-storage-jars","13":"first","14":"instock","15":"shipping-taxable","16":"product-type-simple"},"jetpack_sharing_enabled":true,"_links":{"self":[{"href":"https:\/\/minghanggroup.com\/tr\/wp-json\/wp\/v2\/product\/1267","targetHints":{"allow":["GET"]}}],"collection":[{"href":"https:\/\/minghanggroup.com\/tr\/wp-json\/wp\/v2\/product"}],"about":[{"href":"https:\/\/minghanggroup.com\/tr\/wp-json\/wp\/v2\/types\/product"}],"wp:featuredmedia":[{"embeddable":true,"href":"https:\/\/minghanggroup.com\/tr\/wp-json\/wp\/v2\/media\/1305"}],"wp:attachment":[{"href":"https:\/\/minghanggroup.com\/tr\/wp-json\/wp\/v2\/media?parent=1267"}],"wp:term":[{"taxonomy":"product_brand","embeddable":true,"href":"https:\/\/minghanggroup.com\/tr\/wp-json\/wp\/v2\/product_brand?post=1267"},{"taxonomy":"product_cat","embeddable":true,"href":"https:\/\/minghanggroup.com\/tr\/wp-json\/wp\/v2\/product_cat?post=1267"},{"taxonomy":"product_tag","embeddable":true,"href":"https:\/\/minghanggroup.com\/tr\/wp-json\/wp\/v2\/product_tag?post=1267"}],"curies":[{"name":"wp","href":"https:\/\/api.w.org\/{rel}","templated":true}]}}