{"id":1146,"date":"2025-10-09T09:55:31","date_gmt":"2025-10-09T09:55:31","guid":{"rendered":"https:\/\/minghanggroup.com\/?post_type=product&#038;p=1146"},"modified":"2026-01-20T14:27:03","modified_gmt":"2026-01-20T06:27:03","slug":"the-mason-jar-with-lid-glass-storage","status":"publish","type":"product","link":"https:\/\/minghanggroup.com\/tr\/urun\/the-mason-jar-with-lid-glass-storage\/","title":{"rendered":"Kapakl\u0131 Mason Kavanozu \u2013 Havyar ve Re\u00e7el \u0130\u00e7in 70-280 ml Cam G\u0131da Saklama Kab\u0131"},"content":{"rendered":"<p>S\u0131k\u0131c\u0131 ambalajlarla u\u011fra\u015fmaya son! Birinci s\u0131n\u0131f cam kavanozlar\u0131m\u0131z gizli silah\u0131n\u0131z. ID kombinasyonlu bu kavanozlar, modern i\u015flevsellikle bir araya gelerek en sevdi\u011finiz \u00fcr\u00fcnleri sergilemek i\u00e7in m\u00fckemmel. Her bir par\u00e7ay\u0131, sos, \u015furup ve alkoll\u00fc i\u00e7eceklerinizi parlatacak \u015fekilde \u015fekillendiriyoruz.<\/p>\n<h2>\u00dcr\u00fcn \u00d6zellikleri<\/h2>\n<ol>\n<li><strong>K\u00fc\u00e7\u00fck Kavanoz, B\u00fcy\u00fck Etki:<\/strong>Bal\u0131k yumurtan\u0131z veya birinci s\u0131n\u0131f sosunuz cam\u0131m\u0131zda parlar; en iyi \u00fcr\u00fcn\u00fcn\u00fcz\u00fc saklayan bulan\u0131k plastik yoktur.<\/li>\n<li><strong>Profesyonel Gibi M\u00fch\u00fcrleyin:<\/strong>Standart kavanoz kapaklar\u0131na m\u00fckemmel uyum sa\u011flayan standart a\u011f\u0131zl\u0131 kavanoz tasar\u0131m\u0131. Vidalay\u0131n, saklay\u0131n ve s\u0131z\u0131nt\u0131lar\u0131 unutun.<\/li>\n<li><strong>Zahmetsizce Y\u0131\u011f ve Sat:<\/strong>K\u0131sa ve geni\u015f tasar\u0131m\u0131yla te\u015fhir standlar\u0131na rahatl\u0131kla s\u0131\u011far. 70 ml numune kitleri veya 280 ml toplu depolama projeleri i\u00e7in idealdir.<\/li>\n<\/ol>\n<h2>Temel \u00d6zellikler<\/h2>\n<p>&nbsp;<\/p>\n<table style=\"border-collapse: collapse; width: 80%; margin-left: auto; margin-right: auto;\" border=\"0\" width=\"366\" cellspacing=\"0\" cellpadding=\"0\">\n<tbody>\n<tr style=\"height: 13.50pt;\">\n<td class=\"et2\" style=\"height: 13.5pt; width: 56.25pt; text-align: center;\" width=\"75\" height=\"18\">Model<\/td>\n<td class=\"et2\" style=\"width: 56.25pt; text-align: center;\" width=\"75\">Kapasite(ml)<\/td>\n<td class=\"et2\" style=\"width: 54.00pt; text-align: center;\" width=\"72\">Boyutlar(cm)<\/td>\n<td class=\"et2\" style=\"width: 54.00pt; text-align: center;\" width=\"72\">Malzeme<\/td>\n<td class=\"et2\" style=\"width: 54.00pt; text-align: center;\" width=\"72\">Renk<\/td>\n<\/tr>\n<tr style=\"height: 13.50pt;\">\n<td class=\"et2\" style=\"height: 13.5pt; text-align: center;\" height=\"18\">63007014<\/td>\n<td class=\"et2\" style=\"text-align: center;\">70<\/td>\n<td class=\"et2\" style=\"text-align: center;\">4.7&#215;4.5&#215;6.7<\/td>\n<td class=\"et2\" style=\"text-align: center;\" rowspan=\"6\">Bardak<\/td>\n<td class=\"et2\" style=\"text-align: center;\" rowspan=\"6\">Temizle veya \u00d6zel<\/td>\n<\/tr>\n<tr style=\"height: 13.50pt;\">\n<td class=\"et2\" style=\"height: 13.50pt; text-align: center;\" height=\"18\">63007015<\/td>\n<td class=\"et2\" style=\"text-align: center;\">70<\/td>\n<td class=\"et2\" style=\"text-align: center;\">6.5&#215;4.5&#215;6.7<\/td>\n<\/tr>\n<tr style=\"height: 13.50pt;\">\n<td class=\"et2\" style=\"height: 13.50pt; text-align: center;\" height=\"18\">63012016<\/td>\n<td class=\"et2\" style=\"text-align: center;\">120<\/td>\n<td class=\"et2\" style=\"text-align: center;\">5.4&#215;6.15&#215;6.6<\/td>\n<\/tr>\n<tr style=\"height: 13.50pt;\">\n<td class=\"et2\" style=\"height: 13.50pt; text-align: center;\" height=\"18\">63012517<\/td>\n<td class=\"et2\" style=\"text-align: center;\">125<\/td>\n<td class=\"et2\" style=\"text-align: center;\">6.3&#215;5.6&#215;6.9<\/td>\n<\/tr>\n<tr style=\"height: 13.50pt;\">\n<td class=\"et2\" style=\"height: 13.50pt; text-align: center;\" height=\"18\">63020018<\/td>\n<td class=\"et2\" style=\"text-align: center;\">200<\/td>\n<td class=\"et2\" style=\"text-align: center;\">6.0&#215;8.6&#215;6.9<\/td>\n<\/tr>\n<tr style=\"height: 13.50pt;\">\n<td class=\"et2\" style=\"height: 13.50pt; text-align: center;\" height=\"18\">63028019<\/td>\n<td class=\"et2\" style=\"text-align: center;\">280<\/td>\n<td class=\"et2\" style=\"text-align: center;\">7.5&#215;8.4&#215;8.5<\/td>\n<\/tr>\n<\/tbody>\n<\/table>\n<h2>Ba\u015far\u0131 \u00d6rne\u011fi<\/h2>\n<p>Bir \u00e7e\u015fni markas\u0131, yeni gurme sos serisi i\u00e7in kapakl\u0131 125 ml&#039;lik kavanozlar\u0131m\u0131z\u0131 kulland\u0131. Normal a\u011f\u0131z tasar\u0131m\u0131 kapaklarla m\u00fckemmel bir uyum yakalad\u0131 ve m\u00fc\u015fteriler canl\u0131 renklerini \u00e7ok sevdi. Sat\u0131\u015flar artt\u0131 ve art\u0131k en \u00e7ok satan kategorileri aras\u0131nda.<\/p>\n<h2>\u00d6zelle\u015ftirme \u0130pu\u00e7lar\u0131<\/h2>\n<p>\u00dcr\u00fcn\u00fcn\u00fcz\u00fc unutulmaz k\u0131lmak m\u0131 istiyorsunuz? Logonuz, renkleriniz veya hatta \u00f6zel a\u011f\u0131z tasar\u0131mlar\u0131n\u0131zla \u00f6zel cam kavanozlar bulman\u0131za yard\u0131mc\u0131 oluyoruz. Kolay doldurma i\u00e7in kavanozlara m\u0131 ihtiyac\u0131n\u0131z var? Stoklar\u0131n\u0131z haz\u0131r. 12&#039;li paket toptan sipari\u015f verin ve minimum sipari\u015f tutar\u0131 olmadan h\u0131zl\u0131 teslimattan yararlan\u0131n. Mum projeleriniz i\u00e7in standart a\u011f\u0131zl\u0131 kavanoz saklama kaplar\u0131m\u0131z ezber bozan bir \u00e7\u00f6z\u00fcmd\u00fcr.<\/p>","protected":false},"excerpt":{"rendered":"<p>Gurme ambalajlar i\u00e7in kapakl\u0131 kavanoz. Soslar, \u015furuplar ve bal\u0131k yumurtas\u0131 i\u00e7in kapakl\u0131 kavanoz. Toplu sat\u0131\u015f, minimum sipari\u015f tutar\u0131 yok. Markan\u0131z\u0131 \u00f6ne \u00e7\u0131karmak i\u00e7in h\u0131zl\u0131 teslimat!<\/p>","protected":false},"featured_media":1186,"template":"","meta":{"postBodyCss":"","postBodyMargin":[],"postBodyPadding":[],"postBodyBackground":{"backgroundType":"classic","gradient":""}},"product_brand":[],"product_cat":[15,17,19],"product_tag":[80,65,69],"class_list":{"0":"post-1146","1":"product","2":"type-product","3":"status-publish","4":"has-post-thumbnail","6":"product_cat-glass-containers","7":"product_cat-glass-jars","8":"product_cat-glass-mason-jars","9":"product_tag-caviar-jars","10":"product_tag-glass-jam-jars","11":"product_tag-storage-jars","13":"first","14":"instock","15":"shipping-taxable","16":"product-type-simple"},"jetpack_sharing_enabled":true,"_links":{"self":[{"href":"https:\/\/minghanggroup.com\/tr\/wp-json\/wp\/v2\/product\/1146","targetHints":{"allow":["GET"]}}],"collection":[{"href":"https:\/\/minghanggroup.com\/tr\/wp-json\/wp\/v2\/product"}],"about":[{"href":"https:\/\/minghanggroup.com\/tr\/wp-json\/wp\/v2\/types\/product"}],"wp:featuredmedia":[{"embeddable":true,"href":"https:\/\/minghanggroup.com\/tr\/wp-json\/wp\/v2\/media\/1186"}],"wp:attachment":[{"href":"https:\/\/minghanggroup.com\/tr\/wp-json\/wp\/v2\/media?parent=1146"}],"wp:term":[{"taxonomy":"product_brand","embeddable":true,"href":"https:\/\/minghanggroup.com\/tr\/wp-json\/wp\/v2\/product_brand?post=1146"},{"taxonomy":"product_cat","embeddable":true,"href":"https:\/\/minghanggroup.com\/tr\/wp-json\/wp\/v2\/product_cat?post=1146"},{"taxonomy":"product_tag","embeddable":true,"href":"https:\/\/minghanggroup.com\/tr\/wp-json\/wp\/v2\/product_tag?post=1146"}],"curies":[{"name":"wp","href":"https:\/\/api.w.org\/{rel}","templated":true}]}}