{"id":1110,"date":"2025-10-09T09:56:36","date_gmt":"2025-10-09T09:56:36","guid":{"rendered":"https:\/\/minghanggroup.com\/?post_type=product&#038;p=1110"},"modified":"2025-10-09T09:57:44","modified_gmt":"2025-10-09T09:57:44","slug":"glass-mason-jar-containers-for-jam","status":"publish","type":"product","link":"https:\/\/minghanggroup.com\/tr\/urun\/glass-mason-jar-containers-for-jam\/","title":{"rendered":"Yuvarlak Cam Kavanoz \u2013 Re\u00e7el ve Bal \u0130\u00e7in 150-1100 ml Saklama Kaplar\u0131"},"content":{"rendered":"<p>S\u0131k\u0131c\u0131 bir ambalajla yetinmeyi b\u0131rak\u0131n! Cam kavanozlar\u0131m\u0131z, markalar\u0131n kal\u0131c\u0131l\u0131\u011f\u0131n\u0131 s\u00fcrd\u00fcrmek i\u00e7in gizli bir silah. Bu \u00e7ok y\u00f6nl\u00fc kaplar, klasik \u00e7ekicili\u011fi modern verimlilikle birle\u015ftirerek kavanoz saklama kab\u0131n\u0131z\u0131n ihtiya\u00e7lar\u0131na uygun hale getiriyor. Her bir par\u00e7ay\u0131 \u00f6zenle \u00fcretiyoruz: s\u0131k\u0131c\u0131 plastik, \u00fcr\u00fcnlerinizin parlamas\u0131n\u0131 sa\u011flayan saf ve berrak cam.<\/p>\n<h2>\u00dcr\u00fcn \u00d6zellikleri<\/h2>\n<ol>\n<li><strong>Art\u0131k tahmin yok:<\/strong>En \u00e7ok satan \u00fcr\u00fcnlerinizi saklayacak kirli plastiklere yer vermeden, birinci s\u0131n\u0131f cam sayesinde soslar\u0131n\u0131z\u0131, \u015furuplar\u0131n\u0131z\u0131 veya mum renklerinizi m\u00fckemmel bir \u015fekilde g\u00f6r\u00fcnt\u00fcleyin.<\/li>\n<li><strong>Profesyonel gibi m\u00fch\u00fcrleyin:<\/strong>Standart di\u015fli a\u011fz\u0131m\u0131z, normal a\u011f\u0131zl\u0131 kavanoz kapaklar\u0131na kolayca tak\u0131l\u0131r. S\u0131z\u0131nt\u0131 veya d\u00f6k\u00fclme olmadan d\u00f6k\u00fcn, kapat\u0131n ve saklay\u0131n.<\/li>\n<li><strong>G\u00fcvenle d\u00f6k\u00fcn:<\/strong>Geni\u015f a\u011f\u0131zl\u0131 tasar\u0131m\u0131 sayesinde tur\u015fu, bal gibi s\u0131v\u0131lar\u0131 kolayca doldurabilirsiniz; damlama veya s\u0131k\u0131nt\u0131 ya\u015famazs\u0131n\u0131z.<\/li>\n<li><strong>Oymal\u0131 doku<\/strong>\u015ei\u015fenin g\u00f6vdesinde zengin ve g\u00fczel bir his uyand\u0131ran kendine \u00f6zg\u00fc oymalar bulunuyor.<\/li>\n<\/ol>\n<h2>Temel \u00d6zellikler<\/h2>\n<p>&nbsp;<\/p>\n<table style=\"border-collapse: collapse; width: 80%; margin-left: auto; margin-right: auto;\" border=\"0\" width=\"360\" cellspacing=\"0\" cellpadding=\"0\">\n<tbody>\n<tr style=\"height: 13.50pt;\">\n<td style=\"height: 13.5pt; width: 54pt; text-align: center;\" width=\"72\" height=\"18\">\u00dcr\u00fcn<\/td>\n<td style=\"height: 13.5pt; width: 54.00pt; text-align: center;\" width=\"72\">Kapasite(ml)<\/td>\n<td style=\"height: 13.5pt; width: 54.00pt; text-align: center;\" width=\"72\">Boyutlar(cm)<\/td>\n<td style=\"height: 13.5pt; width: 54.00pt; text-align: center;\" width=\"72\">Malzeme<\/td>\n<td style=\"height: 13.5pt; width: 54.00pt; text-align: center;\" width=\"72\">Renk<\/td>\n<\/tr>\n<tr style=\"height: 13.50pt;\">\n<td style=\"height: 13.5pt; text-align: center;\" align=\"right\" height=\"18\">63015008<\/td>\n<td style=\"text-align: center;\" align=\"right\">150<\/td>\n<td style=\"text-align: center;\">6.1&#215;6.1&#215;8.2<\/td>\n<td class=\"et2\" style=\"text-align: center;\" rowspan=\"6\">Bardak<\/td>\n<td class=\"et2\" style=\"text-align: center;\" rowspan=\"6\">\u015eeffaf veya \u00d6zel (Oyulmu\u015f doku)<\/td>\n<\/tr>\n<tr style=\"height: 13.50pt;\">\n<td style=\"height: 13.50pt; text-align: center;\" align=\"right\" height=\"18\">63030009<\/td>\n<td style=\"text-align: center;\" align=\"right\">300<\/td>\n<td style=\"text-align: center;\">8.1&#215;8.1&#215;8.9<\/td>\n<\/tr>\n<tr style=\"height: 13.50pt;\">\n<td style=\"height: 13.50pt; text-align: center;\" align=\"right\" height=\"18\">63038010<\/td>\n<td style=\"text-align: center;\" align=\"right\">380<\/td>\n<td style=\"text-align: center;\">9,0\u00d79,0x9,6<\/td>\n<\/tr>\n<tr style=\"height: 13.50pt;\">\n<td style=\"height: 13.50pt; text-align: center;\" align=\"right\" height=\"18\">63050011<\/td>\n<td style=\"text-align: center;\" align=\"right\">500<\/td>\n<td style=\"text-align: center;\">8.2&#215;8.2&#215;13<\/td>\n<\/tr>\n<tr style=\"height: 13.50pt;\">\n<td style=\"height: 13.50pt; text-align: center;\" align=\"right\" height=\"18\">63103012<\/td>\n<td style=\"text-align: center;\" align=\"right\">1030<\/td>\n<td style=\"text-align: center;\">9.9&#215;9.9&#215;16.7<\/td>\n<\/tr>\n<tr style=\"height: 13.50pt;\">\n<td style=\"height: 13.50pt; text-align: center;\" align=\"right\" height=\"18\">63110013<\/td>\n<td style=\"text-align: center;\">1100(K\u00fc\u00e7\u00fck kalibre)<\/td>\n<td style=\"text-align: center;\">9.7&#215;9.7&#215;17.5<\/td>\n<\/tr>\n<\/tbody>\n<\/table>\n<h2>Ger\u00e7ek Marka Ba\u015far\u0131s\u0131:<\/h2>\n<p>Yeni bir bitkisel \u015furup serisi piyasaya s\u00fcren bir \u015firket, 380 ml&#039;lik cam kavanozumuza ge\u00e7ti. Standart a\u011f\u0131z tasar\u0131m\u0131, standart kapaklar\u0131yla m\u00fckemmel bir uyum sa\u011fl\u0131yor. M\u00fc\u015fteriler, \u015feffaf camdan g\u00f6r\u00fcnen canl\u0131 renkleri \u00e7ok be\u011fendi; sat\u0131\u015flar \u00fc\u00e7 ayda artt\u0131. \u015eimdi, kavanoz saklama kaplar\u0131m\u0131z\u0131 kullanan kategorileri en \u00e7ok satanlar aras\u0131nda.<\/p>\n<h2>\u00d6zelle\u015ftirme \u0130pu\u00e7lar\u0131<\/h2>\n<p>\u00dcr\u00fcnleri sadece depolamakla kalmay\u0131n; unutulmaz k\u0131l\u0131n. Logonuz, renkleriniz veya hatta \u00f6zel a\u011f\u0131z tasar\u0131mlar\u0131n\u0131zla \u00f6zel cam kavanozlar bulman\u0131za yard\u0131mc\u0131 oluyoruz. Toptan toplu sipari\u015fe mi ihtiyac\u0131n\u0131z var? Stoklar\u0131n\u0131z haz\u0131r. Mum projeleriniz i\u00e7in geni\u015f a\u011f\u0131zl\u0131 versiyonlar, dolumu kolayla\u015ft\u0131r\u0131r. Bize vizyonunuzu s\u00f6ylemeniz yeterli; kalite konusunda fabrika orta\u011f\u0131n\u0131z\u0131z.<\/p>","protected":false},"excerpt":{"rendered":"<p>\u00d6zel cam kavanoz\/kavanoz saklama kaplar\u0131. Soslar ve tur\u015fular i\u00e7in toptan sat\u0131\u015f se\u00e7enekleri. H\u0131zl\u0131 teslimat, minimum sipari\u015f tutar\u0131 yok. Markan\u0131z\u0131 bug\u00fcn \u00f6ne \u00e7\u0131kar\u0131n!<\/p>","protected":false},"featured_media":1121,"template":"","meta":{"postBodyCss":"","postBodyMargin":[],"postBodyPadding":[],"postBodyBackground":{"backgroundType":"classic","gradient":""}},"product_brand":[],"product_cat":[15,17,19],"product_tag":[],"class_list":{"0":"post-1110","1":"product","2":"type-product","3":"status-publish","4":"has-post-thumbnail","6":"product_cat-glass-containers","7":"product_cat-glass-jars","8":"product_cat-glass-mason-jars","10":"first","11":"instock","12":"shipping-taxable","13":"product-type-simple"},"jetpack_sharing_enabled":true,"_links":{"self":[{"href":"https:\/\/minghanggroup.com\/tr\/wp-json\/wp\/v2\/product\/1110","targetHints":{"allow":["GET"]}}],"collection":[{"href":"https:\/\/minghanggroup.com\/tr\/wp-json\/wp\/v2\/product"}],"about":[{"href":"https:\/\/minghanggroup.com\/tr\/wp-json\/wp\/v2\/types\/product"}],"wp:featuredmedia":[{"embeddable":true,"href":"https:\/\/minghanggroup.com\/tr\/wp-json\/wp\/v2\/media\/1121"}],"wp:attachment":[{"href":"https:\/\/minghanggroup.com\/tr\/wp-json\/wp\/v2\/media?parent=1110"}],"wp:term":[{"taxonomy":"product_brand","embeddable":true,"href":"https:\/\/minghanggroup.com\/tr\/wp-json\/wp\/v2\/product_brand?post=1110"},{"taxonomy":"product_cat","embeddable":true,"href":"https:\/\/minghanggroup.com\/tr\/wp-json\/wp\/v2\/product_cat?post=1110"},{"taxonomy":"product_tag","embeddable":true,"href":"https:\/\/minghanggroup.com\/tr\/wp-json\/wp\/v2\/product_tag?post=1110"}],"curies":[{"name":"wp","href":"https:\/\/api.w.org\/{rel}","templated":true}]}}