{"id":1075,"date":"2025-10-09T09:54:59","date_gmt":"2025-10-09T09:54:59","guid":{"rendered":"https:\/\/minghanggroup.com\/?post_type=product&#038;p=1075"},"modified":"2026-03-02T13:49:19","modified_gmt":"2026-03-02T05:49:19","slug":"mason-jar-storage-canning-container","status":"publish","type":"product","link":"https:\/\/minghanggroup.com\/tr\/urun\/mason-jar-storage-canning-container\/","title":{"rendered":"Cam Mason Kavanozu Saklama \u2013 Markalar i\u00e7in 150-1000 ml Yeniden Kullan\u0131labilir Konserve Kab\u0131"},"content":{"rendered":"<p>Discharged Brands Mason kavanozumuzun ambalaj ihtiya\u00e7lar\u0131 i\u00e7in neden tercih edildi\u011fini \u00f6\u011frenin. Bu \u00e7ok y\u00f6nl\u00fc kaplar, zamans\u0131z tasar\u0131m\u0131 modern verimlilikle birle\u015ftirerek markan\u0131z\u0131n koleksiyon ve sunum hedefleri i\u00e7in do\u011fru se\u00e7imdir.<\/p>\n<h2>\u00dcr\u00fcn \u00d6zellikleri<\/h2>\n<ol>\n<li><strong>Kristal berrakl\u0131\u011f\u0131nda cam:<\/strong>Y\u00fcksek \u015feffafl\u0131\u011fa sahip cam\u0131m\u0131zla \u00fcr\u00fcn\u00fcn\u00fcz\u00fcn her detay\u0131n\u0131 g\u00f6r\u00fcn. \u015eurup, tur\u015fu ve daha fazlas\u0131n\u0131 sergilemek i\u00e7in m\u00fckemmeldir.<\/li>\n<li><strong>Standart di\u015f tasar\u0131m\u0131:<\/strong>M\u00fckemmel s\u0131zd\u0131rmazl\u0131k i\u00e7in normal kavanoz kapaklar\u0131 ve bantlar\u0131yla uyumludur. S\u0131z\u0131nt\u0131 veya d\u00f6k\u00fclme yok!<\/li>\n<li><strong>Her ihtiyaca uygun \u00e7oklu boyutlar:<\/strong>150 ml numunelerden 1000 ml toplu depolamaya kadar, \u00fcr\u00fcn yelpazeniz i\u00e7in do\u011fru boyuta sahibiz.<\/li>\n<li><strong>\u062a\u0635\u0645\u064a\u0645 \u0628\u0633\u064a\u0637:<\/strong>Markan\u0131z\u0131 \u00f6zel renkler, boyutlar ve logo bask\u0131lar\u0131yla \u00f6ne \u00e7\u0131kar\u0131n. M\u00fckemmel ambalaj \u00e7\u00f6z\u00fcm\u00fcn\u00fc olu\u015fturman\u0131za yard\u0131mc\u0131 olaca\u011f\u0131z.<\/li>\n<\/ol>\n<h2>Temel \u00d6zellikler<\/h2>\n<p>&nbsp;<\/p>\n<table style=\"border-collapse: collapse; width: 80%; margin-left: auto; margin-right: auto;\" border=\"0\" width=\"435\" cellspacing=\"0\" cellpadding=\"0\">\n<tbody>\n<tr style=\"height: 13.50pt;\">\n<td class=\"et2\" style=\"height: 13.5pt; width: 56.25pt; text-align: center;\" width=\"75\" height=\"18\">\u00dcr\u00fcn<\/td>\n<td class=\"et2\" style=\"width: 54pt; text-align: center;\" width=\"72\">Kapasite(ml)<\/td>\n<td class=\"et2\" style=\"width: 54pt; text-align: center;\" width=\"72\">A\u011f\u0131rl\u0131k(g)<\/td>\n<td class=\"et2\" style=\"width: 54pt; text-align: center;\" width=\"72\">Boyutlar(cm)<\/td>\n<td class=\"et2\" style=\"width: 54pt; text-align: center;\" width=\"72\">Malzeme<\/td>\n<td style=\"width: 54pt; text-align: center;\" width=\"72\">Renk<\/td>\n<\/tr>\n<tr style=\"height: 13.50pt;\">\n<td class=\"et2\" style=\"height: 13.5pt; text-align: center;\" height=\"18\">63015001<\/td>\n<td class=\"et2\" style=\"text-align: center;\">150<\/td>\n<td class=\"et2\" style=\"text-align: center;\">126<\/td>\n<td class=\"et2\" style=\"text-align: center;\">7.8&#215;7.8&#215;5.1<\/td>\n<td class=\"et2\" style=\"text-align: center;\" rowspan=\"7\">Bardak<\/td>\n<td class=\"et2\" style=\"text-align: center;\" rowspan=\"7\">Temizle veya \u00d6zel<\/td>\n<\/tr>\n<tr style=\"height: 13.50pt;\">\n<td class=\"et2\" style=\"height: 13.50pt; text-align: center;\" height=\"18\">63025002<\/td>\n<td class=\"et2\" style=\"text-align: center;\">250<\/td>\n<td class=\"et2\" style=\"text-align: center;\">152<\/td>\n<td class=\"et2\" style=\"text-align: center;\">7.8&#215;7.8&#215;8<\/td>\n<\/tr>\n<tr style=\"height: 13.50pt;\">\n<td class=\"et2\" style=\"height: 13.50pt; text-align: center;\" height=\"18\">63038003<\/td>\n<td class=\"et2\" style=\"text-align: center;\">380<\/td>\n<td class=\"et2\" style=\"text-align: center;\">207<\/td>\n<td class=\"et2\" style=\"text-align: center;\">7.5&#215;7.5&#215;12<\/td>\n<\/tr>\n<tr style=\"height: 13.50pt;\">\n<td class=\"et2\" style=\"height: 13.50pt; text-align: center;\" height=\"18\">63050004<\/td>\n<td class=\"et2\" style=\"text-align: center;\">500<\/td>\n<td class=\"et2\" style=\"text-align: center;\">255<\/td>\n<td class=\"et2\" style=\"text-align: center;\">8.2&#215;8.2&#215;12.7<\/td>\n<\/tr>\n<tr style=\"height: 13.50pt;\">\n<td class=\"et2\" style=\"height: 13.50pt; text-align: center;\" height=\"18\">63075005<\/td>\n<td class=\"et2\" style=\"text-align: center;\">750<\/td>\n<td class=\"et2\" style=\"text-align: center;\">356<\/td>\n<td class=\"et2\" style=\"text-align: center;\">8.6&#215;8.6&#215;16.3<\/td>\n<\/tr>\n<tr style=\"height: 13.50pt;\">\n<td class=\"et2\" style=\"height: 13.50pt; text-align: center;\" height=\"18\">63085006<\/td>\n<td class=\"et2\" style=\"text-align: center;\">850<\/td>\n<td class=\"et2\" style=\"text-align: center;\">&#8211;<\/td>\n<td class=\"et2\" style=\"text-align: center;\">&#8211;<\/td>\n<\/tr>\n<tr style=\"height: 13.50pt;\">\n<td class=\"et2\" style=\"height: 13.50pt; text-align: center;\" height=\"18\">63100007<\/td>\n<td class=\"et2\" style=\"text-align: center;\">1000<\/td>\n<td class=\"et2\" style=\"text-align: center;\">405<\/td>\n<td class=\"et2\" style=\"text-align: center;\">9.7&#215;9.7&#215;17.5<\/td>\n<\/tr>\n<\/tbody>\n<\/table>\n<h2>Ba\u015far\u0131 Hikayesi<\/h2>\n<p>Kahve markas\u0131, yeni kahve \u015furubu serisi i\u00e7in 250 ml&#039;lik standart a\u011f\u0131zl\u0131 Mason Kavanozumuzu tercih etti. \u015eeffaf cam, canl\u0131 renklerini sergilerken, standart Mason kavanozu sayesinde kapat\u0131l\u0131p saklanmalar\u0131 daha kolay. Mason kavanozlar\u0131m\u0131za ge\u00e7i\u015fle sat\u0131\u015flar\u0131 artt\u0131!<\/p>\n<h2>Markan\u0131z \u0130\u00e7in \u00d6zelle\u015ftirme \u0130pu\u00e7lar\u0131<\/h2>\n<p>\u00dcr\u00fcn\u00fcn\u00fcz\u00fcn \u00f6ne \u00e7\u0131kmas\u0131n\u0131 m\u0131 istiyorsunuz? Kavanoz saklama kab\u0131n\u0131za \u00f6zel renk, boyut ve logo bask\u0131s\u0131 sunuyoruz. \u0130ster tur\u015fu ister sos paketliyor olun, fabrikam\u0131z markan\u0131z i\u00e7in m\u00fckemmel saklama \u00e7\u00f6z\u00fcm\u00fcn\u00fc yaratabilir. \u00d6zel cam kavanozlar\u0131m\u0131zla d\u00fczinelerce markan\u0131n ambalajlar\u0131n\u0131 d\u00f6n\u00fc\u015ft\u00fcrmesine yard\u0131mc\u0131 olduk.<\/p>\n<p>&nbsp;<\/p>","protected":false},"excerpt":{"rendered":"<p>Birinci s\u0131n\u0131f cam kavanoz saklama \u00e7\u00f6z\u00fcmlerini ke\u015ffedin. Yiyecek, mum, \u015furup ve daha fazlas\u0131 i\u00e7in toplu toptan \u00f6zel cam kavanozlar. BPA i\u00e7ermez, dayan\u0131kl\u0131 ve \u00e7ok y\u00f6nl\u00fcd\u00fcr.<\/p>","protected":false},"featured_media":1092,"template":"","meta":{"postBodyCss":"","postBodyMargin":[],"postBodyPadding":[],"postBodyBackground":{"backgroundType":"classic","gradient":""}},"product_brand":[],"product_cat":[15,17,19],"product_tag":[94],"class_list":{"0":"post-1075","1":"product","2":"type-product","3":"status-publish","4":"has-post-thumbnail","6":"product_cat-glass-containers","7":"product_cat-glass-jars","8":"product_cat-glass-mason-jars","9":"product_tag-glass-decoration-bottles","11":"first","12":"instock","13":"shipping-taxable","14":"product-type-simple"},"jetpack_sharing_enabled":true,"_links":{"self":[{"href":"https:\/\/minghanggroup.com\/tr\/wp-json\/wp\/v2\/product\/1075","targetHints":{"allow":["GET"]}}],"collection":[{"href":"https:\/\/minghanggroup.com\/tr\/wp-json\/wp\/v2\/product"}],"about":[{"href":"https:\/\/minghanggroup.com\/tr\/wp-json\/wp\/v2\/types\/product"}],"wp:featuredmedia":[{"embeddable":true,"href":"https:\/\/minghanggroup.com\/tr\/wp-json\/wp\/v2\/media\/1092"}],"wp:attachment":[{"href":"https:\/\/minghanggroup.com\/tr\/wp-json\/wp\/v2\/media?parent=1075"}],"wp:term":[{"taxonomy":"product_brand","embeddable":true,"href":"https:\/\/minghanggroup.com\/tr\/wp-json\/wp\/v2\/product_brand?post=1075"},{"taxonomy":"product_cat","embeddable":true,"href":"https:\/\/minghanggroup.com\/tr\/wp-json\/wp\/v2\/product_cat?post=1075"},{"taxonomy":"product_tag","embeddable":true,"href":"https:\/\/minghanggroup.com\/tr\/wp-json\/wp\/v2\/product_tag?post=1075"}],"curies":[{"name":"wp","href":"https:\/\/api.w.org\/{rel}","templated":true}]}}