{"id":6399,"date":"2026-04-15T16:25:04","date_gmt":"2026-04-15T08:25:04","guid":{"rendered":"https:\/\/minghanggroup.com\/?post_type=product&#038;p=6399"},"modified":"2026-04-15T16:25:05","modified_gmt":"2026-04-15T08:25:05","slug":"tapered-gel-nail-polish-bottles-empty-wholesale","status":"publish","type":"product","link":"https:\/\/minghanggroup.com\/pt\/produto\/tapered-gel-nail-polish-bottles-empty-wholesale\/","title":{"rendered":"Frascos vazios de esmalte em gel c\u00f4nico de 5ml, 8ml e 15ml para atacado."},"content":{"rendered":"<p>Os frascos de esmalte em gel vazios exibem um design com partes suavemente afiladas e curvaturas sutis, pois seu corpo transparente permite que os clientes vejam as cores reais do esmalte. A base refor\u00e7ada proporciona excelente estabilidade, mantendo o frasco na posi\u00e7\u00e3o vertical durante a exposi\u00e7\u00e3o em pontos de venda e no balc\u00e3o do sal\u00e3o. Cada frasco vem completo com uma tampa de rosca \u2014 dispon\u00edvel nas cores preta, branca ou personalizada \u2014 e um aplicador de pincel integrado para facilitar a aplica\u00e7\u00e3o precisa e sem esfor\u00e7o. Os frascos de esmalte em gel oferecem aos atacadistas e propriet\u00e1rios de boutiques diversas op\u00e7\u00f5es de personaliza\u00e7\u00e3o, pois podem ser usados \u200b\u200btanto para servi\u00e7os profissionais de unhas quanto para publicidade da marca.<\/p>\n<h2>Caracter\u00edsticas do produto<\/h2>\n<ul>\n<li><strong>Formato ergon\u00f4mico e contornado:<\/strong> O design do frasco inclui um formato curvo que se afunila em dire\u00e7\u00e3o ao topo para proporcionar aos usu\u00e1rios uma melhor ader\u00eancia e permitir que controlem a press\u00e3o da escova\u00e7\u00e3o com mais efic\u00e1cia.<\/li>\n<li><strong>Estrutura de veda\u00e7\u00e3o suave:<\/strong> O gargalo e a rosca da garrafa encaixam-se com precis\u00e3o, criando uma veda\u00e7\u00e3o segura que reduz eficazmente a evapora\u00e7\u00e3o do produto.<\/li>\n<li><strong>Vers\u00e1til para branding:<\/strong> A garrafa possui uma superf\u00edcie lisa e plana que funciona como uma superf\u00edcie perfeita para serigrafia e rotulagem, pois exibe logotipos e informa\u00e7\u00f5es sobre a tonalidade da cor.<\/li>\n<\/ul>\n<h2>Especifica\u00e7\u00f5es principais<\/h2>\n<table style=\"border-collapse: collapse; width: 80%; margin-left: auto; margin-right: auto;\" border=\"0\" width=\"288\" cellspacing=\"0\" cellpadding=\"0\">\n<tbody>\n<tr style=\"height: 13.50pt;\">\n<td style=\"height: 13.5pt; width: 54pt; text-align: center;\" width=\"72\" height=\"18\">Especifica\u00e7\u00e3o (ml)<\/td>\n<td style=\"width: 54pt; text-align: center;\" align=\"right\" width=\"72\">5<\/td>\n<td style=\"width: 54pt; text-align: center;\" align=\"right\" width=\"72\">8<\/td>\n<td style=\"width: 54pt; text-align: center;\" align=\"right\" width=\"72\">15<\/td>\n<\/tr>\n<tr style=\"height: 13.50pt;\">\n<td style=\"height: 13.5pt; text-align: center;\" height=\"18\">Tamanho (cm)<\/td>\n<td style=\"text-align: center;\">2.1 * 5.9<\/td>\n<td style=\"text-align: center;\">2.5 * 6.3<\/td>\n<td style=\"text-align: center;\">3 * 7.3<\/td>\n<\/tr>\n<tr style=\"height: 13.50pt;\">\n<td style=\"height: 13.5pt; text-align: center;\" height=\"18\">Forma<\/td>\n<td class=\"et2\" style=\"text-align: center;\" colspan=\"3\">Cone c\u00f4nico<\/td>\n<\/tr>\n<tr style=\"height: 13.50pt;\">\n<td style=\"height: 13.5pt; text-align: center;\" height=\"18\">Inclus\u00f5es<\/td>\n<td class=\"et2\" style=\"text-align: center;\" colspan=\"3\">Escova + Tampa<\/td>\n<\/tr>\n<\/tbody>\n<\/table>\n<h2>Hist\u00f3ria de sucesso<\/h2>\n<p>A marca de beleza brit\u00e2nica escolheu nossos frascos de esmalte em gel como base para sua nova cole\u00e7\u00e3o. A marca precisava de um design que refletisse sua imagem premium, por isso optou por um acabamento fosco suave nos frascos e um design preto brilhante nas tampas. O logotipo e o c\u00f3digo de cores da marca foram impressos em todos os frascos por meio de serigrafia, aproveitando a superf\u00edcie plana da frente de cada frasco.<\/p>\n<p>A linha de produtos alcan\u00e7ou um aumento de vendas de 30% durante seus dois primeiros meses de opera\u00e7\u00e3o. A marca fez um pedido adicional de produtos ap\u00f3s observar resultados de mercado positivos, o que possibilitou expandir sua linha de produtos com op\u00e7\u00f5es de cores adicionais.<\/p>\n<h2>Sugest\u00f5es de personaliza\u00e7\u00e3o<\/h2>\n<ol>\n<li><strong>Logotipo no painel frontal:<\/strong> A superf\u00edcie plana da garrafa oferece uma \u00e1rea de impress\u00e3o que permite a serigrafia de logotipos, c\u00f3digos de cores e nomes de s\u00e9ries, exibindo detalhes essenciais que permanecem vis\u00edveis em ambientes de varejo.<\/li>\n<li><strong>Op\u00e7\u00f5es de capacidade:<\/strong> O produto oferece tamanhos padr\u00e3o, juntamente com op\u00e7\u00f5es de menor capacidade que os fabricantes utilizam como amostras de teste e conjuntos de produtos.<\/li>\n<li><strong>Grava\u00e7\u00e3o em relevo ou codifica\u00e7\u00e3o na parte inferior:<\/strong> A base da garrafa cont\u00e9m elementos de relevo e codifica\u00e7\u00e3o de lote integrados, que ajudam as empresas a rastrear seus produtos e gerenciar seu estoque.<\/li>\n<\/ol>","protected":false},"excerpt":{"rendered":"<p>Frascos de esmalte premium vazios, em vidro transparente com tampa pincel. Ideais para esmalte em gel. Direto da f\u00e1brica, personaliza\u00e7\u00e3o em grandes quantidades, amostras gr\u00e1tis dispon\u00edveis.<\/p>","protected":false},"featured_media":6403,"template":"","meta":{"postBodyCss":"","postBodyMargin":[],"postBodyPadding":[],"postBodyBackground":{"backgroundType":"classic","gradient":""}},"product_brand":[],"product_cat":[113,15,16],"product_tag":[],"class_list":{"0":"post-6399","1":"product","2":"type-product","3":"status-publish","4":"has-post-thumbnail","6":"product_cat-nail-polish-bottles","7":"product_cat-glass-containers","8":"product_cat-glass-bottles","10":"first","11":"instock","12":"shipping-taxable","13":"product-type-simple"},"jetpack_sharing_enabled":true,"_links":{"self":[{"href":"https:\/\/minghanggroup.com\/pt\/wp-json\/wp\/v2\/product\/6399","targetHints":{"allow":["GET"]}}],"collection":[{"href":"https:\/\/minghanggroup.com\/pt\/wp-json\/wp\/v2\/product"}],"about":[{"href":"https:\/\/minghanggroup.com\/pt\/wp-json\/wp\/v2\/types\/product"}],"wp:featuredmedia":[{"embeddable":true,"href":"https:\/\/minghanggroup.com\/pt\/wp-json\/wp\/v2\/media\/6403"}],"wp:attachment":[{"href":"https:\/\/minghanggroup.com\/pt\/wp-json\/wp\/v2\/media?parent=6399"}],"wp:term":[{"taxonomy":"product_brand","embeddable":true,"href":"https:\/\/minghanggroup.com\/pt\/wp-json\/wp\/v2\/product_brand?post=6399"},{"taxonomy":"product_cat","embeddable":true,"href":"https:\/\/minghanggroup.com\/pt\/wp-json\/wp\/v2\/product_cat?post=6399"},{"taxonomy":"product_tag","embeddable":true,"href":"https:\/\/minghanggroup.com\/pt\/wp-json\/wp\/v2\/product_tag?post=6399"}],"curies":[{"name":"wp","href":"https:\/\/api.w.org\/{rel}","templated":true}]}}