{"id":6385,"date":"2026-04-15T13:23:49","date_gmt":"2026-04-15T05:23:49","guid":{"rendered":"https:\/\/minghanggroup.com\/?post_type=product&#038;p=6385"},"modified":"2026-04-15T16:42:51","modified_gmt":"2026-04-15T08:42:51","slug":"test-tubes-borosilicate-glass-with-cork-bulk","status":"publish","type":"product","link":"https:\/\/minghanggroup.com\/pt\/produto\/test-tubes-borosilicate-glass-with-cork-bulk\/","title":{"rendered":"Tubos de ensaio de vidro borossilicato com rolha, de 10 ml a 30 ml (a granel)"},"content":{"rendered":"<p>Os tubos de ensaio, feitos de vidro borossilicato, t\u00eam um formato cil\u00edndrico e s\u00e3o constru\u00eddos com vidro borossilicato de qualidade alimentar ultratransparente, que proporciona excelente clareza \u00f3ptica e durabilidade t\u00e9rmica. A rolha de corti\u00e7a natural serve como mecanismo de veda\u00e7\u00e3o para o fechamento dos tubos de ensaio.<\/p>\n<h2>Caracter\u00edsticas do produto<\/h2>\n<ul>\n<li><strong>Material do vidro borossilicato:<\/strong> A utiliza\u00e7\u00e3o de vidro borossilicato de alta qualidade nesses tubos permite que eles resistam ao choque t\u00e9rmico e possibilita uma limpeza simples, mantendo sua capacidade de serem reutilizados.<\/li>\n<li><strong>Veda\u00e7\u00e3o de corti\u00e7a natural:<\/strong> A rolha de corti\u00e7a natural proporciona uma excelente veda\u00e7\u00e3o, prevenindo eficazmente a entrada de humidade e insetos.<\/li>\n<li><strong>Diversas capacidades dispon\u00edveis:<\/strong> Os tubos, dispon\u00edveis em diferentes comprimentos e capacidades, servem a m\u00faltiplos prop\u00f3sitos, incluindo a dispensa\u00e7\u00e3o de amostras e o armazenamento de produtos secos.<\/li>\n<\/ul>\n<h2 style=\"text-align: left;\">Especifica\u00e7\u00f5es principais<\/h2>\n<table class=\"aligncenter\" style=\"border-collapse: collapse; width: 551.27pt;\" border=\"0\" width=\"735\" cellspacing=\"0\" cellpadding=\"0\">\n<tbody>\n<tr style=\"height: 13.50pt;\">\n<td style=\"height: 13.50pt; width: 120.00pt;\" width=\"160\" height=\"18\">Atributo<\/td>\n<td style=\"width: 431.25pt;\" width=\"575\">Detalhes<\/td>\n<\/tr>\n<tr style=\"height: 13.50pt;\">\n<td style=\"height: 13.50pt;\" height=\"18\">Tamanho e capacidade<\/td>\n<td>1,5\u00d710cm (10ml), 1,5\u00d712cm (13ml), 1,5\u00d722,5cm (28ml), 1,6\u00d722cm (30ml)<\/td>\n<\/tr>\n<tr style=\"height: 13.50pt;\">\n<td style=\"height: 13.50pt;\" height=\"18\">Material<\/td>\n<td>Vidro borossilicato transparente, rolha de corti\u00e7a natural<\/td>\n<\/tr>\n<tr style=\"height: 13.50pt;\">\n<td style=\"height: 13.50pt;\" height=\"18\">Formato de tubo<\/td>\n<td>Cilindro de paredes retas<\/td>\n<\/tr>\n<tr style=\"height: 13.50pt;\">\n<td style=\"height: 13.50pt;\" height=\"18\">Faixa de personaliza\u00e7\u00e3o<\/td>\n<td>Cor, tipo de corti\u00e7a, tamanho, relevo\/impress\u00e3o<\/td>\n<\/tr>\n<tr style=\"height: 13.50pt;\">\n<td style=\"height: 13.50pt;\" height=\"18\">Artesanato<\/td>\n<td>Desenho\/tubula\u00e7\u00e3o de vidro borossilicato<\/td>\n<\/tr>\n<tr style=\"height: 13.50pt;\">\n<td style=\"height: 13.50pt;\" height=\"18\">Uso principal<\/td>\n<td>Tubos de vidro com rolha, tubos de ensaio de vidro<\/td>\n<\/tr>\n<tr style=\"height: 13.50pt;\">\n<td style=\"height: 13.50pt;\" height=\"18\">Ind\u00fastrias-alvo<\/td>\n<td>Laborat\u00f3rios, fornecedores educacionais, artesanato e fa\u00e7a voc\u00ea mesmo<\/td>\n<\/tr>\n<\/tbody>\n<\/table>\n<h2>Caso de sucesso: um pedido personalizado de uma grande loja de artigos para artesanato.<\/h2>\n<p>Uma importante rede americana de lojas de artesanato e artigos florais selecionou nossos tubos de vidro com rolha de corti\u00e7a, que possuem uma rolha de corti\u00e7a personalizada e acabamento fosco. O produto personalizado obteve enorme sucesso, pois seu design cient\u00edfico impulsionou um crescimento de 500% nas vendas online na categoria &#034;Farmac\u00eautico Vintage&#034;, e 98% do estoque foi vendido nas lojas f\u00edsicas durante o primeiro trimestre. O fornecedor fez um pedido adicional de 480.000 tubos de vidro, pois a resposta do mercado ao produto superou todas as expectativas.<\/p>\n<h2>Tubos de vidro com op\u00e7\u00f5es de personaliza\u00e7\u00e3o de rolha<\/h2>\n<ul>\n<li>Tipos de corti\u00e7a: As op\u00e7\u00f5es dispon\u00edveis incluem corti\u00e7a natural, corti\u00e7a colorida, corti\u00e7a encerada e corti\u00e7a sint\u00e9tica, juntamente com rolhas decorativas opcionais.<\/li>\n<li>Serigrafia: Essa tecnologia permite a aplica\u00e7\u00e3o direta de gradua\u00e7\u00f5es, logotipos e padr\u00f5es decorativos em superf\u00edcies de vidro.<\/li>\n<li>Rolhas pr\u00e9-cortadas e perfuradas: O produto oferece rolhas pr\u00e9-perfuradas que permitem ao usu\u00e1rio inserir uma haste de flor, transformando o tubo em um vaso pr\u00e1tico.<\/li>\n<\/ul>","protected":false},"excerpt":{"rendered":"<p>Tubos de ensaio em vidro borossilicato com acabamento transparente e tampa de corti\u00e7a. Tubos de vidro com rolha ideais para amostras, especiarias e presentes. Amostras gr\u00e1tis dispon\u00edveis hoje.<\/p>","protected":false},"featured_media":6390,"template":"","meta":{"postBodyCss":"","postBodyMargin":[],"postBodyPadding":[],"postBodyBackground":{"backgroundType":"classic","gradient":""}},"product_brand":[],"product_cat":[117,15,16],"product_tag":[],"class_list":{"0":"post-6385","1":"product","2":"type-product","3":"status-publish","4":"has-post-thumbnail","6":"product_cat-glass-tubes","7":"product_cat-glass-containers","8":"product_cat-glass-bottles","10":"first","11":"instock","12":"shipping-taxable","13":"product-type-simple"},"jetpack_sharing_enabled":true,"_links":{"self":[{"href":"https:\/\/minghanggroup.com\/pt\/wp-json\/wp\/v2\/product\/6385","targetHints":{"allow":["GET"]}}],"collection":[{"href":"https:\/\/minghanggroup.com\/pt\/wp-json\/wp\/v2\/product"}],"about":[{"href":"https:\/\/minghanggroup.com\/pt\/wp-json\/wp\/v2\/types\/product"}],"wp:featuredmedia":[{"embeddable":true,"href":"https:\/\/minghanggroup.com\/pt\/wp-json\/wp\/v2\/media\/6390"}],"wp:attachment":[{"href":"https:\/\/minghanggroup.com\/pt\/wp-json\/wp\/v2\/media?parent=6385"}],"wp:term":[{"taxonomy":"product_brand","embeddable":true,"href":"https:\/\/minghanggroup.com\/pt\/wp-json\/wp\/v2\/product_brand?post=6385"},{"taxonomy":"product_cat","embeddable":true,"href":"https:\/\/minghanggroup.com\/pt\/wp-json\/wp\/v2\/product_cat?post=6385"},{"taxonomy":"product_tag","embeddable":true,"href":"https:\/\/minghanggroup.com\/pt\/wp-json\/wp\/v2\/product_tag?post=6385"}],"curies":[{"name":"wp","href":"https:\/\/api.w.org\/{rel}","templated":true}]}}