{"id":6384,"date":"2026-04-15T14:09:23","date_gmt":"2026-04-15T06:09:23","guid":{"rendered":"https:\/\/minghanggroup.com\/?post_type=product&#038;p=6384"},"modified":"2026-04-15T14:09:25","modified_gmt":"2026-04-15T06:09:25","slug":"apple-shaped-empty-nail-polish-bottles-bulk","status":"publish","type":"product","link":"https:\/\/minghanggroup.com\/pt\/produto\/apple-shaped-empty-nail-polish-bottles-bulk\/","title":{"rendered":"Frascos de esmalte vazios em formato de ma\u00e7\u00e3, de 5ml e 10ml (em grande quantidade)"},"content":{"rendered":"<p>As garrafas de esmalte vazias de vidro exibem um design moderno que mostra uma forma de ma\u00e7\u00e3 que todos reconhecem. O recipiente transparente exibe as cores do seu esmalte, criando um efeito visual atraente. Cada garrafa tem uma tampa de rosca herm\u00e9tica que os clientes podem escolher entre preto e branco e possui um aplicador de pincel embutido que permite uma aplica\u00e7\u00e3o precisa e simples. Oferecemos duas op\u00e7\u00f5es de tamanho \u2014 5ml e 10ml \u2014 para atender \u00e0s suas diversas necessidades de suprimento, seja para varejo ou distribui\u00e7\u00e3o por atacado. O produto oferece op\u00e7\u00f5es completas de personaliza\u00e7\u00e3o que permitem criar uma identidade de neg\u00f3cios \u00fanica que levar\u00e1 sua empresa a alcan\u00e7ar grande sucesso.<\/p>\n<h2>Caracter\u00edsticas do produto<\/h2>\n<ul>\n<li><strong>Forma Esculpida \u00danica:<\/strong> A garrafa apresenta uma forma incomum que cria uma apar\u00eancia distinta atrav\u00e9s de sua combina\u00e7\u00e3o de v\u00e1rias curvas. O design permite que a embalagem da sua marca alcance visibilidade m\u00e1xima porque criar\u00e1 um efeito visual distinto.<\/li>\n<li><strong>Base Est\u00e1vel e Grossa:<\/strong> A base grossa da garrafa proporciona extrema estabilidade, pois pode ficar em p\u00e9 sem aux\u00edlio, mantendo o equil\u00edbrio. O produto funciona como uma excelente op\u00e7\u00e3o tanto para uso di\u00e1rio quanto para displays de produtos de varejo.<\/li>\n<li><strong>Capacidade Compacta:<\/strong> A garrafa utiliza uma capacidade m\u00ednima de l\u00edquido, pois serve como um recipiente de tamanho de amostra que funciona como um produto f\u00e1cil de transportar e cont\u00e9m v\u00e1rios itens coloridos.<\/li>\n<\/ul>\n<h2>Especifica\u00e7\u00f5es principais<\/h2>\n<table style=\"border-collapse: collapse; width: 80%; margin-left: auto; margin-right: auto;\" border=\"0\" width=\"216\" cellspacing=\"0\" cellpadding=\"0\">\n<tbody>\n<tr style=\"height: 13.50pt;\">\n<td style=\"height: 13.5pt; width: 54pt; text-align: center;\" width=\"72\" height=\"18\">Espec(ml)<\/td>\n<td style=\"width: 54pt; text-align: center;\" width=\"72\">5<\/td>\n<td style=\"width: 54pt; text-align: center;\" width=\"72\">10<\/td>\n<\/tr>\n<tr style=\"height: 13.50pt;\">\n<td style=\"height: 13.5pt; text-align: center;\" height=\"18\">Tamanho (cm)<\/td>\n<td style=\"text-align: center;\">3 x 6<\/td>\n<td style=\"text-align: center;\">3,9 x 6,4<\/td>\n<\/tr>\n<tr style=\"height: 13.50pt;\">\n<td style=\"height: 13.5pt; text-align: center;\" height=\"18\">Forma<\/td>\n<td class=\"et2\" style=\"text-align: center;\" colspan=\"2\">Em Forma de Ma\u00e7\u00e3<\/td>\n<\/tr>\n<tr style=\"height: 13.50pt;\">\n<td style=\"height: 13.5pt; text-align: center;\" height=\"18\">Encerramento<\/td>\n<td class=\"et2\" style=\"text-align: center;\" colspan=\"2\">Tampa de Rosca (Preta \/ Branca \/ Personalizada)<\/td>\n<\/tr>\n<tr style=\"height: 13.50pt;\">\n<td style=\"height: 13.5pt; text-align: center;\" height=\"18\">Inclus\u00f5es<\/td>\n<td class=\"et2\" style=\"text-align: center;\" colspan=\"2\">Escova + Tampa<\/td>\n<\/tr>\n<\/tbody>\n<\/table>\n<h2>Hist\u00f3ria de sucesso<\/h2>\n<p>Uma marca francesa de beleza de luxo encomendou garrafas de esmalte a granel. A marca criou um design de garrafa personalizado que inclu\u00eda vidro colorido como material principal e usou uma tampa branca com acabamento de alto brilho e um aplicador de pincel projetado para aplica\u00e7\u00e3o de maquiagem precisa e f\u00e1cil. A tampa de cada tom cont\u00e9m pequenos detalhes de cor que ajudam os usu\u00e1rios a reconhecer e distinguir entre diferentes tons.<\/p>\n<p>O produto alcan\u00e7ou seu primeiro aumento de vendas de 40% em tr\u00eas meses devido ao seu design de garrafa exclusivo que os consumidores acharam atraente. A marca respondeu ao entusiasmo do mercado encomendando imediatamente mais produtos, ao mesmo tempo em que lan\u00e7ava novas tonalidades de edi\u00e7\u00e3o limitada para sua cole\u00e7\u00e3o sazonal.<\/p>\n<h2>Sugest\u00f5es de personaliza\u00e7\u00e3o<\/h2>\n<ol>\n<li><strong>Op\u00e7\u00f5es de cores para o vidro:<\/strong> O produto oferece tr\u00eas op\u00e7\u00f5es de acabamento de vidro, que incluem vidro transparente e vidro fosco semitransparente e acabamentos de spray levemente coloridos que incluem rosa nude, cinza esfuma\u00e7ado e roxo p\u00e1lido.<\/li>\n<li><strong>Sele\u00e7\u00e3o de Estilo de Tampa:<\/strong> As tampas b\u00e1sicas em preto e branco servem como ponto de partida para usu\u00e1rios que desejam criar designs personalizados atrav\u00e9s de acabamentos de galvanoplastia e gradiente, e tinta fosca soft-touch, que melhorar\u00e3o seu apelo visual geral.<\/li>\n<li><strong>Decora\u00e7\u00e3o de superf\u00edcie:<\/strong> O perfil curvo da garrafa permite a serigrafia de logotipos b\u00e1sicos e aplica\u00e7\u00f5es seletivas de hot stamping, enquanto a rotulagem com revestimento UV localizado pode ser usada para destacar aspectos espec\u00edficos da marca.<\/li>\n<\/ol>","protected":false},"excerpt":{"rendered":"<p>Eleve sua marca com frascos de esmalte vazios ic\u00f4nicos em forma de ma\u00e7\u00e3. Personalize logotipos, tampas e r\u00f3tulos. Ideal para frascos de esmalte a granel. Pe\u00e7a amostras agora!<\/p>","protected":false},"featured_media":6398,"template":"","meta":{"postBodyCss":"","postBodyMargin":[],"postBodyPadding":[],"postBodyBackground":{"backgroundType":"classic","gradient":""}},"product_brand":[],"product_cat":[113,15,16],"product_tag":[],"class_list":{"0":"post-6384","1":"product","2":"type-product","3":"status-publish","4":"has-post-thumbnail","6":"product_cat-nail-polish-bottles","7":"product_cat-glass-containers","8":"product_cat-glass-bottles","10":"first","11":"instock","12":"shipping-taxable","13":"product-type-simple"},"jetpack_sharing_enabled":true,"_links":{"self":[{"href":"https:\/\/minghanggroup.com\/pt\/wp-json\/wp\/v2\/product\/6384","targetHints":{"allow":["GET"]}}],"collection":[{"href":"https:\/\/minghanggroup.com\/pt\/wp-json\/wp\/v2\/product"}],"about":[{"href":"https:\/\/minghanggroup.com\/pt\/wp-json\/wp\/v2\/types\/product"}],"wp:featuredmedia":[{"embeddable":true,"href":"https:\/\/minghanggroup.com\/pt\/wp-json\/wp\/v2\/media\/6398"}],"wp:attachment":[{"href":"https:\/\/minghanggroup.com\/pt\/wp-json\/wp\/v2\/media?parent=6384"}],"wp:term":[{"taxonomy":"product_brand","embeddable":true,"href":"https:\/\/minghanggroup.com\/pt\/wp-json\/wp\/v2\/product_brand?post=6384"},{"taxonomy":"product_cat","embeddable":true,"href":"https:\/\/minghanggroup.com\/pt\/wp-json\/wp\/v2\/product_cat?post=6384"},{"taxonomy":"product_tag","embeddable":true,"href":"https:\/\/minghanggroup.com\/pt\/wp-json\/wp\/v2\/product_tag?post=6384"}],"curies":[{"name":"wp","href":"https:\/\/api.w.org\/{rel}","templated":true}]}}