{"id":6379,"date":"2026-04-15T08:56:32","date_gmt":"2026-04-15T00:56:32","guid":{"rendered":"https:\/\/minghanggroup.com\/?post_type=product&#038;p=6379"},"modified":"2026-04-15T13:46:23","modified_gmt":"2026-04-15T05:46:23","slug":"small-borosilicate-glass-tubes-with-metal-lids-bulk","status":"publish","type":"product","link":"https:\/\/minghanggroup.com\/pt\/produto\/small-borosilicate-glass-tubes-with-metal-lids-bulk\/","title":{"rendered":"Tubos de vidro borossilicato pequenos de 10 ml, 15 ml e 20 ml com tampas met\u00e1licas (em grande quantidade)"},"content":{"rendered":"<p>Esses tubos de vidro apresentam um design moderno que utiliza constru\u00e7\u00e3o de tubo reto e vidro borossilicato de alta qualidade para proporcionar excelente transmiss\u00e3o de luz e prote\u00e7\u00e3o t\u00e9rmica. O tubo de vidro possui uma conex\u00e3o rosqueada padr\u00e3o que veda o recipiente por meio de uma tampa de rosca met\u00e1lica prateada na parte superior.<\/p>\n<h2>Caracter\u00edsticas do produto<\/h2>\n<ul>\n<li><strong>Design simples com tubo reto:<\/strong> O design cl\u00e1ssico de tubo reto exala um estilo sofisticado de laborat\u00f3rio.<\/li>\n<li><strong>Vidro de borosilicato de alta transpar\u00eancia:<\/strong> Os tubos, fabricados com vidro borossilicato de alta transpar\u00eancia e sem chumbo, apresentam alta durabilidade e apar\u00eancia transparente, protegendo contra choques t\u00e9rmicos.<\/li>\n<li><strong>Dispon\u00edvel em v\u00e1rios tamanhos:<\/strong> Os tr\u00eas recipientes de capacidades precisas (10 ml, 15 ml e 20 ml) compartilham um di\u00e2metro comum, o que permite amostragem e testes organizados.<\/li>\n<\/ul>\n<h2 style=\"text-align: left;\">Especifica\u00e7\u00f5es principais<\/h2>\n<table class=\"aligncenter\" style=\"border-collapse: collapse; width: 494.27pt;\" border=\"0\" width=\"659\" cellspacing=\"0\" cellpadding=\"0\">\n<tbody>\n<tr style=\"height: 13.50pt;\">\n<td style=\"height: 13.50pt; width: 138.75pt;\" width=\"185\" height=\"18\">Especifica\u00e7\u00e3o<\/td>\n<td style=\"width: 355.50pt;\" width=\"474\">Detalhes<\/td>\n<\/tr>\n<tr style=\"height: 13.50pt;\">\n<td style=\"height: 13.50pt;\" height=\"18\">Dimens\u00f5es e capacidade<\/td>\n<td>10 ml: 3 \u00d7 3 cm, 15 ml: 3 \u00d7 4 cm, 20 ml: 3 \u00d7 5 cm<\/td>\n<\/tr>\n<tr style=\"height: 13.50pt;\">\n<td style=\"height: 13.50pt;\" height=\"18\">Material<\/td>\n<td>Vidro de alto teor de borosilicato, tampa de metal<\/td>\n<\/tr>\n<tr style=\"height: 13.50pt;\">\n<td style=\"height: 13.50pt;\" height=\"18\">Formato de tubo<\/td>\n<td>Cilindro de paredes retas<\/td>\n<\/tr>\n<tr style=\"height: 13.50pt;\">\n<td style=\"height: 13.50pt;\" height=\"18\">Escopo de personaliza\u00e7\u00e3o<\/td>\n<td>Cor, Tampas, Acabamento, Revestimento Interno, Tamanho<\/td>\n<\/tr>\n<tr style=\"height: 13.50pt;\">\n<td style=\"height: 13.50pt;\" height=\"18\">Artesanato<\/td>\n<td>Tubos e corte de vidro de precis\u00e3o<\/td>\n<\/tr>\n<tr style=\"height: 13.50pt;\">\n<td style=\"height: 13.50pt;\" height=\"18\">Finalidade do produto<\/td>\n<td>Tubo de vidro borossilicato, frascos para aromaterapia e \u00f3leos essenciais<\/td>\n<\/tr>\n<tr style=\"height: 13.50pt;\">\n<td style=\"height: 13.50pt;\" height=\"18\">Ind\u00fastrias adequadas<\/td>\n<td>Laborat\u00f3rios, Aromaterapia e Perfumaria, Produtos Farmac\u00eauticos<\/td>\n<\/tr>\n<\/tbody>\n<\/table>\n<h2>Caso de sucesso: Encomenda personalizada de um laborat\u00f3rio de fragr\u00e2ncias su\u00ed\u00e7o<\/h2>\n<p>Nossos tubos de vidro de 15 ml foram escolhidos por um renomado laborat\u00f3rio su\u00ed\u00e7o de pesquisa de fragr\u00e2ncias, que solicitou a personaliza\u00e7\u00e3o espec\u00edfica das tampas revestidas com PTFE e das gradua\u00e7\u00f5es impressas. Os tubos personalizados apresentaram um desempenho excepcional: as gradua\u00e7\u00f5es precisas reduziram os erros de medi\u00e7\u00e3o das misturas em 0,5%, e os tubos tamb\u00e9m aumentaram a capacidade de envio de amostras em 40%. Eles fizeram um novo pedido de 500.000 frascos, necess\u00e1rios para embalar seus novos conjuntos de misturas de fragr\u00e2ncias juntamente com seus \u00f3leos essenciais concentrados.<\/p>\n<h2>Op\u00e7\u00f5es de personaliza\u00e7\u00e3o<\/h2>\n<ul>\n<li>Tampas personalizadas: Nossa empresa oferece aos clientes diversas op\u00e7\u00f5es de tampas, incluindo revestimentos espec\u00edficos de silicone ou borracha, al\u00e9m de diferentes op\u00e7\u00f5es de cores e recursos de seguran\u00e7a infantil ou inviolabilidade.<\/li>\n<li>Capacidade: Os tubos de vidro est\u00e3o dispon\u00edveis em v\u00e1rias capacidades: 5ml, 30ml, 50ml e 100ml.<\/li>\n<li>Revestimento interno: O tubo de vidro utiliza revestimentos internos especiais que protegem contra subst\u00e2ncias reativas e adesivas.<\/li>\n<\/ul>","protected":false},"excerpt":{"rendered":"<p>Tubos de vidro premium com constru\u00e7\u00e3o dur\u00e1vel em vidro borossilicato e tampas de metal. O vidro borossilicato garante resist\u00eancia ao calor. Envio r\u00e1pido para todo o mundo.<\/p>","protected":false},"featured_media":6382,"template":"","meta":{"postBodyCss":"","postBodyMargin":[],"postBodyPadding":[],"postBodyBackground":{"backgroundType":"classic","gradient":""}},"product_brand":[],"product_cat":[117,15,16],"product_tag":[],"class_list":{"0":"post-6379","1":"product","2":"type-product","3":"status-publish","4":"has-post-thumbnail","6":"product_cat-glass-tubes","7":"product_cat-glass-containers","8":"product_cat-glass-bottles","10":"first","11":"instock","12":"shipping-taxable","13":"product-type-simple"},"jetpack_sharing_enabled":true,"_links":{"self":[{"href":"https:\/\/minghanggroup.com\/pt\/wp-json\/wp\/v2\/product\/6379","targetHints":{"allow":["GET"]}}],"collection":[{"href":"https:\/\/minghanggroup.com\/pt\/wp-json\/wp\/v2\/product"}],"about":[{"href":"https:\/\/minghanggroup.com\/pt\/wp-json\/wp\/v2\/types\/product"}],"wp:featuredmedia":[{"embeddable":true,"href":"https:\/\/minghanggroup.com\/pt\/wp-json\/wp\/v2\/media\/6382"}],"wp:attachment":[{"href":"https:\/\/minghanggroup.com\/pt\/wp-json\/wp\/v2\/media?parent=6379"}],"wp:term":[{"taxonomy":"product_brand","embeddable":true,"href":"https:\/\/minghanggroup.com\/pt\/wp-json\/wp\/v2\/product_brand?post=6379"},{"taxonomy":"product_cat","embeddable":true,"href":"https:\/\/minghanggroup.com\/pt\/wp-json\/wp\/v2\/product_cat?post=6379"},{"taxonomy":"product_tag","embeddable":true,"href":"https:\/\/minghanggroup.com\/pt\/wp-json\/wp\/v2\/product_tag?post=6379"}],"curies":[{"name":"wp","href":"https:\/\/api.w.org\/{rel}","templated":true}]}}