{"id":6334,"date":"2026-04-14T15:13:03","date_gmt":"2026-04-14T07:13:03","guid":{"rendered":"https:\/\/minghanggroup.com\/?post_type=product&#038;p=6334"},"modified":"2026-04-14T15:13:05","modified_gmt":"2026-04-14T07:13:05","slug":"glass-mini-nail-polish-bottles-for-brands-bulk","status":"publish","type":"product","link":"https:\/\/minghanggroup.com\/pt\/produto\/glass-mini-nail-polish-bottles-for-brands-bulk\/","title":{"rendered":"Frascos de vidro de 5ml, 10ml e 15ml para esmalte de unhas, em atacado, para diversas marcas."},"content":{"rendered":"<p>Os frascos de mini esmalte apresentam um design tradicional que mant\u00e9m seu apelo moderno, oferecendo ao mesmo tempo benef\u00edcios pr\u00e1ticos. O frasco possui paredes espessas que protegem o conte\u00fado, pois \u00e9 feito de vidro resistente e dur\u00e1vel. Cada frasco vem completo com uma tampa de rosca (dispon\u00edvel em preto ou branco) e um pincel aplicador integrado, que permite aos usu\u00e1rios aplicar o produto com precis\u00e3o e facilidade. Oferecemos tr\u00eas op\u00e7\u00f5es de capacidade: 5 ml, 10 ml e 15 ml, para atender \u00e0s suas diversas necessidades de embalagem. O recipiente multifuncional \u00e9 uma op\u00e7\u00e3o perfeita para embalar esmaltes, g\u00e9is e lacas, sendo ideal tanto para marcas pr\u00f3prias quanto para distribuidores atacadistas.<\/p>\n<h2>Caracter\u00edsticas do produto<\/h2>\n<ul>\n<li><strong>Design compacto e redondo:<\/strong> O design inclui um pequeno corpo cil\u00edndrico que requer pouco espa\u00e7o para armazenamento e transporte, tornando-o adequado para viagens ou embalagens de tamanho experimental.<\/li>\n<li><strong>Aplicador de pincel integrado:<\/strong> A ponta do pincel que acompanha o produto permite aos usu\u00e1rios obter uma aplica\u00e7\u00e3o suave, aplicando a quantidade correta de cor, o que resulta em um melhor desempenho geral.<\/li>\n<li><strong>Tampa de rosca \u00e0 prova de vazamentos:<\/strong> A tampa de rosca cria uma veda\u00e7\u00e3o herm\u00e9tica que impede a evapora\u00e7\u00e3o e o vazamento, mantendo a qualidade do produto.<\/li>\n<\/ul>\n<h2>Especifica\u00e7\u00f5es principais<\/h2>\n<table style=\"border-collapse: collapse; width: 80%; margin-left: auto; margin-right: auto;\" border=\"0\" width=\"288\" cellspacing=\"0\" cellpadding=\"0\">\n<tbody>\n<tr style=\"height: 13.50pt;\">\n<td style=\"height: 13.5pt; width: 54pt; text-align: center;\" width=\"72\" height=\"18\">Capacidade (ml)<\/td>\n<td style=\"width: 54pt; text-align: center;\" width=\"72\">5<\/td>\n<td style=\"width: 54pt; text-align: center;\" width=\"72\">10<\/td>\n<td style=\"width: 54pt; text-align: center;\" width=\"72\">15<\/td>\n<\/tr>\n<tr style=\"height: 13.50pt;\">\n<td style=\"height: 13.5pt; text-align: center;\" height=\"18\">Dimens\u00f5es (cm)<\/td>\n<td style=\"text-align: center;\">2,3 x 5,5<\/td>\n<td style=\"text-align: center;\">2,8 x 6,8<\/td>\n<td style=\"text-align: center;\">3,3 x 7,8<\/td>\n<\/tr>\n<tr style=\"height: 13.50pt;\">\n<td style=\"height: 13.5pt; text-align: center;\" height=\"18\">Forma<\/td>\n<td class=\"et2\" style=\"text-align: center;\" colspan=\"3\">Redondo<\/td>\n<\/tr>\n<tr style=\"height: 13.50pt;\">\n<td style=\"height: 13.5pt; text-align: center;\" height=\"18\">Encerramento<\/td>\n<td class=\"et2\" style=\"text-align: center;\" colspan=\"3\">Tampa de rosca<\/td>\n<\/tr>\n<tr style=\"height: 13.50pt;\">\n<td style=\"height: 13.5pt; text-align: center;\" height=\"18\">Inclus\u00f5es<\/td>\n<td class=\"et2\" style=\"text-align: center;\" colspan=\"3\">Escova + Tampa<\/td>\n<\/tr>\n<\/tbody>\n<\/table>\n<h2>Hist\u00f3ria de sucesso<\/h2>\n<p>A marca italiana de cosm\u00e9ticos adquiriu nossos frascos de esmalte de 15 ml por meio de distribui\u00e7\u00e3o atacadista para o lan\u00e7amento de sua linha de esmaltes de edi\u00e7\u00e3o limitada e sazonal, que ser\u00e1 sua primeira nova linha de produtos. O cliente utilizou serigrafia para estampar o logotipo da marca em cada frasco e aplicou etiquetas com c\u00f3digo de cores, permitindo que os consumidores identificassem as diferentes tonalidades rapidamente.<\/p>\n<p>A nova cole\u00e7\u00e3o registrou um aumento de 35% nas vendas durante o primeiro trimestre ap\u00f3s o lan\u00e7amento. O cliente fez diversos pedidos subsequentes em grande quantidade, contendo v\u00e1rias fam\u00edlias de cores, para expandir seu portf\u00f3lio de produtos existente.<\/p>\n<h2>Sugest\u00f5es de personaliza\u00e7\u00e3o<\/h2>\n<ol>\n<li><strong>Personaliza\u00e7\u00e3o do acabamento da tampa:<\/strong> Os clientes podem escolher entre bon\u00e9s pretos e brancos, que v\u00eam com tr\u00eas op\u00e7\u00f5es de acabamento diferentes: brilhante, fosco, revestimento UV e efeitos emborrachados, que melhoram as caracter\u00edsticas t\u00e1teis e combinam com o design da marca.<\/li>\n<li><strong>Op\u00e7\u00f5es de decora\u00e7\u00e3o de logotipo:<\/strong> O sistema suporta m\u00faltiplos m\u00e9todos de decora\u00e7\u00e3o, incluindo serigrafia e estampagem a quente com ouro ou prata, al\u00e9m de etiquetas para exibir logotipos de marcas e diferentes cores de produtos.<\/li>\n<li><strong>Personaliza\u00e7\u00e3o da cor da garrafa:<\/strong> O produto oferece vidro transparente como op\u00e7\u00e3o b\u00e1sica, enquanto os clientes podem escolher entre acabamentos personalizados que incluem pintura spray fosca transl\u00facida e degrad\u00ea, al\u00e9m de op\u00e7\u00f5es de revestimento em cores s\u00f3lidas, incluindo v\u00e1rios tons de rosa e nude.<\/li>\n<\/ol>","protected":false},"excerpt":{"rendered":"<p>D\u00ea destaque \u00e0 sua marca de esmaltes com nossos mini frascos. Escolha entre frascos de 5ml, 10ml ou 15ml, com op\u00e7\u00f5es de personaliza\u00e7\u00e3o e fornecimento direto da f\u00e1brica. Pe\u00e7a uma amostra hoje mesmo!<\/p>","protected":false},"featured_media":6377,"template":"","meta":{"postBodyCss":"","postBodyMargin":[],"postBodyPadding":[],"postBodyBackground":{"backgroundType":"classic","gradient":""}},"product_brand":[],"product_cat":[113,15,16],"product_tag":[],"class_list":{"0":"post-6334","1":"product","2":"type-product","3":"status-publish","4":"has-post-thumbnail","6":"product_cat-nail-polish-bottles","7":"product_cat-glass-containers","8":"product_cat-glass-bottles","10":"first","11":"instock","12":"shipping-taxable","13":"product-type-simple"},"jetpack_sharing_enabled":true,"_links":{"self":[{"href":"https:\/\/minghanggroup.com\/pt\/wp-json\/wp\/v2\/product\/6334","targetHints":{"allow":["GET"]}}],"collection":[{"href":"https:\/\/minghanggroup.com\/pt\/wp-json\/wp\/v2\/product"}],"about":[{"href":"https:\/\/minghanggroup.com\/pt\/wp-json\/wp\/v2\/types\/product"}],"wp:featuredmedia":[{"embeddable":true,"href":"https:\/\/minghanggroup.com\/pt\/wp-json\/wp\/v2\/media\/6377"}],"wp:attachment":[{"href":"https:\/\/minghanggroup.com\/pt\/wp-json\/wp\/v2\/media?parent=6334"}],"wp:term":[{"taxonomy":"product_brand","embeddable":true,"href":"https:\/\/minghanggroup.com\/pt\/wp-json\/wp\/v2\/product_brand?post=6334"},{"taxonomy":"product_cat","embeddable":true,"href":"https:\/\/minghanggroup.com\/pt\/wp-json\/wp\/v2\/product_cat?post=6334"},{"taxonomy":"product_tag","embeddable":true,"href":"https:\/\/minghanggroup.com\/pt\/wp-json\/wp\/v2\/product_tag?post=6334"}],"curies":[{"name":"wp","href":"https:\/\/api.w.org\/{rel}","templated":true}]}}