{"id":6257,"date":"2026-04-09T11:18:55","date_gmt":"2026-04-09T03:18:55","guid":{"rendered":"https:\/\/minghanggroup.com\/?post_type=product&#038;p=6257"},"modified":"2026-04-09T11:41:37","modified_gmt":"2026-04-09T03:41:37","slug":"personalized-liquor-bottles-with-mountain-base-bulk","status":"publish","type":"product","link":"https:\/\/minghanggroup.com\/pt\/produto\/personalized-liquor-bottles-with-mountain-base-bulk\/","title":{"rendered":"Garrafas de bebidas personalizadas de 250ml e 500ml com base em formato de montanha (em grande quantidade)"},"content":{"rendered":"<p>As garrafas de bebidas personalizadas exibem um corpo de vidro cil\u00edndrico com facetas verticais em destaque. Fabricadas em vidro de paredes espessas e ultratransparente, as garrafas apresentam uma base em formato de montanha.<\/p>\n<h2>Caracter\u00edsticas do produto<\/h2>\n<ul>\n<li><strong>Base da montanha esculpida:<\/strong> A base de cristal apresenta m\u00faltiplas facetas que criam uma forte presen\u00e7a visual, ao mesmo tempo que proporcionam uma estabilidade excepcional ao design.<\/li>\n<li><strong>Sulco vertical no meio:<\/strong> A garrafa cont\u00e9m um sulco vertical profundo que permite aos usu\u00e1rios segur\u00e1-la com seguran\u00e7a, ao mesmo tempo que melhora sua apar\u00eancia visual e suas capacidades de refra\u00e7\u00e3o da luz.<\/li>\n<li><strong>Corpo cil\u00edndrico espesso e cristalino:<\/strong> O corpo principal da garrafa \u00e9 feito de vidro espesso e cristalino, o que permite total visibilidade da cor e da transpar\u00eancia da bebida.<\/li>\n<\/ul>\n<h2 style=\"text-align: left;\">Especifica\u00e7\u00f5es principais<\/h2>\n<table class=\"aligncenter\" style=\"border-collapse: collapse; width: 462.02pt;\" border=\"0\" width=\"616\" cellspacing=\"0\" cellpadding=\"0\">\n<tbody>\n<tr style=\"height: 13.50pt;\">\n<td style=\"height: 13.50pt; width: 117.75pt;\" width=\"157\" height=\"18\">Atributo<\/td>\n<td style=\"width: 344.25pt;\" width=\"459\">Detalhes<\/td>\n<\/tr>\n<tr style=\"height: 13.50pt;\">\n<td style=\"height: 13.50pt;\" height=\"18\">Tamanho e capacidade<\/td>\n<td>7,2\u00d715cm (250ml), 9\u00d718,3cm (500ml)<\/td>\n<\/tr>\n<tr style=\"height: 13.50pt;\">\n<td style=\"height: 13.50pt;\" height=\"18\">Material<\/td>\n<td>Vidro grosso e cristalino<\/td>\n<\/tr>\n<tr style=\"height: 13.50pt;\">\n<td style=\"height: 13.50pt;\" height=\"18\">Formato de garrafa<\/td>\n<td>Cilindro<\/td>\n<\/tr>\n<tr style=\"height: 13.50pt;\">\n<td style=\"height: 13.50pt;\" height=\"18\">Faixa de personaliza\u00e7\u00e3o<\/td>\n<td>Cor, design do corte da base, tampas, tamanho<\/td>\n<\/tr>\n<tr style=\"height: 13.50pt;\">\n<td style=\"height: 13.50pt;\" height=\"18\">Uso principal<\/td>\n<td>Garrafa de bebida sofisticada de alta qualidade, garrafas de bebida personalizadas<\/td>\n<\/tr>\n<tr style=\"height: 13.50pt;\">\n<td style=\"height: 13.50pt;\" height=\"18\">Ind\u00fastrias-alvo<\/td>\n<td>Marcas de bebidas espirituosas ultra-premium, conjuntos de presentes de luxo<\/td>\n<\/tr>\n<\/tbody>\n<\/table>\n<h2>Caso de sucesso: Encomenda personalizada de uma marca de whisky escoc\u00eas de renome.<\/h2>\n<p>Uma destilaria escocesa selecionou nossas garrafas de 500ml para bebidas sofisticadas, que foram personalizadas em uma cor exclusiva chamada &#034;azul glacial&#034; profundo. O design criou um elemento ic\u00f4nico, pois a base foi esculpida em um formato espec\u00edfico. O whisky de edi\u00e7\u00e3o limitada esgotou em 72 horas. O peso da garrafa e o acabamento excepcional justificaram seu alto custo, tr\u00eas vezes maior que o de nossos produtos de luxo padr\u00e3o. Ap\u00f3s o sucesso do pedido inicial, a empresa decidiu adquirir mais 380.000 garrafas para apoiar o lan\u00e7amento da nova linha &#034;Castle Strength&#034;.<\/p>\n<h2>Sugest\u00f5es para personalizar garrafas de bebidas sofisticadas<\/h2>\n<ul>\n<li>Design personalizado da base da escultura: Uma ampla variedade de op\u00e7\u00f5es de design de base est\u00e1 dispon\u00edvel, incluindo montanhas, diamantes, geodos, icebergs e at\u00e9 mesmo formas harmoniosas projetadas sob medida.<\/li>\n<li>Detalhes em metal: Os componentes de vidro e da base da escultura recebem colares de metal precioso, placas de identifica\u00e7\u00e3o e incrusta\u00e7\u00f5es de arame como elementos decorativos.<\/li>\n<li>Op\u00e7\u00f5es de tampas: A cole\u00e7\u00e3o cont\u00e9m diversas op\u00e7\u00f5es de tampas premium, incluindo rolhas de vidro, combina\u00e7\u00f5es de rolhas de madeira e corti\u00e7a, e tampas de rosca de metal.<\/li>\n<\/ul>","protected":false},"excerpt":{"rendered":"<p>Garrafas de licor sofisticadas em cristal com base em formato de montanha e tampa de vidro. Garrafas personalizadas para embalagens de bebidas destiladas. Amostras gr\u00e1tis dispon\u00edveis.<\/p>","protected":false},"featured_media":6267,"template":"","meta":{"postBodyCss":"","postBodyMargin":[],"postBodyPadding":[],"postBodyBackground":{"backgroundType":"classic","gradient":""}},"product_brand":[],"product_cat":[108,15,16],"product_tag":[],"class_list":{"0":"post-6257","1":"product","2":"type-product","3":"status-publish","4":"has-post-thumbnail","6":"product_cat-liquor-bottles","7":"product_cat-glass-containers","8":"product_cat-glass-bottles","10":"first","11":"instock","12":"shipping-taxable","13":"product-type-simple"},"jetpack_sharing_enabled":true,"_links":{"self":[{"href":"https:\/\/minghanggroup.com\/pt\/wp-json\/wp\/v2\/product\/6257","targetHints":{"allow":["GET"]}}],"collection":[{"href":"https:\/\/minghanggroup.com\/pt\/wp-json\/wp\/v2\/product"}],"about":[{"href":"https:\/\/minghanggroup.com\/pt\/wp-json\/wp\/v2\/types\/product"}],"wp:featuredmedia":[{"embeddable":true,"href":"https:\/\/minghanggroup.com\/pt\/wp-json\/wp\/v2\/media\/6267"}],"wp:attachment":[{"href":"https:\/\/minghanggroup.com\/pt\/wp-json\/wp\/v2\/media?parent=6257"}],"wp:term":[{"taxonomy":"product_brand","embeddable":true,"href":"https:\/\/minghanggroup.com\/pt\/wp-json\/wp\/v2\/product_brand?post=6257"},{"taxonomy":"product_cat","embeddable":true,"href":"https:\/\/minghanggroup.com\/pt\/wp-json\/wp\/v2\/product_cat?post=6257"},{"taxonomy":"product_tag","embeddable":true,"href":"https:\/\/minghanggroup.com\/pt\/wp-json\/wp\/v2\/product_tag?post=6257"}],"curies":[{"name":"wp","href":"https:\/\/api.w.org\/{rel}","templated":true}]}}