{"id":6251,"date":"2026-04-08T13:52:44","date_gmt":"2026-04-08T05:52:44","guid":{"rendered":"https:\/\/minghanggroup.com\/?post_type=product&#038;p=6251"},"modified":"2026-04-08T16:20:36","modified_gmt":"2026-04-08T08:20:36","slug":"square-small-liquor-bottles-with-cork-bulk","status":"publish","type":"product","link":"https:\/\/minghanggroup.com\/pt\/produto\/square-small-liquor-bottles-with-cork-bulk\/","title":{"rendered":"Garrafas quadradas pequenas de 100ml para bebidas alco\u00f3licas com rolha (em grande quantidade)"},"content":{"rendered":"<p>As garrafinhas de bebidas alco\u00f3licas s\u00e3o projetadas com um corpo retangular arredondado e compacto, feitas de vidro premium, e est\u00e3o dispon\u00edveis em duas op\u00e7\u00f5es elegantes: transparente e fosca. As rolhas s\u00e3o de corti\u00e7a natural, o que as torna adequadas para amostras, miniaturas e garrafas de viagem.<\/p>\n<h2>Caracter\u00edsticas do produto<\/h2>\n<ul>\n<li><strong>Corpo pequeno e quadrado com cantos arredondados:<\/strong> O formato quadrado fechado com cantos arredondados garante que os usu\u00e1rios possam segurar o objeto com seguran\u00e7a, mantendo ao mesmo tempo uma apar\u00eancia atraente.<\/li>\n<li><strong>Rolha de corti\u00e7a natural:<\/strong> A corti\u00e7a natural \u00e9 um material que oferece uma solu\u00e7\u00e3o de veda\u00e7\u00e3o ecol\u00f3gica, al\u00e9m de conferir uma est\u00e9tica natural ao produto.<\/li>\n<li><strong>Tamanho mini de 100ml:<\/strong> O tamanho reduzido \u00e9 ideal para produtos que precisam ser oferecidos em forma de amostra, servidos em por\u00e7\u00f5es individuais, acondicionados em frascos para viagem ou lan\u00e7ados como edi\u00e7\u00f5es especiais.<\/li>\n<\/ul>\n<h2 style=\"text-align: left;\">Especifica\u00e7\u00f5es principais<\/h2>\n<table class=\"aligncenter\" style=\"border-collapse: collapse; width: 400.52pt;\" border=\"0\" width=\"534\" cellspacing=\"0\" cellpadding=\"0\">\n<tbody>\n<tr style=\"height: 13.50pt;\">\n<td style=\"height: 13.50pt; width: 117.75pt;\" width=\"157\" height=\"18\">Atributo<\/td>\n<td style=\"width: 282.75pt;\" width=\"377\">Detalhes<\/td>\n<\/tr>\n<tr style=\"height: 13.50pt;\">\n<td style=\"height: 13.50pt;\" height=\"18\">Tamanho e capacidade<\/td>\n<td>5\u00d712cm (100ml)<\/td>\n<\/tr>\n<tr style=\"height: 13.50pt;\">\n<td style=\"height: 13.50pt;\" height=\"18\">Material<\/td>\n<td>Vidro transparente ou fosco, corti\u00e7a de madeira natural<\/td>\n<\/tr>\n<tr style=\"height: 13.50pt;\">\n<td style=\"height: 13.50pt;\" height=\"18\">Formato de garrafa<\/td>\n<td>Coluna quadrada com cantos arredondados<\/td>\n<\/tr>\n<tr style=\"height: 13.50pt;\">\n<td style=\"height: 13.50pt;\" height=\"18\">Faixa de personaliza\u00e7\u00e3o<\/td>\n<td>Cor, acabamento, corti\u00e7a, tamanho<\/td>\n<\/tr>\n<tr style=\"height: 13.50pt;\">\n<td style=\"height: 13.50pt;\" height=\"18\">Artesanato<\/td>\n<td>Moldagem de vidro, aplica\u00e7\u00e3o de acabamento<\/td>\n<\/tr>\n<tr style=\"height: 13.50pt;\">\n<td style=\"height: 13.50pt;\" height=\"18\">Uso principal<\/td>\n<td>Garrafas pequenas de bebidas alco\u00f3licas, amostras de bebidas alco\u00f3licas<\/td>\n<\/tr>\n<tr style=\"height: 13.50pt;\">\n<td style=\"height: 13.50pt;\" height=\"18\">Ind\u00fastrias-alvo<\/td>\n<td>Destilarias artesanais, caixas de assinatura<\/td>\n<\/tr>\n<\/tbody>\n<\/table>\n<h2>Caso de Sucesso: Um Pedido Personalizado de uma Caixa de Assinatura Nacional de Bebidas Artesanais<\/h2>\n<p>Um servi\u00e7o de assinatura de bebidas artesanais dos EUA selecionou nossas garrafinhas quadradas foscas e as personalizou com uma rolha selada com cera e um corpo de vidro colorido. Os resultados foram incr\u00edveis: o design exclusivo da garrafa quadrada aumentou em 400% o compartilhamento de v\u00eddeos de unboxing nas redes sociais dos membros, e o design personalizado os ajudou a estabelecer parcerias com 50 novas cervejarias artesanais. Ap\u00f3s o sucesso inicial, a empresa fez um novo pedido de 480.000 garrafas.<\/p>\n<h2>Op\u00e7\u00f5es de personaliza\u00e7\u00e3o para garrafinhas de bebidas alco\u00f3licas<\/h2>\n<ul>\n<li>Cores e tonalidades do vidro: O produto est\u00e1 dispon\u00edvel em quatro op\u00e7\u00f5es de vidro, incluindo vidro \u00e2mbar, vidro verde, vidro azul e vidro fum\u00ea. Tamb\u00e9m oferece duas op\u00e7\u00f5es de vidro: vidro transparente e vidro fosco.<\/li>\n<li>Estilos de corti\u00e7a: O sistema oferece quatro op\u00e7\u00f5es de corti\u00e7a, incluindo corti\u00e7a natural, corti\u00e7a colorida, corti\u00e7a sint\u00e9tica e corti\u00e7a impregnada com cera, al\u00e9m de op\u00e7\u00f5es para impress\u00e3o de logotipos.<\/li>\n<li>Acabamento em couro ou corda: Os clientes podem optar por adicionar uma tira de couro ou um acabamento em corda no gargalo da garrafa, juntamente com um r\u00f3tulo personalizado, para criar um presente com apar\u00eancia r\u00fastica.<\/li>\n<\/ul>","protected":false},"excerpt":{"rendered":"<p>Garrafas pequenas de bebidas alco\u00f3licas, com capacidade de 100ml, em vidro transparente e fosco. Garrafas pequenas com rolha de corti\u00e7a para bebidas destiladas ou \u00f3leos. Amostras gr\u00e1tis dispon\u00edveis.<\/p>","protected":false},"featured_media":6253,"template":"","meta":{"postBodyCss":"","postBodyMargin":[],"postBodyPadding":[],"postBodyBackground":{"backgroundType":"classic","gradient":""}},"product_brand":[],"product_cat":[108,15,16],"product_tag":[],"class_list":{"0":"post-6251","1":"product","2":"type-product","3":"status-publish","4":"has-post-thumbnail","6":"product_cat-liquor-bottles","7":"product_cat-glass-containers","8":"product_cat-glass-bottles","10":"first","11":"instock","12":"shipping-taxable","13":"product-type-simple"},"jetpack_sharing_enabled":true,"_links":{"self":[{"href":"https:\/\/minghanggroup.com\/pt\/wp-json\/wp\/v2\/product\/6251","targetHints":{"allow":["GET"]}}],"collection":[{"href":"https:\/\/minghanggroup.com\/pt\/wp-json\/wp\/v2\/product"}],"about":[{"href":"https:\/\/minghanggroup.com\/pt\/wp-json\/wp\/v2\/types\/product"}],"wp:featuredmedia":[{"embeddable":true,"href":"https:\/\/minghanggroup.com\/pt\/wp-json\/wp\/v2\/media\/6253"}],"wp:attachment":[{"href":"https:\/\/minghanggroup.com\/pt\/wp-json\/wp\/v2\/media?parent=6251"}],"wp:term":[{"taxonomy":"product_brand","embeddable":true,"href":"https:\/\/minghanggroup.com\/pt\/wp-json\/wp\/v2\/product_brand?post=6251"},{"taxonomy":"product_cat","embeddable":true,"href":"https:\/\/minghanggroup.com\/pt\/wp-json\/wp\/v2\/product_cat?post=6251"},{"taxonomy":"product_tag","embeddable":true,"href":"https:\/\/minghanggroup.com\/pt\/wp-json\/wp\/v2\/product_tag?post=6251"}],"curies":[{"name":"wp","href":"https:\/\/api.w.org\/{rel}","templated":true}]}}