{"id":6241,"date":"2026-04-08T13:22:15","date_gmt":"2026-04-08T05:22:15","guid":{"rendered":"https:\/\/minghanggroup.com\/?post_type=product&#038;p=6241"},"modified":"2026-04-08T13:22:17","modified_gmt":"2026-04-08T05:22:17","slug":"glass-custom-square-liquor-bottles-for-spirits-wholesale","status":"publish","type":"product","link":"https:\/\/minghanggroup.com\/pt\/produto\/glass-custom-square-liquor-bottles-for-spirits-wholesale\/","title":{"rendered":"Garrafas de vidro quadradas para bebidas alco\u00f3licas, 250ml, 375ml e 500ml, para venda por atacado."},"content":{"rendered":"<p>Nossas elegantes garrafas quadradas para bebidas alco\u00f3licas foram projetadas para atender \u00e0s necessidades de marcas que exigem um design moderno e sofisticado. O design angular e arrojado cria um impacto visual marcante nas prateleiras. As garrafas vazias exibem uma combina\u00e7\u00e3o perfeita de elementos de design robustos, pois sua base proporciona estabilidade e suas tampas usinadas com precis\u00e3o garantem uma veda\u00e7\u00e3o perfeita.<\/p>\n<h2>Caracter\u00edsticas do produto<\/h2>\n<ul>\n<li><strong>Design quadrado e plano:<\/strong> O novo design apresenta um formato compacto e atraente, com linhas retas impressionantes que funcionam bem para fins de exposi\u00e7\u00e3o.<\/li>\n<li><strong>Constru\u00e7\u00e3o robusta com base s\u00f3lida:<\/strong> A base do recipiente foi constru\u00edda com peso adicional para proporcionar maior estabilidade e uma sensa\u00e7\u00e3o premium ao segur\u00e1-lo.<\/li>\n<li><strong>Painel de etiquetas amplo:<\/strong> As \u00e1reas frontal e traseira oferecem amplo espa\u00e7o, permitindo a exibi\u00e7\u00e3o de diversos tipos de etiquetas, relevos e marcas.<\/li>\n<\/ul>\n<h2>Especifica\u00e7\u00f5es principais<\/h2>\n<table style=\"border-collapse: collapse; width: 80%; margin-left: auto; margin-right: auto;\" border=\"0\" width=\"144\" cellspacing=\"0\" cellpadding=\"0\">\n<tbody>\n<tr style=\"height: 13.50pt;\">\n<td style=\"height: 13.5pt; width: 54pt; text-align: center;\" width=\"72\" height=\"18\">Recurso<\/td>\n<td style=\"width: 54pt; text-align: center;\" width=\"72\">Detalhes<\/td>\n<\/tr>\n<tr style=\"height: 13.50pt;\">\n<td style=\"height: 13.5pt; text-align: center;\" height=\"18\">Tamanhos<\/td>\n<td style=\"text-align: center;\">250ml, 375ml, 500ml<\/td>\n<\/tr>\n<tr style=\"height: 13.50pt;\">\n<td style=\"height: 13.5pt; text-align: center;\" height=\"18\">Forma<\/td>\n<td style=\"text-align: center;\">Quadrado<\/td>\n<\/tr>\n<tr style=\"height: 13.50pt;\">\n<td style=\"height: 13.5pt; text-align: center;\" height=\"18\">Op\u00e7\u00f5es de limite<\/td>\n<td style=\"text-align: center;\">Rolha de vidro, tampa de rosca de alum\u00ednio, rolha de madeira<\/td>\n<\/tr>\n<tr style=\"height: 13.50pt;\">\n<td style=\"height: 13.5pt; text-align: center;\" height=\"18\">Tipos de pesco\u00e7o<\/td>\n<td style=\"text-align: center;\">Boca plana, gargalo rosqueado<\/td>\n<\/tr>\n<\/tbody>\n<\/table>\n<h2>Hist\u00f3ria de sucesso<\/h2>\n<p>Uma destilaria artesanal americana estava se preparando para lan\u00e7ar um u\u00edsque premium de pequena produ\u00e7\u00e3o e escolheu nossas garrafas quadradas de 375 ml para o lan\u00e7amento. O cliente optou pelo vidro extratransparente por real\u00e7ar a bela cor \u00e2mbar do u\u00edsque, que ele considerava atraente; a parte frontal das garrafas vazias possui um painel em relevo com um design profundo que serve como moldura para o r\u00f3tulo em estilo vintage. Eles escolheram uma rolha de corti\u00e7a personalizada com topo de madeira, que inclu\u00eda um medalh\u00e3o com o logotipo da marca.<\/p>\n<p>O produto completou seis meses no mercado, ap\u00f3s os quais as vendas aumentaram 32%. O cliente fez v\u00e1rios pedidos do produto porque os distribuidores fornecem feedback positivo e os clientes continuam a preferir seus produtos, que se tornaram sua principal linha de produtos.<\/p>\n<h2>Dicas de personaliza\u00e7\u00e3o<\/h2>\n<ol>\n<li><strong>Personaliza\u00e7\u00e3o do painel frontal:<\/strong> Adicione um painel de etiqueta rebaixado ou em relevo para emoldurar a marca e melhorar a ades\u00e3o da etiqueta.<\/li>\n<li><strong>Correspond\u00eancia de fechamento:<\/strong> Personalize as rolhas com tampas de madeira, metal ou acr\u00edlico; ou selecione tampas de rosca com acabamentos personalizados para diferentes mercados.<\/li>\n<li><strong>Detalhe do design da parte inferior:<\/strong> O formato da base interna com efeito push-up pode ser personalizado por designers que desejam criar sua pr\u00f3pria assinatura visual exclusiva por meio de marcas em relevo.<\/li>\n<\/ol>","protected":false},"excerpt":{"rendered":"<p>Garrafa quadrada para bebidas alco\u00f3licas com base espessa e acabamento transparente. Ideal para embalagens de bebidas destiladas e fornecimento de garrafas vazias para bebidas, direto da f\u00e1brica, designs personalizados.<\/p>","protected":false},"featured_media":6250,"template":"","meta":{"postBodyCss":"","postBodyMargin":[],"postBodyPadding":[],"postBodyBackground":{"backgroundType":"classic","gradient":""}},"product_brand":[],"product_cat":[108,15,16],"product_tag":[],"class_list":{"0":"post-6241","1":"product","2":"type-product","3":"status-publish","4":"has-post-thumbnail","6":"product_cat-liquor-bottles","7":"product_cat-glass-containers","8":"product_cat-glass-bottles","10":"first","11":"instock","12":"shipping-taxable","13":"product-type-simple"},"jetpack_sharing_enabled":true,"_links":{"self":[{"href":"https:\/\/minghanggroup.com\/pt\/wp-json\/wp\/v2\/product\/6241","targetHints":{"allow":["GET"]}}],"collection":[{"href":"https:\/\/minghanggroup.com\/pt\/wp-json\/wp\/v2\/product"}],"about":[{"href":"https:\/\/minghanggroup.com\/pt\/wp-json\/wp\/v2\/types\/product"}],"wp:featuredmedia":[{"embeddable":true,"href":"https:\/\/minghanggroup.com\/pt\/wp-json\/wp\/v2\/media\/6250"}],"wp:attachment":[{"href":"https:\/\/minghanggroup.com\/pt\/wp-json\/wp\/v2\/media?parent=6241"}],"wp:term":[{"taxonomy":"product_brand","embeddable":true,"href":"https:\/\/minghanggroup.com\/pt\/wp-json\/wp\/v2\/product_brand?post=6241"},{"taxonomy":"product_cat","embeddable":true,"href":"https:\/\/minghanggroup.com\/pt\/wp-json\/wp\/v2\/product_cat?post=6241"},{"taxonomy":"product_tag","embeddable":true,"href":"https:\/\/minghanggroup.com\/pt\/wp-json\/wp\/v2\/product_tag?post=6241"}],"curies":[{"name":"wp","href":"https:\/\/api.w.org\/{rel}","templated":true}]}}