{"id":6232,"date":"2026-04-07T14:08:02","date_gmt":"2026-04-07T06:08:02","guid":{"rendered":"https:\/\/minghanggroup.com\/?post_type=product&#038;p=6232"},"modified":"2026-04-07T14:34:58","modified_gmt":"2026-04-07T06:34:58","slug":"round-glass-bottles-for-liquor-with-lids-wholesale","status":"publish","type":"product","link":"https:\/\/minghanggroup.com\/pt\/produto\/round-glass-bottles-for-liquor-with-lids-wholesale\/","title":{"rendered":"Garrafas de vidro redondas para bebidas alco\u00f3licas, com tampas, de 100 ml a 750 ml (venda por atacado)."},"content":{"rendered":"<p>Estas garrafas de vidro para bebidas alco\u00f3licas apresentam um elegante formato de gota e s\u00e3o seladas com rolhas de corti\u00e7a natural. Est\u00e3o dispon\u00edveis em v\u00e1rios tamanhos, com op\u00e7\u00f5es de acabamento transparente e fosco.<\/p>\n<h2>Caracter\u00edsticas do produto<\/h2>\n<ul>\n<li><strong>Formato cl\u00e1ssico de gota:<\/strong> O design apresenta uma base arredondada que se estende para cima em um formato de pesco\u00e7o, criando um design tradicional elegante que, ao mesmo tempo, facilita o manuseio.<\/li>\n<li><strong>Vidro bicolor:<\/strong> O produto requer duas op\u00e7\u00f5es de vidro diferentes, incluindo vidro de alta transpar\u00eancia e vidro fosco suave.<\/li>\n<li><strong>Corti\u00e7a natural:<\/strong> A utiliza\u00e7\u00e3o de corti\u00e7a genu\u00edna cria uma veda\u00e7\u00e3o aut\u00eantica e sustent\u00e1vel que real\u00e7a o apelo visual do produto.<\/li>\n<\/ul>\n<h2 style=\"text-align: left;\">Especifica\u00e7\u00f5es principais<\/h2>\n<table class=\"aligncenter\" style=\"border-collapse: collapse; width: 444.77pt;\" border=\"0\" width=\"593\" cellspacing=\"0\" cellpadding=\"0\">\n<tbody>\n<tr style=\"height: 13.50pt;\">\n<td style=\"height: 13.50pt; width: 133.50pt;\" width=\"178\" height=\"18\">Especifica\u00e7\u00e3o<\/td>\n<td style=\"width: 311.25pt;\" width=\"415\">Detalhes<\/td>\n<\/tr>\n<tr style=\"height: 13.50pt;\">\n<td style=\"height: 13.50pt;\" height=\"18\">Dimens\u00f5es e capacidade<\/td>\n<td>100ml, 250ml, 380ml, 500ml, 750ml<\/td>\n<\/tr>\n<tr style=\"height: 13.50pt;\">\n<td style=\"height: 13.50pt;\" height=\"18\">Material<\/td>\n<td>Vidro transparente ou fosco, corti\u00e7a de madeira natural<\/td>\n<\/tr>\n<tr style=\"height: 13.50pt;\">\n<td style=\"height: 13.50pt;\" height=\"18\">Formato de garrafa<\/td>\n<td>Formato de l\u00e1grima arredondada com extremidade estreita<\/td>\n<\/tr>\n<tr style=\"height: 13.50pt;\">\n<td style=\"height: 13.50pt;\" height=\"18\">Escopo de personaliza\u00e7\u00e3o<\/td>\n<td>Cor, Acabamento, Corti\u00e7a, Tamanho<\/td>\n<\/tr>\n<tr style=\"height: 13.50pt;\">\n<td style=\"height: 13.50pt;\" height=\"18\">Artesanato<\/td>\n<td>Sopro de vidro para formas org\u00e2nicas, tratamento de fosqueamento<\/td>\n<\/tr>\n<tr style=\"height: 13.50pt;\">\n<td style=\"height: 13.50pt;\" height=\"18\">Finalidade do produto<\/td>\n<td>Garrafas de vidro para bebidas alco\u00f3licas, garrafas para licores aromatizados<\/td>\n<\/tr>\n<tr style=\"height: 13.50pt;\">\n<td style=\"height: 13.50pt;\" height=\"18\">Ind\u00fastrias adequadas<\/td>\n<td>Destilarias artesanais, Vin\u00edcolas, F\u00e1brica de bebidas<\/td>\n<\/tr>\n<\/tbody>\n<\/table>\n<h2>Caso de sucesso: Encomenda personalizada de uma marca de bebidas artesanais da Calif\u00f3rnia<\/h2>\n<p>A boutique californiana selecionou nossas garrafas redondas foscas de 500 ml e 750 ml, com corpo personalizado em vidro \u00e2mbar claro, para seus produtos Amarone e outros licores. O resultado foi espetacular, pois o formato \u00fanico em gota da garrafa proporcionou 50% mais visibilidade em \u00e1reas de varejo movimentadas, enquanto a rolha personalizada garantiu uma veda\u00e7\u00e3o perfeita, reduzindo a evapora\u00e7\u00e3o anual do produto em 0,5%. A empresa conquistou um contrato nacional de fornecimento de bebidas com um grupo de catering de alto padr\u00e3o, gra\u00e7as \u00e0 solu\u00e7\u00e3o de design exclusiva combinada com seu conceito original. O sucesso inicial do projeto levou a um pedido de mais 300.000 garrafas.<\/p>\n<h2>Sugest\u00f5es para personaliza\u00e7\u00e3o de garrafas de vidro de bebidas alco\u00f3licas<\/h2>\n<ul>\n<li>O produto oferece duas op\u00e7\u00f5es diferentes de rolha e tampa, incluindo rolhas de corti\u00e7a sint\u00e9tica e rolhas de corti\u00e7a e madeira impregnadas com cera, com tampas de metal.<\/li>\n<li>Lacra\u00e7\u00e3o com cera: A empresa oferece servi\u00e7os de lacra\u00e7\u00e3o com cera em cores personalizadas, que ajudam a real\u00e7ar a autenticidade e a melhorar a seguran\u00e7a das rolhas de corti\u00e7a.<\/li>\n<li>Ajuste de Volume: Os kits de presente incluem frascos pequenos de 50ml, enquanto os frascos grandes de 1 litro s\u00e3o edi\u00e7\u00f5es especiais.<\/li>\n<\/ul>","protected":false},"excerpt":{"rendered":"<p>Garrafas de vidro para bebidas alco\u00f3licas em elegante formato de gota com rolha de corti\u00e7a. Op\u00e7\u00f5es de garrafas redondas em vidro transparente e fosco. Op\u00e7\u00f5es personalizadas dispon\u00edveis.<\/p>","protected":false},"featured_media":6236,"template":"","meta":{"postBodyCss":"","postBodyMargin":[],"postBodyPadding":[],"postBodyBackground":{"backgroundType":"classic","gradient":""}},"product_brand":[],"product_cat":[15,108,16],"product_tag":[],"class_list":{"0":"post-6232","1":"product","2":"type-product","3":"status-publish","4":"has-post-thumbnail","6":"product_cat-glass-containers","7":"product_cat-liquor-bottles","8":"product_cat-glass-bottles","10":"first","11":"instock","12":"shipping-taxable","13":"product-type-simple"},"jetpack_sharing_enabled":true,"_links":{"self":[{"href":"https:\/\/minghanggroup.com\/pt\/wp-json\/wp\/v2\/product\/6232","targetHints":{"allow":["GET"]}}],"collection":[{"href":"https:\/\/minghanggroup.com\/pt\/wp-json\/wp\/v2\/product"}],"about":[{"href":"https:\/\/minghanggroup.com\/pt\/wp-json\/wp\/v2\/types\/product"}],"wp:featuredmedia":[{"embeddable":true,"href":"https:\/\/minghanggroup.com\/pt\/wp-json\/wp\/v2\/media\/6236"}],"wp:attachment":[{"href":"https:\/\/minghanggroup.com\/pt\/wp-json\/wp\/v2\/media?parent=6232"}],"wp:term":[{"taxonomy":"product_brand","embeddable":true,"href":"https:\/\/minghanggroup.com\/pt\/wp-json\/wp\/v2\/product_brand?post=6232"},{"taxonomy":"product_cat","embeddable":true,"href":"https:\/\/minghanggroup.com\/pt\/wp-json\/wp\/v2\/product_cat?post=6232"},{"taxonomy":"product_tag","embeddable":true,"href":"https:\/\/minghanggroup.com\/pt\/wp-json\/wp\/v2\/product_tag?post=6232"}],"curies":[{"name":"wp","href":"https:\/\/api.w.org\/{rel}","templated":true}]}}