{"id":6223,"date":"2026-04-07T13:40:10","date_gmt":"2026-04-07T05:40:10","guid":{"rendered":"https:\/\/minghanggroup.com\/?post_type=product&#038;p=6223"},"modified":"2026-04-07T13:40:11","modified_gmt":"2026-04-07T05:40:11","slug":"clear-liquor-bottles-with-glass-stopper-bulk","status":"publish","type":"product","link":"https:\/\/minghanggroup.com\/pt\/produto\/clear-liquor-bottles-with-glass-stopper-bulk\/","title":{"rendered":"Garrafas de bebidas alco\u00f3licas transparentes de 100 ml a 1000 ml com tampa de vidro (embalagem a granel)"},"content":{"rendered":"<p>O design das garrafas de bebidas destiladas que criamos apresenta um formato robusto que se estende at\u00e9 um gargalo alto e fino. O aro plano da garrafa permite um encaixe perfeito com a rolha de vidro que a acompanha. O design da garrafa valorizar\u00e1 seu produto, pois utiliza vidro de alta transpar\u00eancia para exibir a cor dourada do u\u00edsque premium ou seu acabamento fosco, criando uma profundidade misteriosa.<\/p>\n<h2>Caracter\u00edsticas do produto<\/h2>\n<ul>\n<li><strong>Formato compacto e arredondado:<\/strong> Esta garrafa apresenta um formato &#034;redondo e gordinho&#034; muito caracter\u00edstico, com linhas elegantes e propor\u00e7\u00f5es adequadas que, em conjunto, resultam numa apar\u00eancia muito agrad\u00e1vel e cativante.<\/li>\n<li><strong>Qualidade superior dos materiais:<\/strong> Fabricadas com vidro de alta qualidade, estas garrafas oferecem consider\u00e1vel resist\u00eancia e durabilidade, mesmo quando submetidas a manuseio brusco durante entregas de longa dist\u00e2ncia.<\/li>\n<li><strong>Veda\u00e7\u00e3o de vidro \u00e0 prova de vazamentos:<\/strong> A \u00e1rea do gargalo da garrafa possui um aro plano que garante um encaixe perfeito e uniforme com rolhas ou tampas de vidro, tornando-a ideal para preservar o frescor e o sabor originais de suas bebidas, sem vazamentos.<\/li>\n<\/ul>\n<h2>Especifica\u00e7\u00f5es principais<\/h2>\n<table style=\"border-collapse: collapse; width: 80%; margin-left: auto; margin-right: auto;\" border=\"0\" width=\"144\" cellspacing=\"0\" cellpadding=\"0\">\n<tbody>\n<tr style=\"height: 13.50pt;\">\n<td style=\"height: 13.5pt; width: 54pt; text-align: center;\" width=\"72\" height=\"18\">Recurso<\/td>\n<td style=\"width: 54pt; text-align: center;\" width=\"72\">Detalhes<\/td>\n<\/tr>\n<tr style=\"height: 13.50pt;\">\n<td style=\"height: 13.5pt; text-align: center;\" height=\"18\">Capacidade (ml)<\/td>\n<td style=\"text-align: center;\">100 250 500 1000<\/td>\n<\/tr>\n<tr style=\"height: 13.50pt;\">\n<td style=\"height: 13.5pt; text-align: center;\" height=\"18\">Acabamento do bra\u00e7o<\/td>\n<td style=\"text-align: center;\">Boca plana (para rolha de vidro)<\/td>\n<\/tr>\n<tr style=\"height: 13.50pt;\">\n<td style=\"height: 13.5pt; text-align: center;\" height=\"18\">Aplicativo<\/td>\n<td style=\"text-align: center;\">Bebidas alco\u00f3licas, destilados, vinho, azeite<\/td>\n<\/tr>\n<tr style=\"height: 13.50pt;\">\n<td style=\"height: 13.5pt; text-align: center;\" height=\"18\">Manuseio de superf\u00edcie<\/td>\n<td style=\"text-align: center;\">Polimento, Fosco, Decalque, Etiquetagem<\/td>\n<\/tr>\n<\/tbody>\n<\/table>\n<h2>Hist\u00f3ria de sucesso<\/h2>\n<p>Iniciamos uma nova parceria com uma destilaria australiana de whisky que opera como uma destilaria boutique. A empresa escolheu nossa garrafa de 375 ml como solu\u00e7\u00e3o de embalagem. O cliente optou por uma embalagem personalizada para agregar valor ao whisky, pois desejava exibir a qualidade da bebida com um corpo de vidro transparente; a empresa utilizou serigrafia para criar um logotipo com efeito fosco, que foi aplicado como uma textura em relevo na garrafa. A empresa alcan\u00e7ou um aumento de 40% nas vendas durante os tr\u00eas primeiros meses de opera\u00e7\u00e3o. Tr\u00eas meses depois, a empresa fez um grande pedido para abastecer o estoque para a temporada de festas de fim de ano.<\/p>\n<h2>Dicas de personaliza\u00e7\u00e3o<\/h2>\n<ol>\n<li><strong>Fabrica\u00e7\u00e3o de garrafas:<\/strong> \u00c9 poss\u00edvel fosquear o vidro (o que confere um efeito mate), fazer serigrafia (para incluir o logotipo da empresa ou um desenho) ou at\u00e9 mesmo estampar a quente com folha de ouro ou prata para quem busca um toque de luxo. Al\u00e9m disso, o verniz UV localizado \u00e9 excelente para destacar partes espec\u00edficas do design e, assim, aumentar o reconhecimento da marca na garrafa.<\/li>\n<li><strong>R\u00f3tulos e embalagens:<\/strong> Voc\u00ea pode usar etiquetas personalizadas (de papel ou PVC \u00e0 prova d&#039;\u00e1gua), caixas de presente (para uma ou v\u00e1rias garrafas), cord\u00f5es de fechamento ou lacres de cera para criar uma experi\u00eancia de marca completa \u2013 de dentro para fora \u2013 o que torna o produto especialmente adequado para o mercado de presentes.<\/li>\n<li><strong>T\u00e9cnicas Decorativas Especiais:<\/strong> Por exemplo, pode-se gravar um padr\u00e3o de marca quase invis\u00edvel no fundo da garrafa ou usar uma textura antiderrapante no corpo (para melhorar o manuseio), de modo que at\u00e9 mesmo pequenos detalhes sirvam como fator de diferencia\u00e7\u00e3o.<\/li>\n<\/ol>","protected":false},"excerpt":{"rendered":"<p>Garrafas de licor transparentes com formato arredondado e tampa de vidro. Perfeitas para bebidas destiladas, nossas garrafas de 375 ml s\u00e3o ideais para personaliza\u00e7\u00e3o da marca. Envio r\u00e1pido.<\/p>","protected":false},"featured_media":6231,"template":"","meta":{"postBodyCss":"","postBodyMargin":[],"postBodyPadding":[],"postBodyBackground":{"backgroundType":"classic","gradient":""}},"product_brand":[],"product_cat":[15,108,16],"product_tag":[],"class_list":{"0":"post-6223","1":"product","2":"type-product","3":"status-publish","4":"has-post-thumbnail","6":"product_cat-glass-containers","7":"product_cat-liquor-bottles","8":"product_cat-glass-bottles","10":"first","11":"instock","12":"shipping-taxable","13":"product-type-simple"},"jetpack_sharing_enabled":true,"_links":{"self":[{"href":"https:\/\/minghanggroup.com\/pt\/wp-json\/wp\/v2\/product\/6223","targetHints":{"allow":["GET"]}}],"collection":[{"href":"https:\/\/minghanggroup.com\/pt\/wp-json\/wp\/v2\/product"}],"about":[{"href":"https:\/\/minghanggroup.com\/pt\/wp-json\/wp\/v2\/types\/product"}],"wp:featuredmedia":[{"embeddable":true,"href":"https:\/\/minghanggroup.com\/pt\/wp-json\/wp\/v2\/media\/6231"}],"wp:attachment":[{"href":"https:\/\/minghanggroup.com\/pt\/wp-json\/wp\/v2\/media?parent=6223"}],"wp:term":[{"taxonomy":"product_brand","embeddable":true,"href":"https:\/\/minghanggroup.com\/pt\/wp-json\/wp\/v2\/product_brand?post=6223"},{"taxonomy":"product_cat","embeddable":true,"href":"https:\/\/minghanggroup.com\/pt\/wp-json\/wp\/v2\/product_cat?post=6223"},{"taxonomy":"product_tag","embeddable":true,"href":"https:\/\/minghanggroup.com\/pt\/wp-json\/wp\/v2\/product_tag?post=6223"}],"curies":[{"name":"wp","href":"https:\/\/api.w.org\/{rel}","templated":true}]}}