{"id":6218,"date":"2026-04-07T10:57:04","date_gmt":"2026-04-07T02:57:04","guid":{"rendered":"https:\/\/minghanggroup.com\/?post_type=product&#038;p=6218"},"modified":"2026-04-07T10:57:06","modified_gmt":"2026-04-07T02:57:06","slug":"custom-glass-liquor-bottles-with-lids-for-packaging-bulk","status":"publish","type":"product","link":"https:\/\/minghanggroup.com\/pt\/produto\/custom-glass-liquor-bottles-with-lids-for-packaging-bulk\/","title":{"rendered":"Garrafas de vidro personalizadas para bebidas alco\u00f3licas, com tampas, de 100 ml a 1000 ml, para embalagens a granel."},"content":{"rendered":"<p>As garrafas de vidro para bebidas alco\u00f3licas exibem sua robustez atrav\u00e9s de um design que combina um formato cil\u00edndrico suave com um gargalo estreito, criando um apelo est\u00e9tico duradouro que agrada aos consumidores modernos. Voc\u00ea pode escolher entre acabamentos transparentes e foscos, que ajudar\u00e3o a criar a identidade visual desejada para sua marca. As garrafas personalizadas para bebidas alco\u00f3licas v\u00eam com tampas de rosca ou planas em madeira ou alum\u00ednio, garantindo uma veda\u00e7\u00e3o segura a cada dose. Os produtos est\u00e3o dispon\u00edveis em diversos tamanhos, de 100 ml a 1000 ml, o que os torna adequados para armazenar u\u00edsque, vodca e outros tipos de bebidas destiladas. Nossas garrafas oferecem qualidade e versatilidade para destilarias que precisam lan\u00e7ar novos produtos e para comerciantes que precisam comprar em grandes quantidades.<\/p>\n<h2>Caracter\u00edsticas do produto<\/h2>\n<ul>\n<li><strong>Acabamento Premium:<\/strong> Oferecer acabamentos transparentes e jateados permite que as marcas sejam mais atraentes visualmente e estabele\u00e7am sua identidade.<\/li>\n<li><strong>Fechamento seguro:<\/strong> O armazenamento \u00e0 prova de vazamentos \u00e9 garantido com tampas de rosca e planas, combinadas com tampas de madeira ou alum\u00ednio.<\/li>\n<li><strong>Design com base espessa:<\/strong> Um fundo refor\u00e7ado n\u00e3o s\u00f3 contribui para um produto mais pesado e est\u00e1vel, como tamb\u00e9m ajuda a aumentar a visibilidade nas prateleiras e a transmitir a ideia de alta qualidade.<\/li>\n<\/ul>\n<h2>Especifica\u00e7\u00f5es principais<\/h2>\n<table style=\"border-collapse: collapse; width: 80%; margin-left: auto; margin-right: auto;\" border=\"0\" width=\"144\" cellspacing=\"0\" cellpadding=\"0\">\n<tbody>\n<tr style=\"height: 13.50pt;\">\n<td style=\"height: 13.5pt; width: 54pt; text-align: center;\" width=\"72\" height=\"18\">Categoria<\/td>\n<td style=\"width: 54pt; text-align: center;\" width=\"72\">Detalhes<\/td>\n<\/tr>\n<tr style=\"height: 13.50pt;\">\n<td style=\"height: 13.5pt; text-align: center;\" height=\"18\">Capacidades<\/td>\n<td style=\"text-align: center;\">100, 200, 375, 500, 750, 1000 ml<\/td>\n<\/tr>\n<tr style=\"height: 13.50pt;\">\n<td style=\"height: 13.5pt; text-align: center;\" height=\"18\">Acabamento em vidro<\/td>\n<td style=\"text-align: center;\">Transparente, fosco<\/td>\n<\/tr>\n<tr style=\"height: 13.50pt;\">\n<td style=\"height: 13.5pt; text-align: center;\" height=\"18\">Tipo de pesco\u00e7o<\/td>\n<td style=\"text-align: center;\">Delgado, cil\u00edndrico<\/td>\n<\/tr>\n<tr style=\"height: 13.50pt;\">\n<td style=\"height: 13.5pt; text-align: center;\" height=\"18\">Op\u00e7\u00f5es de limite<\/td>\n<td style=\"text-align: center;\">Tampa de rosca, tampa plana<\/td>\n<\/tr>\n<tr style=\"height: 13.50pt;\">\n<td style=\"height: 13.5pt; text-align: center;\" height=\"18\">Materiais da tampa<\/td>\n<td style=\"text-align: center;\">Madeira, Alum\u00ednio<\/td>\n<\/tr>\n<tr style=\"height: 13.50pt;\">\n<td style=\"height: 13.5pt; text-align: center;\" height=\"18\">Casos de uso<\/td>\n<td style=\"text-align: center;\">U\u00edsque, vodca, rum, bebidas artesanais<\/td>\n<\/tr>\n<\/tbody>\n<\/table>\n<h2>Hist\u00f3ria de sucesso<\/h2>\n<p>Uma marca italiana de bebidas premium estava se preparando para lan\u00e7ar uma nova linha de destilados artesanais; ap\u00f3s uma avalia\u00e7\u00e3o comparativa, eles escolheram nossas garrafas de vidro fosco de 750ml. O cliente optou por uma rolha de corti\u00e7a com detalhes em madeira natural e solicitou um plugue interno personalizado para garantir a veda\u00e7\u00e3o ideal durante o transporte. Combinamos serigrafia com t\u00e9cnicas de relevo para criar um design visual sofisticado, mantendo uma est\u00e9tica minimalista.<\/p>\n<p>O produto alcan\u00e7ou um crescimento de vendas impressionante de 35% nos seus dois primeiros trimestres ap\u00f3s o lan\u00e7amento no mercado. O cliente fez pedidos adicionais porque os distribuidores deram um feedback positivo e os clientes continuaram a comprar o produto.<\/p>\n<h2>Dicas de personaliza\u00e7\u00e3o<\/h2>\n<ol>\n<li><strong>Personaliza\u00e7\u00e3o do fecho:<\/strong> Escolha entre tr\u00eas op\u00e7\u00f5es de fechamento, incluindo rolha de corti\u00e7a com topo de madeira, rolha sint\u00e9tica e tampa de rosca de alum\u00ednio. Os usu\u00e1rios podem personalizar tanto o formato quanto a cor da tampa.<\/li>\n<li><strong>Logotipo e decora\u00e7\u00e3o:<\/strong> A personaliza\u00e7\u00e3o da marca pode ser alcan\u00e7ada atrav\u00e9s de serigrafia, estampagem a quente, relevo\/baixo-relevo e aplica\u00e7\u00e3o de decalques, criando m\u00faltiplas camadas de efeitos visuais.<\/li>\n<li><strong>Varia\u00e7\u00f5es de capacidade:<\/strong> A empresa oferece diversas op\u00e7\u00f5es de tamanho de frasco, incluindo 200ml, 375ml, 500ml e 700ml, tanto para kits de presente quanto para diferentes canais de venda.<\/li>\n<\/ol>","protected":false},"excerpt":{"rendered":"<p>Garrafas de vidro para bebidas alco\u00f3licas com acabamento transparente ou fosco. Ideais para embalagens de bebidas destiladas, garrafas personalizadas com fornecimento direto da f\u00e1brica, amostras gr\u00e1tis e pedidos em grande quantidade.<\/p>","protected":false},"featured_media":6222,"template":"","meta":{"postBodyCss":"","postBodyMargin":[],"postBodyPadding":[],"postBodyBackground":{"backgroundType":"classic","gradient":""}},"product_brand":[],"product_cat":[108,15,16],"product_tag":[],"class_list":{"0":"post-6218","1":"product","2":"type-product","3":"status-publish","4":"has-post-thumbnail","6":"product_cat-liquor-bottles","7":"product_cat-glass-containers","8":"product_cat-glass-bottles","10":"first","11":"instock","12":"shipping-taxable","13":"product-type-simple"},"jetpack_sharing_enabled":true,"_links":{"self":[{"href":"https:\/\/minghanggroup.com\/pt\/wp-json\/wp\/v2\/product\/6218","targetHints":{"allow":["GET"]}}],"collection":[{"href":"https:\/\/minghanggroup.com\/pt\/wp-json\/wp\/v2\/product"}],"about":[{"href":"https:\/\/minghanggroup.com\/pt\/wp-json\/wp\/v2\/types\/product"}],"wp:featuredmedia":[{"embeddable":true,"href":"https:\/\/minghanggroup.com\/pt\/wp-json\/wp\/v2\/media\/6222"}],"wp:attachment":[{"href":"https:\/\/minghanggroup.com\/pt\/wp-json\/wp\/v2\/media?parent=6218"}],"wp:term":[{"taxonomy":"product_brand","embeddable":true,"href":"https:\/\/minghanggroup.com\/pt\/wp-json\/wp\/v2\/product_brand?post=6218"},{"taxonomy":"product_cat","embeddable":true,"href":"https:\/\/minghanggroup.com\/pt\/wp-json\/wp\/v2\/product_cat?post=6218"},{"taxonomy":"product_tag","embeddable":true,"href":"https:\/\/minghanggroup.com\/pt\/wp-json\/wp\/v2\/product_tag?post=6218"}],"curies":[{"name":"wp","href":"https:\/\/api.w.org\/{rel}","templated":true}]}}