{"id":6216,"date":"2026-04-07T09:09:06","date_gmt":"2026-04-07T01:09:06","guid":{"rendered":"https:\/\/minghanggroup.com\/?post_type=product&#038;p=6216"},"modified":"2026-04-07T16:38:05","modified_gmt":"2026-04-07T08:38:05","slug":"square-empty-liquor-bottles-wholesale","status":"publish","type":"product","link":"https:\/\/minghanggroup.com\/pt\/produto\/square-empty-liquor-bottles-wholesale\/","title":{"rendered":"Garrafas quadradas vazias para bebidas alco\u00f3licas de 250ml e 500ml no atacado"},"content":{"rendered":"<p>As garrafas de bebidas alco\u00f3licas vazias apresentam um design quadrado moderno, feito com vidro ultratransparente. As garrafas quadradas est\u00e3o dispon\u00edveis em dois tamanhos e acompanham uma rolha de vidro transparente correspondente.<\/p>\n<h2>Caracter\u00edsticas do produto<\/h2>\n<ul>\n<li><strong>Projeto de coluna quadrada:<\/strong> O elemento de design apresenta um formato quadrado com cantos arredondados, o que proporciona resist\u00eancia e facilita o manuseio, al\u00e9m de conferir um design contempor\u00e2neo que segue princ\u00edpios minimalistas.<\/li>\n<li><strong>Vidro grosso:<\/strong> A garrafa de vidro \u00e9 feita de vidro espesso, o que proporciona alta visibilidade da bebida em seu interior, mantendo ao mesmo tempo sua resist\u00eancia e durabilidade de alta qualidade.<\/li>\n<li><strong>Dispon\u00edvel em v\u00e1rios tamanhos:<\/strong> O produto oferece duas op\u00e7\u00f5es de tamanho distintas, permitindo aos usu\u00e1rios escolher entre diferentes capacidades de reembalagem de vinho.<\/li>\n<\/ul>\n<h2 style=\"text-align: left;\">Especifica\u00e7\u00f5es principais<\/h2>\n<table class=\"aligncenter\" style=\"border-collapse: collapse; width: 384.77pt;\" border=\"0\" width=\"513\" cellspacing=\"0\" cellpadding=\"0\">\n<tbody>\n<tr style=\"height: 13.50pt;\">\n<td style=\"height: 13.50pt; width: 142.50pt;\" width=\"190\" height=\"18\">Especifica\u00e7\u00e3o<\/td>\n<td style=\"width: 242.25pt;\" width=\"323\">Detalhes<\/td>\n<\/tr>\n<tr style=\"height: 13.50pt;\">\n<td style=\"height: 13.50pt;\" height=\"18\">Dimens\u00f5es e capacidade<\/td>\n<td>250 ml: 7,5 \u00d7 12 cm, 500 ml: 9,4 \u00d7 14,3 cm<\/td>\n<\/tr>\n<tr style=\"height: 13.50pt;\">\n<td style=\"height: 13.50pt;\" height=\"18\">Material<\/td>\n<td>Vidro transparente de paredes espessas<\/td>\n<\/tr>\n<tr style=\"height: 13.50pt;\">\n<td style=\"height: 13.50pt;\" height=\"18\">Formato de garrafa<\/td>\n<td>Prisma quadrado plano com cantos arredondados<\/td>\n<\/tr>\n<tr style=\"height: 13.50pt;\">\n<td style=\"height: 13.50pt;\" height=\"18\">Escopo de personaliza\u00e7\u00e3o<\/td>\n<td>Cor, formato, tampas, tamanho<\/td>\n<\/tr>\n<tr style=\"height: 13.50pt;\">\n<td style=\"height: 13.50pt;\" height=\"18\">Artesanato<\/td>\n<td>Forma\u00e7\u00e3o de vidro de parede espessa<\/td>\n<\/tr>\n<tr style=\"height: 13.50pt;\">\n<td style=\"height: 13.50pt;\" height=\"18\">Finalidade do produto<\/td>\n<td>Bebidas artesanais, garrafas de licores aromatizados<\/td>\n<\/tr>\n<tr style=\"height: 13.50pt;\">\n<td style=\"height: 13.50pt;\" height=\"18\">Ind\u00fastrias adequadas<\/td>\n<td>Destilarias artesanais, vin\u00edcolas boutique<\/td>\n<\/tr>\n<\/tbody>\n<\/table>\n<h2>Hist\u00f3ria de sucesso<\/h2>\n<p>A cervejaria artesanal do Oregon encomendou nossa garrafa quadrada de 500 ml com r\u00f3tulo frontal personalizado jateado e rolha de corti\u00e7a natural. A textura robusta do vidro conferiu ao produto um aspecto impressionante, justificando o aumento de US$ 5 por garrafa, enquanto o formato quadrado exclusivo aumentou a visibilidade da marca nas prateleiras em 40%. Devido ao sucesso da experi\u00eancia, a empresa fez um novo pedido de 500.000 garrafas.<\/p>\n<h2>Op\u00e7\u00f5es de personaliza\u00e7\u00e3o para garrafas de bebidas alco\u00f3licas vazias<\/h2>\n<ul>\n<li>Op\u00e7\u00f5es de tampa: O produto oferece tr\u00eas op\u00e7\u00f5es diferentes de tampa, incluindo rolhas de corti\u00e7a natural e rolhas de corti\u00e7a sint\u00e9tica.<\/li>\n<li>Varia\u00e7\u00f5es de tamanho: A garrafa quadrada oferece duas op\u00e7\u00f5es de dimens\u00f5es que permitem aos usu\u00e1rios alterar suas caracter\u00edsticas de altura e largura para atender \u00e0s necessidades do produto e aos requisitos de exibi\u00e7\u00e3o.<\/li>\n<li>\u00c0 prova de viola\u00e7\u00e3o: A combina\u00e7\u00e3o de pel\u00edcula retr\u00e1til e lacre de cera cria um sistema inviol\u00e1vel que garante a prote\u00e7\u00e3o da seguran\u00e7a.<\/li>\n<\/ul>","protected":false},"excerpt":{"rendered":"<p>Garrafas de bebidas alco\u00f3licas vazias, de formato quadrado e transparente, com vidro grosso e tampa. Garrafas quadradas perfeitas para u\u00edsque ou vodca. Envio r\u00e1pido para todo o mundo.<\/p>","protected":false},"featured_media":6224,"template":"","meta":{"postBodyCss":"","postBodyMargin":[],"postBodyPadding":[],"postBodyBackground":{"backgroundType":"classic","gradient":""}},"product_brand":[],"product_cat":[108,15,16],"product_tag":[],"class_list":{"0":"post-6216","1":"product","2":"type-product","3":"status-publish","4":"has-post-thumbnail","6":"product_cat-liquor-bottles","7":"product_cat-glass-containers","8":"product_cat-glass-bottles","10":"first","11":"instock","12":"shipping-taxable","13":"product-type-simple"},"jetpack_sharing_enabled":true,"_links":{"self":[{"href":"https:\/\/minghanggroup.com\/pt\/wp-json\/wp\/v2\/product\/6216","targetHints":{"allow":["GET"]}}],"collection":[{"href":"https:\/\/minghanggroup.com\/pt\/wp-json\/wp\/v2\/product"}],"about":[{"href":"https:\/\/minghanggroup.com\/pt\/wp-json\/wp\/v2\/types\/product"}],"wp:featuredmedia":[{"embeddable":true,"href":"https:\/\/minghanggroup.com\/pt\/wp-json\/wp\/v2\/media\/6224"}],"wp:attachment":[{"href":"https:\/\/minghanggroup.com\/pt\/wp-json\/wp\/v2\/media?parent=6216"}],"wp:term":[{"taxonomy":"product_brand","embeddable":true,"href":"https:\/\/minghanggroup.com\/pt\/wp-json\/wp\/v2\/product_brand?post=6216"},{"taxonomy":"product_cat","embeddable":true,"href":"https:\/\/minghanggroup.com\/pt\/wp-json\/wp\/v2\/product_cat?post=6216"},{"taxonomy":"product_tag","embeddable":true,"href":"https:\/\/minghanggroup.com\/pt\/wp-json\/wp\/v2\/product_tag?post=6216"}],"curies":[{"name":"wp","href":"https:\/\/api.w.org\/{rel}","templated":true}]}}