{"id":6199,"date":"2026-04-06T09:49:49","date_gmt":"2026-04-06T01:49:49","guid":{"rendered":"https:\/\/minghanggroup.com\/?post_type=product&#038;p=6199"},"modified":"2026-04-06T10:11:21","modified_gmt":"2026-04-06T02:11:21","slug":"clear-small-glass-cylinder-vases-with-cork-bulk","status":"publish","type":"product","link":"https:\/\/minghanggroup.com\/pt\/produto\/clear-small-glass-cylinder-vases-with-cork-bulk\/","title":{"rendered":"Vasos cil\u00edndricos de vidro transparente, pequenos, com rolha, de 250 ml, 300 ml e 400 ml (em grande quantidade)."},"content":{"rendered":"<p>Os vasos cil\u00edndricos de vidro exibem todo o seu design atrav\u00e9s da sua estrutura de vidro de lados retos, feita com materiais de vidro ultratransparentes de alta qualidade. Os vasos cil\u00edndricos incluem uma rolha de corti\u00e7a natural e um orif\u00edcio central pr\u00e9-perfurado, que permite aos utilizadores exibir flores individuais ou estacas de plantas.<\/p>\n<h2>Caracter\u00edsticas do produto<\/h2>\n<ul>\n<li><strong>Tampa de corti\u00e7a com furo central:<\/strong> A tampa de corti\u00e7a natural com um orif\u00edcio central serve de suporte para a haste, funciona como um porta-bebidas e acrescenta um toque de natureza.<\/li>\n<li><strong>Cilindro de cristal transparente:<\/strong> O vidro de paredes retas possui alta transpar\u00eancia, o que permite que as pessoas vejam o caule, a \u00e1gua e as ra\u00edzes atrav\u00e9s do vidro.<\/li>\n<li><strong>Tr\u00eas capacidades diferentes:<\/strong> Os tamanhos Pequeno, M\u00e9dio e Grande, com capacidades de 250ml, 300ml e 400ml respectivamente, oferecem m\u00faltiplas op\u00e7\u00f5es para criar diferentes exposi\u00e7\u00f5es, que podem ser expandidas para op\u00e7\u00f5es adicionais.<\/li>\n<\/ul>\n<h2 style=\"text-align: left;\">Especifica\u00e7\u00f5es principais<\/h2>\n<table class=\"aligncenter\" style=\"border-collapse: collapse; width: 496.52pt;\" border=\"0\" width=\"662\" cellspacing=\"0\" cellpadding=\"0\">\n<tbody>\n<tr style=\"height: 13.50pt;\">\n<td style=\"height: 13.50pt; width: 132.75pt;\" width=\"177\" height=\"18\">Atributo<\/td>\n<td style=\"width: 363.75pt;\" width=\"485\">Detalhes<\/td>\n<\/tr>\n<tr style=\"height: 13.50pt;\">\n<td style=\"height: 13.50pt;\" height=\"18\">Dimens\u00f5es e capacidade<\/td>\n<td>6,5cm\u00d710cm (250ml), 6,5cm\u00d712cm (300ml), 6,5cm\u00d715cm (400ml)<\/td>\n<\/tr>\n<tr style=\"height: 13.50pt;\">\n<td style=\"height: 13.50pt;\" height=\"18\">Material<\/td>\n<td>Vidro transparente, corti\u00e7a natural<\/td>\n<\/tr>\n<tr style=\"height: 13.50pt;\">\n<td style=\"height: 13.50pt;\" height=\"18\">Formato de vaso<\/td>\n<td>Cilindro reto com rolha de corti\u00e7a<\/td>\n<\/tr>\n<tr style=\"height: 13.50pt;\">\n<td style=\"height: 13.50pt;\" height=\"18\">Faixa de personaliza\u00e7\u00e3o<\/td>\n<td>Cor, corti\u00e7a, acabamento, tamanho, formato<\/td>\n<\/tr>\n<tr style=\"height: 13.50pt;\">\n<td style=\"height: 13.50pt;\" height=\"18\">Artesanato<\/td>\n<td>Vidro moldado ou soprado de alta qualidade<\/td>\n<\/tr>\n<tr style=\"height: 13.50pt;\">\n<td style=\"height: 13.50pt;\" height=\"18\">Uso principal<\/td>\n<td>Vaso minimalista pequeno para flores com uma \u00fanica haste.<\/td>\n<\/tr>\n<tr style=\"height: 13.50pt;\">\n<td style=\"height: 13.50pt;\" height=\"18\">Ind\u00fastrias-alvo<\/td>\n<td>Floristas, lojas de decora\u00e7\u00e3o para casa<\/td>\n<\/tr>\n<\/tbody>\n<\/table>\n<h2>Caso de sucesso: um pedido personalizado de uma rede nacional de lojas de artigos para casa e presentes.<\/h2>\n<p>Uma grande rede de lojas de decora\u00e7\u00e3o americana escolheu nosso modelo de vaso pequeno, que foi modificado com a substitui\u00e7\u00e3o do vidro cinza-fum\u00ea e da rolha de corti\u00e7a por um padr\u00e3o de folhas gravado a laser. Os resultados foram um sucesso extraordin\u00e1rio, pois o design minimalista aumentou as vendas online da categoria &#034;vasos&#034; em 300% nos primeiros 90 dias ap\u00f3s o lan\u00e7amento do produto, atingindo uma taxa de vendas de 97%. Ap\u00f3s o sucesso do pedido inicial, a varejista encomendou 450.000 vasos como itens de cole\u00e7\u00e3o permanentes.<\/p>\n<h2>Sugest\u00f5es para personalizar vasos de flores pequenos<\/h2>\n<ul>\n<li>Op\u00e7\u00f5es de tampa de corti\u00e7a: A empresa oferece diversas cores de tampa de corti\u00e7a, incluindo natural, escura e branqueada, juntamente com duas op\u00e7\u00f5es de design: perfurada e ranhurada.<\/li>\n<li>Expans\u00e3o de Tamanhos: A linha de produtos ser\u00e1 expandida em breve para oferecer um pequeno vaso de 100ml e um vaso grande de 1000ml que chama a aten\u00e7\u00e3o pelo seu design.<\/li>\n<li>Marcador de n\u00edvel de \u00e1gua integrado: Uma linha delicada que marca permanentemente o vidro indica o n\u00edvel de \u00e1gua ideal para a propaga\u00e7\u00e3o atrav\u00e9s de um marcador de n\u00edvel de \u00e1gua integrado.<\/li>\n<\/ul>","protected":false},"excerpt":{"rendered":"<p>Cole\u00e7\u00e3o elegante de pequenos vasos de flores com design minimalista. Vasos cil\u00edndricos de vidro com tampas de corti\u00e7a para um estilo natural. Envio r\u00e1pido para todo o mundo.<\/p>","protected":false},"featured_media":6203,"template":"","meta":{"postBodyCss":"","postBodyMargin":[],"postBodyPadding":[],"postBodyBackground":{"backgroundType":"classic","gradient":""}},"product_brand":[],"product_cat":[107,15,16],"product_tag":[],"class_list":{"0":"post-6199","1":"product","2":"type-product","3":"status-publish","4":"has-post-thumbnail","6":"product_cat-glass-bud-vases","7":"product_cat-glass-containers","8":"product_cat-glass-bottles","10":"first","11":"instock","12":"shipping-taxable","13":"product-type-simple"},"jetpack_sharing_enabled":true,"_links":{"self":[{"href":"https:\/\/minghanggroup.com\/pt\/wp-json\/wp\/v2\/product\/6199","targetHints":{"allow":["GET"]}}],"collection":[{"href":"https:\/\/minghanggroup.com\/pt\/wp-json\/wp\/v2\/product"}],"about":[{"href":"https:\/\/minghanggroup.com\/pt\/wp-json\/wp\/v2\/types\/product"}],"wp:featuredmedia":[{"embeddable":true,"href":"https:\/\/minghanggroup.com\/pt\/wp-json\/wp\/v2\/media\/6203"}],"wp:attachment":[{"href":"https:\/\/minghanggroup.com\/pt\/wp-json\/wp\/v2\/media?parent=6199"}],"wp:term":[{"taxonomy":"product_brand","embeddable":true,"href":"https:\/\/minghanggroup.com\/pt\/wp-json\/wp\/v2\/product_brand?post=6199"},{"taxonomy":"product_cat","embeddable":true,"href":"https:\/\/minghanggroup.com\/pt\/wp-json\/wp\/v2\/product_cat?post=6199"},{"taxonomy":"product_tag","embeddable":true,"href":"https:\/\/minghanggroup.com\/pt\/wp-json\/wp\/v2\/product_tag?post=6199"}],"curies":[{"name":"wp","href":"https:\/\/api.w.org\/{rel}","templated":true}]}}