{"id":6194,"date":"2026-04-03T16:06:14","date_gmt":"2026-04-03T08:06:14","guid":{"rendered":"https:\/\/minghanggroup.com\/?post_type=product&#038;p=6194"},"modified":"2026-04-03T16:25:50","modified_gmt":"2026-04-03T08:25:50","slug":"textured-glass-tall-flower-vases-for-display-bulk","status":"publish","type":"product","link":"https:\/\/minghanggroup.com\/pt\/produto\/textured-glass-tall-flower-vases-for-display-bulk\/","title":{"rendered":"Vasos altos de vidro texturizado para exibi\u00e7\u00e3o de flores (em grande quantidade)"},"content":{"rendered":"<p>Os cilindros apresentam-se como estruturas altas devido \u00e0 sua constru\u00e7\u00e3o com vidro colorido transparente e transl\u00facido. O vaso exibe texturas verticais irregulares que criam um efeito de fluxo semelhante ao da \u00e1gua, produzindo belas refra\u00e7\u00f5es de luz e profundidade visual. O design oferece quatro op\u00e7\u00f5es de cores, incluindo azuis elegantes, cinzas suaves, \u00e2mbares quentes e acabamentos cristalinos, para criar diferentes efeitos est\u00e9ticos. A abertura reta com bordas n\u00edtidas facilita o arranjo de flores, desde um \u00fanico caule at\u00e9 um buqu\u00ea cascata completo.<\/p>\n<h2>Caracter\u00edsticas do produto<\/h2>\n<ul>\n<li><strong>Projeto arquitet\u00f4nico:<\/strong> Os cilindros altos exibem ondula\u00e7\u00f5es verticais texturizadas que criam elementos visualmente atraentes em todos os \u00e2ngulos.<\/li>\n<li><strong>Paletas vers\u00e1teis:<\/strong> As tr\u00eas op\u00e7\u00f5es de cores, azul, cinza, \u00e2mbar e transparente, criam uma harmonia est\u00e9tica que se adapta tanto a estilos de design de interiores modernos quanto tradicionais.<\/li>\n<li><strong>Organiza\u00e7\u00e3o sem esfor\u00e7o:<\/strong> O sistema permite aos usu\u00e1rios criar arranjos florais atrav\u00e9s de suas aberturas retas, o que simplifica o processo de arranjo de hastes individuais e buqu\u00eas completos.<\/li>\n<\/ul>\n<h2>Especifica\u00e7\u00f5es principais<\/h2>\n<table style=\"border-collapse: collapse; width: 80%; margin-left: auto; margin-right: auto;\" border=\"0\" width=\"144\" cellspacing=\"0\" cellpadding=\"0\">\n<tbody>\n<tr style=\"height: 13.50pt;\">\n<td style=\"height: 13.5pt; width: 54pt; text-align: center;\" width=\"72\" height=\"18\">Atributo<\/td>\n<td style=\"width: 54pt; text-align: center;\" width=\"72\">Detalhe<\/td>\n<\/tr>\n<tr style=\"height: 13.50pt;\">\n<td style=\"height: 13.5pt; text-align: center;\" height=\"18\">Forma<\/td>\n<td style=\"text-align: center;\">Cil\u00edndrico<\/td>\n<\/tr>\n<tr style=\"height: 13.50pt;\">\n<td style=\"height: 13.5pt; text-align: center;\" height=\"18\">Material<\/td>\n<td style=\"text-align: center;\">Vidro transparente<\/td>\n<\/tr>\n<tr style=\"height: 13.50pt;\">\n<td style=\"height: 13.5pt; text-align: center;\" height=\"18\">Alturas<\/td>\n<td style=\"text-align: center;\">19 cm, 24 cm<\/td>\n<\/tr>\n<tr style=\"height: 13.50pt;\">\n<td style=\"height: 13.5pt; text-align: center;\" height=\"18\">Di\u00e2metros<\/td>\n<td style=\"text-align: center;\">7,5 cm, 9 cm<\/td>\n<\/tr>\n<tr style=\"height: 13.50pt;\">\n<td style=\"height: 13.5pt; text-align: center;\" height=\"18\">Superf\u00edcie<\/td>\n<td style=\"text-align: center;\">Textura c\u00f4ncava e convexa<\/td>\n<\/tr>\n<\/tbody>\n<\/table>\n<h2>Hist\u00f3ria de sucesso<\/h2>\n<p>Uma marca alem\u00e3 de estilo de vida buscava aprimorar sua cole\u00e7\u00e3o de decora\u00e7\u00e3o sazonal para casa e escolheu nossos vasos altos para flores para a iniciativa. O cliente solicitou uma paleta de cores completa, incluindo tons suaves de azul, cinza esfuma\u00e7ado, \u00e2mbar claro e acabamentos transparentes, para criar um elemento de design que combinasse com diferentes estilos de decora\u00e7\u00e3o de interiores. Para a apresenta\u00e7\u00e3o da marca, utilizamos grava\u00e7\u00e3o a laser para criar um logotipo oculto, que aplicamos na base de cada vaso.<\/p>\n<p>Ap\u00f3s o lan\u00e7amento, a cole\u00e7\u00e3o impulsionou com sucesso um aumento de 30% nas vendas totais da categoria de produtos em apenas dois meses. O cliente realiza pedidos trimestrais substanciais, pois o mercado demonstra forte interesse e os consumidores continuam a demandar nossos produtos.<\/p>\n<h2>Dicas para personaliza\u00e7\u00e3o de vasos de vidro em grande quantidade<\/h2>\n<ol>\n<li><strong>Desenvolvimento da S\u00e9rie de Cores:<\/strong> Al\u00e9m das cores atuais, azul, cinza e \u00e2mbar, novas op\u00e7\u00f5es podem incluir paletas de cores ao estilo Morandi ou efeitos degrad\u00ea, conferindo assim a toda a fam\u00edlia de produtos uma apar\u00eancia visual harmoniosa e, ao mesmo tempo, com m\u00faltiplas camadas.<\/li>\n<li><strong>Op\u00e7\u00f5es de acabamento de superf\u00edcie:<\/strong> Para se adequar a diferentes estilos de marca (Moderno, Natural ou Luxo Leve), \u00e9 poss\u00edvel escolher entre uma variedade de op\u00e7\u00f5es de acabamento, desde brilho altamente transparente at\u00e9 fosco parcial ou totalmente mate.<\/li>\n<li><strong>Personaliza\u00e7\u00e3o da identidade da marca:<\/strong> Oferecemos diversas t\u00e9cnicas de personaliza\u00e7\u00e3o, como grava\u00e7\u00e3o a laser no fundo da garrafa, serigrafia nas laterais ou rotulagem discreta, para criar a combina\u00e7\u00e3o ideal de atratividade e destaque da marca.<\/li>\n<\/ol>","protected":false},"excerpt":{"rendered":"<p>Vasos altos para flores com acabamento em vidro texturizado. Ideais para decora\u00e7\u00e3o ou eventos. Fornecimento de vasos de vidro em grandes quantidades, direto da f\u00e1brica, amostras gr\u00e1tis, op\u00e7\u00f5es personalizadas dispon\u00edveis.<\/p>","protected":false},"featured_media":6198,"template":"","meta":{"postBodyCss":"","postBodyMargin":[],"postBodyPadding":[],"postBodyBackground":{"backgroundType":"classic","gradient":""}},"product_brand":[],"product_cat":[107,15,16],"product_tag":[],"class_list":{"0":"post-6194","1":"product","2":"type-product","3":"status-publish","4":"has-post-thumbnail","6":"product_cat-glass-bud-vases","7":"product_cat-glass-containers","8":"product_cat-glass-bottles","10":"first","11":"instock","12":"shipping-taxable","13":"product-type-simple"},"jetpack_sharing_enabled":true,"_links":{"self":[{"href":"https:\/\/minghanggroup.com\/pt\/wp-json\/wp\/v2\/product\/6194","targetHints":{"allow":["GET"]}}],"collection":[{"href":"https:\/\/minghanggroup.com\/pt\/wp-json\/wp\/v2\/product"}],"about":[{"href":"https:\/\/minghanggroup.com\/pt\/wp-json\/wp\/v2\/types\/product"}],"wp:featuredmedia":[{"embeddable":true,"href":"https:\/\/minghanggroup.com\/pt\/wp-json\/wp\/v2\/media\/6198"}],"wp:attachment":[{"href":"https:\/\/minghanggroup.com\/pt\/wp-json\/wp\/v2\/media?parent=6194"}],"wp:term":[{"taxonomy":"product_brand","embeddable":true,"href":"https:\/\/minghanggroup.com\/pt\/wp-json\/wp\/v2\/product_brand?post=6194"},{"taxonomy":"product_cat","embeddable":true,"href":"https:\/\/minghanggroup.com\/pt\/wp-json\/wp\/v2\/product_cat?post=6194"},{"taxonomy":"product_tag","embeddable":true,"href":"https:\/\/minghanggroup.com\/pt\/wp-json\/wp\/v2\/product_tag?post=6194"}],"curies":[{"name":"wp","href":"https:\/\/api.w.org\/{rel}","templated":true}]}}