{"id":6187,"date":"2026-04-03T13:32:07","date_gmt":"2026-04-03T05:32:07","guid":{"rendered":"https:\/\/minghanggroup.com\/?post_type=product&#038;p=6187"},"modified":"2026-04-03T13:32:09","modified_gmt":"2026-04-03T05:32:09","slug":"colored-glass-small-flower-vases-wholesale","status":"publish","type":"product","link":"https:\/\/minghanggroup.com\/pt\/produto\/colored-glass-small-flower-vases-wholesale\/","title":{"rendered":"Vasinhos de vidro colorido para flores (venda por atacado)"},"content":{"rendered":"<p>Apresentamos nossa encantadora cole\u00e7\u00e3o de pequenos vasos de flores que trazem uma beleza singular a qualquer ambiente. Os vasos de vidro colorido est\u00e3o dispon\u00edveis em quatro belas cores: azul profundo, \u00e2mbar quente, cristalino e verde menta suave. O design consiste em um cilindro de gargalo curto que sustenta uma base larga, garantindo perfeito equil\u00edbrio. A superf\u00edcie do vidro exibe padr\u00f5es em relevo detalhados, que combinam designs sim\u00e9tricos com elementos de textura \u00e1spera, refletindo a luz de maneira atraente. O produto \u00e9 a solu\u00e7\u00e3o ideal para empresas que desejam vender seus produtos e para atacadistas que precisam comprar vasos de vidro em grandes quantidades.<\/p>\n<h2>Caracter\u00edsticas do produto<\/h2>\n<ul>\n<li><strong>Eleg\u00e2ncia colorida:<\/strong> Vidro azul, \u00e2mbar, transparente ou verde-menta \u2014 cada vaso \u00e9 uma pe\u00e7a marcante.<\/li>\n<li><strong>Design robusto:<\/strong> As bases largas evitam que o equipamento tombe, enquanto os cilindros curtos adicionam um toque moderno.<\/li>\n<li><strong>Arte texturizada:<\/strong> Padr\u00f5es e veios em relevo criam profundidade, tornando-os decorativos e funcionais.<\/li>\n<\/ul>\n<h2>Especifica\u00e7\u00f5es principais<\/h2>\n<table style=\"border-collapse: collapse; width: 80%; margin-left: auto; margin-right: auto;\" border=\"0\" width=\"288\" cellspacing=\"0\" cellpadding=\"0\">\n<tbody>\n<tr style=\"height: 13.50pt;\">\n<td style=\"height: 13.5pt; width: 54pt; text-align: center;\" width=\"72\" height=\"18\">Estilo<\/td>\n<td style=\"width: 54pt; text-align: center;\" width=\"72\">Tamanho (mm)<\/td>\n<td style=\"width: 54pt; text-align: center;\" width=\"72\">Material<\/td>\n<td style=\"width: 54pt; text-align: center;\" width=\"72\">Op\u00e7\u00f5es de cores<\/td>\n<\/tr>\n<tr style=\"height: 13.50pt;\">\n<td style=\"height: 13.5pt; text-align: center;\" height=\"18\">Padr\u00e3o em relevo<\/td>\n<td style=\"text-align: center;\">68 x 127 x 33<\/td>\n<td style=\"text-align: center;\">Vidro<\/td>\n<td style=\"text-align: center;\">Transparente, Azul, Verde, Marrom<\/td>\n<\/tr>\n<\/tbody>\n<\/table>\n<h2>Caso de sucesso<\/h2>\n<p>A marca francesa de presentes selecionou nossos mini vasos para sua cole\u00e7\u00e3o de produtos de fim de ano. A op\u00e7\u00e3o de personaliza\u00e7\u00e3o permite que os clientes criem um design exclusivo por meio de dois elementos: um emblema fixo e uma textura pontilhada que se estende da base do vaso. O servi\u00e7o de grava\u00e7\u00e3o em relevo que criamos permite que os clientes exibam sua identidade visual por meio da grava\u00e7\u00e3o em relevo no painel central do vaso. A equipe de design criou caixas de transporte especiais, com divis\u00f3rias internas, para facilitar a exposi\u00e7\u00e3o dos produtos e o controle de estoque, embalando os produtos em lotes separados por cor.<\/p>\n<p>As vendas dos produtos de decora\u00e7\u00e3o de mesa da marca aumentaram 37% nos dois meses seguintes ao lan\u00e7amento da linha. A marca encomendou 70.000 unidades adicionais para expandir sua rede de distribui\u00e7\u00e3o.<\/p>\n<h2>Dicas de personaliza\u00e7\u00e3o<\/h2>\n<ol>\n<li><strong>Op\u00e7\u00f5es de acabamento em vidro:<\/strong> As op\u00e7\u00f5es de acabamento de vidro dispon\u00edveis incluem brilhante, fosco e semibrilhante, que criam diferentes efeitos visuais e experi\u00eancias t\u00e1teis.<\/li>\n<li><strong>Marca\u00e7\u00e3o inferior:<\/strong> A base dos produtos deve exibir marcas em relevo ou impressas que sirvam para estabelecer a identidade da marca, rastrear lotes de produ\u00e7\u00e3o e exibir informa\u00e7\u00f5es sobre a origem do produto.<\/li>\n<li><strong>Combina\u00e7\u00e3o de acess\u00f3rios:<\/strong> O produto oferece aos clientes a op\u00e7\u00e3o de escolher acess\u00f3rios decorativos, como mini etiquetas, fitas e an\u00e9is de metal, para agregar valor ao produto.<\/li>\n<\/ol>","protected":false},"excerpt":{"rendered":"<p>Pequenos vasos de flores em vidro colorido com relevo. Fornecimento direto da f\u00e1brica com personaliza\u00e7\u00e3o em grande quantidade e envio r\u00e1pido para compradores internacionais.<\/p>","protected":false},"featured_media":6192,"template":"","meta":{"postBodyCss":"","postBodyMargin":[],"postBodyPadding":[],"postBodyBackground":{"backgroundType":"classic","gradient":""}},"product_brand":[],"product_cat":[107,16,15],"product_tag":[],"class_list":{"0":"post-6187","1":"product","2":"type-product","3":"status-publish","4":"has-post-thumbnail","6":"product_cat-glass-bud-vases","7":"product_cat-glass-bottles","8":"product_cat-glass-containers","10":"first","11":"instock","12":"shipping-taxable","13":"product-type-simple"},"jetpack_sharing_enabled":true,"_links":{"self":[{"href":"https:\/\/minghanggroup.com\/pt\/wp-json\/wp\/v2\/product\/6187","targetHints":{"allow":["GET"]}}],"collection":[{"href":"https:\/\/minghanggroup.com\/pt\/wp-json\/wp\/v2\/product"}],"about":[{"href":"https:\/\/minghanggroup.com\/pt\/wp-json\/wp\/v2\/types\/product"}],"wp:featuredmedia":[{"embeddable":true,"href":"https:\/\/minghanggroup.com\/pt\/wp-json\/wp\/v2\/media\/6192"}],"wp:attachment":[{"href":"https:\/\/minghanggroup.com\/pt\/wp-json\/wp\/v2\/media?parent=6187"}],"wp:term":[{"taxonomy":"product_brand","embeddable":true,"href":"https:\/\/minghanggroup.com\/pt\/wp-json\/wp\/v2\/product_brand?post=6187"},{"taxonomy":"product_cat","embeddable":true,"href":"https:\/\/minghanggroup.com\/pt\/wp-json\/wp\/v2\/product_cat?post=6187"},{"taxonomy":"product_tag","embeddable":true,"href":"https:\/\/minghanggroup.com\/pt\/wp-json\/wp\/v2\/product_tag?post=6187"}],"curies":[{"name":"wp","href":"https:\/\/api.w.org\/{rel}","templated":true}]}}