{"id":6177,"date":"2026-04-03T10:22:09","date_gmt":"2026-04-03T02:22:09","guid":{"rendered":"https:\/\/minghanggroup.com\/?post_type=product&#038;p=6177"},"modified":"2026-04-03T10:32:30","modified_gmt":"2026-04-03T02:32:30","slug":"ribbed-small-bud-vases-green-glass-bulk","status":"publish","type":"product","link":"https:\/\/minghanggroup.com\/pt\/produto\/ribbed-small-bud-vases-green-glass-bulk\/","title":{"rendered":"Vasinhos pequenos canelados de vidro verde para flores (a granel)"},"content":{"rendered":"<p>Este vaso de vidro verde \u00e9 feito de vidro transparente verde claro, apresentando um design vintage com seu padr\u00e3o canelado vertical e borda ondulada curva. A cole\u00e7\u00e3o inclui tr\u00eas modelos: dois vasos altos em formato c\u00f4nico e um pequeno vaso arredondado de perfil baixo.<\/p>\n<h2>Caracter\u00edsticas do produto<\/h2>\n<ul>\n<li><strong>Vidro vintage verde claro:<\/strong> A suave cor verde transparente deste material de vidro cria uma apar\u00eancia tradicional de &#034;vidro melanc\u00f3lico&#034; que combina elementos hist\u00f3ricos e modernos de estilo.<\/li>\n<li><strong>Textura vertical:<\/strong> As texturas verticais profundas criam um padr\u00e3o de superf\u00edcie vertical completo que proporciona riqueza visual e resist\u00eancia estrutural, permitindo que a luz se reflita lindamente atrav\u00e9s do material.<\/li>\n<li><strong>Borda ondulada decorativa:<\/strong> Cada vaso apresenta uma bela borda ondulada que exibe um toque artesanal atrav\u00e9s de seu design assim\u00e9trico.<\/li>\n<\/ul>\n<h2 style=\"text-align: left;\">Especifica\u00e7\u00f5es principais<\/h2>\n<table class=\"aligncenter\" style=\"border-collapse: collapse; width: 389.27pt;\" border=\"0\" width=\"519\" cellspacing=\"0\" cellpadding=\"0\">\n<tbody>\n<tr style=\"height: 13.50pt;\">\n<td style=\"height: 13.50pt; width: 117.75pt;\" width=\"157\" height=\"18\">Atributo<\/td>\n<td style=\"width: 271.50pt;\" width=\"362\">Detalhes<\/td>\n<\/tr>\n<tr style=\"height: 13.50pt;\">\n<td style=\"height: 13.50pt;\" height=\"18\">Material<\/td>\n<td>Vidro verde claro<\/td>\n<\/tr>\n<tr style=\"height: 13.50pt;\">\n<td style=\"height: 13.50pt;\" height=\"18\">Faixa de personaliza\u00e7\u00e3o<\/td>\n<td>Cor, padr\u00e3o de nervuras, estilo da borda, tamanho<\/td>\n<\/tr>\n<tr style=\"height: 13.50pt;\">\n<td style=\"height: 13.50pt;\" height=\"18\">Artesanato<\/td>\n<td>Vidro soprado ou moldado de alta qualidade<\/td>\n<\/tr>\n<tr style=\"height: 13.50pt;\">\n<td style=\"height: 13.50pt;\" height=\"18\">Uso principal<\/td>\n<td>Vasinhos decorativos para flores, ideais para decora\u00e7\u00e3o de mesa.<\/td>\n<\/tr>\n<tr style=\"height: 13.50pt;\">\n<td style=\"height: 13.50pt;\" height=\"18\">Ind\u00fastrias-alvo<\/td>\n<td>Floristas, lojas de decora\u00e7\u00e3o para casa<\/td>\n<\/tr>\n<\/tbody>\n<\/table>\n<h2>Caso de sucesso: um pedido personalizado de uma rede nacional de decora\u00e7\u00e3o para casa<\/h2>\n<p>Uma grande varejista de decora\u00e7\u00e3o para casa dos EUA selecionou nossos Vasos Pequenos para Flores e solicitou uma vers\u00e3o mais escura do &#034;Verde S\u00e1lvia&#034;, que apresenta um p\u00f3 met\u00e1lico dourado claro em sua superf\u00edcie canelada. A cole\u00e7\u00e3o alcan\u00e7ou resultados incr\u00edveis, pois aumentou as vendas online de itens de decora\u00e7\u00e3o para mesa em 500% durante o primeiro trimestre, atingindo uma taxa de vendas de 98% em seis meses. A varejista fez uma nova compra de 600.000 vasos ap\u00f3s o pedido inicial, pois queria adicionar mais cores \u00e0 sua cole\u00e7\u00e3o.<\/p>\n<h2>Op\u00e7\u00f5es de personaliza\u00e7\u00e3o para pequenos vasos de flores<\/h2>\n<ul>\n<li>Detalhes da Base em Relevo: Os clientes podem criar uma identidade de marca ou celebrar eventos especiais selecionando um design de relevo na base, que inclui a op\u00e7\u00e3o de ano e logotipo para seus vasos.<\/li>\n<li>Detalhes do decote: O produto oferece tr\u00eas estilos de decote, incluindo um decote liso, um decote banhado a ouro e v\u00e1rias op\u00e7\u00f5es de design com pregas.<\/li>\n<li>Acabamentos de superf\u00edcie: O produto oferece tr\u00eas op\u00e7\u00f5es de acabamento de superf\u00edcie, incluindo brilho total, fosco total e parcialmente fosco.<\/li>\n<\/ul>","protected":false},"excerpt":{"rendered":"<p>Conjunto de vasos decorativos em vidro verde com textura canelada e borda ondulada. Vasinhos perfeitos para flores, decora\u00e7\u00e3o ou para presentear. Envio r\u00e1pido para todo o mundo.<\/p>","protected":false},"featured_media":6180,"template":"","meta":{"postBodyCss":"","postBodyMargin":[],"postBodyPadding":[],"postBodyBackground":{"backgroundType":"classic","gradient":""}},"product_brand":[],"product_cat":[107,15,16],"product_tag":[],"class_list":{"0":"post-6177","1":"product","2":"type-product","3":"status-publish","4":"has-post-thumbnail","6":"product_cat-glass-bud-vases","7":"product_cat-glass-containers","8":"product_cat-glass-bottles","10":"first","11":"instock","12":"shipping-taxable","13":"product-type-simple"},"jetpack_sharing_enabled":true,"_links":{"self":[{"href":"https:\/\/minghanggroup.com\/pt\/wp-json\/wp\/v2\/product\/6177","targetHints":{"allow":["GET"]}}],"collection":[{"href":"https:\/\/minghanggroup.com\/pt\/wp-json\/wp\/v2\/product"}],"about":[{"href":"https:\/\/minghanggroup.com\/pt\/wp-json\/wp\/v2\/types\/product"}],"wp:featuredmedia":[{"embeddable":true,"href":"https:\/\/minghanggroup.com\/pt\/wp-json\/wp\/v2\/media\/6180"}],"wp:attachment":[{"href":"https:\/\/minghanggroup.com\/pt\/wp-json\/wp\/v2\/media?parent=6177"}],"wp:term":[{"taxonomy":"product_brand","embeddable":true,"href":"https:\/\/minghanggroup.com\/pt\/wp-json\/wp\/v2\/product_brand?post=6177"},{"taxonomy":"product_cat","embeddable":true,"href":"https:\/\/minghanggroup.com\/pt\/wp-json\/wp\/v2\/product_cat?post=6177"},{"taxonomy":"product_tag","embeddable":true,"href":"https:\/\/minghanggroup.com\/pt\/wp-json\/wp\/v2\/product_tag?post=6177"}],"curies":[{"name":"wp","href":"https:\/\/api.w.org\/{rel}","templated":true}]}}