{"id":6172,"date":"2026-04-02T16:14:04","date_gmt":"2026-04-02T08:14:04","guid":{"rendered":"https:\/\/minghanggroup.com\/?post_type=product&#038;p=6172"},"modified":"2026-04-02T16:14:05","modified_gmt":"2026-04-02T08:14:05","slug":"clear-bud-vases-in-different-style-wholesale","status":"publish","type":"product","link":"https:\/\/minghanggroup.com\/pt\/produto\/clear-bud-vases-in-different-style-wholesale\/","title":{"rendered":"Vasos transparentes para flores em diferentes estilos (venda por atacado)"},"content":{"rendered":"<p>Nossa cole\u00e7\u00e3o apresenta vasos transparentes para flores pequenas com design minimalista. Cada pe\u00e7a exibe tr\u00eas padr\u00f5es de textura distintos: padr\u00f5es de diamante, gravuras em forma de favo de mel e relevos em estilo vintage. Os tr\u00eas tamanhos dispon\u00edveis s\u00e3o perfeitos para decorar mesas de escrit\u00f3rio, mesas de jantar e halls de entrada.<\/p>\n<h2>Caracter\u00edsticas do produto<\/h2>\n<ul>\n<li><strong>Design com relevo e m\u00faltiplas texturas:<\/strong> Os diversos formatos dos corpos das garrafas apresentam padr\u00f5es em forma de grade de diamante, favo de mel e relevo vintage, que criam diferentes efeitos visuais para o design em relevo com m\u00faltiplas texturas, real\u00e7ando suas qualidades decorativas.<\/li>\n<li><strong>Material de vidro de alta transpar\u00eancia:<\/strong> O vidro apresenta uma transpar\u00eancia excepcional, permitindo que os observadores vejam o n\u00edvel da \u00e1gua e a condi\u00e7\u00e3o dos caules das flores dentro da vitrine, o que \u00e9 ideal para flores individuais e pequenos arranjos florais.<\/li>\n<li><strong>Estrutura compacta e est\u00e1vel:<\/strong> O vaso mant\u00e9m a estabilidade gra\u00e7as ao seu design, que consiste em um gargalo curto e uma base larga, permitindo que ele permane\u00e7a na vertical sem tombar em diversos ambientes, desde tampos de mesa at\u00e9 parapeitos de janelas.<\/li>\n<\/ul>\n<h2>Especifica\u00e7\u00f5es principais<\/h2>\n<table style=\"border-collapse: collapse; width: 80%; margin-left: auto; margin-right: auto;\" border=\"0\" width=\"288\" cellspacing=\"0\" cellpadding=\"0\">\n<tbody>\n<tr style=\"height: 13.50pt;\">\n<td style=\"height: 13.5pt; width: 54pt; text-align: center;\" width=\"72\" height=\"18\">Estilo<\/td>\n<td style=\"width: 54pt; text-align: center;\" width=\"72\">Dimens\u00f5es (mm)<\/td>\n<td style=\"width: 54pt; text-align: center;\" width=\"72\">Ci\u00eancia<\/td>\n<td style=\"width: 54pt; text-align: center;\" width=\"72\">Op\u00e7\u00f5es de cores<\/td>\n<\/tr>\n<tr style=\"height: 13.50pt;\">\n<td style=\"height: 13.5pt; text-align: center;\" height=\"18\">Em relevo<\/td>\n<td style=\"text-align: center;\">55 x 100 x 35<\/td>\n<td class=\"et2\" style=\"text-align: center;\" rowspan=\"3\">Decora\u00e7\u00e3o para casa, lojas de varejo, eventos<\/td>\n<td class=\"et2\" style=\"text-align: center;\" rowspan=\"3\">Claro, personalizado<\/td>\n<\/tr>\n<tr style=\"height: 13.50pt;\">\n<td style=\"height: 13.5pt; text-align: center;\" height=\"18\">Favo de mel<\/td>\n<td style=\"text-align: center;\">60 x 100 x 45<\/td>\n<\/tr>\n<tr style=\"height: 13.50pt;\">\n<td style=\"height: 13.5pt; text-align: center;\" height=\"18\">Costela fina<\/td>\n<td style=\"text-align: center;\">55 x 130 x 35<\/td>\n<\/tr>\n<\/tbody>\n<\/table>\n<h2>Hist\u00f3ria de sucesso<\/h2>\n<p>A varejista francesa de decora\u00e7\u00e3o para casa expandiu sua cole\u00e7\u00e3o de pe\u00e7as decorativas para mesa com nossos vasos transparentes para flores pequenas, escolhidos para sua linha de produtos em expans\u00e3o. O cliente selecionou nossos tr\u00eas padr\u00f5es em relevo, que incluem designs de diamante, favo de mel e relevo cl\u00e1ssico, para combinar com a est\u00e9tica vintage da marca. A equipe fabricou os vasos com vidro mais espesso, o que proporcionou estabilidade para a exposi\u00e7\u00e3o no ponto de venda, e criou um logotipo da marca em relevo na base de cada pe\u00e7a; essa escolha de design refor\u00e7ou o reconhecimento da marca, preservando a apar\u00eancia geral limpa e minimalista dos vasos.<\/p>\n<p>A loja alcan\u00e7ou um aumento de 25% nas vendas de produtos de decora\u00e7\u00e3o para mesa durante seus tr\u00eas primeiros meses de opera\u00e7\u00e3o. A empresa estabeleceu um sistema regular de reposi\u00e7\u00e3o trimestral para esses produtos, pois os clientes demonstraram grande interesse e retornaram para compr\u00e1-los com frequ\u00eancia.<\/p>\n<h2>Dicas de personaliza\u00e7\u00e3o<\/h2>\n<ol>\n<li><strong>Cor e acabamento da superf\u00edcie:<\/strong> Uma base transparente permite a aplica\u00e7\u00e3o de tons \u00e2mbar claro ou cinza esfuma\u00e7ado e acabamentos foscos seletivos, que criam contraste visual.<\/li>\n<li><strong>Apresenta\u00e7\u00e3o do logotipo:<\/strong> O sistema permite diversas t\u00e9cnicas de personaliza\u00e7\u00e3o da marca, incluindo relevo na base da garrafa, serigrafia na lateral e rotulagem minimalista, para fortalecer a identidade da marca, mantendo a visibilidade natural do produto.<\/li>\n<li><strong>Solu\u00e7\u00f5es de embalagem:<\/strong> O sistema de embalagens permite aos usu\u00e1rios criar embalagens personalizadas, incluindo embalagens individuais, conjuntos de presente de tr\u00eas pe\u00e7as e bandejas com divis\u00f3rias internas, para atender \u00e0s necessidades espec\u00edficas do varejo, do com\u00e9rcio eletr\u00f4nico e dos m\u00e9todos de distribui\u00e7\u00e3o para presentes.<\/li>\n<\/ol>","protected":false},"excerpt":{"rendered":"<p>Os vasos transparentes para flores, em diferentes estilos, s\u00e3o perfeitos para decora\u00e7\u00e3o de lojas ou para exposi\u00e7\u00e3o de produtos. Oferecemos amostras gr\u00e1tis e aceitamos encomendas de vasos para flores personalizados no atacado.<\/p>","protected":false},"featured_media":6175,"template":"","meta":{"postBodyCss":"","postBodyMargin":[],"postBodyPadding":[],"postBodyBackground":{"backgroundType":"classic","gradient":""}},"product_brand":[],"product_cat":[107,16,15],"product_tag":[],"class_list":{"0":"post-6172","1":"product","2":"type-product","3":"status-publish","4":"has-post-thumbnail","6":"product_cat-glass-bud-vases","7":"product_cat-glass-bottles","8":"product_cat-glass-containers","10":"first","11":"instock","12":"shipping-taxable","13":"product-type-simple"},"jetpack_sharing_enabled":true,"_links":{"self":[{"href":"https:\/\/minghanggroup.com\/pt\/wp-json\/wp\/v2\/product\/6172","targetHints":{"allow":["GET"]}}],"collection":[{"href":"https:\/\/minghanggroup.com\/pt\/wp-json\/wp\/v2\/product"}],"about":[{"href":"https:\/\/minghanggroup.com\/pt\/wp-json\/wp\/v2\/types\/product"}],"wp:featuredmedia":[{"embeddable":true,"href":"https:\/\/minghanggroup.com\/pt\/wp-json\/wp\/v2\/media\/6175"}],"wp:attachment":[{"href":"https:\/\/minghanggroup.com\/pt\/wp-json\/wp\/v2\/media?parent=6172"}],"wp:term":[{"taxonomy":"product_brand","embeddable":true,"href":"https:\/\/minghanggroup.com\/pt\/wp-json\/wp\/v2\/product_brand?post=6172"},{"taxonomy":"product_cat","embeddable":true,"href":"https:\/\/minghanggroup.com\/pt\/wp-json\/wp\/v2\/product_cat?post=6172"},{"taxonomy":"product_tag","embeddable":true,"href":"https:\/\/minghanggroup.com\/pt\/wp-json\/wp\/v2\/product_tag?post=6172"}],"curies":[{"name":"wp","href":"https:\/\/api.w.org\/{rel}","templated":true}]}}