{"id":6163,"date":"2026-04-02T13:26:38","date_gmt":"2026-04-02T05:26:38","guid":{"rendered":"https:\/\/minghanggroup.com\/?post_type=product&#038;p=6163"},"modified":"2026-04-02T13:26:40","modified_gmt":"2026-04-02T05:26:40","slug":"glass-flower-clear-vases-with-different-shape-in-bulk","status":"publish","type":"product","link":"https:\/\/minghanggroup.com\/pt\/produto\/glass-flower-clear-vases-with-different-shape-in-bulk\/","title":{"rendered":"Vasos de vidro transparente para flores, com diferentes formatos, vendidos em grande quantidade."},"content":{"rendered":"<p>Os vasos transparentes para flores s\u00e3o recipientes ideais para exibir obras de arte minimalistas. O design inclui tr\u00eas padr\u00f5es distintos que utilizam diferentes formas para criar tr\u00eas tipos diferentes de superf\u00edcies refletoras de luz. Os vasos oferecem solu\u00e7\u00f5es de decora\u00e7\u00e3o elegantes para marcas e lojas de varejo. O perfil fino dos vasos permite exibir flores individuais, pequenos arranjos florais e flores secas.<\/p>\n<h2>Caracter\u00edsticas do produto<\/h2>\n<ul>\n<li><strong>Formas vers\u00e1teis:<\/strong> Escolha entre cilindros curvos, angulares ou com nervuras para combinar com qualquer est\u00e9tica \u2013 perfeitos para composi\u00e7\u00f5es variadas.<\/li>\n<li><strong>Eleg\u00e2ncia texturizada:<\/strong> Ondula\u00e7\u00f5es verticais ou padr\u00f5es sutis adicionam profundidade e brincam com a luz, criando composi\u00e7\u00f5es decorativas din\u00e2micas.<\/li>\n<li><strong>Boca pr\u00e1tica:<\/strong> As aberturas c\u00f4nicas do design pr\u00e1tico do bocal oferecem dupla fun\u00e7\u00e3o: mant\u00eam as hastes firmemente no lugar e permitem a f\u00e1cil troca de \u00e1gua e limpeza.<\/li>\n<\/ul>\n<h2>Especifica\u00e7\u00f5es principais<\/h2>\n<table style=\"border-collapse: collapse; width: 80%; margin-left: auto; margin-right: auto;\" border=\"0\" width=\"360\" cellspacing=\"0\" cellpadding=\"0\">\n<tbody>\n<tr style=\"height: 13.50pt;\">\n<td style=\"height: 13.5pt; width: 54pt; text-align: center;\" width=\"72\" height=\"18\">Forma<\/td>\n<td style=\"width: 54pt; text-align: center;\" width=\"72\">Tamanho (cm)<\/td>\n<td style=\"width: 54pt; text-align: center;\" width=\"72\">Material<\/td>\n<td style=\"width: 54pt; text-align: center;\" width=\"72\">Cor<\/td>\n<td style=\"width: 54pt; text-align: center;\" width=\"72\">Uso<\/td>\n<\/tr>\n<tr style=\"height: 13.50pt;\">\n<td style=\"height: 13.5pt; text-align: center;\" height=\"18\">Canelado<\/td>\n<td style=\"text-align: center;\">5,5 \u00d7 11,2 \u00d7 3,8<\/td>\n<td class=\"et2\" style=\"text-align: center;\" rowspan=\"3\">Vidro<\/td>\n<td class=\"et2\" style=\"text-align: center;\" rowspan=\"3\">Transparente ou personalizado<\/td>\n<td class=\"et2\" style=\"text-align: center;\" rowspan=\"3\">Flores, suculentas, arranjos artificiais<\/td>\n<\/tr>\n<tr style=\"height: 13.50pt;\">\n<td style=\"height: 13.5pt; text-align: center;\" height=\"18\">Caba\u00e7a<\/td>\n<td style=\"text-align: center;\">6,0 \u00d7 11,5 \u00d7 3,8<\/td>\n<\/tr>\n<tr style=\"height: 13.50pt;\">\n<td style=\"height: 13.5pt; text-align: center;\" height=\"18\">Espiral<\/td>\n<td style=\"text-align: center;\">5,9 \u00d7 11,5 \u00d7 3,8<\/td>\n<\/tr>\n<\/tbody>\n<\/table>\n<h2>Caso de sucesso<\/h2>\n<p>A varejista holandesa de decora\u00e7\u00e3o para casa escolheu nossos vasos transparentes para lan\u00e7ar sua primeira cole\u00e7\u00e3o minimalista de acess\u00f3rios de mesa. Nossos clientes puderam escolher entre diversas tonalidades claras, incluindo cinza esfuma\u00e7ado, \u00e2mbar e verde suave. Redesenhamos os gargalos dos vasos para proporcionar um suporte vertical est\u00e1vel para flores individuais, que permaneceriam firmemente no lugar. Criamos um sistema de embalagem especializado para a distribui\u00e7\u00e3o em grande escala de vasos individuais, que ofereceu melhor prote\u00e7\u00e3o ao produto durante o transporte e tornou os itens mais atraentes para a apresenta\u00e7\u00e3o no varejo.<\/p>\n<p>Ap\u00f3s o lan\u00e7amento do produto, em seis semanas a categoria de &#034;pequenos itens de decora\u00e7\u00e3o&#034; registrou um aumento de 25% nas vendas, pois o cliente precisava de mais produtos para atender \u00e0 crescente demanda multicanal, o que resultou em um segundo pedido de 50.000 unidades adicionais.<\/p>\n<h2>Dicas de personaliza\u00e7\u00e3o<\/h2>\n<ol>\n<li><strong>Op\u00e7\u00f5es de tonalidade de cor:<\/strong> Para cole\u00e7\u00f5es sazonais, voc\u00ea pode tingir as cores da pel\u00edcula com um \u00e2mbar suave, cinza esfuma\u00e7ado, azul claro ou um degrad\u00ea.<\/li>\n<li><strong>Cria\u00e7\u00e3o de logotipo:<\/strong> Incorpore os logotipos da marca por meio de grava\u00e7\u00e3o a laser, relevo na parte inferior ou uma pequena vers\u00e3o impressa.<\/li>\n<li><strong>Combina\u00e7\u00e3o de acess\u00f3rios:<\/strong> Ofere\u00e7a a op\u00e7\u00e3o de combinar os produtos com itens secund\u00e1rios, como etiquetas decorativas, pequenos suportes ou bandejas de madeira, para uma apresenta\u00e7\u00e3o mais atraente.<\/li>\n<\/ol>","protected":false},"excerpt":{"rendered":"<p>Nossos vasos transparentes para flores est\u00e3o dispon\u00edveis em tr\u00eas formatos, perfeitos para exibi\u00e7\u00e3o, decora\u00e7\u00e3o e muito mais. Oferecemos servi\u00e7os de personaliza\u00e7\u00e3o para vasos de flores em grandes quantidades e amostras gr\u00e1tis.<\/p>","protected":false},"featured_media":6171,"template":"","meta":{"postBodyCss":"","postBodyMargin":[],"postBodyPadding":[],"postBodyBackground":{"backgroundType":"classic","gradient":""}},"product_brand":[],"product_cat":[107,15,16],"product_tag":[],"class_list":{"0":"post-6163","1":"product","2":"type-product","3":"status-publish","4":"has-post-thumbnail","6":"product_cat-glass-bud-vases","7":"product_cat-glass-containers","8":"product_cat-glass-bottles","10":"first","11":"instock","12":"shipping-taxable","13":"product-type-simple"},"jetpack_sharing_enabled":true,"_links":{"self":[{"href":"https:\/\/minghanggroup.com\/pt\/wp-json\/wp\/v2\/product\/6163","targetHints":{"allow":["GET"]}}],"collection":[{"href":"https:\/\/minghanggroup.com\/pt\/wp-json\/wp\/v2\/product"}],"about":[{"href":"https:\/\/minghanggroup.com\/pt\/wp-json\/wp\/v2\/types\/product"}],"wp:featuredmedia":[{"embeddable":true,"href":"https:\/\/minghanggroup.com\/pt\/wp-json\/wp\/v2\/media\/6171"}],"wp:attachment":[{"href":"https:\/\/minghanggroup.com\/pt\/wp-json\/wp\/v2\/media?parent=6163"}],"wp:term":[{"taxonomy":"product_brand","embeddable":true,"href":"https:\/\/minghanggroup.com\/pt\/wp-json\/wp\/v2\/product_brand?post=6163"},{"taxonomy":"product_cat","embeddable":true,"href":"https:\/\/minghanggroup.com\/pt\/wp-json\/wp\/v2\/product_cat?post=6163"},{"taxonomy":"product_tag","embeddable":true,"href":"https:\/\/minghanggroup.com\/pt\/wp-json\/wp\/v2\/product_tag?post=6163"}],"curies":[{"name":"wp","href":"https:\/\/api.w.org\/{rel}","templated":true}]}}